{"id":23543,"date":"2024-07-22T16:10:27","date_gmt":"2024-07-22T16:10:27","guid":{"rendered":"https:\/\/www.frisbigolfbudin.is\/?post_type=product&#038;p=23543"},"modified":"2024-12-08T00:11:58","modified_gmt":"2024-12-08T00:11:58","slug":"atlas","status":"publish","type":"product","link":"https:\/\/www.frisbigolfbudin.is\/en\/product\/atlas\/","title":{"rendered":"Atlas"},"content":{"rendered":"","protected":false},"excerpt":{"rendered":"<p>Atlas er me\u00f0 yfirm\u00f3t sem sameinar \u00fe\u00e9ttan, l\u00e1gan pr\u00f3f\u00edl flugpl\u00f6tu me\u00f0 mj\u00faku gripi. \u00deessi mid-range fl\u00fdgur beint me\u00f0 l\u00edtilli sem engri beygju, sameinar n\u00e1kv\u00e6mni og stj\u00f3rn me\u00f0 notendav\u00e6nu gripi. Atlas virkar vel fyrir b\u00e6\u00f0i bakhandar sem og framhandar kastara og fyrirgefur litlar kast villur betur en allir a\u00f0rir mid-range diskar. Atlasin b\u00fd\u00f0ur upp \u00e1 fj\u00f3ra &#8220;\u00e1ttavita punkta&#8221; sem eru sta\u00f0settir undir disknum. \u00feessir punktar eru \u00fear sem gripinu er sprauta\u00f0 yfir flugpl\u00f6tuna.<\/p>\n","protected":false},"featured_media":23573,"template":"","meta":[],"product_brand":[],"product_cat":[369,370],"product_tag":[],"class_list":{"0":"post-23543","1":"product","2":"type-product","3":"status-publish","4":"has-post-thumbnail","6":"product_cat-2-mid-range","7":"product_cat-innova","9":"first","10":"outofstock","11":"taxable","12":"shipping-taxable","13":"purchasable","14":"product-type-simple"},"yoast_head":"<!-- This site is optimized with the Yoast SEO plugin v27.5 - https:\/\/yoast.com\/product\/yoast-seo-wordpress\/ -->\n<title>Atlas - Frisb&iacute;golfb&uacute;&eth;in &iacute; 20 &aacute;r<\/title>\n<meta name=\"robots\" content=\"index, follow, max-snippet:-1, max-image-preview:large, max-video-preview:-1\" \/>\n<link rel=\"canonical\" href=\"https:\/\/www.frisbigolfbudin.is\/vara\/atlas\/\" \/>\n<meta property=\"og:locale\" content=\"en_US\" \/>\n<meta property=\"og:type\" content=\"article\" \/>\n<meta property=\"og:title\" content=\"Atlas - Frisb&iacute;golfb&uacute;&eth;in &iacute; 20 &aacute;r\" \/>\n<meta property=\"og:description\" content=\"Atlas er me\u00f0 yfirm\u00f3t sem sameinar \u00fe\u00e9ttan, l\u00e1gan pr\u00f3f\u00edl flugpl\u00f6tu me\u00f0 mj\u00faku gripi. \u00deessi mid-range fl\u00fdgur beint me\u00f0 l\u00edtilli sem engri beygju, sameinar n\u00e1kv\u00e6mni og stj\u00f3rn me\u00f0 notendav\u00e6nu gripi. Atlas virkar vel fyrir b\u00e6\u00f0i bakhandar sem og framhandar kastara og fyrirgefur litlar kast villur betur en allir a\u00f0rir mid-range diskar. Atlasin b\u00fd\u00f0ur upp \u00e1 fj\u00f3ra &quot;\u00e1ttavita punkta&quot; sem eru sta\u00f0settir undir disknum. \u00feessir punktar eru \u00fear sem gripinu er sprauta\u00f0 yfir flugpl\u00f6tuna.\" \/>\n<meta property=\"og:url\" content=\"https:\/\/www.frisbigolfbudin.is\/vara\/atlas\/\" \/>\n<meta property=\"og:site_name\" content=\"Frisb&iacute;golfb&uacute;&eth;in &iacute; 20 &aacute;r\" \/>\n<meta property=\"article:publisher\" content=\"https:\/\/www.facebook.com\/Frisbigolfbudin.is\" \/>\n<meta property=\"article:modified_time\" content=\"2024-12-08T00:11:58+00:00\" \/>\n<meta property=\"og:image\" content=\"https:\/\/www.frisbigolfbudin.is\/wp-content\/uploads\/2024\/07\/atlas-2.jpg\" \/>\n\t<meta property=\"og:image:width\" content=\"700\" \/>\n\t<meta property=\"og:image:height\" content=\"700\" \/>\n\t<meta property=\"og:image:type\" content=\"image\/jpeg\" \/>\n<meta name=\"twitter:card\" content=\"summary_large_image\" \/>\n<meta name=\"twitter:label1\" content=\"Est. reading time\" \/>\n\t<meta name=\"twitter:data1\" content=\"1 minute\" \/>\n<script type=\"application\/ld+json\" class=\"yoast-schema-graph\">{\"@context\":\"https:\\\/\\\/schema.org\",\"@graph\":[{\"@type\":\"WebPage\",\"@id\":\"https:\\\/\\\/www.frisbigolfbudin.is\\\/vara\\\/atlas\\\/\",\"url\":\"https:\\\/\\\/www.frisbigolfbudin.is\\\/vara\\\/atlas\\\/\",\"name\":\"Atlas - Frisb&iacute;golfb&uacute;&eth;in &iacute; 20 &aacute;r\",\"isPartOf\":{\"@id\":\"https:\\\/\\\/www.frisbigolfbudin.is\\\/#website\"},\"primaryImageOfPage\":{\"@id\":\"https:\\\/\\\/www.frisbigolfbudin.is\\\/vara\\\/atlas\\\/#primaryimage\"},\"image\":{\"@id\":\"https:\\\/\\\/www.frisbigolfbudin.is\\\/vara\\\/atlas\\\/#primaryimage\"},\"thumbnailUrl\":\"https:\\\/\\\/www.frisbigolfbudin.is\\\/wp-content\\\/uploads\\\/2024\\\/07\\\/atlas-2.jpg\",\"datePublished\":\"2024-07-22T16:10:27+00:00\",\"dateModified\":\"2024-12-08T00:11:58+00:00\",\"breadcrumb\":{\"@id\":\"https:\\\/\\\/www.frisbigolfbudin.is\\\/vara\\\/atlas\\\/#breadcrumb\"},\"inLanguage\":\"en-US\",\"potentialAction\":[{\"@type\":\"ReadAction\",\"target\":[\"https:\\\/\\\/www.frisbigolfbudin.is\\\/vara\\\/atlas\\\/\"]}]},{\"@type\":\"ImageObject\",\"inLanguage\":\"en-US\",\"@id\":\"https:\\\/\\\/www.frisbigolfbudin.is\\\/vara\\\/atlas\\\/#primaryimage\",\"url\":\"https:\\\/\\\/www.frisbigolfbudin.is\\\/wp-content\\\/uploads\\\/2024\\\/07\\\/atlas-2.jpg\",\"contentUrl\":\"https:\\\/\\\/www.frisbigolfbudin.is\\\/wp-content\\\/uploads\\\/2024\\\/07\\\/atlas-2.jpg\",\"width\":700,\"height\":700},{\"@type\":\"BreadcrumbList\",\"@id\":\"https:\\\/\\\/www.frisbigolfbudin.is\\\/vara\\\/atlas\\\/#breadcrumb\",\"itemListElement\":[{\"@type\":\"ListItem\",\"position\":1,\"name\":\"Home\",\"item\":\"https:\\\/\\\/www.frisbigolfbudin.is\\\/\"},{\"@type\":\"ListItem\",\"position\":2,\"name\":\"Shop\",\"item\":\"https:\\\/\\\/vorulagerinn.is\\\/frisbigolfbudin\\\/en\\\/shop\\\/\"},{\"@type\":\"ListItem\",\"position\":3,\"name\":\"Atlas\"}]},{\"@type\":\"WebSite\",\"@id\":\"https:\\\/\\\/www.frisbigolfbudin.is\\\/#website\",\"url\":\"https:\\\/\\\/www.frisbigolfbudin.is\\\/\",\"name\":\"Frisb\u00edgolfb\u00fa\u00f0in\",\"description\":\"Allt fyrir frisb&iacute;golf. Diskar, t&ouml;skur, k&ouml;rfur og fylgihlutir\",\"publisher\":{\"@id\":\"https:\\\/\\\/www.frisbigolfbudin.is\\\/#organization\"},\"potentialAction\":[{\"@type\":\"SearchAction\",\"target\":{\"@type\":\"EntryPoint\",\"urlTemplate\":\"https:\\\/\\\/www.frisbigolfbudin.is\\\/?s={search_term_string}\"},\"query-input\":{\"@type\":\"PropertyValueSpecification\",\"valueRequired\":true,\"valueName\":\"search_term_string\"}}],\"inLanguage\":\"en-US\"},{\"@type\":\"Organization\",\"@id\":\"https:\\\/\\\/www.frisbigolfbudin.is\\\/#organization\",\"name\":\"Allt fyrir frisb\u00edgolf \u00ed 20 \u00e1r\",\"url\":\"https:\\\/\\\/www.frisbigolfbudin.is\\\/\",\"logo\":{\"@type\":\"ImageObject\",\"inLanguage\":\"en-US\",\"@id\":\"https:\\\/\\\/www.frisbigolfbudin.is\\\/#\\\/schema\\\/logo\\\/image\\\/\",\"url\":\"https:\\\/\\\/www.frisbigolfbudin.is\\\/wp-content\\\/uploads\\\/2024\\\/04\\\/Frisbigolfbudin_logo_300x107.png\",\"contentUrl\":\"https:\\\/\\\/www.frisbigolfbudin.is\\\/wp-content\\\/uploads\\\/2024\\\/04\\\/Frisbigolfbudin_logo_300x107.png\",\"width\":300,\"height\":107,\"caption\":\"Allt fyrir frisb\u00edgolf \u00ed 20 \u00e1r\"},\"image\":{\"@id\":\"https:\\\/\\\/www.frisbigolfbudin.is\\\/#\\\/schema\\\/logo\\\/image\\\/\"},\"sameAs\":[\"https:\\\/\\\/www.facebook.com\\\/Frisbigolfbudin.is\"]}]}<\/script>\n<!-- \/ Yoast SEO plugin. -->","yoast_head_json":{"title":"Atlas - Frisb&iacute;golfb&uacute;&eth;in &iacute; 20 &aacute;r","robots":{"index":"index","follow":"follow","max-snippet":"max-snippet:-1","max-image-preview":"max-image-preview:large","max-video-preview":"max-video-preview:-1"},"canonical":"https:\/\/www.frisbigolfbudin.is\/vara\/atlas\/","og_locale":"en_US","og_type":"article","og_title":"Atlas - Frisb&iacute;golfb&uacute;&eth;in &iacute; 20 &aacute;r","og_description":"Atlas er me\u00f0 yfirm\u00f3t sem sameinar \u00fe\u00e9ttan, l\u00e1gan pr\u00f3f\u00edl flugpl\u00f6tu me\u00f0 mj\u00faku gripi. \u00deessi mid-range fl\u00fdgur beint me\u00f0 l\u00edtilli sem engri beygju, sameinar n\u00e1kv\u00e6mni og stj\u00f3rn me\u00f0 notendav\u00e6nu gripi. Atlas virkar vel fyrir b\u00e6\u00f0i bakhandar sem og framhandar kastara og fyrirgefur litlar kast villur betur en allir a\u00f0rir mid-range diskar. Atlasin b\u00fd\u00f0ur upp \u00e1 fj\u00f3ra \"\u00e1ttavita punkta\" sem eru sta\u00f0settir undir disknum. \u00feessir punktar eru \u00fear sem gripinu er sprauta\u00f0 yfir flugpl\u00f6tuna.","og_url":"https:\/\/www.frisbigolfbudin.is\/vara\/atlas\/","og_site_name":"Frisb&iacute;golfb&uacute;&eth;in &iacute; 20 &aacute;r","article_publisher":"https:\/\/www.facebook.com\/Frisbigolfbudin.is","article_modified_time":"2024-12-08T00:11:58+00:00","og_image":[{"width":700,"height":700,"url":"https:\/\/www.frisbigolfbudin.is\/wp-content\/uploads\/2024\/07\/atlas-2.jpg","type":"image\/jpeg"}],"twitter_card":"summary_large_image","twitter_misc":{"Est. reading time":"1 minute"},"schema":{"@context":"https:\/\/schema.org","@graph":[{"@type":"WebPage","@id":"https:\/\/www.frisbigolfbudin.is\/vara\/atlas\/","url":"https:\/\/www.frisbigolfbudin.is\/vara\/atlas\/","name":"Atlas - Frisb&iacute;golfb&uacute;&eth;in &iacute; 20 &aacute;r","isPartOf":{"@id":"https:\/\/www.frisbigolfbudin.is\/#website"},"primaryImageOfPage":{"@id":"https:\/\/www.frisbigolfbudin.is\/vara\/atlas\/#primaryimage"},"image":{"@id":"https:\/\/www.frisbigolfbudin.is\/vara\/atlas\/#primaryimage"},"thumbnailUrl":"https:\/\/www.frisbigolfbudin.is\/wp-content\/uploads\/2024\/07\/atlas-2.jpg","datePublished":"2024-07-22T16:10:27+00:00","dateModified":"2024-12-08T00:11:58+00:00","breadcrumb":{"@id":"https:\/\/www.frisbigolfbudin.is\/vara\/atlas\/#breadcrumb"},"inLanguage":"en-US","potentialAction":[{"@type":"ReadAction","target":["https:\/\/www.frisbigolfbudin.is\/vara\/atlas\/"]}]},{"@type":"ImageObject","inLanguage":"en-US","@id":"https:\/\/www.frisbigolfbudin.is\/vara\/atlas\/#primaryimage","url":"https:\/\/www.frisbigolfbudin.is\/wp-content\/uploads\/2024\/07\/atlas-2.jpg","contentUrl":"https:\/\/www.frisbigolfbudin.is\/wp-content\/uploads\/2024\/07\/atlas-2.jpg","width":700,"height":700},{"@type":"BreadcrumbList","@id":"https:\/\/www.frisbigolfbudin.is\/vara\/atlas\/#breadcrumb","itemListElement":[{"@type":"ListItem","position":1,"name":"Home","item":"https:\/\/www.frisbigolfbudin.is\/"},{"@type":"ListItem","position":2,"name":"Shop","item":"https:\/\/vorulagerinn.is\/frisbigolfbudin\/en\/shop\/"},{"@type":"ListItem","position":3,"name":"Atlas"}]},{"@type":"WebSite","@id":"https:\/\/www.frisbigolfbudin.is\/#website","url":"https:\/\/www.frisbigolfbudin.is\/","name":"Frisb\u00edgolfb\u00fa\u00f0in","description":"Allt fyrir frisb&iacute;golf. Diskar, t&ouml;skur, k&ouml;rfur og fylgihlutir","publisher":{"@id":"https:\/\/www.frisbigolfbudin.is\/#organization"},"potentialAction":[{"@type":"SearchAction","target":{"@type":"EntryPoint","urlTemplate":"https:\/\/www.frisbigolfbudin.is\/?s={search_term_string}"},"query-input":{"@type":"PropertyValueSpecification","valueRequired":true,"valueName":"search_term_string"}}],"inLanguage":"en-US"},{"@type":"Organization","@id":"https:\/\/www.frisbigolfbudin.is\/#organization","name":"Allt fyrir frisb\u00edgolf \u00ed 20 \u00e1r","url":"https:\/\/www.frisbigolfbudin.is\/","logo":{"@type":"ImageObject","inLanguage":"en-US","@id":"https:\/\/www.frisbigolfbudin.is\/#\/schema\/logo\/image\/","url":"https:\/\/www.frisbigolfbudin.is\/wp-content\/uploads\/2024\/04\/Frisbigolfbudin_logo_300x107.png","contentUrl":"https:\/\/www.frisbigolfbudin.is\/wp-content\/uploads\/2024\/04\/Frisbigolfbudin_logo_300x107.png","width":300,"height":107,"caption":"Allt fyrir frisb\u00edgolf \u00ed 20 \u00e1r"},"image":{"@id":"https:\/\/www.frisbigolfbudin.is\/#\/schema\/logo\/image\/"},"sameAs":["https:\/\/www.facebook.com\/Frisbigolfbudin.is"]}]}},"_links":{"self":[{"href":"https:\/\/www.frisbigolfbudin.is\/en\/wp-json\/wp\/v2\/product\/23543","targetHints":{"allow":["GET"]}}],"collection":[{"href":"https:\/\/www.frisbigolfbudin.is\/en\/wp-json\/wp\/v2\/product"}],"about":[{"href":"https:\/\/www.frisbigolfbudin.is\/en\/wp-json\/wp\/v2\/types\/product"}],"wp:featuredmedia":[{"embeddable":true,"href":"https:\/\/www.frisbigolfbudin.is\/en\/wp-json\/wp\/v2\/media\/23573"}],"wp:attachment":[{"href":"https:\/\/www.frisbigolfbudin.is\/en\/wp-json\/wp\/v2\/media?parent=23543"}],"wp:term":[{"taxonomy":"product_brand","embeddable":true,"href":"https:\/\/www.frisbigolfbudin.is\/en\/wp-json\/wp\/v2\/product_brand?post=23543"},{"taxonomy":"product_cat","embeddable":true,"href":"https:\/\/www.frisbigolfbudin.is\/en\/wp-json\/wp\/v2\/product_cat?post=23543"},{"taxonomy":"product_tag","embeddable":true,"href":"https:\/\/www.frisbigolfbudin.is\/en\/wp-json\/wp\/v2\/product_tag?post=23543"}],"curies":[{"name":"wp","href":"https:\/\/api.w.org\/{rel}","templated":true}]}}