{"id":23547,"date":"2024-07-22T16:10:27","date_gmt":"2024-07-22T16:10:27","guid":{"rendered":"https:\/\/www.frisbigolfbudin.is\/?post_type=product&#038;p=23547"},"modified":"2024-10-05T10:47:00","modified_gmt":"2024-10-05T10:47:00","slug":"boss","status":"publish","type":"product","link":"https:\/\/www.frisbigolfbudin.is\/en\/product\/boss\/","title":{"rendered":"Boss"},"content":{"rendered":"<p>Innova distance driver<\/p>\n<p>Speed: 13<br \/>\nGlide: 5<br \/>\nTurn: -1<br \/>\nFade: 3<\/p>\n<p>Boss var fyrsti speed 13 driver \u00e1 marka\u00f0inum. Hann er mj\u00f6g \u00e1rei\u00f0anlegur stable driver, og er til \u00ed \u00f6llum plastger\u00f0um fr\u00e1 Innova. Heimsmeti\u00f0 \u00ed lengdarkeppni \u00e1 David Wiggins Jr. me\u00f0 R-Pro Boss.<\/p>\n","protected":false},"excerpt":{"rendered":"<p>Innova distance driver<\/p>\n<p>13 | 5 | -1 | 3<\/p>\n","protected":false},"featured_media":23587,"template":"","meta":[],"product_brand":[],"product_cat":[372,370],"product_tag":[],"class_list":{"0":"post-23547","1":"product","2":"type-product","3":"status-publish","4":"has-post-thumbnail","6":"product_cat-4-langir-driverar","7":"product_cat-innova","9":"first","10":"instock","11":"taxable","12":"shipping-taxable","13":"purchasable","14":"product-type-variable"},"yoast_head":"<!-- This site is optimized with the Yoast SEO plugin v27.4 - https:\/\/yoast.com\/product\/yoast-seo-wordpress\/ -->\n<title>Boss - Frisb&iacute;golfb&uacute;&eth;in &iacute; 20 &aacute;r<\/title>\n<meta name=\"robots\" content=\"index, follow, max-snippet:-1, max-image-preview:large, max-video-preview:-1\" \/>\n<link rel=\"canonical\" href=\"https:\/\/www.frisbigolfbudin.is\/vara\/boss\/\" \/>\n<meta property=\"og:locale\" content=\"en_US\" \/>\n<meta property=\"og:type\" content=\"article\" \/>\n<meta property=\"og:title\" content=\"Boss - Frisb&iacute;golfb&uacute;&eth;in &iacute; 20 &aacute;r\" \/>\n<meta property=\"og:description\" content=\"Innova distance driver  13 | 5 | -1 | 3\" \/>\n<meta property=\"og:url\" content=\"https:\/\/www.frisbigolfbudin.is\/vara\/boss\/\" \/>\n<meta property=\"og:site_name\" content=\"Frisb&iacute;golfb&uacute;&eth;in &iacute; 20 &aacute;r\" \/>\n<meta property=\"article:publisher\" content=\"https:\/\/www.facebook.com\/Frisbigolfbudin.is\" \/>\n<meta property=\"article:modified_time\" content=\"2024-10-05T10:47:00+00:00\" \/>\n<meta property=\"og:image\" content=\"https:\/\/www.frisbigolfbudin.is\/wp-content\/uploads\/2024\/07\/boss-13.jpg\" \/>\n\t<meta property=\"og:image:width\" content=\"700\" \/>\n\t<meta property=\"og:image:height\" content=\"700\" \/>\n\t<meta property=\"og:image:type\" content=\"image\/jpeg\" \/>\n<meta name=\"twitter:card\" content=\"summary_large_image\" \/>\n<meta name=\"twitter:label1\" content=\"Est. reading time\" \/>\n\t<meta name=\"twitter:data1\" content=\"1 minute\" \/>\n<script type=\"application\/ld+json\" class=\"yoast-schema-graph\">{\"@context\":\"https:\\\/\\\/schema.org\",\"@graph\":[{\"@type\":\"WebPage\",\"@id\":\"https:\\\/\\\/www.frisbigolfbudin.is\\\/vara\\\/boss\\\/\",\"url\":\"https:\\\/\\\/www.frisbigolfbudin.is\\\/vara\\\/boss\\\/\",\"name\":\"Boss - Frisb&iacute;golfb&uacute;&eth;in &iacute; 20 &aacute;r\",\"isPartOf\":{\"@id\":\"https:\\\/\\\/www.frisbigolfbudin.is\\\/#website\"},\"primaryImageOfPage\":{\"@id\":\"https:\\\/\\\/www.frisbigolfbudin.is\\\/vara\\\/boss\\\/#primaryimage\"},\"image\":{\"@id\":\"https:\\\/\\\/www.frisbigolfbudin.is\\\/vara\\\/boss\\\/#primaryimage\"},\"thumbnailUrl\":\"https:\\\/\\\/www.frisbigolfbudin.is\\\/wp-content\\\/uploads\\\/2024\\\/07\\\/boss-13.jpg\",\"datePublished\":\"2024-07-22T16:10:27+00:00\",\"dateModified\":\"2024-10-05T10:47:00+00:00\",\"breadcrumb\":{\"@id\":\"https:\\\/\\\/www.frisbigolfbudin.is\\\/vara\\\/boss\\\/#breadcrumb\"},\"inLanguage\":\"en-US\",\"potentialAction\":[{\"@type\":\"ReadAction\",\"target\":[\"https:\\\/\\\/www.frisbigolfbudin.is\\\/vara\\\/boss\\\/\"]}]},{\"@type\":\"ImageObject\",\"inLanguage\":\"en-US\",\"@id\":\"https:\\\/\\\/www.frisbigolfbudin.is\\\/vara\\\/boss\\\/#primaryimage\",\"url\":\"https:\\\/\\\/www.frisbigolfbudin.is\\\/wp-content\\\/uploads\\\/2024\\\/07\\\/boss-13.jpg\",\"contentUrl\":\"https:\\\/\\\/www.frisbigolfbudin.is\\\/wp-content\\\/uploads\\\/2024\\\/07\\\/boss-13.jpg\",\"width\":700,\"height\":700},{\"@type\":\"BreadcrumbList\",\"@id\":\"https:\\\/\\\/www.frisbigolfbudin.is\\\/vara\\\/boss\\\/#breadcrumb\",\"itemListElement\":[{\"@type\":\"ListItem\",\"position\":1,\"name\":\"Home\",\"item\":\"https:\\\/\\\/www.frisbigolfbudin.is\\\/\"},{\"@type\":\"ListItem\",\"position\":2,\"name\":\"Shop\",\"item\":\"https:\\\/\\\/vorulagerinn.is\\\/frisbigolfbudin\\\/en\\\/shop\\\/\"},{\"@type\":\"ListItem\",\"position\":3,\"name\":\"Boss\"}]},{\"@type\":\"WebSite\",\"@id\":\"https:\\\/\\\/www.frisbigolfbudin.is\\\/#website\",\"url\":\"https:\\\/\\\/www.frisbigolfbudin.is\\\/\",\"name\":\"Frisb\u00edgolfb\u00fa\u00f0in\",\"description\":\"Allt fyrir frisb&iacute;golf. Diskar, t&ouml;skur, k&ouml;rfur og fylgihlutir\",\"publisher\":{\"@id\":\"https:\\\/\\\/www.frisbigolfbudin.is\\\/#organization\"},\"potentialAction\":[{\"@type\":\"SearchAction\",\"target\":{\"@type\":\"EntryPoint\",\"urlTemplate\":\"https:\\\/\\\/www.frisbigolfbudin.is\\\/?s={search_term_string}\"},\"query-input\":{\"@type\":\"PropertyValueSpecification\",\"valueRequired\":true,\"valueName\":\"search_term_string\"}}],\"inLanguage\":\"en-US\"},{\"@type\":\"Organization\",\"@id\":\"https:\\\/\\\/www.frisbigolfbudin.is\\\/#organization\",\"name\":\"Allt fyrir frisb\u00edgolf \u00ed 20 \u00e1r\",\"url\":\"https:\\\/\\\/www.frisbigolfbudin.is\\\/\",\"logo\":{\"@type\":\"ImageObject\",\"inLanguage\":\"en-US\",\"@id\":\"https:\\\/\\\/www.frisbigolfbudin.is\\\/#\\\/schema\\\/logo\\\/image\\\/\",\"url\":\"https:\\\/\\\/www.frisbigolfbudin.is\\\/wp-content\\\/uploads\\\/2024\\\/04\\\/Frisbigolfbudin_logo_300x107.png\",\"contentUrl\":\"https:\\\/\\\/www.frisbigolfbudin.is\\\/wp-content\\\/uploads\\\/2024\\\/04\\\/Frisbigolfbudin_logo_300x107.png\",\"width\":300,\"height\":107,\"caption\":\"Allt fyrir frisb\u00edgolf \u00ed 20 \u00e1r\"},\"image\":{\"@id\":\"https:\\\/\\\/www.frisbigolfbudin.is\\\/#\\\/schema\\\/logo\\\/image\\\/\"},\"sameAs\":[\"https:\\\/\\\/www.facebook.com\\\/Frisbigolfbudin.is\"]}]}<\/script>\n<!-- \/ Yoast SEO plugin. -->","yoast_head_json":{"title":"Boss - Frisb&iacute;golfb&uacute;&eth;in &iacute; 20 &aacute;r","robots":{"index":"index","follow":"follow","max-snippet":"max-snippet:-1","max-image-preview":"max-image-preview:large","max-video-preview":"max-video-preview:-1"},"canonical":"https:\/\/www.frisbigolfbudin.is\/vara\/boss\/","og_locale":"en_US","og_type":"article","og_title":"Boss - Frisb&iacute;golfb&uacute;&eth;in &iacute; 20 &aacute;r","og_description":"Innova distance driver  13 | 5 | -1 | 3","og_url":"https:\/\/www.frisbigolfbudin.is\/vara\/boss\/","og_site_name":"Frisb&iacute;golfb&uacute;&eth;in &iacute; 20 &aacute;r","article_publisher":"https:\/\/www.facebook.com\/Frisbigolfbudin.is","article_modified_time":"2024-10-05T10:47:00+00:00","og_image":[{"width":700,"height":700,"url":"https:\/\/www.frisbigolfbudin.is\/wp-content\/uploads\/2024\/07\/boss-13.jpg","type":"image\/jpeg"}],"twitter_card":"summary_large_image","twitter_misc":{"Est. reading time":"1 minute"},"schema":{"@context":"https:\/\/schema.org","@graph":[{"@type":"WebPage","@id":"https:\/\/www.frisbigolfbudin.is\/vara\/boss\/","url":"https:\/\/www.frisbigolfbudin.is\/vara\/boss\/","name":"Boss - Frisb&iacute;golfb&uacute;&eth;in &iacute; 20 &aacute;r","isPartOf":{"@id":"https:\/\/www.frisbigolfbudin.is\/#website"},"primaryImageOfPage":{"@id":"https:\/\/www.frisbigolfbudin.is\/vara\/boss\/#primaryimage"},"image":{"@id":"https:\/\/www.frisbigolfbudin.is\/vara\/boss\/#primaryimage"},"thumbnailUrl":"https:\/\/www.frisbigolfbudin.is\/wp-content\/uploads\/2024\/07\/boss-13.jpg","datePublished":"2024-07-22T16:10:27+00:00","dateModified":"2024-10-05T10:47:00+00:00","breadcrumb":{"@id":"https:\/\/www.frisbigolfbudin.is\/vara\/boss\/#breadcrumb"},"inLanguage":"en-US","potentialAction":[{"@type":"ReadAction","target":["https:\/\/www.frisbigolfbudin.is\/vara\/boss\/"]}]},{"@type":"ImageObject","inLanguage":"en-US","@id":"https:\/\/www.frisbigolfbudin.is\/vara\/boss\/#primaryimage","url":"https:\/\/www.frisbigolfbudin.is\/wp-content\/uploads\/2024\/07\/boss-13.jpg","contentUrl":"https:\/\/www.frisbigolfbudin.is\/wp-content\/uploads\/2024\/07\/boss-13.jpg","width":700,"height":700},{"@type":"BreadcrumbList","@id":"https:\/\/www.frisbigolfbudin.is\/vara\/boss\/#breadcrumb","itemListElement":[{"@type":"ListItem","position":1,"name":"Home","item":"https:\/\/www.frisbigolfbudin.is\/"},{"@type":"ListItem","position":2,"name":"Shop","item":"https:\/\/vorulagerinn.is\/frisbigolfbudin\/en\/shop\/"},{"@type":"ListItem","position":3,"name":"Boss"}]},{"@type":"WebSite","@id":"https:\/\/www.frisbigolfbudin.is\/#website","url":"https:\/\/www.frisbigolfbudin.is\/","name":"Frisb\u00edgolfb\u00fa\u00f0in","description":"Allt fyrir frisb&iacute;golf. Diskar, t&ouml;skur, k&ouml;rfur og fylgihlutir","publisher":{"@id":"https:\/\/www.frisbigolfbudin.is\/#organization"},"potentialAction":[{"@type":"SearchAction","target":{"@type":"EntryPoint","urlTemplate":"https:\/\/www.frisbigolfbudin.is\/?s={search_term_string}"},"query-input":{"@type":"PropertyValueSpecification","valueRequired":true,"valueName":"search_term_string"}}],"inLanguage":"en-US"},{"@type":"Organization","@id":"https:\/\/www.frisbigolfbudin.is\/#organization","name":"Allt fyrir frisb\u00edgolf \u00ed 20 \u00e1r","url":"https:\/\/www.frisbigolfbudin.is\/","logo":{"@type":"ImageObject","inLanguage":"en-US","@id":"https:\/\/www.frisbigolfbudin.is\/#\/schema\/logo\/image\/","url":"https:\/\/www.frisbigolfbudin.is\/wp-content\/uploads\/2024\/04\/Frisbigolfbudin_logo_300x107.png","contentUrl":"https:\/\/www.frisbigolfbudin.is\/wp-content\/uploads\/2024\/04\/Frisbigolfbudin_logo_300x107.png","width":300,"height":107,"caption":"Allt fyrir frisb\u00edgolf \u00ed 20 \u00e1r"},"image":{"@id":"https:\/\/www.frisbigolfbudin.is\/#\/schema\/logo\/image\/"},"sameAs":["https:\/\/www.facebook.com\/Frisbigolfbudin.is"]}]}},"_links":{"self":[{"href":"https:\/\/www.frisbigolfbudin.is\/en\/wp-json\/wp\/v2\/product\/23547","targetHints":{"allow":["GET"]}}],"collection":[{"href":"https:\/\/www.frisbigolfbudin.is\/en\/wp-json\/wp\/v2\/product"}],"about":[{"href":"https:\/\/www.frisbigolfbudin.is\/en\/wp-json\/wp\/v2\/types\/product"}],"wp:featuredmedia":[{"embeddable":true,"href":"https:\/\/www.frisbigolfbudin.is\/en\/wp-json\/wp\/v2\/media\/23587"}],"wp:attachment":[{"href":"https:\/\/www.frisbigolfbudin.is\/en\/wp-json\/wp\/v2\/media?parent=23547"}],"wp:term":[{"taxonomy":"product_brand","embeddable":true,"href":"https:\/\/www.frisbigolfbudin.is\/en\/wp-json\/wp\/v2\/product_brand?post=23547"},{"taxonomy":"product_cat","embeddable":true,"href":"https:\/\/www.frisbigolfbudin.is\/en\/wp-json\/wp\/v2\/product_cat?post=23547"},{"taxonomy":"product_tag","embeddable":true,"href":"https:\/\/www.frisbigolfbudin.is\/en\/wp-json\/wp\/v2\/product_tag?post=23547"}],"curies":[{"name":"wp","href":"https:\/\/api.w.org\/{rel}","templated":true}]}}