{"id":23563,"date":"2024-07-22T16:10:30","date_gmt":"2024-07-22T16:10:30","guid":{"rendered":"https:\/\/www.frisbigolfbudin.is\/?post_type=product&#038;p=23563"},"modified":"2024-12-08T00:11:26","modified_gmt":"2024-12-08T00:11:26","slug":"roc3-champion-plast","status":"publish","type":"product","link":"https:\/\/www.frisbigolfbudin.is\/en\/product\/roc3-champion-plast\/","title":{"rendered":"Roc3 &#8211; champion plast"},"content":{"rendered":"<p>Innova mid-range &#8211; champion plastic<\/p>\n<p>Speed: 5<br \/>\nGlide: 4<br \/>\nTurn: 0<br \/>\nFade: 3<\/p>\n<p>Roc3 heldur l\u00ednu \u00ed allskonar vind a\u00f0st\u00e6\u00f0um og hefur \u00e1rei\u00f0alegt fade \u00ed endan. Lengra komnir spilarar munu elska hva\u00f0 diskurinn er fj\u00f6lh\u00e6fur \u00e1 me\u00f0an a\u00f0\u00a0n\u00fdrri spilarar geta treyst \u00e1 st\u00f6\u00f0uleikan \u00ed disknum.<\/p>\n","protected":false},"excerpt":{"rendered":"<p>Innova mid-range &#8211; champion plast<\/p>\n<p>5 | 4 | 0 | 3<\/p>\n<p>Litir geta veri\u00f0 \u00f6\u00f0ruv\u00edsi en \u00e1 mynd \u2013 ef \u00f3ska\u00f0 er eftir \u00e1kve\u00f0num lit og\/<span id=\"ms-outlook-android-cursor\"><\/span>e\u00f0a \u00feyngd skal skr\u00e1 \u00fea\u00f0 \u00ed athugasemdaglugga \u00ed p\u00f6ntun.<\/p>\n","protected":false},"featured_media":23741,"template":"","meta":[],"product_brand":[],"product_cat":[369,370],"product_tag":[],"class_list":{"0":"post-23563","1":"product","2":"type-product","3":"status-publish","4":"has-post-thumbnail","6":"product_cat-2-mid-range","7":"product_cat-innova","9":"first","10":"instock","11":"taxable","12":"shipping-taxable","13":"purchasable","14":"product-type-simple"},"yoast_head":"<!-- This site is optimized with the Yoast SEO plugin v27.5 - https:\/\/yoast.com\/product\/yoast-seo-wordpress\/ -->\n<title>Roc3 - champion plast - Frisb&iacute;golfb&uacute;&eth;in &iacute; 20 &aacute;r<\/title>\n<meta name=\"robots\" content=\"index, follow, max-snippet:-1, max-image-preview:large, max-video-preview:-1\" \/>\n<link rel=\"canonical\" href=\"https:\/\/www.frisbigolfbudin.is\/vara\/roc3-champion-plast\/\" \/>\n<meta property=\"og:locale\" content=\"en_US\" \/>\n<meta property=\"og:type\" content=\"article\" \/>\n<meta property=\"og:title\" content=\"Roc3 - champion plast - Frisb&iacute;golfb&uacute;&eth;in &iacute; 20 &aacute;r\" \/>\n<meta property=\"og:description\" content=\"Innova mid-range - champion plast  5 | 4 | 0 | 3  Litir geta veri\u00f0 \u00f6\u00f0ruv\u00edsi en \u00e1 mynd \u2013 ef \u00f3ska\u00f0 er eftir \u00e1kve\u00f0num lit og\/e\u00f0a \u00feyngd skal skr\u00e1 \u00fea\u00f0 \u00ed athugasemdaglugga \u00ed p\u00f6ntun.\" \/>\n<meta property=\"og:url\" content=\"https:\/\/www.frisbigolfbudin.is\/vara\/roc3-champion-plast\/\" \/>\n<meta property=\"og:site_name\" content=\"Frisb&iacute;golfb&uacute;&eth;in &iacute; 20 &aacute;r\" \/>\n<meta property=\"article:publisher\" content=\"https:\/\/www.facebook.com\/Frisbigolfbudin.is\" \/>\n<meta property=\"article:modified_time\" content=\"2024-12-08T00:11:26+00:00\" \/>\n<meta property=\"og:image\" content=\"https:\/\/www.frisbigolfbudin.is\/wp-content\/uploads\/2024\/07\/roc3ch1.jpg\" \/>\n\t<meta property=\"og:image:width\" content=\"700\" \/>\n\t<meta property=\"og:image:height\" content=\"700\" \/>\n\t<meta property=\"og:image:type\" content=\"image\/jpeg\" \/>\n<meta name=\"twitter:card\" content=\"summary_large_image\" \/>\n<meta name=\"twitter:label1\" content=\"Est. reading time\" \/>\n\t<meta name=\"twitter:data1\" content=\"1 minute\" \/>\n<script type=\"application\/ld+json\" class=\"yoast-schema-graph\">{\"@context\":\"https:\\\/\\\/schema.org\",\"@graph\":[{\"@type\":\"WebPage\",\"@id\":\"https:\\\/\\\/www.frisbigolfbudin.is\\\/vara\\\/roc3-champion-plast\\\/\",\"url\":\"https:\\\/\\\/www.frisbigolfbudin.is\\\/vara\\\/roc3-champion-plast\\\/\",\"name\":\"Roc3 - champion plast - Frisb&iacute;golfb&uacute;&eth;in &iacute; 20 &aacute;r\",\"isPartOf\":{\"@id\":\"https:\\\/\\\/www.frisbigolfbudin.is\\\/#website\"},\"primaryImageOfPage\":{\"@id\":\"https:\\\/\\\/www.frisbigolfbudin.is\\\/vara\\\/roc3-champion-plast\\\/#primaryimage\"},\"image\":{\"@id\":\"https:\\\/\\\/www.frisbigolfbudin.is\\\/vara\\\/roc3-champion-plast\\\/#primaryimage\"},\"thumbnailUrl\":\"https:\\\/\\\/www.frisbigolfbudin.is\\\/wp-content\\\/uploads\\\/2024\\\/07\\\/roc3ch1.jpg\",\"datePublished\":\"2024-07-22T16:10:30+00:00\",\"dateModified\":\"2024-12-08T00:11:26+00:00\",\"breadcrumb\":{\"@id\":\"https:\\\/\\\/www.frisbigolfbudin.is\\\/vara\\\/roc3-champion-plast\\\/#breadcrumb\"},\"inLanguage\":\"en-US\",\"potentialAction\":[{\"@type\":\"ReadAction\",\"target\":[\"https:\\\/\\\/www.frisbigolfbudin.is\\\/vara\\\/roc3-champion-plast\\\/\"]}]},{\"@type\":\"ImageObject\",\"inLanguage\":\"en-US\",\"@id\":\"https:\\\/\\\/www.frisbigolfbudin.is\\\/vara\\\/roc3-champion-plast\\\/#primaryimage\",\"url\":\"https:\\\/\\\/www.frisbigolfbudin.is\\\/wp-content\\\/uploads\\\/2024\\\/07\\\/roc3ch1.jpg\",\"contentUrl\":\"https:\\\/\\\/www.frisbigolfbudin.is\\\/wp-content\\\/uploads\\\/2024\\\/07\\\/roc3ch1.jpg\",\"width\":700,\"height\":700},{\"@type\":\"BreadcrumbList\",\"@id\":\"https:\\\/\\\/www.frisbigolfbudin.is\\\/vara\\\/roc3-champion-plast\\\/#breadcrumb\",\"itemListElement\":[{\"@type\":\"ListItem\",\"position\":1,\"name\":\"Home\",\"item\":\"https:\\\/\\\/www.frisbigolfbudin.is\\\/\"},{\"@type\":\"ListItem\",\"position\":2,\"name\":\"Shop\",\"item\":\"https:\\\/\\\/vorulagerinn.is\\\/frisbigolfbudin\\\/en\\\/shop\\\/\"},{\"@type\":\"ListItem\",\"position\":3,\"name\":\"Roc3 &#8211; champion plast\"}]},{\"@type\":\"WebSite\",\"@id\":\"https:\\\/\\\/www.frisbigolfbudin.is\\\/#website\",\"url\":\"https:\\\/\\\/www.frisbigolfbudin.is\\\/\",\"name\":\"Frisb\u00edgolfb\u00fa\u00f0in\",\"description\":\"Allt fyrir frisb&iacute;golf. Diskar, t&ouml;skur, k&ouml;rfur og fylgihlutir\",\"publisher\":{\"@id\":\"https:\\\/\\\/www.frisbigolfbudin.is\\\/#organization\"},\"potentialAction\":[{\"@type\":\"SearchAction\",\"target\":{\"@type\":\"EntryPoint\",\"urlTemplate\":\"https:\\\/\\\/www.frisbigolfbudin.is\\\/?s={search_term_string}\"},\"query-input\":{\"@type\":\"PropertyValueSpecification\",\"valueRequired\":true,\"valueName\":\"search_term_string\"}}],\"inLanguage\":\"en-US\"},{\"@type\":\"Organization\",\"@id\":\"https:\\\/\\\/www.frisbigolfbudin.is\\\/#organization\",\"name\":\"Allt fyrir frisb\u00edgolf \u00ed 20 \u00e1r\",\"url\":\"https:\\\/\\\/www.frisbigolfbudin.is\\\/\",\"logo\":{\"@type\":\"ImageObject\",\"inLanguage\":\"en-US\",\"@id\":\"https:\\\/\\\/www.frisbigolfbudin.is\\\/#\\\/schema\\\/logo\\\/image\\\/\",\"url\":\"https:\\\/\\\/www.frisbigolfbudin.is\\\/wp-content\\\/uploads\\\/2024\\\/04\\\/Frisbigolfbudin_logo_300x107.png\",\"contentUrl\":\"https:\\\/\\\/www.frisbigolfbudin.is\\\/wp-content\\\/uploads\\\/2024\\\/04\\\/Frisbigolfbudin_logo_300x107.png\",\"width\":300,\"height\":107,\"caption\":\"Allt fyrir frisb\u00edgolf \u00ed 20 \u00e1r\"},\"image\":{\"@id\":\"https:\\\/\\\/www.frisbigolfbudin.is\\\/#\\\/schema\\\/logo\\\/image\\\/\"},\"sameAs\":[\"https:\\\/\\\/www.facebook.com\\\/Frisbigolfbudin.is\"]}]}<\/script>\n<!-- \/ Yoast SEO plugin. -->","yoast_head_json":{"title":"Roc3 - champion plast - Frisb&iacute;golfb&uacute;&eth;in &iacute; 20 &aacute;r","robots":{"index":"index","follow":"follow","max-snippet":"max-snippet:-1","max-image-preview":"max-image-preview:large","max-video-preview":"max-video-preview:-1"},"canonical":"https:\/\/www.frisbigolfbudin.is\/vara\/roc3-champion-plast\/","og_locale":"en_US","og_type":"article","og_title":"Roc3 - champion plast - Frisb&iacute;golfb&uacute;&eth;in &iacute; 20 &aacute;r","og_description":"Innova mid-range - champion plast  5 | 4 | 0 | 3  Litir geta veri\u00f0 \u00f6\u00f0ruv\u00edsi en \u00e1 mynd \u2013 ef \u00f3ska\u00f0 er eftir \u00e1kve\u00f0num lit og\/e\u00f0a \u00feyngd skal skr\u00e1 \u00fea\u00f0 \u00ed athugasemdaglugga \u00ed p\u00f6ntun.","og_url":"https:\/\/www.frisbigolfbudin.is\/vara\/roc3-champion-plast\/","og_site_name":"Frisb&iacute;golfb&uacute;&eth;in &iacute; 20 &aacute;r","article_publisher":"https:\/\/www.facebook.com\/Frisbigolfbudin.is","article_modified_time":"2024-12-08T00:11:26+00:00","og_image":[{"width":700,"height":700,"url":"https:\/\/www.frisbigolfbudin.is\/wp-content\/uploads\/2024\/07\/roc3ch1.jpg","type":"image\/jpeg"}],"twitter_card":"summary_large_image","twitter_misc":{"Est. reading time":"1 minute"},"schema":{"@context":"https:\/\/schema.org","@graph":[{"@type":"WebPage","@id":"https:\/\/www.frisbigolfbudin.is\/vara\/roc3-champion-plast\/","url":"https:\/\/www.frisbigolfbudin.is\/vara\/roc3-champion-plast\/","name":"Roc3 - champion plast - Frisb&iacute;golfb&uacute;&eth;in &iacute; 20 &aacute;r","isPartOf":{"@id":"https:\/\/www.frisbigolfbudin.is\/#website"},"primaryImageOfPage":{"@id":"https:\/\/www.frisbigolfbudin.is\/vara\/roc3-champion-plast\/#primaryimage"},"image":{"@id":"https:\/\/www.frisbigolfbudin.is\/vara\/roc3-champion-plast\/#primaryimage"},"thumbnailUrl":"https:\/\/www.frisbigolfbudin.is\/wp-content\/uploads\/2024\/07\/roc3ch1.jpg","datePublished":"2024-07-22T16:10:30+00:00","dateModified":"2024-12-08T00:11:26+00:00","breadcrumb":{"@id":"https:\/\/www.frisbigolfbudin.is\/vara\/roc3-champion-plast\/#breadcrumb"},"inLanguage":"en-US","potentialAction":[{"@type":"ReadAction","target":["https:\/\/www.frisbigolfbudin.is\/vara\/roc3-champion-plast\/"]}]},{"@type":"ImageObject","inLanguage":"en-US","@id":"https:\/\/www.frisbigolfbudin.is\/vara\/roc3-champion-plast\/#primaryimage","url":"https:\/\/www.frisbigolfbudin.is\/wp-content\/uploads\/2024\/07\/roc3ch1.jpg","contentUrl":"https:\/\/www.frisbigolfbudin.is\/wp-content\/uploads\/2024\/07\/roc3ch1.jpg","width":700,"height":700},{"@type":"BreadcrumbList","@id":"https:\/\/www.frisbigolfbudin.is\/vara\/roc3-champion-plast\/#breadcrumb","itemListElement":[{"@type":"ListItem","position":1,"name":"Home","item":"https:\/\/www.frisbigolfbudin.is\/"},{"@type":"ListItem","position":2,"name":"Shop","item":"https:\/\/vorulagerinn.is\/frisbigolfbudin\/en\/shop\/"},{"@type":"ListItem","position":3,"name":"Roc3 &#8211; champion plast"}]},{"@type":"WebSite","@id":"https:\/\/www.frisbigolfbudin.is\/#website","url":"https:\/\/www.frisbigolfbudin.is\/","name":"Frisb\u00edgolfb\u00fa\u00f0in","description":"Allt fyrir frisb&iacute;golf. Diskar, t&ouml;skur, k&ouml;rfur og fylgihlutir","publisher":{"@id":"https:\/\/www.frisbigolfbudin.is\/#organization"},"potentialAction":[{"@type":"SearchAction","target":{"@type":"EntryPoint","urlTemplate":"https:\/\/www.frisbigolfbudin.is\/?s={search_term_string}"},"query-input":{"@type":"PropertyValueSpecification","valueRequired":true,"valueName":"search_term_string"}}],"inLanguage":"en-US"},{"@type":"Organization","@id":"https:\/\/www.frisbigolfbudin.is\/#organization","name":"Allt fyrir frisb\u00edgolf \u00ed 20 \u00e1r","url":"https:\/\/www.frisbigolfbudin.is\/","logo":{"@type":"ImageObject","inLanguage":"en-US","@id":"https:\/\/www.frisbigolfbudin.is\/#\/schema\/logo\/image\/","url":"https:\/\/www.frisbigolfbudin.is\/wp-content\/uploads\/2024\/04\/Frisbigolfbudin_logo_300x107.png","contentUrl":"https:\/\/www.frisbigolfbudin.is\/wp-content\/uploads\/2024\/04\/Frisbigolfbudin_logo_300x107.png","width":300,"height":107,"caption":"Allt fyrir frisb\u00edgolf \u00ed 20 \u00e1r"},"image":{"@id":"https:\/\/www.frisbigolfbudin.is\/#\/schema\/logo\/image\/"},"sameAs":["https:\/\/www.facebook.com\/Frisbigolfbudin.is"]}]}},"_links":{"self":[{"href":"https:\/\/www.frisbigolfbudin.is\/en\/wp-json\/wp\/v2\/product\/23563","targetHints":{"allow":["GET"]}}],"collection":[{"href":"https:\/\/www.frisbigolfbudin.is\/en\/wp-json\/wp\/v2\/product"}],"about":[{"href":"https:\/\/www.frisbigolfbudin.is\/en\/wp-json\/wp\/v2\/types\/product"}],"wp:featuredmedia":[{"embeddable":true,"href":"https:\/\/www.frisbigolfbudin.is\/en\/wp-json\/wp\/v2\/media\/23741"}],"wp:attachment":[{"href":"https:\/\/www.frisbigolfbudin.is\/en\/wp-json\/wp\/v2\/media?parent=23563"}],"wp:term":[{"taxonomy":"product_brand","embeddable":true,"href":"https:\/\/www.frisbigolfbudin.is\/en\/wp-json\/wp\/v2\/product_brand?post=23563"},{"taxonomy":"product_cat","embeddable":true,"href":"https:\/\/www.frisbigolfbudin.is\/en\/wp-json\/wp\/v2\/product_cat?post=23563"},{"taxonomy":"product_tag","embeddable":true,"href":"https:\/\/www.frisbigolfbudin.is\/en\/wp-json\/wp\/v2\/product_tag?post=23563"}],"curies":[{"name":"wp","href":"https:\/\/api.w.org\/{rel}","templated":true}]}}