{"id":23691,"date":"2024-07-22T16:11:22","date_gmt":"2024-07-22T16:11:22","guid":{"rendered":"https:\/\/www.frisbigolfbudin.is\/?post_type=product&#038;p=23691"},"modified":"2025-12-13T11:49:58","modified_gmt":"2025-12-13T11:49:58","slug":"fjarlaegdarmaelir","status":"publish","type":"product","link":"https:\/\/www.frisbigolfbudin.is\/en\/product\/fjarlaegdarmaelir\/","title":{"rendered":"Fjarl\u00e6g\u00f0arm\u00e6lir"},"content":{"rendered":"<p>Multifunction laser range finder with 4 modes:<\/p>\n<p>M1: distance mode &#8211; you&#8217;re getting the true distance of target<\/p>\n<p>M2: Flag Pole Mode and Angle Mode &#8211; you can get flag pole distance and angle, there is a vibration hint under this mode<\/p>\n<p>M3: Flag Pole Mode and Ballistic Compensation Mode &#8211; you can get flag pole distance and ballistic compensation value, there is a vibration hint under this note<\/p>\n<p>M4: Speed Mode &#8211; the target speed can be got by scanning from far to near<\/p>\n<p>&nbsp;<\/p>\n","protected":false},"excerpt":{"rendered":"<p><strong>T\u00e6knilegar uppl\u00fdsingar:<\/strong><br \/>\n&#8211; Orkugjafi: Lithium batter\u00ed, USB hle\u00f0sla<br \/>\n&#8211;\u00a0Svi\u00f0: 5-600 metrar<br \/>\n&#8211;\u00a0M\u00e6lieiningar: Metrar\/Yards<br \/>\n&#8211;\u00a0A\u00f0dr\u00e1ttur: 7x<br \/>\n&#8211;\u00a0Raka\u00feol: Class II<br \/>\n&#8211;\u00a0Aflestur: LCD<br \/>\n&#8211;\u00a0Bylgjulengd: 905 nm<br \/>\n&#8211;\u00a0\u00deyngd: 190 gr<\/p>\n<p>Fjarl\u00e6g\u00f0arm\u00e6lirinn m\u00e6lir einnig upp\/ni\u00f0ur \u00e1hrif (slope) og er me\u00f0 hra\u00f0am\u00e6li og &#8220;finna f\u00e1na&#8221;.<\/p>\n","protected":false},"featured_media":26318,"template":"","meta":[],"product_brand":[],"product_cat":[377,379],"product_tag":[],"class_list":{"0":"post-23691","1":"product","2":"type-product","3":"status-publish","4":"has-post-thumbnail","6":"product_cat-fylgihlutir","7":"product_cat-gjafahugmyndir","9":"first","10":"instock","11":"sale","12":"taxable","13":"shipping-taxable","14":"purchasable","15":"product-type-simple"},"yoast_head":"<!-- This site is optimized with the Yoast SEO plugin v27.4 - https:\/\/yoast.com\/product\/yoast-seo-wordpress\/ -->\n<title>Fjarl\u00e6g\u00f0arm\u00e6lir - Frisb&iacute;golfb&uacute;&eth;in &iacute; 20 &aacute;r<\/title>\n<meta name=\"robots\" content=\"index, follow, max-snippet:-1, max-image-preview:large, max-video-preview:-1\" \/>\n<link rel=\"canonical\" href=\"https:\/\/www.frisbigolfbudin.is\/vara\/fjarlaegdarmaelir\/\" \/>\n<meta property=\"og:locale\" content=\"en_US\" \/>\n<meta property=\"og:type\" content=\"article\" \/>\n<meta property=\"og:title\" content=\"Fjarl\u00e6g\u00f0arm\u00e6lir - Frisb&iacute;golfb&uacute;&eth;in &iacute; 20 &aacute;r\" \/>\n<meta property=\"og:description\" content=\"T\u00e6knilegar uppl\u00fdsingar: - Orkugjafi: Lithium batter\u00ed, USB hle\u00f0sla -\u00a0Svi\u00f0: 5-600 metrar -\u00a0M\u00e6lieiningar: Metrar\/Yards -\u00a0A\u00f0dr\u00e1ttur: 7x -\u00a0Raka\u00feol: Class II -\u00a0Aflestur: LCD -\u00a0Bylgjulengd: 905 nm -\u00a0\u00deyngd: 190 gr  Fjarl\u00e6g\u00f0arm\u00e6lirinn m\u00e6lir einnig upp\/ni\u00f0ur \u00e1hrif (slope) og er me\u00f0 hra\u00f0am\u00e6li og &quot;finna f\u00e1na&quot;.\" \/>\n<meta property=\"og:url\" content=\"https:\/\/www.frisbigolfbudin.is\/vara\/fjarlaegdarmaelir\/\" \/>\n<meta property=\"og:site_name\" content=\"Frisb&iacute;golfb&uacute;&eth;in &iacute; 20 &aacute;r\" \/>\n<meta property=\"article:publisher\" content=\"https:\/\/www.facebook.com\/Frisbigolfbudin.is\" \/>\n<meta property=\"article:modified_time\" content=\"2025-12-13T11:49:58+00:00\" \/>\n<meta property=\"og:image\" content=\"https:\/\/www.frisbigolfbudin.is\/wp-content\/uploads\/2024\/07\/Fjarlaegdarmaelir-frisbigolfbudin.is_.jpg\" \/>\n\t<meta property=\"og:image:width\" content=\"600\" \/>\n\t<meta property=\"og:image:height\" content=\"600\" \/>\n\t<meta property=\"og:image:type\" content=\"image\/jpeg\" \/>\n<meta name=\"twitter:card\" content=\"summary_large_image\" \/>\n<meta name=\"twitter:label1\" content=\"Est. reading time\" \/>\n\t<meta name=\"twitter:data1\" content=\"1 minute\" \/>\n<script type=\"application\/ld+json\" class=\"yoast-schema-graph\">{\"@context\":\"https:\\\/\\\/schema.org\",\"@graph\":[{\"@type\":\"WebPage\",\"@id\":\"https:\\\/\\\/www.frisbigolfbudin.is\\\/vara\\\/fjarlaegdarmaelir\\\/\",\"url\":\"https:\\\/\\\/www.frisbigolfbudin.is\\\/vara\\\/fjarlaegdarmaelir\\\/\",\"name\":\"Fjarl\u00e6g\u00f0arm\u00e6lir - Frisb&iacute;golfb&uacute;&eth;in &iacute; 20 &aacute;r\",\"isPartOf\":{\"@id\":\"https:\\\/\\\/www.frisbigolfbudin.is\\\/#website\"},\"primaryImageOfPage\":{\"@id\":\"https:\\\/\\\/www.frisbigolfbudin.is\\\/vara\\\/fjarlaegdarmaelir\\\/#primaryimage\"},\"image\":{\"@id\":\"https:\\\/\\\/www.frisbigolfbudin.is\\\/vara\\\/fjarlaegdarmaelir\\\/#primaryimage\"},\"thumbnailUrl\":\"https:\\\/\\\/www.frisbigolfbudin.is\\\/wp-content\\\/uploads\\\/2024\\\/07\\\/Fjarlaegdarmaelir-frisbigolfbudin.is_.jpg\",\"datePublished\":\"2024-07-22T16:11:22+00:00\",\"dateModified\":\"2025-12-13T11:49:58+00:00\",\"breadcrumb\":{\"@id\":\"https:\\\/\\\/www.frisbigolfbudin.is\\\/vara\\\/fjarlaegdarmaelir\\\/#breadcrumb\"},\"inLanguage\":\"en-US\",\"potentialAction\":[{\"@type\":\"ReadAction\",\"target\":[\"https:\\\/\\\/www.frisbigolfbudin.is\\\/vara\\\/fjarlaegdarmaelir\\\/\"]}]},{\"@type\":\"ImageObject\",\"inLanguage\":\"en-US\",\"@id\":\"https:\\\/\\\/www.frisbigolfbudin.is\\\/vara\\\/fjarlaegdarmaelir\\\/#primaryimage\",\"url\":\"https:\\\/\\\/www.frisbigolfbudin.is\\\/wp-content\\\/uploads\\\/2024\\\/07\\\/Fjarlaegdarmaelir-frisbigolfbudin.is_.jpg\",\"contentUrl\":\"https:\\\/\\\/www.frisbigolfbudin.is\\\/wp-content\\\/uploads\\\/2024\\\/07\\\/Fjarlaegdarmaelir-frisbigolfbudin.is_.jpg\",\"width\":600,\"height\":600},{\"@type\":\"BreadcrumbList\",\"@id\":\"https:\\\/\\\/www.frisbigolfbudin.is\\\/vara\\\/fjarlaegdarmaelir\\\/#breadcrumb\",\"itemListElement\":[{\"@type\":\"ListItem\",\"position\":1,\"name\":\"Home\",\"item\":\"https:\\\/\\\/www.frisbigolfbudin.is\\\/\"},{\"@type\":\"ListItem\",\"position\":2,\"name\":\"Shop\",\"item\":\"https:\\\/\\\/vorulagerinn.is\\\/frisbigolfbudin\\\/en\\\/shop\\\/\"},{\"@type\":\"ListItem\",\"position\":3,\"name\":\"Fjarl\u00e6g\u00f0arm\u00e6lir\"}]},{\"@type\":\"WebSite\",\"@id\":\"https:\\\/\\\/www.frisbigolfbudin.is\\\/#website\",\"url\":\"https:\\\/\\\/www.frisbigolfbudin.is\\\/\",\"name\":\"Frisb\u00edgolfb\u00fa\u00f0in\",\"description\":\"Allt fyrir frisb&iacute;golf. Diskar, t&ouml;skur, k&ouml;rfur og fylgihlutir\",\"publisher\":{\"@id\":\"https:\\\/\\\/www.frisbigolfbudin.is\\\/#organization\"},\"potentialAction\":[{\"@type\":\"SearchAction\",\"target\":{\"@type\":\"EntryPoint\",\"urlTemplate\":\"https:\\\/\\\/www.frisbigolfbudin.is\\\/?s={search_term_string}\"},\"query-input\":{\"@type\":\"PropertyValueSpecification\",\"valueRequired\":true,\"valueName\":\"search_term_string\"}}],\"inLanguage\":\"en-US\"},{\"@type\":\"Organization\",\"@id\":\"https:\\\/\\\/www.frisbigolfbudin.is\\\/#organization\",\"name\":\"Allt fyrir frisb\u00edgolf \u00ed 20 \u00e1r\",\"url\":\"https:\\\/\\\/www.frisbigolfbudin.is\\\/\",\"logo\":{\"@type\":\"ImageObject\",\"inLanguage\":\"en-US\",\"@id\":\"https:\\\/\\\/www.frisbigolfbudin.is\\\/#\\\/schema\\\/logo\\\/image\\\/\",\"url\":\"https:\\\/\\\/www.frisbigolfbudin.is\\\/wp-content\\\/uploads\\\/2024\\\/04\\\/Frisbigolfbudin_logo_300x107.png\",\"contentUrl\":\"https:\\\/\\\/www.frisbigolfbudin.is\\\/wp-content\\\/uploads\\\/2024\\\/04\\\/Frisbigolfbudin_logo_300x107.png\",\"width\":300,\"height\":107,\"caption\":\"Allt fyrir frisb\u00edgolf \u00ed 20 \u00e1r\"},\"image\":{\"@id\":\"https:\\\/\\\/www.frisbigolfbudin.is\\\/#\\\/schema\\\/logo\\\/image\\\/\"},\"sameAs\":[\"https:\\\/\\\/www.facebook.com\\\/Frisbigolfbudin.is\"]}]}<\/script>\n<!-- \/ Yoast SEO plugin. -->","yoast_head_json":{"title":"Fjarl\u00e6g\u00f0arm\u00e6lir - Frisb&iacute;golfb&uacute;&eth;in &iacute; 20 &aacute;r","robots":{"index":"index","follow":"follow","max-snippet":"max-snippet:-1","max-image-preview":"max-image-preview:large","max-video-preview":"max-video-preview:-1"},"canonical":"https:\/\/www.frisbigolfbudin.is\/vara\/fjarlaegdarmaelir\/","og_locale":"en_US","og_type":"article","og_title":"Fjarl\u00e6g\u00f0arm\u00e6lir - Frisb&iacute;golfb&uacute;&eth;in &iacute; 20 &aacute;r","og_description":"T\u00e6knilegar uppl\u00fdsingar: - Orkugjafi: Lithium batter\u00ed, USB hle\u00f0sla -\u00a0Svi\u00f0: 5-600 metrar -\u00a0M\u00e6lieiningar: Metrar\/Yards -\u00a0A\u00f0dr\u00e1ttur: 7x -\u00a0Raka\u00feol: Class II -\u00a0Aflestur: LCD -\u00a0Bylgjulengd: 905 nm -\u00a0\u00deyngd: 190 gr  Fjarl\u00e6g\u00f0arm\u00e6lirinn m\u00e6lir einnig upp\/ni\u00f0ur \u00e1hrif (slope) og er me\u00f0 hra\u00f0am\u00e6li og \"finna f\u00e1na\".","og_url":"https:\/\/www.frisbigolfbudin.is\/vara\/fjarlaegdarmaelir\/","og_site_name":"Frisb&iacute;golfb&uacute;&eth;in &iacute; 20 &aacute;r","article_publisher":"https:\/\/www.facebook.com\/Frisbigolfbudin.is","article_modified_time":"2025-12-13T11:49:58+00:00","og_image":[{"width":600,"height":600,"url":"https:\/\/www.frisbigolfbudin.is\/wp-content\/uploads\/2024\/07\/Fjarlaegdarmaelir-frisbigolfbudin.is_.jpg","type":"image\/jpeg"}],"twitter_card":"summary_large_image","twitter_misc":{"Est. reading time":"1 minute"},"schema":{"@context":"https:\/\/schema.org","@graph":[{"@type":"WebPage","@id":"https:\/\/www.frisbigolfbudin.is\/vara\/fjarlaegdarmaelir\/","url":"https:\/\/www.frisbigolfbudin.is\/vara\/fjarlaegdarmaelir\/","name":"Fjarl\u00e6g\u00f0arm\u00e6lir - Frisb&iacute;golfb&uacute;&eth;in &iacute; 20 &aacute;r","isPartOf":{"@id":"https:\/\/www.frisbigolfbudin.is\/#website"},"primaryImageOfPage":{"@id":"https:\/\/www.frisbigolfbudin.is\/vara\/fjarlaegdarmaelir\/#primaryimage"},"image":{"@id":"https:\/\/www.frisbigolfbudin.is\/vara\/fjarlaegdarmaelir\/#primaryimage"},"thumbnailUrl":"https:\/\/www.frisbigolfbudin.is\/wp-content\/uploads\/2024\/07\/Fjarlaegdarmaelir-frisbigolfbudin.is_.jpg","datePublished":"2024-07-22T16:11:22+00:00","dateModified":"2025-12-13T11:49:58+00:00","breadcrumb":{"@id":"https:\/\/www.frisbigolfbudin.is\/vara\/fjarlaegdarmaelir\/#breadcrumb"},"inLanguage":"en-US","potentialAction":[{"@type":"ReadAction","target":["https:\/\/www.frisbigolfbudin.is\/vara\/fjarlaegdarmaelir\/"]}]},{"@type":"ImageObject","inLanguage":"en-US","@id":"https:\/\/www.frisbigolfbudin.is\/vara\/fjarlaegdarmaelir\/#primaryimage","url":"https:\/\/www.frisbigolfbudin.is\/wp-content\/uploads\/2024\/07\/Fjarlaegdarmaelir-frisbigolfbudin.is_.jpg","contentUrl":"https:\/\/www.frisbigolfbudin.is\/wp-content\/uploads\/2024\/07\/Fjarlaegdarmaelir-frisbigolfbudin.is_.jpg","width":600,"height":600},{"@type":"BreadcrumbList","@id":"https:\/\/www.frisbigolfbudin.is\/vara\/fjarlaegdarmaelir\/#breadcrumb","itemListElement":[{"@type":"ListItem","position":1,"name":"Home","item":"https:\/\/www.frisbigolfbudin.is\/"},{"@type":"ListItem","position":2,"name":"Shop","item":"https:\/\/vorulagerinn.is\/frisbigolfbudin\/en\/shop\/"},{"@type":"ListItem","position":3,"name":"Fjarl\u00e6g\u00f0arm\u00e6lir"}]},{"@type":"WebSite","@id":"https:\/\/www.frisbigolfbudin.is\/#website","url":"https:\/\/www.frisbigolfbudin.is\/","name":"Frisb\u00edgolfb\u00fa\u00f0in","description":"Allt fyrir frisb&iacute;golf. Diskar, t&ouml;skur, k&ouml;rfur og fylgihlutir","publisher":{"@id":"https:\/\/www.frisbigolfbudin.is\/#organization"},"potentialAction":[{"@type":"SearchAction","target":{"@type":"EntryPoint","urlTemplate":"https:\/\/www.frisbigolfbudin.is\/?s={search_term_string}"},"query-input":{"@type":"PropertyValueSpecification","valueRequired":true,"valueName":"search_term_string"}}],"inLanguage":"en-US"},{"@type":"Organization","@id":"https:\/\/www.frisbigolfbudin.is\/#organization","name":"Allt fyrir frisb\u00edgolf \u00ed 20 \u00e1r","url":"https:\/\/www.frisbigolfbudin.is\/","logo":{"@type":"ImageObject","inLanguage":"en-US","@id":"https:\/\/www.frisbigolfbudin.is\/#\/schema\/logo\/image\/","url":"https:\/\/www.frisbigolfbudin.is\/wp-content\/uploads\/2024\/04\/Frisbigolfbudin_logo_300x107.png","contentUrl":"https:\/\/www.frisbigolfbudin.is\/wp-content\/uploads\/2024\/04\/Frisbigolfbudin_logo_300x107.png","width":300,"height":107,"caption":"Allt fyrir frisb\u00edgolf \u00ed 20 \u00e1r"},"image":{"@id":"https:\/\/www.frisbigolfbudin.is\/#\/schema\/logo\/image\/"},"sameAs":["https:\/\/www.facebook.com\/Frisbigolfbudin.is"]}]}},"_links":{"self":[{"href":"https:\/\/www.frisbigolfbudin.is\/en\/wp-json\/wp\/v2\/product\/23691","targetHints":{"allow":["GET"]}}],"collection":[{"href":"https:\/\/www.frisbigolfbudin.is\/en\/wp-json\/wp\/v2\/product"}],"about":[{"href":"https:\/\/www.frisbigolfbudin.is\/en\/wp-json\/wp\/v2\/types\/product"}],"wp:featuredmedia":[{"embeddable":true,"href":"https:\/\/www.frisbigolfbudin.is\/en\/wp-json\/wp\/v2\/media\/26318"}],"wp:attachment":[{"href":"https:\/\/www.frisbigolfbudin.is\/en\/wp-json\/wp\/v2\/media?parent=23691"}],"wp:term":[{"taxonomy":"product_brand","embeddable":true,"href":"https:\/\/www.frisbigolfbudin.is\/en\/wp-json\/wp\/v2\/product_brand?post=23691"},{"taxonomy":"product_cat","embeddable":true,"href":"https:\/\/www.frisbigolfbudin.is\/en\/wp-json\/wp\/v2\/product_cat?post=23691"},{"taxonomy":"product_tag","embeddable":true,"href":"https:\/\/www.frisbigolfbudin.is\/en\/wp-json\/wp\/v2\/product_tag?post=23691"}],"curies":[{"name":"wp","href":"https:\/\/api.w.org\/{rel}","templated":true}]}}