{"id":24674,"date":"2024-07-22T16:18:52","date_gmt":"2024-07-22T16:18:52","guid":{"rendered":"https:\/\/www.frisbigolfbudin.is\/?post_type=product&#038;p=24674"},"modified":"2025-09-15T17:54:20","modified_gmt":"2025-09-15T17:54:20","slug":"asgardur-hlidartaska","status":"publish","type":"product","link":"https:\/\/www.frisbigolfbudin.is\/en\/product\/asgardur-hlidartaska\/","title":{"rendered":"\u00c1sgar\u00f0ur hli\u00f0artaska"},"content":{"rendered":"","protected":false},"excerpt":{"rendered":"<p>\u00c1sgar\u00f0ur hli\u00f0artaskan getur geymt allt a\u00f0 10 \u2013 15 frisb\u00eddiska. Taskan er til \u00ed \u00feremur litum (bl\u00e1r, rau\u00f0ur og svartur).<\/p>\n<p>\u2013 Litir: Bl\u00e1r, rau\u00f0ur og svartur<br \/>\n\u2013 Frisb\u00eddiskar \u00e1 lj\u00f3smyndum fylgja ekki me\u00f0.<\/p>\n","protected":false},"featured_media":26314,"template":"","meta":[],"product_brand":[],"product_cat":[374,378],"product_tag":[],"class_list":{"0":"post-24674","1":"product","2":"type-product","3":"status-publish","4":"has-post-thumbnail","6":"product_cat-fyrir-byrjendur","7":"product_cat-toskur","9":"first","10":"instock","11":"taxable","12":"shipping-taxable","13":"purchasable","14":"product-type-variable"},"yoast_head":"<!-- This site is optimized with the Yoast SEO plugin v27.4 - https:\/\/yoast.com\/product\/yoast-seo-wordpress\/ -->\n<title>\u00c1sgar\u00f0ur hli\u00f0artaskan er me\u00f0 pl\u00e1ss fyrir 10 - 15 frisb\u00eddiska<\/title>\n<meta name=\"description\" content=\"\u00c1sgar\u00f0ur hli\u00f0artaskan getur geymt allt a\u00f0 10 - 15 frisb\u00eddiska. Taskan er til \u00ed \u00feremur litum (bl\u00e1r, rau\u00f0ur og svartur). Frisb\u00edgolfb\u00fa\u00f0in er \u00ed Gl\u00e6sib\u00e6\" \/>\n<meta name=\"robots\" content=\"index, follow, max-snippet:-1, max-image-preview:large, max-video-preview:-1\" \/>\n<link rel=\"canonical\" href=\"https:\/\/www.frisbigolfbudin.is\/vara\/asgardur-hlidartaska\/\" \/>\n<meta property=\"og:locale\" content=\"en_US\" \/>\n<meta property=\"og:type\" content=\"article\" \/>\n<meta property=\"og:title\" content=\"\u00c1sgar\u00f0ur hli\u00f0artaskan er me\u00f0 pl\u00e1ss fyrir 10 - 15 frisb\u00eddiska\" \/>\n<meta property=\"og:description\" content=\"\u00c1sgar\u00f0ur hli\u00f0artaskan getur geymt allt a\u00f0 10 - 15 frisb\u00eddiska. Taskan er til \u00ed \u00feremur litum (bl\u00e1r, rau\u00f0ur og svartur). Frisb\u00edgolfb\u00fa\u00f0in er \u00ed Gl\u00e6sib\u00e6\" \/>\n<meta property=\"og:url\" content=\"https:\/\/www.frisbigolfbudin.is\/vara\/asgardur-hlidartaska\/\" \/>\n<meta property=\"og:site_name\" content=\"Frisb&iacute;golfb&uacute;&eth;in &iacute; 20 &aacute;r\" \/>\n<meta property=\"article:publisher\" content=\"https:\/\/www.facebook.com\/Frisbigolfbudin.is\" \/>\n<meta property=\"article:modified_time\" content=\"2025-09-15T17:54:20+00:00\" \/>\n<meta property=\"og:image\" content=\"https:\/\/www.frisbigolfbudin.is\/wp-content\/uploads\/2024\/07\/Asgardur-taska-frisbigolfbudin.is_.jpg\" \/>\n\t<meta property=\"og:image:width\" content=\"600\" \/>\n\t<meta property=\"og:image:height\" content=\"600\" \/>\n\t<meta property=\"og:image:type\" content=\"image\/jpeg\" \/>\n<meta name=\"twitter:card\" content=\"summary_large_image\" \/>\n<meta name=\"twitter:label1\" content=\"Est. reading time\" \/>\n\t<meta name=\"twitter:data1\" content=\"1 minute\" \/>\n<script type=\"application\/ld+json\" class=\"yoast-schema-graph\">{\"@context\":\"https:\\\/\\\/schema.org\",\"@graph\":[{\"@type\":\"WebPage\",\"@id\":\"https:\\\/\\\/www.frisbigolfbudin.is\\\/vara\\\/asgardur-hlidartaska\\\/\",\"url\":\"https:\\\/\\\/www.frisbigolfbudin.is\\\/vara\\\/asgardur-hlidartaska\\\/\",\"name\":\"\u00c1sgar\u00f0ur hli\u00f0artaskan er me\u00f0 pl\u00e1ss fyrir 10 - 15 frisb\u00eddiska\",\"isPartOf\":{\"@id\":\"https:\\\/\\\/www.frisbigolfbudin.is\\\/#website\"},\"primaryImageOfPage\":{\"@id\":\"https:\\\/\\\/www.frisbigolfbudin.is\\\/vara\\\/asgardur-hlidartaska\\\/#primaryimage\"},\"image\":{\"@id\":\"https:\\\/\\\/www.frisbigolfbudin.is\\\/vara\\\/asgardur-hlidartaska\\\/#primaryimage\"},\"thumbnailUrl\":\"https:\\\/\\\/www.frisbigolfbudin.is\\\/wp-content\\\/uploads\\\/2024\\\/07\\\/Asgardur-taska-frisbigolfbudin.is_.jpg\",\"datePublished\":\"2024-07-22T16:18:52+00:00\",\"dateModified\":\"2025-09-15T17:54:20+00:00\",\"description\":\"\u00c1sgar\u00f0ur hli\u00f0artaskan getur geymt allt a\u00f0 10 - 15 frisb\u00eddiska. Taskan er til \u00ed \u00feremur litum (bl\u00e1r, rau\u00f0ur og svartur). Frisb\u00edgolfb\u00fa\u00f0in er \u00ed Gl\u00e6sib\u00e6\",\"breadcrumb\":{\"@id\":\"https:\\\/\\\/www.frisbigolfbudin.is\\\/vara\\\/asgardur-hlidartaska\\\/#breadcrumb\"},\"inLanguage\":\"en-US\",\"potentialAction\":[{\"@type\":\"ReadAction\",\"target\":[\"https:\\\/\\\/www.frisbigolfbudin.is\\\/vara\\\/asgardur-hlidartaska\\\/\"]}]},{\"@type\":\"ImageObject\",\"inLanguage\":\"en-US\",\"@id\":\"https:\\\/\\\/www.frisbigolfbudin.is\\\/vara\\\/asgardur-hlidartaska\\\/#primaryimage\",\"url\":\"https:\\\/\\\/www.frisbigolfbudin.is\\\/wp-content\\\/uploads\\\/2024\\\/07\\\/Asgardur-taska-frisbigolfbudin.is_.jpg\",\"contentUrl\":\"https:\\\/\\\/www.frisbigolfbudin.is\\\/wp-content\\\/uploads\\\/2024\\\/07\\\/Asgardur-taska-frisbigolfbudin.is_.jpg\",\"width\":600,\"height\":600},{\"@type\":\"BreadcrumbList\",\"@id\":\"https:\\\/\\\/www.frisbigolfbudin.is\\\/vara\\\/asgardur-hlidartaska\\\/#breadcrumb\",\"itemListElement\":[{\"@type\":\"ListItem\",\"position\":1,\"name\":\"Home\",\"item\":\"https:\\\/\\\/www.frisbigolfbudin.is\\\/\"},{\"@type\":\"ListItem\",\"position\":2,\"name\":\"Shop\",\"item\":\"https:\\\/\\\/vorulagerinn.is\\\/frisbigolfbudin\\\/en\\\/shop\\\/\"},{\"@type\":\"ListItem\",\"position\":3,\"name\":\"\u00c1sgar\u00f0ur hli\u00f0artaska\"}]},{\"@type\":\"WebSite\",\"@id\":\"https:\\\/\\\/www.frisbigolfbudin.is\\\/#website\",\"url\":\"https:\\\/\\\/www.frisbigolfbudin.is\\\/\",\"name\":\"Frisb\u00edgolfb\u00fa\u00f0in\",\"description\":\"Allt fyrir frisb&iacute;golf. Diskar, t&ouml;skur, k&ouml;rfur og fylgihlutir\",\"publisher\":{\"@id\":\"https:\\\/\\\/www.frisbigolfbudin.is\\\/#organization\"},\"potentialAction\":[{\"@type\":\"SearchAction\",\"target\":{\"@type\":\"EntryPoint\",\"urlTemplate\":\"https:\\\/\\\/www.frisbigolfbudin.is\\\/?s={search_term_string}\"},\"query-input\":{\"@type\":\"PropertyValueSpecification\",\"valueRequired\":true,\"valueName\":\"search_term_string\"}}],\"inLanguage\":\"en-US\"},{\"@type\":\"Organization\",\"@id\":\"https:\\\/\\\/www.frisbigolfbudin.is\\\/#organization\",\"name\":\"Allt fyrir frisb\u00edgolf \u00ed 20 \u00e1r\",\"url\":\"https:\\\/\\\/www.frisbigolfbudin.is\\\/\",\"logo\":{\"@type\":\"ImageObject\",\"inLanguage\":\"en-US\",\"@id\":\"https:\\\/\\\/www.frisbigolfbudin.is\\\/#\\\/schema\\\/logo\\\/image\\\/\",\"url\":\"https:\\\/\\\/www.frisbigolfbudin.is\\\/wp-content\\\/uploads\\\/2024\\\/04\\\/Frisbigolfbudin_logo_300x107.png\",\"contentUrl\":\"https:\\\/\\\/www.frisbigolfbudin.is\\\/wp-content\\\/uploads\\\/2024\\\/04\\\/Frisbigolfbudin_logo_300x107.png\",\"width\":300,\"height\":107,\"caption\":\"Allt fyrir frisb\u00edgolf \u00ed 20 \u00e1r\"},\"image\":{\"@id\":\"https:\\\/\\\/www.frisbigolfbudin.is\\\/#\\\/schema\\\/logo\\\/image\\\/\"},\"sameAs\":[\"https:\\\/\\\/www.facebook.com\\\/Frisbigolfbudin.is\"]}]}<\/script>\n<!-- \/ Yoast SEO plugin. -->","yoast_head_json":{"title":"\u00c1sgar\u00f0ur hli\u00f0artaskan er me\u00f0 pl\u00e1ss fyrir 10 - 15 frisb\u00eddiska","description":"\u00c1sgar\u00f0ur hli\u00f0artaskan getur geymt allt a\u00f0 10 - 15 frisb\u00eddiska. Taskan er til \u00ed \u00feremur litum (bl\u00e1r, rau\u00f0ur og svartur). Frisb\u00edgolfb\u00fa\u00f0in er \u00ed Gl\u00e6sib\u00e6","robots":{"index":"index","follow":"follow","max-snippet":"max-snippet:-1","max-image-preview":"max-image-preview:large","max-video-preview":"max-video-preview:-1"},"canonical":"https:\/\/www.frisbigolfbudin.is\/vara\/asgardur-hlidartaska\/","og_locale":"en_US","og_type":"article","og_title":"\u00c1sgar\u00f0ur hli\u00f0artaskan er me\u00f0 pl\u00e1ss fyrir 10 - 15 frisb\u00eddiska","og_description":"\u00c1sgar\u00f0ur hli\u00f0artaskan getur geymt allt a\u00f0 10 - 15 frisb\u00eddiska. Taskan er til \u00ed \u00feremur litum (bl\u00e1r, rau\u00f0ur og svartur). Frisb\u00edgolfb\u00fa\u00f0in er \u00ed Gl\u00e6sib\u00e6","og_url":"https:\/\/www.frisbigolfbudin.is\/vara\/asgardur-hlidartaska\/","og_site_name":"Frisb&iacute;golfb&uacute;&eth;in &iacute; 20 &aacute;r","article_publisher":"https:\/\/www.facebook.com\/Frisbigolfbudin.is","article_modified_time":"2025-09-15T17:54:20+00:00","og_image":[{"width":600,"height":600,"url":"https:\/\/www.frisbigolfbudin.is\/wp-content\/uploads\/2024\/07\/Asgardur-taska-frisbigolfbudin.is_.jpg","type":"image\/jpeg"}],"twitter_card":"summary_large_image","twitter_misc":{"Est. reading time":"1 minute"},"schema":{"@context":"https:\/\/schema.org","@graph":[{"@type":"WebPage","@id":"https:\/\/www.frisbigolfbudin.is\/vara\/asgardur-hlidartaska\/","url":"https:\/\/www.frisbigolfbudin.is\/vara\/asgardur-hlidartaska\/","name":"\u00c1sgar\u00f0ur hli\u00f0artaskan er me\u00f0 pl\u00e1ss fyrir 10 - 15 frisb\u00eddiska","isPartOf":{"@id":"https:\/\/www.frisbigolfbudin.is\/#website"},"primaryImageOfPage":{"@id":"https:\/\/www.frisbigolfbudin.is\/vara\/asgardur-hlidartaska\/#primaryimage"},"image":{"@id":"https:\/\/www.frisbigolfbudin.is\/vara\/asgardur-hlidartaska\/#primaryimage"},"thumbnailUrl":"https:\/\/www.frisbigolfbudin.is\/wp-content\/uploads\/2024\/07\/Asgardur-taska-frisbigolfbudin.is_.jpg","datePublished":"2024-07-22T16:18:52+00:00","dateModified":"2025-09-15T17:54:20+00:00","description":"\u00c1sgar\u00f0ur hli\u00f0artaskan getur geymt allt a\u00f0 10 - 15 frisb\u00eddiska. Taskan er til \u00ed \u00feremur litum (bl\u00e1r, rau\u00f0ur og svartur). Frisb\u00edgolfb\u00fa\u00f0in er \u00ed Gl\u00e6sib\u00e6","breadcrumb":{"@id":"https:\/\/www.frisbigolfbudin.is\/vara\/asgardur-hlidartaska\/#breadcrumb"},"inLanguage":"en-US","potentialAction":[{"@type":"ReadAction","target":["https:\/\/www.frisbigolfbudin.is\/vara\/asgardur-hlidartaska\/"]}]},{"@type":"ImageObject","inLanguage":"en-US","@id":"https:\/\/www.frisbigolfbudin.is\/vara\/asgardur-hlidartaska\/#primaryimage","url":"https:\/\/www.frisbigolfbudin.is\/wp-content\/uploads\/2024\/07\/Asgardur-taska-frisbigolfbudin.is_.jpg","contentUrl":"https:\/\/www.frisbigolfbudin.is\/wp-content\/uploads\/2024\/07\/Asgardur-taska-frisbigolfbudin.is_.jpg","width":600,"height":600},{"@type":"BreadcrumbList","@id":"https:\/\/www.frisbigolfbudin.is\/vara\/asgardur-hlidartaska\/#breadcrumb","itemListElement":[{"@type":"ListItem","position":1,"name":"Home","item":"https:\/\/www.frisbigolfbudin.is\/"},{"@type":"ListItem","position":2,"name":"Shop","item":"https:\/\/vorulagerinn.is\/frisbigolfbudin\/en\/shop\/"},{"@type":"ListItem","position":3,"name":"\u00c1sgar\u00f0ur hli\u00f0artaska"}]},{"@type":"WebSite","@id":"https:\/\/www.frisbigolfbudin.is\/#website","url":"https:\/\/www.frisbigolfbudin.is\/","name":"Frisb\u00edgolfb\u00fa\u00f0in","description":"Allt fyrir frisb&iacute;golf. Diskar, t&ouml;skur, k&ouml;rfur og fylgihlutir","publisher":{"@id":"https:\/\/www.frisbigolfbudin.is\/#organization"},"potentialAction":[{"@type":"SearchAction","target":{"@type":"EntryPoint","urlTemplate":"https:\/\/www.frisbigolfbudin.is\/?s={search_term_string}"},"query-input":{"@type":"PropertyValueSpecification","valueRequired":true,"valueName":"search_term_string"}}],"inLanguage":"en-US"},{"@type":"Organization","@id":"https:\/\/www.frisbigolfbudin.is\/#organization","name":"Allt fyrir frisb\u00edgolf \u00ed 20 \u00e1r","url":"https:\/\/www.frisbigolfbudin.is\/","logo":{"@type":"ImageObject","inLanguage":"en-US","@id":"https:\/\/www.frisbigolfbudin.is\/#\/schema\/logo\/image\/","url":"https:\/\/www.frisbigolfbudin.is\/wp-content\/uploads\/2024\/04\/Frisbigolfbudin_logo_300x107.png","contentUrl":"https:\/\/www.frisbigolfbudin.is\/wp-content\/uploads\/2024\/04\/Frisbigolfbudin_logo_300x107.png","width":300,"height":107,"caption":"Allt fyrir frisb\u00edgolf \u00ed 20 \u00e1r"},"image":{"@id":"https:\/\/www.frisbigolfbudin.is\/#\/schema\/logo\/image\/"},"sameAs":["https:\/\/www.facebook.com\/Frisbigolfbudin.is"]}]}},"_links":{"self":[{"href":"https:\/\/www.frisbigolfbudin.is\/en\/wp-json\/wp\/v2\/product\/24674","targetHints":{"allow":["GET"]}}],"collection":[{"href":"https:\/\/www.frisbigolfbudin.is\/en\/wp-json\/wp\/v2\/product"}],"about":[{"href":"https:\/\/www.frisbigolfbudin.is\/en\/wp-json\/wp\/v2\/types\/product"}],"wp:featuredmedia":[{"embeddable":true,"href":"https:\/\/www.frisbigolfbudin.is\/en\/wp-json\/wp\/v2\/media\/26314"}],"wp:attachment":[{"href":"https:\/\/www.frisbigolfbudin.is\/en\/wp-json\/wp\/v2\/media?parent=24674"}],"wp:term":[{"taxonomy":"product_brand","embeddable":true,"href":"https:\/\/www.frisbigolfbudin.is\/en\/wp-json\/wp\/v2\/product_brand?post=24674"},{"taxonomy":"product_cat","embeddable":true,"href":"https:\/\/www.frisbigolfbudin.is\/en\/wp-json\/wp\/v2\/product_cat?post=24674"},{"taxonomy":"product_tag","embeddable":true,"href":"https:\/\/www.frisbigolfbudin.is\/en\/wp-json\/wp\/v2\/product_tag?post=24674"}],"curies":[{"name":"wp","href":"https:\/\/api.w.org\/{rel}","templated":true}]}}