{"id":24675,"date":"2024-07-22T16:18:52","date_gmt":"2024-07-22T16:18:52","guid":{"rendered":"https:\/\/www.frisbigolfbudin.is\/?post_type=product&#038;p=24675"},"modified":"2026-04-23T12:52:52","modified_gmt":"2026-04-23T12:52:52","slug":"startsett-hlidartaska-asgardur","status":"publish","type":"product","link":"https:\/\/www.frisbigolfbudin.is\/en\/product\/startsett-hlidartaska-asgardur\/","title":{"rendered":"Startpakki + hli\u00f0artaska \u00c1sgar\u00f0ur"},"content":{"rendered":"<p>Startsetti\u00f0 inniheldur allt \u00fea\u00f0 sem spilari \u00fearf \u00e1 a\u00f0 halda til a\u00f0 geta byrja\u00f0 \u00ed Frisb\u00edgolfi.<\/p>\n<p><strong>\u00de\u00f3r<\/strong> \u2013 fairway driver \u2013 fyrir l\u00f6ng og bein k\u00f6st<br \/>\nSpeed: 7<br \/>\nGlide: 5<br \/>\nTurn: 0<br \/>\nFade: 2<\/p>\n<p><strong>Freyja<\/strong> \u2013 mid-range \u2013 mj\u00f6g \u00fe\u00e6ginlegur byrjenda diskur<br \/>\nSpeed: 4<br \/>\nGlide: 4<br \/>\nTurn: 0<br \/>\nFade: 2<\/p>\n<p><strong>\u00d3\u00f0inn<\/strong> \u2013 putter<br \/>\nSpeed: 2<br \/>\nGlide: 3<br \/>\nTurn: 0<br \/>\nFade: 2<\/p>\n<p><strong>mini marker \u2013 <\/strong>mini diskur er nota\u00f0ur til a\u00f0 merkja fyrir framan legu disksins \u00fat \u00e1 velli<\/p>\n<p>Hl\u00ed\u00f0artaska \u00c1sgar\u00f0ur tekur 10 til 15 diska. Til \u00ed \u00feremur l\u00edtum \u2013 rau\u00f0ur, svartur, bl\u00e1r<\/p>\n","protected":false},"excerpt":{"rendered":"<p>Startsetti\u00f0 inniheldur allt \u00fea\u00f0 sem spilari \u00fearf \u00e1 a\u00f0 halda til a\u00f0 geta byrja\u00f0 \u00ed Frisb\u00edgolfi \u2013 fairway driver, mid-range, putter, mini marker og taska. Taska er til \u00ed \u00feremur l\u00edtum \u2013 rau\u00f0ur, svartur, bl\u00e1r \u2013 ef \u00f3ska\u00f0 er eftir \u00e1kve\u00f0num lit\u00a0skal skr\u00e1 \u00fea\u00f0 \u00ed athugasemdaglugga \u00ed p\u00f6ntun.<\/p>\n","protected":false},"featured_media":26312,"template":"","meta":[],"product_brand":[],"product_cat":[383,374,379,378],"product_tag":[],"class_list":{"0":"post-24675","1":"product","2":"type-product","3":"status-publish","4":"has-post-thumbnail","6":"product_cat-frisbigolf-sett","7":"product_cat-fyrir-byrjendur","8":"product_cat-gjafahugmyndir","9":"product_cat-toskur","11":"first","12":"instock","13":"taxable","14":"shipping-taxable","15":"purchasable","16":"product-type-simple"},"yoast_head":"<!-- This site is optimized with the Yoast SEO plugin v27.5 - https:\/\/yoast.com\/product\/yoast-seo-wordpress\/ -->\n<title>Startpakki + hli\u00f0artaska \u00c1sgar\u00f0ur - Frisb&iacute;golfb&uacute;&eth;in &iacute; 20 &aacute;r<\/title>\n<meta name=\"robots\" content=\"index, follow, max-snippet:-1, max-image-preview:large, max-video-preview:-1\" \/>\n<link rel=\"canonical\" href=\"https:\/\/www.frisbigolfbudin.is\/vara\/startsett-hlidartaska-asgardur\/\" \/>\n<meta property=\"og:locale\" content=\"en_US\" \/>\n<meta property=\"og:type\" content=\"article\" \/>\n<meta property=\"og:title\" content=\"Startpakki + hli\u00f0artaska \u00c1sgar\u00f0ur - Frisb&iacute;golfb&uacute;&eth;in &iacute; 20 &aacute;r\" \/>\n<meta property=\"og:description\" content=\"Startsetti\u00f0 inniheldur allt \u00fea\u00f0 sem spilari \u00fearf \u00e1 a\u00f0 halda til a\u00f0 geta byrja\u00f0 \u00ed Frisb\u00edgolfi \u2013 fairway driver, mid-range, putter, mini marker og taska. Taska er til \u00ed \u00feremur l\u00edtum \u2013 rau\u00f0ur, svartur, bl\u00e1r \u2013 ef \u00f3ska\u00f0 er eftir \u00e1kve\u00f0num lit\u00a0skal skr\u00e1 \u00fea\u00f0 \u00ed athugasemdaglugga \u00ed p\u00f6ntun.\" \/>\n<meta property=\"og:url\" content=\"https:\/\/www.frisbigolfbudin.is\/vara\/startsett-hlidartaska-asgardur\/\" \/>\n<meta property=\"og:site_name\" content=\"Frisb&iacute;golfb&uacute;&eth;in &iacute; 20 &aacute;r\" \/>\n<meta property=\"article:publisher\" content=\"https:\/\/www.facebook.com\/Frisbigolfbudin.is\" \/>\n<meta property=\"article:modified_time\" content=\"2026-04-23T12:52:52+00:00\" \/>\n<meta property=\"og:image\" content=\"https:\/\/www.frisbigolfbudin.is\/wp-content\/uploads\/2024\/07\/Asgardur-byrjendasett-og-taska.jpg\" \/>\n\t<meta property=\"og:image:width\" content=\"600\" \/>\n\t<meta property=\"og:image:height\" content=\"600\" \/>\n\t<meta property=\"og:image:type\" content=\"image\/jpeg\" \/>\n<meta name=\"twitter:card\" content=\"summary_large_image\" \/>\n<meta name=\"twitter:label1\" content=\"Est. reading time\" \/>\n\t<meta name=\"twitter:data1\" content=\"1 minute\" \/>\n<script type=\"application\/ld+json\" class=\"yoast-schema-graph\">{\"@context\":\"https:\\\/\\\/schema.org\",\"@graph\":[{\"@type\":\"WebPage\",\"@id\":\"https:\\\/\\\/www.frisbigolfbudin.is\\\/vara\\\/startsett-hlidartaska-asgardur\\\/\",\"url\":\"https:\\\/\\\/www.frisbigolfbudin.is\\\/vara\\\/startsett-hlidartaska-asgardur\\\/\",\"name\":\"Startpakki + hli\u00f0artaska \u00c1sgar\u00f0ur - Frisb&iacute;golfb&uacute;&eth;in &iacute; 20 &aacute;r\",\"isPartOf\":{\"@id\":\"https:\\\/\\\/www.frisbigolfbudin.is\\\/#website\"},\"primaryImageOfPage\":{\"@id\":\"https:\\\/\\\/www.frisbigolfbudin.is\\\/vara\\\/startsett-hlidartaska-asgardur\\\/#primaryimage\"},\"image\":{\"@id\":\"https:\\\/\\\/www.frisbigolfbudin.is\\\/vara\\\/startsett-hlidartaska-asgardur\\\/#primaryimage\"},\"thumbnailUrl\":\"https:\\\/\\\/www.frisbigolfbudin.is\\\/wp-content\\\/uploads\\\/2024\\\/07\\\/Asgardur-byrjendasett-og-taska.jpg\",\"datePublished\":\"2024-07-22T16:18:52+00:00\",\"dateModified\":\"2026-04-23T12:52:52+00:00\",\"breadcrumb\":{\"@id\":\"https:\\\/\\\/www.frisbigolfbudin.is\\\/vara\\\/startsett-hlidartaska-asgardur\\\/#breadcrumb\"},\"inLanguage\":\"en-US\",\"potentialAction\":[{\"@type\":\"ReadAction\",\"target\":[\"https:\\\/\\\/www.frisbigolfbudin.is\\\/vara\\\/startsett-hlidartaska-asgardur\\\/\"]}]},{\"@type\":\"ImageObject\",\"inLanguage\":\"en-US\",\"@id\":\"https:\\\/\\\/www.frisbigolfbudin.is\\\/vara\\\/startsett-hlidartaska-asgardur\\\/#primaryimage\",\"url\":\"https:\\\/\\\/www.frisbigolfbudin.is\\\/wp-content\\\/uploads\\\/2024\\\/07\\\/Asgardur-byrjendasett-og-taska.jpg\",\"contentUrl\":\"https:\\\/\\\/www.frisbigolfbudin.is\\\/wp-content\\\/uploads\\\/2024\\\/07\\\/Asgardur-byrjendasett-og-taska.jpg\",\"width\":600,\"height\":600},{\"@type\":\"BreadcrumbList\",\"@id\":\"https:\\\/\\\/www.frisbigolfbudin.is\\\/vara\\\/startsett-hlidartaska-asgardur\\\/#breadcrumb\",\"itemListElement\":[{\"@type\":\"ListItem\",\"position\":1,\"name\":\"Home\",\"item\":\"https:\\\/\\\/www.frisbigolfbudin.is\\\/\"},{\"@type\":\"ListItem\",\"position\":2,\"name\":\"Shop\",\"item\":\"https:\\\/\\\/vorulagerinn.is\\\/frisbigolfbudin\\\/en\\\/shop\\\/\"},{\"@type\":\"ListItem\",\"position\":3,\"name\":\"Startpakki + hli\u00f0artaska \u00c1sgar\u00f0ur\"}]},{\"@type\":\"WebSite\",\"@id\":\"https:\\\/\\\/www.frisbigolfbudin.is\\\/#website\",\"url\":\"https:\\\/\\\/www.frisbigolfbudin.is\\\/\",\"name\":\"Frisb\u00edgolfb\u00fa\u00f0in\",\"description\":\"Allt fyrir frisb&iacute;golf. Diskar, t&ouml;skur, k&ouml;rfur og fylgihlutir\",\"publisher\":{\"@id\":\"https:\\\/\\\/www.frisbigolfbudin.is\\\/#organization\"},\"potentialAction\":[{\"@type\":\"SearchAction\",\"target\":{\"@type\":\"EntryPoint\",\"urlTemplate\":\"https:\\\/\\\/www.frisbigolfbudin.is\\\/?s={search_term_string}\"},\"query-input\":{\"@type\":\"PropertyValueSpecification\",\"valueRequired\":true,\"valueName\":\"search_term_string\"}}],\"inLanguage\":\"en-US\"},{\"@type\":\"Organization\",\"@id\":\"https:\\\/\\\/www.frisbigolfbudin.is\\\/#organization\",\"name\":\"Allt fyrir frisb\u00edgolf \u00ed 20 \u00e1r\",\"url\":\"https:\\\/\\\/www.frisbigolfbudin.is\\\/\",\"logo\":{\"@type\":\"ImageObject\",\"inLanguage\":\"en-US\",\"@id\":\"https:\\\/\\\/www.frisbigolfbudin.is\\\/#\\\/schema\\\/logo\\\/image\\\/\",\"url\":\"https:\\\/\\\/www.frisbigolfbudin.is\\\/wp-content\\\/uploads\\\/2024\\\/04\\\/Frisbigolfbudin_logo_300x107.png\",\"contentUrl\":\"https:\\\/\\\/www.frisbigolfbudin.is\\\/wp-content\\\/uploads\\\/2024\\\/04\\\/Frisbigolfbudin_logo_300x107.png\",\"width\":300,\"height\":107,\"caption\":\"Allt fyrir frisb\u00edgolf \u00ed 20 \u00e1r\"},\"image\":{\"@id\":\"https:\\\/\\\/www.frisbigolfbudin.is\\\/#\\\/schema\\\/logo\\\/image\\\/\"},\"sameAs\":[\"https:\\\/\\\/www.facebook.com\\\/Frisbigolfbudin.is\"]}]}<\/script>\n<!-- \/ Yoast SEO plugin. -->","yoast_head_json":{"title":"Startpakki + hli\u00f0artaska \u00c1sgar\u00f0ur - Frisb&iacute;golfb&uacute;&eth;in &iacute; 20 &aacute;r","robots":{"index":"index","follow":"follow","max-snippet":"max-snippet:-1","max-image-preview":"max-image-preview:large","max-video-preview":"max-video-preview:-1"},"canonical":"https:\/\/www.frisbigolfbudin.is\/vara\/startsett-hlidartaska-asgardur\/","og_locale":"en_US","og_type":"article","og_title":"Startpakki + hli\u00f0artaska \u00c1sgar\u00f0ur - Frisb&iacute;golfb&uacute;&eth;in &iacute; 20 &aacute;r","og_description":"Startsetti\u00f0 inniheldur allt \u00fea\u00f0 sem spilari \u00fearf \u00e1 a\u00f0 halda til a\u00f0 geta byrja\u00f0 \u00ed Frisb\u00edgolfi \u2013 fairway driver, mid-range, putter, mini marker og taska. Taska er til \u00ed \u00feremur l\u00edtum \u2013 rau\u00f0ur, svartur, bl\u00e1r \u2013 ef \u00f3ska\u00f0 er eftir \u00e1kve\u00f0num lit\u00a0skal skr\u00e1 \u00fea\u00f0 \u00ed athugasemdaglugga \u00ed p\u00f6ntun.","og_url":"https:\/\/www.frisbigolfbudin.is\/vara\/startsett-hlidartaska-asgardur\/","og_site_name":"Frisb&iacute;golfb&uacute;&eth;in &iacute; 20 &aacute;r","article_publisher":"https:\/\/www.facebook.com\/Frisbigolfbudin.is","article_modified_time":"2026-04-23T12:52:52+00:00","og_image":[{"width":600,"height":600,"url":"https:\/\/www.frisbigolfbudin.is\/wp-content\/uploads\/2024\/07\/Asgardur-byrjendasett-og-taska.jpg","type":"image\/jpeg"}],"twitter_card":"summary_large_image","twitter_misc":{"Est. reading time":"1 minute"},"schema":{"@context":"https:\/\/schema.org","@graph":[{"@type":"WebPage","@id":"https:\/\/www.frisbigolfbudin.is\/vara\/startsett-hlidartaska-asgardur\/","url":"https:\/\/www.frisbigolfbudin.is\/vara\/startsett-hlidartaska-asgardur\/","name":"Startpakki + hli\u00f0artaska \u00c1sgar\u00f0ur - Frisb&iacute;golfb&uacute;&eth;in &iacute; 20 &aacute;r","isPartOf":{"@id":"https:\/\/www.frisbigolfbudin.is\/#website"},"primaryImageOfPage":{"@id":"https:\/\/www.frisbigolfbudin.is\/vara\/startsett-hlidartaska-asgardur\/#primaryimage"},"image":{"@id":"https:\/\/www.frisbigolfbudin.is\/vara\/startsett-hlidartaska-asgardur\/#primaryimage"},"thumbnailUrl":"https:\/\/www.frisbigolfbudin.is\/wp-content\/uploads\/2024\/07\/Asgardur-byrjendasett-og-taska.jpg","datePublished":"2024-07-22T16:18:52+00:00","dateModified":"2026-04-23T12:52:52+00:00","breadcrumb":{"@id":"https:\/\/www.frisbigolfbudin.is\/vara\/startsett-hlidartaska-asgardur\/#breadcrumb"},"inLanguage":"en-US","potentialAction":[{"@type":"ReadAction","target":["https:\/\/www.frisbigolfbudin.is\/vara\/startsett-hlidartaska-asgardur\/"]}]},{"@type":"ImageObject","inLanguage":"en-US","@id":"https:\/\/www.frisbigolfbudin.is\/vara\/startsett-hlidartaska-asgardur\/#primaryimage","url":"https:\/\/www.frisbigolfbudin.is\/wp-content\/uploads\/2024\/07\/Asgardur-byrjendasett-og-taska.jpg","contentUrl":"https:\/\/www.frisbigolfbudin.is\/wp-content\/uploads\/2024\/07\/Asgardur-byrjendasett-og-taska.jpg","width":600,"height":600},{"@type":"BreadcrumbList","@id":"https:\/\/www.frisbigolfbudin.is\/vara\/startsett-hlidartaska-asgardur\/#breadcrumb","itemListElement":[{"@type":"ListItem","position":1,"name":"Home","item":"https:\/\/www.frisbigolfbudin.is\/"},{"@type":"ListItem","position":2,"name":"Shop","item":"https:\/\/vorulagerinn.is\/frisbigolfbudin\/en\/shop\/"},{"@type":"ListItem","position":3,"name":"Startpakki + hli\u00f0artaska \u00c1sgar\u00f0ur"}]},{"@type":"WebSite","@id":"https:\/\/www.frisbigolfbudin.is\/#website","url":"https:\/\/www.frisbigolfbudin.is\/","name":"Frisb\u00edgolfb\u00fa\u00f0in","description":"Allt fyrir frisb&iacute;golf. Diskar, t&ouml;skur, k&ouml;rfur og fylgihlutir","publisher":{"@id":"https:\/\/www.frisbigolfbudin.is\/#organization"},"potentialAction":[{"@type":"SearchAction","target":{"@type":"EntryPoint","urlTemplate":"https:\/\/www.frisbigolfbudin.is\/?s={search_term_string}"},"query-input":{"@type":"PropertyValueSpecification","valueRequired":true,"valueName":"search_term_string"}}],"inLanguage":"en-US"},{"@type":"Organization","@id":"https:\/\/www.frisbigolfbudin.is\/#organization","name":"Allt fyrir frisb\u00edgolf \u00ed 20 \u00e1r","url":"https:\/\/www.frisbigolfbudin.is\/","logo":{"@type":"ImageObject","inLanguage":"en-US","@id":"https:\/\/www.frisbigolfbudin.is\/#\/schema\/logo\/image\/","url":"https:\/\/www.frisbigolfbudin.is\/wp-content\/uploads\/2024\/04\/Frisbigolfbudin_logo_300x107.png","contentUrl":"https:\/\/www.frisbigolfbudin.is\/wp-content\/uploads\/2024\/04\/Frisbigolfbudin_logo_300x107.png","width":300,"height":107,"caption":"Allt fyrir frisb\u00edgolf \u00ed 20 \u00e1r"},"image":{"@id":"https:\/\/www.frisbigolfbudin.is\/#\/schema\/logo\/image\/"},"sameAs":["https:\/\/www.facebook.com\/Frisbigolfbudin.is"]}]}},"_links":{"self":[{"href":"https:\/\/www.frisbigolfbudin.is\/en\/wp-json\/wp\/v2\/product\/24675","targetHints":{"allow":["GET"]}}],"collection":[{"href":"https:\/\/www.frisbigolfbudin.is\/en\/wp-json\/wp\/v2\/product"}],"about":[{"href":"https:\/\/www.frisbigolfbudin.is\/en\/wp-json\/wp\/v2\/types\/product"}],"wp:featuredmedia":[{"embeddable":true,"href":"https:\/\/www.frisbigolfbudin.is\/en\/wp-json\/wp\/v2\/media\/26312"}],"wp:attachment":[{"href":"https:\/\/www.frisbigolfbudin.is\/en\/wp-json\/wp\/v2\/media?parent=24675"}],"wp:term":[{"taxonomy":"product_brand","embeddable":true,"href":"https:\/\/www.frisbigolfbudin.is\/en\/wp-json\/wp\/v2\/product_brand?post=24675"},{"taxonomy":"product_cat","embeddable":true,"href":"https:\/\/www.frisbigolfbudin.is\/en\/wp-json\/wp\/v2\/product_cat?post=24675"},{"taxonomy":"product_tag","embeddable":true,"href":"https:\/\/www.frisbigolfbudin.is\/en\/wp-json\/wp\/v2\/product_tag?post=24675"}],"curies":[{"name":"wp","href":"https:\/\/api.w.org\/{rel}","templated":true}]}}