{"id":25309,"date":"2024-07-22T16:24:35","date_gmt":"2024-07-22T16:24:35","guid":{"rendered":"https:\/\/www.frisbigolfbudin.is\/?post_type=product&#038;p=25309"},"modified":"2024-12-08T00:03:14","modified_gmt":"2024-12-08T00:03:14","slug":"fd-s-line-plast","status":"publish","type":"product","link":"https:\/\/www.frisbigolfbudin.is\/en\/product\/fd-s-line-plast\/","title":{"rendered":"FD &#8211; S-Line plast"},"content":{"rendered":"<p>Discmania fairway driver \u2013 S-Line plastic<\/p>\n<p>Speed: 7<br \/>\nGlide: 6<br \/>\nTurn: 0<br \/>\nFade: 1<\/p>\n<p>FD is Discmania&#8217;s most popular fairway driver &#8211; straight-to-understable flight path combined with high glide and controllability, the FD has a place in everyone\u2019s bag. Beginners will appreciate the FD\u2019s straight flight path and dependability off the tee, whereas more experienced players will enjoy FD\u2019s on hyzer flips and long anhyzers. Don\u2019t let the speed rating fool you, the FD glides surprisingly far!<\/p>\n<p>And here is what does Discmania say about their new reinvented S-Line plastic:<\/p>\n<p>New Discmania S-line \u2013 our 5-star blend<br \/>\n\u2013 Exceptional Feel \u2013 When you grab a new S-Line disc the first time, you feel it. You feel the quality and consistency. You feel the superior grip. You feel the confidence to make your next shot.<\/p>\n<p>\u2013 Superior grip \u2013 The new S-Line is our highest-quality blend and It offers a soft and silky grip and resiliency. This is the result of our special manufacturing process. This grip helps you to control your disc better; a grip that you won\u2019t lose in wet or cold conditions.<\/p>\n<p>\u2013 Remarkable glide \u2013 New S-Line offers straighter and less over stable flight compared to our new C-line. This is perfect for players who want to get longer glide out of their shot.<\/p>\n<p>\u2013 Great durability \u2013 The new S-Line is a blend that offers outstanding durability\u00a0which will allow you\u00a0to enjoy your favorite disc longer. S-Line durability rivals any other premium disc durability on the market.<\/p>\n<p>\u2013 High-quality finish \u2013 One thing we are very proud on this new S-Line is the overall quality and finish of the discs. With our special automated trimming process, we are able to create a consistent and high-quality finish on all our Premium level discs.<\/p>\n","protected":false},"excerpt":{"rendered":"<p>Discmania fairway driver \u2013 S-Line plastic<\/p>\n<p>7 | 6 | 0 | 1<\/p>\n<p>Litir geta veri\u00f0 \u00f6\u00f0ruv\u00edsi en \u00e1 mynd \u2013 ef \u00f3ska\u00f0 er eftir \u00e1kve\u00f0num lit og\/<span id=\"ms-outlook-android-cursor\"><\/span>e\u00f0a \u00feyngd skal skr\u00e1 \u00fea\u00f0 \u00ed athugasemdaglugga \u00ed p\u00f6ntun.<\/p>\n","protected":false},"featured_media":25495,"template":"","meta":[],"product_brand":[],"product_cat":[375,380,368],"product_tag":[],"class_list":{"0":"post-25309","1":"product","2":"type-product","3":"status-publish","4":"has-post-thumbnail","6":"product_cat-3-stuttir-driverar","7":"product_cat-discmania","8":"product_cat-diskar","10":"first","11":"instock","12":"taxable","13":"shipping-taxable","14":"purchasable","15":"product-type-simple"},"yoast_head":"<!-- This site is optimized with the Yoast SEO plugin v27.4 - https:\/\/yoast.com\/product\/yoast-seo-wordpress\/ -->\n<title>FD - S-Line plast - Frisb&iacute;golfb&uacute;&eth;in &iacute; 20 &aacute;r<\/title>\n<meta name=\"robots\" content=\"index, follow, max-snippet:-1, max-image-preview:large, max-video-preview:-1\" \/>\n<link rel=\"canonical\" href=\"https:\/\/www.frisbigolfbudin.is\/vara\/fd-s-line-plast\/\" \/>\n<meta property=\"og:locale\" content=\"en_US\" \/>\n<meta property=\"og:type\" content=\"article\" \/>\n<meta property=\"og:title\" content=\"FD - S-Line plast - Frisb&iacute;golfb&uacute;&eth;in &iacute; 20 &aacute;r\" \/>\n<meta property=\"og:description\" content=\"Discmania fairway driver \u2013 S-Line plastic  7 | 6 | 0 | 1  Litir geta veri\u00f0 \u00f6\u00f0ruv\u00edsi en \u00e1 mynd \u2013 ef \u00f3ska\u00f0 er eftir \u00e1kve\u00f0num lit og\/e\u00f0a \u00feyngd skal skr\u00e1 \u00fea\u00f0 \u00ed athugasemdaglugga \u00ed p\u00f6ntun.\" \/>\n<meta property=\"og:url\" content=\"https:\/\/www.frisbigolfbudin.is\/vara\/fd-s-line-plast\/\" \/>\n<meta property=\"og:site_name\" content=\"Frisb&iacute;golfb&uacute;&eth;in &iacute; 20 &aacute;r\" \/>\n<meta property=\"article:publisher\" content=\"https:\/\/www.facebook.com\/Frisbigolfbudin.is\" \/>\n<meta property=\"article:modified_time\" content=\"2024-12-08T00:03:14+00:00\" \/>\n<meta property=\"og:image\" content=\"https:\/\/www.frisbigolfbudin.is\/wp-content\/uploads\/2024\/07\/FD_blue.jpg\" \/>\n\t<meta property=\"og:image:width\" content=\"700\" \/>\n\t<meta property=\"og:image:height\" content=\"700\" \/>\n\t<meta property=\"og:image:type\" content=\"image\/jpeg\" \/>\n<meta name=\"twitter:card\" content=\"summary_large_image\" \/>\n<meta name=\"twitter:label1\" content=\"Est. reading time\" \/>\n\t<meta name=\"twitter:data1\" content=\"2 minutes\" \/>\n<script type=\"application\/ld+json\" class=\"yoast-schema-graph\">{\"@context\":\"https:\\\/\\\/schema.org\",\"@graph\":[{\"@type\":\"WebPage\",\"@id\":\"https:\\\/\\\/www.frisbigolfbudin.is\\\/vara\\\/fd-s-line-plast\\\/\",\"url\":\"https:\\\/\\\/www.frisbigolfbudin.is\\\/vara\\\/fd-s-line-plast\\\/\",\"name\":\"FD - S-Line plast - Frisb&iacute;golfb&uacute;&eth;in &iacute; 20 &aacute;r\",\"isPartOf\":{\"@id\":\"https:\\\/\\\/www.frisbigolfbudin.is\\\/#website\"},\"primaryImageOfPage\":{\"@id\":\"https:\\\/\\\/www.frisbigolfbudin.is\\\/vara\\\/fd-s-line-plast\\\/#primaryimage\"},\"image\":{\"@id\":\"https:\\\/\\\/www.frisbigolfbudin.is\\\/vara\\\/fd-s-line-plast\\\/#primaryimage\"},\"thumbnailUrl\":\"https:\\\/\\\/www.frisbigolfbudin.is\\\/wp-content\\\/uploads\\\/2024\\\/07\\\/FD_blue.jpg\",\"datePublished\":\"2024-07-22T16:24:35+00:00\",\"dateModified\":\"2024-12-08T00:03:14+00:00\",\"breadcrumb\":{\"@id\":\"https:\\\/\\\/www.frisbigolfbudin.is\\\/vara\\\/fd-s-line-plast\\\/#breadcrumb\"},\"inLanguage\":\"en-US\",\"potentialAction\":[{\"@type\":\"ReadAction\",\"target\":[\"https:\\\/\\\/www.frisbigolfbudin.is\\\/vara\\\/fd-s-line-plast\\\/\"]}]},{\"@type\":\"ImageObject\",\"inLanguage\":\"en-US\",\"@id\":\"https:\\\/\\\/www.frisbigolfbudin.is\\\/vara\\\/fd-s-line-plast\\\/#primaryimage\",\"url\":\"https:\\\/\\\/www.frisbigolfbudin.is\\\/wp-content\\\/uploads\\\/2024\\\/07\\\/FD_blue.jpg\",\"contentUrl\":\"https:\\\/\\\/www.frisbigolfbudin.is\\\/wp-content\\\/uploads\\\/2024\\\/07\\\/FD_blue.jpg\",\"width\":700,\"height\":700},{\"@type\":\"BreadcrumbList\",\"@id\":\"https:\\\/\\\/www.frisbigolfbudin.is\\\/vara\\\/fd-s-line-plast\\\/#breadcrumb\",\"itemListElement\":[{\"@type\":\"ListItem\",\"position\":1,\"name\":\"Home\",\"item\":\"https:\\\/\\\/www.frisbigolfbudin.is\\\/\"},{\"@type\":\"ListItem\",\"position\":2,\"name\":\"Shop\",\"item\":\"https:\\\/\\\/vorulagerinn.is\\\/frisbigolfbudin\\\/en\\\/shop\\\/\"},{\"@type\":\"ListItem\",\"position\":3,\"name\":\"FD &#8211; S-Line plast\"}]},{\"@type\":\"WebSite\",\"@id\":\"https:\\\/\\\/www.frisbigolfbudin.is\\\/#website\",\"url\":\"https:\\\/\\\/www.frisbigolfbudin.is\\\/\",\"name\":\"Frisb\u00edgolfb\u00fa\u00f0in\",\"description\":\"Allt fyrir frisb&iacute;golf. Diskar, t&ouml;skur, k&ouml;rfur og fylgihlutir\",\"publisher\":{\"@id\":\"https:\\\/\\\/www.frisbigolfbudin.is\\\/#organization\"},\"potentialAction\":[{\"@type\":\"SearchAction\",\"target\":{\"@type\":\"EntryPoint\",\"urlTemplate\":\"https:\\\/\\\/www.frisbigolfbudin.is\\\/?s={search_term_string}\"},\"query-input\":{\"@type\":\"PropertyValueSpecification\",\"valueRequired\":true,\"valueName\":\"search_term_string\"}}],\"inLanguage\":\"en-US\"},{\"@type\":\"Organization\",\"@id\":\"https:\\\/\\\/www.frisbigolfbudin.is\\\/#organization\",\"name\":\"Allt fyrir frisb\u00edgolf \u00ed 20 \u00e1r\",\"url\":\"https:\\\/\\\/www.frisbigolfbudin.is\\\/\",\"logo\":{\"@type\":\"ImageObject\",\"inLanguage\":\"en-US\",\"@id\":\"https:\\\/\\\/www.frisbigolfbudin.is\\\/#\\\/schema\\\/logo\\\/image\\\/\",\"url\":\"https:\\\/\\\/www.frisbigolfbudin.is\\\/wp-content\\\/uploads\\\/2024\\\/04\\\/Frisbigolfbudin_logo_300x107.png\",\"contentUrl\":\"https:\\\/\\\/www.frisbigolfbudin.is\\\/wp-content\\\/uploads\\\/2024\\\/04\\\/Frisbigolfbudin_logo_300x107.png\",\"width\":300,\"height\":107,\"caption\":\"Allt fyrir frisb\u00edgolf \u00ed 20 \u00e1r\"},\"image\":{\"@id\":\"https:\\\/\\\/www.frisbigolfbudin.is\\\/#\\\/schema\\\/logo\\\/image\\\/\"},\"sameAs\":[\"https:\\\/\\\/www.facebook.com\\\/Frisbigolfbudin.is\"]}]}<\/script>\n<!-- \/ Yoast SEO plugin. -->","yoast_head_json":{"title":"FD - S-Line plast - Frisb&iacute;golfb&uacute;&eth;in &iacute; 20 &aacute;r","robots":{"index":"index","follow":"follow","max-snippet":"max-snippet:-1","max-image-preview":"max-image-preview:large","max-video-preview":"max-video-preview:-1"},"canonical":"https:\/\/www.frisbigolfbudin.is\/vara\/fd-s-line-plast\/","og_locale":"en_US","og_type":"article","og_title":"FD - S-Line plast - Frisb&iacute;golfb&uacute;&eth;in &iacute; 20 &aacute;r","og_description":"Discmania fairway driver \u2013 S-Line plastic  7 | 6 | 0 | 1  Litir geta veri\u00f0 \u00f6\u00f0ruv\u00edsi en \u00e1 mynd \u2013 ef \u00f3ska\u00f0 er eftir \u00e1kve\u00f0num lit og\/e\u00f0a \u00feyngd skal skr\u00e1 \u00fea\u00f0 \u00ed athugasemdaglugga \u00ed p\u00f6ntun.","og_url":"https:\/\/www.frisbigolfbudin.is\/vara\/fd-s-line-plast\/","og_site_name":"Frisb&iacute;golfb&uacute;&eth;in &iacute; 20 &aacute;r","article_publisher":"https:\/\/www.facebook.com\/Frisbigolfbudin.is","article_modified_time":"2024-12-08T00:03:14+00:00","og_image":[{"width":700,"height":700,"url":"https:\/\/www.frisbigolfbudin.is\/wp-content\/uploads\/2024\/07\/FD_blue.jpg","type":"image\/jpeg"}],"twitter_card":"summary_large_image","twitter_misc":{"Est. reading time":"2 minutes"},"schema":{"@context":"https:\/\/schema.org","@graph":[{"@type":"WebPage","@id":"https:\/\/www.frisbigolfbudin.is\/vara\/fd-s-line-plast\/","url":"https:\/\/www.frisbigolfbudin.is\/vara\/fd-s-line-plast\/","name":"FD - S-Line plast - Frisb&iacute;golfb&uacute;&eth;in &iacute; 20 &aacute;r","isPartOf":{"@id":"https:\/\/www.frisbigolfbudin.is\/#website"},"primaryImageOfPage":{"@id":"https:\/\/www.frisbigolfbudin.is\/vara\/fd-s-line-plast\/#primaryimage"},"image":{"@id":"https:\/\/www.frisbigolfbudin.is\/vara\/fd-s-line-plast\/#primaryimage"},"thumbnailUrl":"https:\/\/www.frisbigolfbudin.is\/wp-content\/uploads\/2024\/07\/FD_blue.jpg","datePublished":"2024-07-22T16:24:35+00:00","dateModified":"2024-12-08T00:03:14+00:00","breadcrumb":{"@id":"https:\/\/www.frisbigolfbudin.is\/vara\/fd-s-line-plast\/#breadcrumb"},"inLanguage":"en-US","potentialAction":[{"@type":"ReadAction","target":["https:\/\/www.frisbigolfbudin.is\/vara\/fd-s-line-plast\/"]}]},{"@type":"ImageObject","inLanguage":"en-US","@id":"https:\/\/www.frisbigolfbudin.is\/vara\/fd-s-line-plast\/#primaryimage","url":"https:\/\/www.frisbigolfbudin.is\/wp-content\/uploads\/2024\/07\/FD_blue.jpg","contentUrl":"https:\/\/www.frisbigolfbudin.is\/wp-content\/uploads\/2024\/07\/FD_blue.jpg","width":700,"height":700},{"@type":"BreadcrumbList","@id":"https:\/\/www.frisbigolfbudin.is\/vara\/fd-s-line-plast\/#breadcrumb","itemListElement":[{"@type":"ListItem","position":1,"name":"Home","item":"https:\/\/www.frisbigolfbudin.is\/"},{"@type":"ListItem","position":2,"name":"Shop","item":"https:\/\/vorulagerinn.is\/frisbigolfbudin\/en\/shop\/"},{"@type":"ListItem","position":3,"name":"FD &#8211; S-Line plast"}]},{"@type":"WebSite","@id":"https:\/\/www.frisbigolfbudin.is\/#website","url":"https:\/\/www.frisbigolfbudin.is\/","name":"Frisb\u00edgolfb\u00fa\u00f0in","description":"Allt fyrir frisb&iacute;golf. Diskar, t&ouml;skur, k&ouml;rfur og fylgihlutir","publisher":{"@id":"https:\/\/www.frisbigolfbudin.is\/#organization"},"potentialAction":[{"@type":"SearchAction","target":{"@type":"EntryPoint","urlTemplate":"https:\/\/www.frisbigolfbudin.is\/?s={search_term_string}"},"query-input":{"@type":"PropertyValueSpecification","valueRequired":true,"valueName":"search_term_string"}}],"inLanguage":"en-US"},{"@type":"Organization","@id":"https:\/\/www.frisbigolfbudin.is\/#organization","name":"Allt fyrir frisb\u00edgolf \u00ed 20 \u00e1r","url":"https:\/\/www.frisbigolfbudin.is\/","logo":{"@type":"ImageObject","inLanguage":"en-US","@id":"https:\/\/www.frisbigolfbudin.is\/#\/schema\/logo\/image\/","url":"https:\/\/www.frisbigolfbudin.is\/wp-content\/uploads\/2024\/04\/Frisbigolfbudin_logo_300x107.png","contentUrl":"https:\/\/www.frisbigolfbudin.is\/wp-content\/uploads\/2024\/04\/Frisbigolfbudin_logo_300x107.png","width":300,"height":107,"caption":"Allt fyrir frisb\u00edgolf \u00ed 20 \u00e1r"},"image":{"@id":"https:\/\/www.frisbigolfbudin.is\/#\/schema\/logo\/image\/"},"sameAs":["https:\/\/www.facebook.com\/Frisbigolfbudin.is"]}]}},"_links":{"self":[{"href":"https:\/\/www.frisbigolfbudin.is\/en\/wp-json\/wp\/v2\/product\/25309","targetHints":{"allow":["GET"]}}],"collection":[{"href":"https:\/\/www.frisbigolfbudin.is\/en\/wp-json\/wp\/v2\/product"}],"about":[{"href":"https:\/\/www.frisbigolfbudin.is\/en\/wp-json\/wp\/v2\/types\/product"}],"wp:featuredmedia":[{"embeddable":true,"href":"https:\/\/www.frisbigolfbudin.is\/en\/wp-json\/wp\/v2\/media\/25495"}],"wp:attachment":[{"href":"https:\/\/www.frisbigolfbudin.is\/en\/wp-json\/wp\/v2\/media?parent=25309"}],"wp:term":[{"taxonomy":"product_brand","embeddable":true,"href":"https:\/\/www.frisbigolfbudin.is\/en\/wp-json\/wp\/v2\/product_brand?post=25309"},{"taxonomy":"product_cat","embeddable":true,"href":"https:\/\/www.frisbigolfbudin.is\/en\/wp-json\/wp\/v2\/product_cat?post=25309"},{"taxonomy":"product_tag","embeddable":true,"href":"https:\/\/www.frisbigolfbudin.is\/en\/wp-json\/wp\/v2\/product_tag?post=25309"}],"curies":[{"name":"wp","href":"https:\/\/api.w.org\/{rel}","templated":true}]}}