{"id":25719,"date":"2024-07-22T16:28:06","date_gmt":"2024-07-22T16:28:06","guid":{"rendered":"https:\/\/www.frisbigolfbudin.is\/?post_type=product&#038;p=25719"},"modified":"2026-04-11T15:28:29","modified_gmt":"2026-04-11T15:28:29","slug":"nordic-phenom-2-niklas-anttila-signature-series-horizon-s-line-pd","status":"publish","type":"product","link":"https:\/\/www.frisbigolfbudin.is\/en\/product\/nordic-phenom-2-niklas-anttila-signature-series-horizon-s-line-pd\/","title":{"rendered":"NORDIC PHENOM 2 &#8211; NIKLAS ANTTILA SIGNATURE SERIES HORIZON S-LINE PD"},"content":{"rendered":"<p>Discmania distance driver \u2013 Niklas Anttila Signature Series Horizon S-line plastic<\/p>\n<p>Speed: 10<br \/>\nGlide: 4<br \/>\nTurn: 0<br \/>\nFade: 3<\/p>\n<p>The PD is a power driver, designed to offer control and a reliable flight path in all conditions. It\u2019s a great all-around driver for more advanced players. Newer players will also find use for the PD as a trusty overstable disc for headwind throws and flex shots. The PD is a good choice for both backhand and forehand throws when extra accuracy is called for!<\/p>\n<p>And here is what does Discmania say about new Phenom release:<\/p>\n<p>The Phenom strikes for a second time with Niklas Anttila\u2019s second version of his famous PD, the Nordic Phenom 2. We&#8217;ve adjusted the flight of the disc just a bit to give it a slightly straighter flight path with the slightly more domey profile and excellent glide PD lovers enjoy most. We\u2019ve thoughtfully executed another nod to Niklas\u2019 Finnish roots with another rendition of his famous fateful Lynx design. The Puijo tower, the landmark of Nikke\u2019s hometown that sits on top of a world-famed ski jumping hill, is featured in the artwork as well.<\/p>\n<p><strong>About Horizon plastic:<\/strong> Horizon plastic is an S-Line combo containing two strikingly different color variations. Our experts behind the machines have taken careful measures to make sure each interior and exterior colorway perfectly matches and the artwork to go with it is the cherry on top.<\/p>\n","protected":false},"excerpt":{"rendered":"<p>NORDIC PHENOM 2 &#8211; NIKLAS ANTTILA SIGNATURE SERIES HORIZON S-LINE PD<\/p>\n<p>10 | 4 | 0 | 3<\/p>\n<p>Litir geta veri\u00f0 \u00f6\u00f0ruv\u00edsi en \u00e1 mynd \u2013 ef \u00f3ska\u00f0 er eftir \u00e1kve\u00f0num lit og\/<span id=\"ms-outlook-android-cursor\"><\/span>e\u00f0a \u00feyngd skal skr\u00e1 \u00fea\u00f0 \u00ed athugasemdaglugga \u00ed p\u00f6ntun.<\/p>\n","protected":false},"featured_media":25903,"template":"","meta":[],"product_brand":[],"product_cat":[372,376,380,368],"product_tag":[],"class_list":{"0":"post-25719","1":"product","2":"type-product","3":"status-publish","4":"has-post-thumbnail","6":"product_cat-4-langir-driverar","7":"product_cat-5-limited-signature-diskar","8":"product_cat-discmania","9":"product_cat-diskar","11":"first","12":"outofstock","13":"taxable","14":"shipping-taxable","15":"purchasable","16":"product-type-simple"},"yoast_head":"<!-- This site is optimized with the Yoast SEO plugin v27.4 - https:\/\/yoast.com\/product\/yoast-seo-wordpress\/ -->\n<title>NORDIC PHENOM 2 - NIKLAS ANTTILA SIGNATURE SERIES HORIZON S-LINE PD - Frisb&iacute;golfb&uacute;&eth;in &iacute; 20 &aacute;r<\/title>\n<meta name=\"robots\" content=\"index, follow, max-snippet:-1, max-image-preview:large, max-video-preview:-1\" \/>\n<link rel=\"canonical\" href=\"https:\/\/www.frisbigolfbudin.is\/vara\/nordic-phenom-2-niklas-anttila-signature-series-horizon-s-line-pd\/\" \/>\n<meta property=\"og:locale\" content=\"en_US\" \/>\n<meta property=\"og:type\" content=\"article\" \/>\n<meta property=\"og:title\" content=\"NORDIC PHENOM 2 - NIKLAS ANTTILA SIGNATURE SERIES HORIZON S-LINE PD - Frisb&iacute;golfb&uacute;&eth;in &iacute; 20 &aacute;r\" \/>\n<meta property=\"og:description\" content=\"NORDIC PHENOM 2 - NIKLAS ANTTILA SIGNATURE SERIES HORIZON S-LINE PD  10 | 4 | 0 | 3  Litir geta veri\u00f0 \u00f6\u00f0ruv\u00edsi en \u00e1 mynd \u2013 ef \u00f3ska\u00f0 er eftir \u00e1kve\u00f0num lit og\/e\u00f0a \u00feyngd skal skr\u00e1 \u00fea\u00f0 \u00ed athugasemdaglugga \u00ed p\u00f6ntun.\" \/>\n<meta property=\"og:url\" content=\"https:\/\/www.frisbigolfbudin.is\/vara\/nordic-phenom-2-niklas-anttila-signature-series-horizon-s-line-pd\/\" \/>\n<meta property=\"og:site_name\" content=\"Frisb&iacute;golfb&uacute;&eth;in &iacute; 20 &aacute;r\" \/>\n<meta property=\"article:publisher\" content=\"https:\/\/www.facebook.com\/Frisbigolfbudin.is\" \/>\n<meta property=\"article:modified_time\" content=\"2026-04-11T15:28:29+00:00\" \/>\n<meta property=\"og:image\" content=\"https:\/\/www.frisbigolfbudin.is\/wp-content\/uploads\/2024\/07\/NordicPhenom2_front.jpg\" \/>\n\t<meta property=\"og:image:width\" content=\"700\" \/>\n\t<meta property=\"og:image:height\" content=\"700\" \/>\n\t<meta property=\"og:image:type\" content=\"image\/jpeg\" \/>\n<meta name=\"twitter:card\" content=\"summary_large_image\" \/>\n<meta name=\"twitter:label1\" content=\"Est. reading time\" \/>\n\t<meta name=\"twitter:data1\" content=\"2 minutes\" \/>\n<script type=\"application\/ld+json\" class=\"yoast-schema-graph\">{\"@context\":\"https:\\\/\\\/schema.org\",\"@graph\":[{\"@type\":\"WebPage\",\"@id\":\"https:\\\/\\\/www.frisbigolfbudin.is\\\/vara\\\/nordic-phenom-2-niklas-anttila-signature-series-horizon-s-line-pd\\\/\",\"url\":\"https:\\\/\\\/www.frisbigolfbudin.is\\\/vara\\\/nordic-phenom-2-niklas-anttila-signature-series-horizon-s-line-pd\\\/\",\"name\":\"NORDIC PHENOM 2 - NIKLAS ANTTILA SIGNATURE SERIES HORIZON S-LINE PD - Frisb&iacute;golfb&uacute;&eth;in &iacute; 20 &aacute;r\",\"isPartOf\":{\"@id\":\"https:\\\/\\\/www.frisbigolfbudin.is\\\/#website\"},\"primaryImageOfPage\":{\"@id\":\"https:\\\/\\\/www.frisbigolfbudin.is\\\/vara\\\/nordic-phenom-2-niklas-anttila-signature-series-horizon-s-line-pd\\\/#primaryimage\"},\"image\":{\"@id\":\"https:\\\/\\\/www.frisbigolfbudin.is\\\/vara\\\/nordic-phenom-2-niklas-anttila-signature-series-horizon-s-line-pd\\\/#primaryimage\"},\"thumbnailUrl\":\"https:\\\/\\\/www.frisbigolfbudin.is\\\/wp-content\\\/uploads\\\/2024\\\/07\\\/NordicPhenom2_front.jpg\",\"datePublished\":\"2024-07-22T16:28:06+00:00\",\"dateModified\":\"2026-04-11T15:28:29+00:00\",\"breadcrumb\":{\"@id\":\"https:\\\/\\\/www.frisbigolfbudin.is\\\/vara\\\/nordic-phenom-2-niklas-anttila-signature-series-horizon-s-line-pd\\\/#breadcrumb\"},\"inLanguage\":\"en-US\",\"potentialAction\":[{\"@type\":\"ReadAction\",\"target\":[\"https:\\\/\\\/www.frisbigolfbudin.is\\\/vara\\\/nordic-phenom-2-niklas-anttila-signature-series-horizon-s-line-pd\\\/\"]}]},{\"@type\":\"ImageObject\",\"inLanguage\":\"en-US\",\"@id\":\"https:\\\/\\\/www.frisbigolfbudin.is\\\/vara\\\/nordic-phenom-2-niklas-anttila-signature-series-horizon-s-line-pd\\\/#primaryimage\",\"url\":\"https:\\\/\\\/www.frisbigolfbudin.is\\\/wp-content\\\/uploads\\\/2024\\\/07\\\/NordicPhenom2_front.jpg\",\"contentUrl\":\"https:\\\/\\\/www.frisbigolfbudin.is\\\/wp-content\\\/uploads\\\/2024\\\/07\\\/NordicPhenom2_front.jpg\",\"width\":700,\"height\":700},{\"@type\":\"BreadcrumbList\",\"@id\":\"https:\\\/\\\/www.frisbigolfbudin.is\\\/vara\\\/nordic-phenom-2-niklas-anttila-signature-series-horizon-s-line-pd\\\/#breadcrumb\",\"itemListElement\":[{\"@type\":\"ListItem\",\"position\":1,\"name\":\"Home\",\"item\":\"https:\\\/\\\/www.frisbigolfbudin.is\\\/\"},{\"@type\":\"ListItem\",\"position\":2,\"name\":\"Shop\",\"item\":\"https:\\\/\\\/vorulagerinn.is\\\/frisbigolfbudin\\\/en\\\/shop\\\/\"},{\"@type\":\"ListItem\",\"position\":3,\"name\":\"NORDIC PHENOM 2 &#8211; NIKLAS ANTTILA SIGNATURE SERIES HORIZON S-LINE PD\"}]},{\"@type\":\"WebSite\",\"@id\":\"https:\\\/\\\/www.frisbigolfbudin.is\\\/#website\",\"url\":\"https:\\\/\\\/www.frisbigolfbudin.is\\\/\",\"name\":\"Frisb\u00edgolfb\u00fa\u00f0in\",\"description\":\"Allt fyrir frisb&iacute;golf. Diskar, t&ouml;skur, k&ouml;rfur og fylgihlutir\",\"publisher\":{\"@id\":\"https:\\\/\\\/www.frisbigolfbudin.is\\\/#organization\"},\"potentialAction\":[{\"@type\":\"SearchAction\",\"target\":{\"@type\":\"EntryPoint\",\"urlTemplate\":\"https:\\\/\\\/www.frisbigolfbudin.is\\\/?s={search_term_string}\"},\"query-input\":{\"@type\":\"PropertyValueSpecification\",\"valueRequired\":true,\"valueName\":\"search_term_string\"}}],\"inLanguage\":\"en-US\"},{\"@type\":\"Organization\",\"@id\":\"https:\\\/\\\/www.frisbigolfbudin.is\\\/#organization\",\"name\":\"Allt fyrir frisb\u00edgolf \u00ed 20 \u00e1r\",\"url\":\"https:\\\/\\\/www.frisbigolfbudin.is\\\/\",\"logo\":{\"@type\":\"ImageObject\",\"inLanguage\":\"en-US\",\"@id\":\"https:\\\/\\\/www.frisbigolfbudin.is\\\/#\\\/schema\\\/logo\\\/image\\\/\",\"url\":\"https:\\\/\\\/www.frisbigolfbudin.is\\\/wp-content\\\/uploads\\\/2024\\\/04\\\/Frisbigolfbudin_logo_300x107.png\",\"contentUrl\":\"https:\\\/\\\/www.frisbigolfbudin.is\\\/wp-content\\\/uploads\\\/2024\\\/04\\\/Frisbigolfbudin_logo_300x107.png\",\"width\":300,\"height\":107,\"caption\":\"Allt fyrir frisb\u00edgolf \u00ed 20 \u00e1r\"},\"image\":{\"@id\":\"https:\\\/\\\/www.frisbigolfbudin.is\\\/#\\\/schema\\\/logo\\\/image\\\/\"},\"sameAs\":[\"https:\\\/\\\/www.facebook.com\\\/Frisbigolfbudin.is\"]}]}<\/script>\n<!-- \/ Yoast SEO plugin. -->","yoast_head_json":{"title":"NORDIC PHENOM 2 - NIKLAS ANTTILA SIGNATURE SERIES HORIZON S-LINE PD - Frisb&iacute;golfb&uacute;&eth;in &iacute; 20 &aacute;r","robots":{"index":"index","follow":"follow","max-snippet":"max-snippet:-1","max-image-preview":"max-image-preview:large","max-video-preview":"max-video-preview:-1"},"canonical":"https:\/\/www.frisbigolfbudin.is\/vara\/nordic-phenom-2-niklas-anttila-signature-series-horizon-s-line-pd\/","og_locale":"en_US","og_type":"article","og_title":"NORDIC PHENOM 2 - NIKLAS ANTTILA SIGNATURE SERIES HORIZON S-LINE PD - Frisb&iacute;golfb&uacute;&eth;in &iacute; 20 &aacute;r","og_description":"NORDIC PHENOM 2 - NIKLAS ANTTILA SIGNATURE SERIES HORIZON S-LINE PD  10 | 4 | 0 | 3  Litir geta veri\u00f0 \u00f6\u00f0ruv\u00edsi en \u00e1 mynd \u2013 ef \u00f3ska\u00f0 er eftir \u00e1kve\u00f0num lit og\/e\u00f0a \u00feyngd skal skr\u00e1 \u00fea\u00f0 \u00ed athugasemdaglugga \u00ed p\u00f6ntun.","og_url":"https:\/\/www.frisbigolfbudin.is\/vara\/nordic-phenom-2-niklas-anttila-signature-series-horizon-s-line-pd\/","og_site_name":"Frisb&iacute;golfb&uacute;&eth;in &iacute; 20 &aacute;r","article_publisher":"https:\/\/www.facebook.com\/Frisbigolfbudin.is","article_modified_time":"2026-04-11T15:28:29+00:00","og_image":[{"width":700,"height":700,"url":"https:\/\/www.frisbigolfbudin.is\/wp-content\/uploads\/2024\/07\/NordicPhenom2_front.jpg","type":"image\/jpeg"}],"twitter_card":"summary_large_image","twitter_misc":{"Est. reading time":"2 minutes"},"schema":{"@context":"https:\/\/schema.org","@graph":[{"@type":"WebPage","@id":"https:\/\/www.frisbigolfbudin.is\/vara\/nordic-phenom-2-niklas-anttila-signature-series-horizon-s-line-pd\/","url":"https:\/\/www.frisbigolfbudin.is\/vara\/nordic-phenom-2-niklas-anttila-signature-series-horizon-s-line-pd\/","name":"NORDIC PHENOM 2 - NIKLAS ANTTILA SIGNATURE SERIES HORIZON S-LINE PD - Frisb&iacute;golfb&uacute;&eth;in &iacute; 20 &aacute;r","isPartOf":{"@id":"https:\/\/www.frisbigolfbudin.is\/#website"},"primaryImageOfPage":{"@id":"https:\/\/www.frisbigolfbudin.is\/vara\/nordic-phenom-2-niklas-anttila-signature-series-horizon-s-line-pd\/#primaryimage"},"image":{"@id":"https:\/\/www.frisbigolfbudin.is\/vara\/nordic-phenom-2-niklas-anttila-signature-series-horizon-s-line-pd\/#primaryimage"},"thumbnailUrl":"https:\/\/www.frisbigolfbudin.is\/wp-content\/uploads\/2024\/07\/NordicPhenom2_front.jpg","datePublished":"2024-07-22T16:28:06+00:00","dateModified":"2026-04-11T15:28:29+00:00","breadcrumb":{"@id":"https:\/\/www.frisbigolfbudin.is\/vara\/nordic-phenom-2-niklas-anttila-signature-series-horizon-s-line-pd\/#breadcrumb"},"inLanguage":"en-US","potentialAction":[{"@type":"ReadAction","target":["https:\/\/www.frisbigolfbudin.is\/vara\/nordic-phenom-2-niklas-anttila-signature-series-horizon-s-line-pd\/"]}]},{"@type":"ImageObject","inLanguage":"en-US","@id":"https:\/\/www.frisbigolfbudin.is\/vara\/nordic-phenom-2-niklas-anttila-signature-series-horizon-s-line-pd\/#primaryimage","url":"https:\/\/www.frisbigolfbudin.is\/wp-content\/uploads\/2024\/07\/NordicPhenom2_front.jpg","contentUrl":"https:\/\/www.frisbigolfbudin.is\/wp-content\/uploads\/2024\/07\/NordicPhenom2_front.jpg","width":700,"height":700},{"@type":"BreadcrumbList","@id":"https:\/\/www.frisbigolfbudin.is\/vara\/nordic-phenom-2-niklas-anttila-signature-series-horizon-s-line-pd\/#breadcrumb","itemListElement":[{"@type":"ListItem","position":1,"name":"Home","item":"https:\/\/www.frisbigolfbudin.is\/"},{"@type":"ListItem","position":2,"name":"Shop","item":"https:\/\/vorulagerinn.is\/frisbigolfbudin\/en\/shop\/"},{"@type":"ListItem","position":3,"name":"NORDIC PHENOM 2 &#8211; NIKLAS ANTTILA SIGNATURE SERIES HORIZON S-LINE PD"}]},{"@type":"WebSite","@id":"https:\/\/www.frisbigolfbudin.is\/#website","url":"https:\/\/www.frisbigolfbudin.is\/","name":"Frisb\u00edgolfb\u00fa\u00f0in","description":"Allt fyrir frisb&iacute;golf. Diskar, t&ouml;skur, k&ouml;rfur og fylgihlutir","publisher":{"@id":"https:\/\/www.frisbigolfbudin.is\/#organization"},"potentialAction":[{"@type":"SearchAction","target":{"@type":"EntryPoint","urlTemplate":"https:\/\/www.frisbigolfbudin.is\/?s={search_term_string}"},"query-input":{"@type":"PropertyValueSpecification","valueRequired":true,"valueName":"search_term_string"}}],"inLanguage":"en-US"},{"@type":"Organization","@id":"https:\/\/www.frisbigolfbudin.is\/#organization","name":"Allt fyrir frisb\u00edgolf \u00ed 20 \u00e1r","url":"https:\/\/www.frisbigolfbudin.is\/","logo":{"@type":"ImageObject","inLanguage":"en-US","@id":"https:\/\/www.frisbigolfbudin.is\/#\/schema\/logo\/image\/","url":"https:\/\/www.frisbigolfbudin.is\/wp-content\/uploads\/2024\/04\/Frisbigolfbudin_logo_300x107.png","contentUrl":"https:\/\/www.frisbigolfbudin.is\/wp-content\/uploads\/2024\/04\/Frisbigolfbudin_logo_300x107.png","width":300,"height":107,"caption":"Allt fyrir frisb\u00edgolf \u00ed 20 \u00e1r"},"image":{"@id":"https:\/\/www.frisbigolfbudin.is\/#\/schema\/logo\/image\/"},"sameAs":["https:\/\/www.facebook.com\/Frisbigolfbudin.is"]}]}},"_links":{"self":[{"href":"https:\/\/www.frisbigolfbudin.is\/en\/wp-json\/wp\/v2\/product\/25719","targetHints":{"allow":["GET"]}}],"collection":[{"href":"https:\/\/www.frisbigolfbudin.is\/en\/wp-json\/wp\/v2\/product"}],"about":[{"href":"https:\/\/www.frisbigolfbudin.is\/en\/wp-json\/wp\/v2\/types\/product"}],"wp:featuredmedia":[{"embeddable":true,"href":"https:\/\/www.frisbigolfbudin.is\/en\/wp-json\/wp\/v2\/media\/25903"}],"wp:attachment":[{"href":"https:\/\/www.frisbigolfbudin.is\/en\/wp-json\/wp\/v2\/media?parent=25719"}],"wp:term":[{"taxonomy":"product_brand","embeddable":true,"href":"https:\/\/www.frisbigolfbudin.is\/en\/wp-json\/wp\/v2\/product_brand?post=25719"},{"taxonomy":"product_cat","embeddable":true,"href":"https:\/\/www.frisbigolfbudin.is\/en\/wp-json\/wp\/v2\/product_cat?post=25719"},{"taxonomy":"product_tag","embeddable":true,"href":"https:\/\/www.frisbigolfbudin.is\/en\/wp-json\/wp\/v2\/product_tag?post=25719"}],"curies":[{"name":"wp","href":"https:\/\/api.w.org\/{rel}","templated":true}]}}