{"id":26227,"date":"2024-11-20T15:21:41","date_gmt":"2024-11-20T15:21:41","guid":{"rendered":"https:\/\/www.frisbigolfbudin.is\/?post_type=product&#038;p=26227"},"modified":"2025-09-09T17:12:07","modified_gmt":"2025-09-09T17:12:07","slug":"kalkpoki-fra-innova","status":"publish","type":"product","link":"https:\/\/www.frisbigolfbudin.is\/en\/product\/kalkpoki-fra-innova\/","title":{"rendered":"Kalkpoki fr\u00e1 Innova sem heldur h\u00f6ndunum og diskum \u00feurrum fyrir k\u00f6st"},"content":{"rendered":"","protected":false},"excerpt":{"rendered":"<p>Kalkpokinn er nau\u00f0synjavara \u00ed frisb\u00edt\u00f6skuna. Hann heldur h\u00f6ndunum og diskum \u00feurrum svo \u00fe\u00fa hafir gott grip \u00e1 diskum. \u00de\u00fa einfaldlega r\u00fallar pokanum \u00ed h\u00f6ndunum \u00ed nokkrar sekundur e\u00f0a dempa\u00f0u honum yfir diskinn.<\/p>\n<p>Framlei\u00f0andi: Innova<\/p>\n","protected":false},"featured_media":26380,"template":"","meta":[],"product_brand":[],"product_cat":[377,370],"product_tag":[],"class_list":{"0":"post-26227","1":"product","2":"type-product","3":"status-publish","4":"has-post-thumbnail","6":"product_cat-fylgihlutir","7":"product_cat-innova","9":"first","10":"outofstock","11":"taxable","12":"shipping-taxable","13":"purchasable","14":"product-type-variable"},"yoast_head":"<!-- This site is optimized with the Yoast SEO plugin v27.5 - https:\/\/yoast.com\/product\/yoast-seo-wordpress\/ -->\n<title>Kalkpoki fr\u00e1 Innova sem heldur h\u00f6ndunum og diskum \u00feurrum fyrir k\u00f6st<\/title>\n<meta name=\"description\" content=\"Kalkpokinn er nau\u00f0synjavara \u00ed frisb\u00edt\u00f6skuna. Hann heldur h\u00f6ndunum og diskum \u00feurrum fyrir k\u00f6st svo \u00fe\u00fa hafir gott grip \u00e1 diskum. 4 litir \u00ed bo\u00f0i.\" \/>\n<meta name=\"robots\" content=\"index, follow, max-snippet:-1, max-image-preview:large, max-video-preview:-1\" \/>\n<link rel=\"canonical\" href=\"https:\/\/www.frisbigolfbudin.is\/vara\/kalkpoki-fra-innova\/\" \/>\n<meta property=\"og:locale\" content=\"en_US\" \/>\n<meta property=\"og:type\" content=\"article\" \/>\n<meta property=\"og:title\" content=\"Kalkpoki fr\u00e1 Innova sem heldur h\u00f6ndunum og diskum \u00feurrum fyrir k\u00f6st\" \/>\n<meta property=\"og:description\" content=\"Kalkpokinn er nau\u00f0synjavara \u00ed frisb\u00edt\u00f6skuna. Hann heldur h\u00f6ndunum og diskum \u00feurrum fyrir k\u00f6st svo \u00fe\u00fa hafir gott grip \u00e1 diskum. 4 litir \u00ed bo\u00f0i.\" \/>\n<meta property=\"og:url\" content=\"https:\/\/www.frisbigolfbudin.is\/vara\/kalkpoki-fra-innova\/\" \/>\n<meta property=\"og:site_name\" content=\"Frisb&iacute;golfb&uacute;&eth;in &iacute; 20 &aacute;r\" \/>\n<meta property=\"article:publisher\" content=\"https:\/\/www.facebook.com\/Frisbigolfbudin.is\" \/>\n<meta property=\"article:modified_time\" content=\"2025-09-09T17:12:07+00:00\" \/>\n<meta property=\"og:image\" content=\"https:\/\/www.frisbigolfbudin.is\/wp-content\/uploads\/2024\/11\/Kalkpokar.jpg\" \/>\n\t<meta property=\"og:image:width\" content=\"600\" \/>\n\t<meta property=\"og:image:height\" content=\"600\" \/>\n\t<meta property=\"og:image:type\" content=\"image\/jpeg\" \/>\n<meta name=\"twitter:card\" content=\"summary_large_image\" \/>\n<meta name=\"twitter:label1\" content=\"Est. reading time\" \/>\n\t<meta name=\"twitter:data1\" content=\"1 minute\" \/>\n<script type=\"application\/ld+json\" class=\"yoast-schema-graph\">{\"@context\":\"https:\\\/\\\/schema.org\",\"@graph\":[{\"@type\":\"WebPage\",\"@id\":\"https:\\\/\\\/www.frisbigolfbudin.is\\\/vara\\\/kalkpoki-fra-innova\\\/\",\"url\":\"https:\\\/\\\/www.frisbigolfbudin.is\\\/vara\\\/kalkpoki-fra-innova\\\/\",\"name\":\"Kalkpoki fr\u00e1 Innova sem heldur h\u00f6ndunum og diskum \u00feurrum fyrir k\u00f6st\",\"isPartOf\":{\"@id\":\"https:\\\/\\\/www.frisbigolfbudin.is\\\/#website\"},\"primaryImageOfPage\":{\"@id\":\"https:\\\/\\\/www.frisbigolfbudin.is\\\/vara\\\/kalkpoki-fra-innova\\\/#primaryimage\"},\"image\":{\"@id\":\"https:\\\/\\\/www.frisbigolfbudin.is\\\/vara\\\/kalkpoki-fra-innova\\\/#primaryimage\"},\"thumbnailUrl\":\"https:\\\/\\\/www.frisbigolfbudin.is\\\/wp-content\\\/uploads\\\/2024\\\/11\\\/Kalkpokar.jpg\",\"datePublished\":\"2024-11-20T15:21:41+00:00\",\"dateModified\":\"2025-09-09T17:12:07+00:00\",\"description\":\"Kalkpokinn er nau\u00f0synjavara \u00ed frisb\u00edt\u00f6skuna. Hann heldur h\u00f6ndunum og diskum \u00feurrum fyrir k\u00f6st svo \u00fe\u00fa hafir gott grip \u00e1 diskum. 4 litir \u00ed bo\u00f0i.\",\"breadcrumb\":{\"@id\":\"https:\\\/\\\/www.frisbigolfbudin.is\\\/vara\\\/kalkpoki-fra-innova\\\/#breadcrumb\"},\"inLanguage\":\"en-US\",\"potentialAction\":[{\"@type\":\"ReadAction\",\"target\":[\"https:\\\/\\\/www.frisbigolfbudin.is\\\/vara\\\/kalkpoki-fra-innova\\\/\"]}]},{\"@type\":\"ImageObject\",\"inLanguage\":\"en-US\",\"@id\":\"https:\\\/\\\/www.frisbigolfbudin.is\\\/vara\\\/kalkpoki-fra-innova\\\/#primaryimage\",\"url\":\"https:\\\/\\\/www.frisbigolfbudin.is\\\/wp-content\\\/uploads\\\/2024\\\/11\\\/Kalkpokar.jpg\",\"contentUrl\":\"https:\\\/\\\/www.frisbigolfbudin.is\\\/wp-content\\\/uploads\\\/2024\\\/11\\\/Kalkpokar.jpg\",\"width\":600,\"height\":600},{\"@type\":\"BreadcrumbList\",\"@id\":\"https:\\\/\\\/www.frisbigolfbudin.is\\\/vara\\\/kalkpoki-fra-innova\\\/#breadcrumb\",\"itemListElement\":[{\"@type\":\"ListItem\",\"position\":1,\"name\":\"Home\",\"item\":\"https:\\\/\\\/www.frisbigolfbudin.is\\\/\"},{\"@type\":\"ListItem\",\"position\":2,\"name\":\"Shop\",\"item\":\"https:\\\/\\\/vorulagerinn.is\\\/frisbigolfbudin\\\/en\\\/shop\\\/\"},{\"@type\":\"ListItem\",\"position\":3,\"name\":\"Kalkpoki fr\u00e1 Innova sem heldur h\u00f6ndunum og diskum \u00feurrum fyrir k\u00f6st\"}]},{\"@type\":\"WebSite\",\"@id\":\"https:\\\/\\\/www.frisbigolfbudin.is\\\/#website\",\"url\":\"https:\\\/\\\/www.frisbigolfbudin.is\\\/\",\"name\":\"Frisb\u00edgolfb\u00fa\u00f0in\",\"description\":\"Allt fyrir frisb&iacute;golf. Diskar, t&ouml;skur, k&ouml;rfur og fylgihlutir\",\"publisher\":{\"@id\":\"https:\\\/\\\/www.frisbigolfbudin.is\\\/#organization\"},\"potentialAction\":[{\"@type\":\"SearchAction\",\"target\":{\"@type\":\"EntryPoint\",\"urlTemplate\":\"https:\\\/\\\/www.frisbigolfbudin.is\\\/?s={search_term_string}\"},\"query-input\":{\"@type\":\"PropertyValueSpecification\",\"valueRequired\":true,\"valueName\":\"search_term_string\"}}],\"inLanguage\":\"en-US\"},{\"@type\":\"Organization\",\"@id\":\"https:\\\/\\\/www.frisbigolfbudin.is\\\/#organization\",\"name\":\"Allt fyrir frisb\u00edgolf \u00ed 20 \u00e1r\",\"url\":\"https:\\\/\\\/www.frisbigolfbudin.is\\\/\",\"logo\":{\"@type\":\"ImageObject\",\"inLanguage\":\"en-US\",\"@id\":\"https:\\\/\\\/www.frisbigolfbudin.is\\\/#\\\/schema\\\/logo\\\/image\\\/\",\"url\":\"https:\\\/\\\/www.frisbigolfbudin.is\\\/wp-content\\\/uploads\\\/2024\\\/04\\\/Frisbigolfbudin_logo_300x107.png\",\"contentUrl\":\"https:\\\/\\\/www.frisbigolfbudin.is\\\/wp-content\\\/uploads\\\/2024\\\/04\\\/Frisbigolfbudin_logo_300x107.png\",\"width\":300,\"height\":107,\"caption\":\"Allt fyrir frisb\u00edgolf \u00ed 20 \u00e1r\"},\"image\":{\"@id\":\"https:\\\/\\\/www.frisbigolfbudin.is\\\/#\\\/schema\\\/logo\\\/image\\\/\"},\"sameAs\":[\"https:\\\/\\\/www.facebook.com\\\/Frisbigolfbudin.is\"]}]}<\/script>\n<!-- \/ Yoast SEO plugin. -->","yoast_head_json":{"title":"Kalkpoki fr\u00e1 Innova sem heldur h\u00f6ndunum og diskum \u00feurrum fyrir k\u00f6st","description":"Kalkpokinn er nau\u00f0synjavara \u00ed frisb\u00edt\u00f6skuna. Hann heldur h\u00f6ndunum og diskum \u00feurrum fyrir k\u00f6st svo \u00fe\u00fa hafir gott grip \u00e1 diskum. 4 litir \u00ed bo\u00f0i.","robots":{"index":"index","follow":"follow","max-snippet":"max-snippet:-1","max-image-preview":"max-image-preview:large","max-video-preview":"max-video-preview:-1"},"canonical":"https:\/\/www.frisbigolfbudin.is\/vara\/kalkpoki-fra-innova\/","og_locale":"en_US","og_type":"article","og_title":"Kalkpoki fr\u00e1 Innova sem heldur h\u00f6ndunum og diskum \u00feurrum fyrir k\u00f6st","og_description":"Kalkpokinn er nau\u00f0synjavara \u00ed frisb\u00edt\u00f6skuna. Hann heldur h\u00f6ndunum og diskum \u00feurrum fyrir k\u00f6st svo \u00fe\u00fa hafir gott grip \u00e1 diskum. 4 litir \u00ed bo\u00f0i.","og_url":"https:\/\/www.frisbigolfbudin.is\/vara\/kalkpoki-fra-innova\/","og_site_name":"Frisb&iacute;golfb&uacute;&eth;in &iacute; 20 &aacute;r","article_publisher":"https:\/\/www.facebook.com\/Frisbigolfbudin.is","article_modified_time":"2025-09-09T17:12:07+00:00","og_image":[{"width":600,"height":600,"url":"https:\/\/www.frisbigolfbudin.is\/wp-content\/uploads\/2024\/11\/Kalkpokar.jpg","type":"image\/jpeg"}],"twitter_card":"summary_large_image","twitter_misc":{"Est. reading time":"1 minute"},"schema":{"@context":"https:\/\/schema.org","@graph":[{"@type":"WebPage","@id":"https:\/\/www.frisbigolfbudin.is\/vara\/kalkpoki-fra-innova\/","url":"https:\/\/www.frisbigolfbudin.is\/vara\/kalkpoki-fra-innova\/","name":"Kalkpoki fr\u00e1 Innova sem heldur h\u00f6ndunum og diskum \u00feurrum fyrir k\u00f6st","isPartOf":{"@id":"https:\/\/www.frisbigolfbudin.is\/#website"},"primaryImageOfPage":{"@id":"https:\/\/www.frisbigolfbudin.is\/vara\/kalkpoki-fra-innova\/#primaryimage"},"image":{"@id":"https:\/\/www.frisbigolfbudin.is\/vara\/kalkpoki-fra-innova\/#primaryimage"},"thumbnailUrl":"https:\/\/www.frisbigolfbudin.is\/wp-content\/uploads\/2024\/11\/Kalkpokar.jpg","datePublished":"2024-11-20T15:21:41+00:00","dateModified":"2025-09-09T17:12:07+00:00","description":"Kalkpokinn er nau\u00f0synjavara \u00ed frisb\u00edt\u00f6skuna. Hann heldur h\u00f6ndunum og diskum \u00feurrum fyrir k\u00f6st svo \u00fe\u00fa hafir gott grip \u00e1 diskum. 4 litir \u00ed bo\u00f0i.","breadcrumb":{"@id":"https:\/\/www.frisbigolfbudin.is\/vara\/kalkpoki-fra-innova\/#breadcrumb"},"inLanguage":"en-US","potentialAction":[{"@type":"ReadAction","target":["https:\/\/www.frisbigolfbudin.is\/vara\/kalkpoki-fra-innova\/"]}]},{"@type":"ImageObject","inLanguage":"en-US","@id":"https:\/\/www.frisbigolfbudin.is\/vara\/kalkpoki-fra-innova\/#primaryimage","url":"https:\/\/www.frisbigolfbudin.is\/wp-content\/uploads\/2024\/11\/Kalkpokar.jpg","contentUrl":"https:\/\/www.frisbigolfbudin.is\/wp-content\/uploads\/2024\/11\/Kalkpokar.jpg","width":600,"height":600},{"@type":"BreadcrumbList","@id":"https:\/\/www.frisbigolfbudin.is\/vara\/kalkpoki-fra-innova\/#breadcrumb","itemListElement":[{"@type":"ListItem","position":1,"name":"Home","item":"https:\/\/www.frisbigolfbudin.is\/"},{"@type":"ListItem","position":2,"name":"Shop","item":"https:\/\/vorulagerinn.is\/frisbigolfbudin\/en\/shop\/"},{"@type":"ListItem","position":3,"name":"Kalkpoki fr\u00e1 Innova sem heldur h\u00f6ndunum og diskum \u00feurrum fyrir k\u00f6st"}]},{"@type":"WebSite","@id":"https:\/\/www.frisbigolfbudin.is\/#website","url":"https:\/\/www.frisbigolfbudin.is\/","name":"Frisb\u00edgolfb\u00fa\u00f0in","description":"Allt fyrir frisb&iacute;golf. Diskar, t&ouml;skur, k&ouml;rfur og fylgihlutir","publisher":{"@id":"https:\/\/www.frisbigolfbudin.is\/#organization"},"potentialAction":[{"@type":"SearchAction","target":{"@type":"EntryPoint","urlTemplate":"https:\/\/www.frisbigolfbudin.is\/?s={search_term_string}"},"query-input":{"@type":"PropertyValueSpecification","valueRequired":true,"valueName":"search_term_string"}}],"inLanguage":"en-US"},{"@type":"Organization","@id":"https:\/\/www.frisbigolfbudin.is\/#organization","name":"Allt fyrir frisb\u00edgolf \u00ed 20 \u00e1r","url":"https:\/\/www.frisbigolfbudin.is\/","logo":{"@type":"ImageObject","inLanguage":"en-US","@id":"https:\/\/www.frisbigolfbudin.is\/#\/schema\/logo\/image\/","url":"https:\/\/www.frisbigolfbudin.is\/wp-content\/uploads\/2024\/04\/Frisbigolfbudin_logo_300x107.png","contentUrl":"https:\/\/www.frisbigolfbudin.is\/wp-content\/uploads\/2024\/04\/Frisbigolfbudin_logo_300x107.png","width":300,"height":107,"caption":"Allt fyrir frisb\u00edgolf \u00ed 20 \u00e1r"},"image":{"@id":"https:\/\/www.frisbigolfbudin.is\/#\/schema\/logo\/image\/"},"sameAs":["https:\/\/www.facebook.com\/Frisbigolfbudin.is"]}]}},"_links":{"self":[{"href":"https:\/\/www.frisbigolfbudin.is\/en\/wp-json\/wp\/v2\/product\/26227","targetHints":{"allow":["GET"]}}],"collection":[{"href":"https:\/\/www.frisbigolfbudin.is\/en\/wp-json\/wp\/v2\/product"}],"about":[{"href":"https:\/\/www.frisbigolfbudin.is\/en\/wp-json\/wp\/v2\/types\/product"}],"wp:featuredmedia":[{"embeddable":true,"href":"https:\/\/www.frisbigolfbudin.is\/en\/wp-json\/wp\/v2\/media\/26380"}],"wp:attachment":[{"href":"https:\/\/www.frisbigolfbudin.is\/en\/wp-json\/wp\/v2\/media?parent=26227"}],"wp:term":[{"taxonomy":"product_brand","embeddable":true,"href":"https:\/\/www.frisbigolfbudin.is\/en\/wp-json\/wp\/v2\/product_brand?post=26227"},{"taxonomy":"product_cat","embeddable":true,"href":"https:\/\/www.frisbigolfbudin.is\/en\/wp-json\/wp\/v2\/product_cat?post=26227"},{"taxonomy":"product_tag","embeddable":true,"href":"https:\/\/www.frisbigolfbudin.is\/en\/wp-json\/wp\/v2\/product_tag?post=26227"}],"curies":[{"name":"wp","href":"https:\/\/api.w.org\/{rel}","templated":true}]}}