{"id":26528,"date":"2025-09-12T12:42:07","date_gmt":"2025-09-12T12:42:07","guid":{"rendered":"https:\/\/www.frisbigolfbudin.is\/?post_type=product&#038;p=26528"},"modified":"2025-11-12T14:09:44","modified_gmt":"2025-11-12T14:09:44","slug":"discraft-scorch-fuzed","status":"publish","type":"product","link":"https:\/\/www.frisbigolfbudin.is\/en\/product\/discraft-scorch-fuzed\/","title":{"rendered":"Discraft Scorch fuzed"},"content":{"rendered":"","protected":false},"excerpt":{"rendered":"<p>Scorch Fused \u2013<br \/>\nNj\u00f3ttu fullkomins jafnv\u00e6gis og fr\u00e1b\u00e6rrar stj\u00f3rnunar me\u00f0 Scorch Fused. \u201eFused\u201c h\u00f6nnun sameinar kraft, n\u00e1kv\u00e6mni og st\u00f6\u00f0ugleika \u00ed einum disk \u2013 tilvali\u00f0 fyrir leikmenn sem vilja h\u00e1marks afk\u00f6st \u00e1 \u00f6llum v\u00f6llum.<\/p>\n<p>Flugt\u00f6lur:<\/p>\n<p>Speed: 9<\/p>\n<p>Glide: 5<\/p>\n<p>Turn: -2<\/p>\n<p>Fade: 2<\/p>\n<p>\u00de\u00e6gilegt grip, n\u00e1kv\u00e6m flugstj\u00f3rn og endingarg\u00f3\u00f0 h\u00f6nnun gera \u00feetta a\u00f0 \u00f3missandi vali fyrir alv\u00f6ru spilara.<\/p>\n","protected":false},"featured_media":26580,"template":"","meta":[],"product_brand":[],"product_cat":[372,373],"product_tag":[],"class_list":{"0":"post-26528","1":"product","2":"type-product","3":"status-publish","4":"has-post-thumbnail","6":"product_cat-4-langir-driverar","7":"product_cat-discraft","9":"first","10":"instock","11":"taxable","12":"shipping-taxable","13":"purchasable","14":"product-type-simple"},"yoast_head":"<!-- This site is optimized with the Yoast SEO plugin v27.4 - https:\/\/yoast.com\/product\/yoast-seo-wordpress\/ -->\n<title>Discraft Scorch fuzed - Frisb&iacute;golfb&uacute;&eth;in &iacute; 20 &aacute;r<\/title>\n<meta name=\"robots\" content=\"index, follow, max-snippet:-1, max-image-preview:large, max-video-preview:-1\" \/>\n<link rel=\"canonical\" href=\"https:\/\/www.frisbigolfbudin.is\/vara\/discraft-scorch-fuzed\/\" \/>\n<meta property=\"og:locale\" content=\"en_US\" \/>\n<meta property=\"og:type\" content=\"article\" \/>\n<meta property=\"og:title\" content=\"Discraft Scorch fuzed - Frisb&iacute;golfb&uacute;&eth;in &iacute; 20 &aacute;r\" \/>\n<meta property=\"og:description\" content=\"Scorch Fused \u2013 Nj\u00f3ttu fullkomins jafnv\u00e6gis og fr\u00e1b\u00e6rrar stj\u00f3rnunar me\u00f0 Scorch Fused. \u201eFused\u201c h\u00f6nnun sameinar kraft, n\u00e1kv\u00e6mni og st\u00f6\u00f0ugleika \u00ed einum disk \u2013 tilvali\u00f0 fyrir leikmenn sem vilja h\u00e1marks afk\u00f6st \u00e1 \u00f6llum v\u00f6llum.  Flugt\u00f6lur:  Speed: 9  Glide: 5  Turn: -2  Fade: 2  \u00de\u00e6gilegt grip, n\u00e1kv\u00e6m flugstj\u00f3rn og endingarg\u00f3\u00f0 h\u00f6nnun gera \u00feetta a\u00f0 \u00f3missandi vali fyrir alv\u00f6ru spilara.\" \/>\n<meta property=\"og:url\" content=\"https:\/\/www.frisbigolfbudin.is\/vara\/discraft-scorch-fuzed\/\" \/>\n<meta property=\"og:site_name\" content=\"Frisb&iacute;golfb&uacute;&eth;in &iacute; 20 &aacute;r\" \/>\n<meta property=\"article:publisher\" content=\"https:\/\/www.facebook.com\/Frisbigolfbudin.is\" \/>\n<meta property=\"article:modified_time\" content=\"2025-11-12T14:09:44+00:00\" \/>\n<meta property=\"og:image\" content=\"https:\/\/www.frisbigolfbudin.is\/wp-content\/uploads\/2025\/09\/Scorch-FuzedLine-Cover.webp\" \/>\n\t<meta property=\"og:image:width\" content=\"1024\" \/>\n\t<meta property=\"og:image:height\" content=\"1024\" \/>\n\t<meta property=\"og:image:type\" content=\"image\/webp\" \/>\n<meta name=\"twitter:card\" content=\"summary_large_image\" \/>\n<meta name=\"twitter:label1\" content=\"Est. reading time\" \/>\n\t<meta name=\"twitter:data1\" content=\"1 minute\" \/>\n<script type=\"application\/ld+json\" class=\"yoast-schema-graph\">{\"@context\":\"https:\\\/\\\/schema.org\",\"@graph\":[{\"@type\":\"WebPage\",\"@id\":\"https:\\\/\\\/www.frisbigolfbudin.is\\\/vara\\\/discraft-scorch-fuzed\\\/\",\"url\":\"https:\\\/\\\/www.frisbigolfbudin.is\\\/vara\\\/discraft-scorch-fuzed\\\/\",\"name\":\"Discraft Scorch fuzed - Frisb&iacute;golfb&uacute;&eth;in &iacute; 20 &aacute;r\",\"isPartOf\":{\"@id\":\"https:\\\/\\\/www.frisbigolfbudin.is\\\/#website\"},\"primaryImageOfPage\":{\"@id\":\"https:\\\/\\\/www.frisbigolfbudin.is\\\/vara\\\/discraft-scorch-fuzed\\\/#primaryimage\"},\"image\":{\"@id\":\"https:\\\/\\\/www.frisbigolfbudin.is\\\/vara\\\/discraft-scorch-fuzed\\\/#primaryimage\"},\"thumbnailUrl\":\"https:\\\/\\\/www.frisbigolfbudin.is\\\/wp-content\\\/uploads\\\/2025\\\/09\\\/Scorch-FuzedLine-Cover.webp\",\"datePublished\":\"2025-09-12T12:42:07+00:00\",\"dateModified\":\"2025-11-12T14:09:44+00:00\",\"breadcrumb\":{\"@id\":\"https:\\\/\\\/www.frisbigolfbudin.is\\\/vara\\\/discraft-scorch-fuzed\\\/#breadcrumb\"},\"inLanguage\":\"en-US\",\"potentialAction\":[{\"@type\":\"ReadAction\",\"target\":[\"https:\\\/\\\/www.frisbigolfbudin.is\\\/vara\\\/discraft-scorch-fuzed\\\/\"]}]},{\"@type\":\"ImageObject\",\"inLanguage\":\"en-US\",\"@id\":\"https:\\\/\\\/www.frisbigolfbudin.is\\\/vara\\\/discraft-scorch-fuzed\\\/#primaryimage\",\"url\":\"https:\\\/\\\/www.frisbigolfbudin.is\\\/wp-content\\\/uploads\\\/2025\\\/09\\\/Scorch-FuzedLine-Cover.webp\",\"contentUrl\":\"https:\\\/\\\/www.frisbigolfbudin.is\\\/wp-content\\\/uploads\\\/2025\\\/09\\\/Scorch-FuzedLine-Cover.webp\",\"width\":1024,\"height\":1024},{\"@type\":\"BreadcrumbList\",\"@id\":\"https:\\\/\\\/www.frisbigolfbudin.is\\\/vara\\\/discraft-scorch-fuzed\\\/#breadcrumb\",\"itemListElement\":[{\"@type\":\"ListItem\",\"position\":1,\"name\":\"Home\",\"item\":\"https:\\\/\\\/www.frisbigolfbudin.is\\\/\"},{\"@type\":\"ListItem\",\"position\":2,\"name\":\"Shop\",\"item\":\"https:\\\/\\\/vorulagerinn.is\\\/frisbigolfbudin\\\/en\\\/shop\\\/\"},{\"@type\":\"ListItem\",\"position\":3,\"name\":\"Discraft Scorch fuzed\"}]},{\"@type\":\"WebSite\",\"@id\":\"https:\\\/\\\/www.frisbigolfbudin.is\\\/#website\",\"url\":\"https:\\\/\\\/www.frisbigolfbudin.is\\\/\",\"name\":\"Frisb\u00edgolfb\u00fa\u00f0in\",\"description\":\"Allt fyrir frisb&iacute;golf. Diskar, t&ouml;skur, k&ouml;rfur og fylgihlutir\",\"publisher\":{\"@id\":\"https:\\\/\\\/www.frisbigolfbudin.is\\\/#organization\"},\"potentialAction\":[{\"@type\":\"SearchAction\",\"target\":{\"@type\":\"EntryPoint\",\"urlTemplate\":\"https:\\\/\\\/www.frisbigolfbudin.is\\\/?s={search_term_string}\"},\"query-input\":{\"@type\":\"PropertyValueSpecification\",\"valueRequired\":true,\"valueName\":\"search_term_string\"}}],\"inLanguage\":\"en-US\"},{\"@type\":\"Organization\",\"@id\":\"https:\\\/\\\/www.frisbigolfbudin.is\\\/#organization\",\"name\":\"Allt fyrir frisb\u00edgolf \u00ed 20 \u00e1r\",\"url\":\"https:\\\/\\\/www.frisbigolfbudin.is\\\/\",\"logo\":{\"@type\":\"ImageObject\",\"inLanguage\":\"en-US\",\"@id\":\"https:\\\/\\\/www.frisbigolfbudin.is\\\/#\\\/schema\\\/logo\\\/image\\\/\",\"url\":\"https:\\\/\\\/www.frisbigolfbudin.is\\\/wp-content\\\/uploads\\\/2024\\\/04\\\/Frisbigolfbudin_logo_300x107.png\",\"contentUrl\":\"https:\\\/\\\/www.frisbigolfbudin.is\\\/wp-content\\\/uploads\\\/2024\\\/04\\\/Frisbigolfbudin_logo_300x107.png\",\"width\":300,\"height\":107,\"caption\":\"Allt fyrir frisb\u00edgolf \u00ed 20 \u00e1r\"},\"image\":{\"@id\":\"https:\\\/\\\/www.frisbigolfbudin.is\\\/#\\\/schema\\\/logo\\\/image\\\/\"},\"sameAs\":[\"https:\\\/\\\/www.facebook.com\\\/Frisbigolfbudin.is\"]}]}<\/script>\n<!-- \/ Yoast SEO plugin. -->","yoast_head_json":{"title":"Discraft Scorch fuzed - Frisb&iacute;golfb&uacute;&eth;in &iacute; 20 &aacute;r","robots":{"index":"index","follow":"follow","max-snippet":"max-snippet:-1","max-image-preview":"max-image-preview:large","max-video-preview":"max-video-preview:-1"},"canonical":"https:\/\/www.frisbigolfbudin.is\/vara\/discraft-scorch-fuzed\/","og_locale":"en_US","og_type":"article","og_title":"Discraft Scorch fuzed - Frisb&iacute;golfb&uacute;&eth;in &iacute; 20 &aacute;r","og_description":"Scorch Fused \u2013 Nj\u00f3ttu fullkomins jafnv\u00e6gis og fr\u00e1b\u00e6rrar stj\u00f3rnunar me\u00f0 Scorch Fused. \u201eFused\u201c h\u00f6nnun sameinar kraft, n\u00e1kv\u00e6mni og st\u00f6\u00f0ugleika \u00ed einum disk \u2013 tilvali\u00f0 fyrir leikmenn sem vilja h\u00e1marks afk\u00f6st \u00e1 \u00f6llum v\u00f6llum.  Flugt\u00f6lur:  Speed: 9  Glide: 5  Turn: -2  Fade: 2  \u00de\u00e6gilegt grip, n\u00e1kv\u00e6m flugstj\u00f3rn og endingarg\u00f3\u00f0 h\u00f6nnun gera \u00feetta a\u00f0 \u00f3missandi vali fyrir alv\u00f6ru spilara.","og_url":"https:\/\/www.frisbigolfbudin.is\/vara\/discraft-scorch-fuzed\/","og_site_name":"Frisb&iacute;golfb&uacute;&eth;in &iacute; 20 &aacute;r","article_publisher":"https:\/\/www.facebook.com\/Frisbigolfbudin.is","article_modified_time":"2025-11-12T14:09:44+00:00","og_image":[{"width":1024,"height":1024,"url":"https:\/\/www.frisbigolfbudin.is\/wp-content\/uploads\/2025\/09\/Scorch-FuzedLine-Cover.webp","type":"image\/webp"}],"twitter_card":"summary_large_image","twitter_misc":{"Est. reading time":"1 minute"},"schema":{"@context":"https:\/\/schema.org","@graph":[{"@type":"WebPage","@id":"https:\/\/www.frisbigolfbudin.is\/vara\/discraft-scorch-fuzed\/","url":"https:\/\/www.frisbigolfbudin.is\/vara\/discraft-scorch-fuzed\/","name":"Discraft Scorch fuzed - Frisb&iacute;golfb&uacute;&eth;in &iacute; 20 &aacute;r","isPartOf":{"@id":"https:\/\/www.frisbigolfbudin.is\/#website"},"primaryImageOfPage":{"@id":"https:\/\/www.frisbigolfbudin.is\/vara\/discraft-scorch-fuzed\/#primaryimage"},"image":{"@id":"https:\/\/www.frisbigolfbudin.is\/vara\/discraft-scorch-fuzed\/#primaryimage"},"thumbnailUrl":"https:\/\/www.frisbigolfbudin.is\/wp-content\/uploads\/2025\/09\/Scorch-FuzedLine-Cover.webp","datePublished":"2025-09-12T12:42:07+00:00","dateModified":"2025-11-12T14:09:44+00:00","breadcrumb":{"@id":"https:\/\/www.frisbigolfbudin.is\/vara\/discraft-scorch-fuzed\/#breadcrumb"},"inLanguage":"en-US","potentialAction":[{"@type":"ReadAction","target":["https:\/\/www.frisbigolfbudin.is\/vara\/discraft-scorch-fuzed\/"]}]},{"@type":"ImageObject","inLanguage":"en-US","@id":"https:\/\/www.frisbigolfbudin.is\/vara\/discraft-scorch-fuzed\/#primaryimage","url":"https:\/\/www.frisbigolfbudin.is\/wp-content\/uploads\/2025\/09\/Scorch-FuzedLine-Cover.webp","contentUrl":"https:\/\/www.frisbigolfbudin.is\/wp-content\/uploads\/2025\/09\/Scorch-FuzedLine-Cover.webp","width":1024,"height":1024},{"@type":"BreadcrumbList","@id":"https:\/\/www.frisbigolfbudin.is\/vara\/discraft-scorch-fuzed\/#breadcrumb","itemListElement":[{"@type":"ListItem","position":1,"name":"Home","item":"https:\/\/www.frisbigolfbudin.is\/"},{"@type":"ListItem","position":2,"name":"Shop","item":"https:\/\/vorulagerinn.is\/frisbigolfbudin\/en\/shop\/"},{"@type":"ListItem","position":3,"name":"Discraft Scorch fuzed"}]},{"@type":"WebSite","@id":"https:\/\/www.frisbigolfbudin.is\/#website","url":"https:\/\/www.frisbigolfbudin.is\/","name":"Frisb\u00edgolfb\u00fa\u00f0in","description":"Allt fyrir frisb&iacute;golf. Diskar, t&ouml;skur, k&ouml;rfur og fylgihlutir","publisher":{"@id":"https:\/\/www.frisbigolfbudin.is\/#organization"},"potentialAction":[{"@type":"SearchAction","target":{"@type":"EntryPoint","urlTemplate":"https:\/\/www.frisbigolfbudin.is\/?s={search_term_string}"},"query-input":{"@type":"PropertyValueSpecification","valueRequired":true,"valueName":"search_term_string"}}],"inLanguage":"en-US"},{"@type":"Organization","@id":"https:\/\/www.frisbigolfbudin.is\/#organization","name":"Allt fyrir frisb\u00edgolf \u00ed 20 \u00e1r","url":"https:\/\/www.frisbigolfbudin.is\/","logo":{"@type":"ImageObject","inLanguage":"en-US","@id":"https:\/\/www.frisbigolfbudin.is\/#\/schema\/logo\/image\/","url":"https:\/\/www.frisbigolfbudin.is\/wp-content\/uploads\/2024\/04\/Frisbigolfbudin_logo_300x107.png","contentUrl":"https:\/\/www.frisbigolfbudin.is\/wp-content\/uploads\/2024\/04\/Frisbigolfbudin_logo_300x107.png","width":300,"height":107,"caption":"Allt fyrir frisb\u00edgolf \u00ed 20 \u00e1r"},"image":{"@id":"https:\/\/www.frisbigolfbudin.is\/#\/schema\/logo\/image\/"},"sameAs":["https:\/\/www.facebook.com\/Frisbigolfbudin.is"]}]}},"_links":{"self":[{"href":"https:\/\/www.frisbigolfbudin.is\/en\/wp-json\/wp\/v2\/product\/26528","targetHints":{"allow":["GET"]}}],"collection":[{"href":"https:\/\/www.frisbigolfbudin.is\/en\/wp-json\/wp\/v2\/product"}],"about":[{"href":"https:\/\/www.frisbigolfbudin.is\/en\/wp-json\/wp\/v2\/types\/product"}],"wp:featuredmedia":[{"embeddable":true,"href":"https:\/\/www.frisbigolfbudin.is\/en\/wp-json\/wp\/v2\/media\/26580"}],"wp:attachment":[{"href":"https:\/\/www.frisbigolfbudin.is\/en\/wp-json\/wp\/v2\/media?parent=26528"}],"wp:term":[{"taxonomy":"product_brand","embeddable":true,"href":"https:\/\/www.frisbigolfbudin.is\/en\/wp-json\/wp\/v2\/product_brand?post=26528"},{"taxonomy":"product_cat","embeddable":true,"href":"https:\/\/www.frisbigolfbudin.is\/en\/wp-json\/wp\/v2\/product_cat?post=26528"},{"taxonomy":"product_tag","embeddable":true,"href":"https:\/\/www.frisbigolfbudin.is\/en\/wp-json\/wp\/v2\/product_tag?post=26528"}],"curies":[{"name":"wp","href":"https:\/\/api.w.org\/{rel}","templated":true}]}}