{"id":26590,"date":"2025-11-12T14:47:37","date_gmt":"2025-11-12T14:47:37","guid":{"rendered":"https:\/\/www.frisbigolfbudin.is\/?post_type=product&#038;p=26590"},"modified":"2025-11-12T14:55:18","modified_gmt":"2025-11-12T14:55:18","slug":"buzzz-os-z-line","status":"publish","type":"product","link":"https:\/\/www.frisbigolfbudin.is\/en\/product\/buzzz-os-z-line\/","title":{"rendered":"Buzzz OS Z-line"},"content":{"rendered":"<p>Buzzz\u202fOS\u202fZ er Overstable midrange\u2011diskur sem byggir \u00e1 vins\u00e6la Buzzz\u2011m\u00f3delinu me\u00f0 aukinni st\u00f6\u00f0ugleika. \u00deetta er fullkomin diskur fyrir \u00cdslenskar a\u00f0st\u00e6lur \u00feegar m\u00f3tvindur kemur. Fr\u00e1b\u00e6r diskur \u00ed kraftmikla bakh\u00f6nd e\u00f0a forh\u00f6nd.<br \/>\nFlugt\u00f6lur: Speed\u202f5 \u00b7 Glide\u202f4 \u00b7 Turn\u202f0 \u00b7 Fade\u202f3.<\/p>\n<p>Z\u2011plast\u00fatg\u00e1fan er klass\u00edsk premium plasttegund hj\u00e1 Discraft: mj\u00f6g endingarg\u00f3\u00f0ir diskar, h\u00e1lfgegns\u00e6ir, me\u00f0 st\u00edfleika sem tryggir a\u00f0 diskur halda l\u00f6gun og flugi sinni lengur.<\/p>\n<p>Hentar s\u00e9rstaklega leikm\u00f6nnum sem \u00feurfa \u00e1rei\u00f0anlegan midrange\u2011disk sem st\u00fdrist vel og vill lenda af h\u00f6rku.<\/p>\n","protected":false},"excerpt":{"rendered":"<p>Buzzz\u202fOS\u202fZ er Overstable midrange\u2011diskur sem byggir \u00e1 vins\u00e6la Buzzz\u2011m\u00f3delinu me\u00f0 aukinni st\u00f6\u00f0ugleika. \u00deetta er fullkomin diskur fyrir \u00cdslenskar a\u00f0st\u00e6lur \u00feegar m\u00f3tvindur kemur. Fr\u00e1b\u00e6r diskur \u00ed kraftmikla bakh\u00f6nd e\u00f0a forh\u00f6nd.<\/p>\n<p>Flugt\u00f6lur: Speed\u202f5 \u00b7 Glide\u202f4 \u00b7 Turn\u202f0 \u00b7 Fade\u202f3.<\/p>\n<p>Z\u2011plast\u00fatg\u00e1fan er klass\u00edsk premium plasttegund hj\u00e1 Discraft: mj\u00f6g endingarg\u00f3\u00f0ir diskar, h\u00e1lfgegns\u00e6ir, me\u00f0 st\u00edfleika sem tryggir a\u00f0 diskur halda l\u00f6gun og flugi sinni lengur.<\/p>\n<p>Hentar s\u00e9rstaklega leikm\u00f6nnum sem \u00feurfa \u00e1rei\u00f0anlegan midrange\u2011disk sem st\u00fdrist vel og vill lenda af h\u00f6rku.<\/p>\n","protected":false},"featured_media":26591,"template":"","meta":[],"product_brand":[],"product_cat":[369],"product_tag":[],"class_list":{"0":"post-26590","1":"product","2":"type-product","3":"status-publish","4":"has-post-thumbnail","6":"product_cat-2-mid-range","8":"first","9":"instock","10":"taxable","11":"shipping-taxable","12":"purchasable","13":"product-type-simple"},"yoast_head":"<!-- This site is optimized with the Yoast SEO plugin v27.5 - https:\/\/yoast.com\/product\/yoast-seo-wordpress\/ -->\n<title>Buzzz OS Z-line - Frisb&iacute;golfb&uacute;&eth;in &iacute; 20 &aacute;r<\/title>\n<meta name=\"robots\" content=\"index, follow, max-snippet:-1, max-image-preview:large, max-video-preview:-1\" \/>\n<link rel=\"canonical\" href=\"https:\/\/www.frisbigolfbudin.is\/vara\/buzzz-os-z-line\/\" \/>\n<meta property=\"og:locale\" content=\"en_US\" \/>\n<meta property=\"og:type\" content=\"article\" \/>\n<meta property=\"og:title\" content=\"Buzzz OS Z-line - Frisb&iacute;golfb&uacute;&eth;in &iacute; 20 &aacute;r\" \/>\n<meta property=\"og:description\" content=\"Buzzz\u202fOS\u202fZ er Overstable midrange\u2011diskur sem byggir \u00e1 vins\u00e6la Buzzz\u2011m\u00f3delinu me\u00f0 aukinni st\u00f6\u00f0ugleika. \u00deetta er fullkomin diskur fyrir \u00cdslenskar a\u00f0st\u00e6lur \u00feegar m\u00f3tvindur kemur. Fr\u00e1b\u00e6r diskur \u00ed kraftmikla bakh\u00f6nd e\u00f0a forh\u00f6nd.  Flugt\u00f6lur: Speed\u202f5 \u00b7 Glide\u202f4 \u00b7 Turn\u202f0 \u00b7 Fade\u202f3.  Z\u2011plast\u00fatg\u00e1fan er klass\u00edsk premium plasttegund hj\u00e1 Discraft: mj\u00f6g endingarg\u00f3\u00f0ir diskar, h\u00e1lfgegns\u00e6ir, me\u00f0 st\u00edfleika sem tryggir a\u00f0 diskur halda l\u00f6gun og flugi sinni lengur.  Hentar s\u00e9rstaklega leikm\u00f6nnum sem \u00feurfa \u00e1rei\u00f0anlegan midrange\u2011disk sem st\u00fdrist vel og vill lenda af h\u00f6rku.\" \/>\n<meta property=\"og:url\" content=\"https:\/\/www.frisbigolfbudin.is\/vara\/buzzz-os-z-line\/\" \/>\n<meta property=\"og:site_name\" content=\"Frisb&iacute;golfb&uacute;&eth;in &iacute; 20 &aacute;r\" \/>\n<meta property=\"article:publisher\" content=\"https:\/\/www.facebook.com\/Frisbigolfbudin.is\" \/>\n<meta property=\"article:modified_time\" content=\"2025-11-12T14:55:18+00:00\" \/>\n<meta property=\"og:image\" content=\"https:\/\/www.frisbigolfbudin.is\/wp-content\/uploads\/2025\/11\/zbuzzzos_max-br_1.jpg\" \/>\n\t<meta property=\"og:image:width\" content=\"1024\" \/>\n\t<meta property=\"og:image:height\" content=\"1024\" \/>\n\t<meta property=\"og:image:type\" content=\"image\/jpeg\" \/>\n<meta name=\"twitter:card\" content=\"summary_large_image\" \/>\n<meta name=\"twitter:label1\" content=\"Est. reading time\" \/>\n\t<meta name=\"twitter:data1\" content=\"1 minute\" \/>\n<script type=\"application\/ld+json\" class=\"yoast-schema-graph\">{\"@context\":\"https:\\\/\\\/schema.org\",\"@graph\":[{\"@type\":\"WebPage\",\"@id\":\"https:\\\/\\\/www.frisbigolfbudin.is\\\/vara\\\/buzzz-os-z-line\\\/\",\"url\":\"https:\\\/\\\/www.frisbigolfbudin.is\\\/vara\\\/buzzz-os-z-line\\\/\",\"name\":\"Buzzz OS Z-line - Frisb&iacute;golfb&uacute;&eth;in &iacute; 20 &aacute;r\",\"isPartOf\":{\"@id\":\"https:\\\/\\\/www.frisbigolfbudin.is\\\/#website\"},\"primaryImageOfPage\":{\"@id\":\"https:\\\/\\\/www.frisbigolfbudin.is\\\/vara\\\/buzzz-os-z-line\\\/#primaryimage\"},\"image\":{\"@id\":\"https:\\\/\\\/www.frisbigolfbudin.is\\\/vara\\\/buzzz-os-z-line\\\/#primaryimage\"},\"thumbnailUrl\":\"https:\\\/\\\/www.frisbigolfbudin.is\\\/wp-content\\\/uploads\\\/2025\\\/11\\\/zbuzzzos_max-br_1.jpg\",\"datePublished\":\"2025-11-12T14:47:37+00:00\",\"dateModified\":\"2025-11-12T14:55:18+00:00\",\"breadcrumb\":{\"@id\":\"https:\\\/\\\/www.frisbigolfbudin.is\\\/vara\\\/buzzz-os-z-line\\\/#breadcrumb\"},\"inLanguage\":\"en-US\",\"potentialAction\":[{\"@type\":\"ReadAction\",\"target\":[\"https:\\\/\\\/www.frisbigolfbudin.is\\\/vara\\\/buzzz-os-z-line\\\/\"]}]},{\"@type\":\"ImageObject\",\"inLanguage\":\"en-US\",\"@id\":\"https:\\\/\\\/www.frisbigolfbudin.is\\\/vara\\\/buzzz-os-z-line\\\/#primaryimage\",\"url\":\"https:\\\/\\\/www.frisbigolfbudin.is\\\/wp-content\\\/uploads\\\/2025\\\/11\\\/zbuzzzos_max-br_1.jpg\",\"contentUrl\":\"https:\\\/\\\/www.frisbigolfbudin.is\\\/wp-content\\\/uploads\\\/2025\\\/11\\\/zbuzzzos_max-br_1.jpg\",\"width\":1024,\"height\":1024},{\"@type\":\"BreadcrumbList\",\"@id\":\"https:\\\/\\\/www.frisbigolfbudin.is\\\/vara\\\/buzzz-os-z-line\\\/#breadcrumb\",\"itemListElement\":[{\"@type\":\"ListItem\",\"position\":1,\"name\":\"Home\",\"item\":\"https:\\\/\\\/www.frisbigolfbudin.is\\\/\"},{\"@type\":\"ListItem\",\"position\":2,\"name\":\"Shop\",\"item\":\"https:\\\/\\\/vorulagerinn.is\\\/frisbigolfbudin\\\/en\\\/shop\\\/\"},{\"@type\":\"ListItem\",\"position\":3,\"name\":\"Buzzz OS Z-line\"}]},{\"@type\":\"WebSite\",\"@id\":\"https:\\\/\\\/www.frisbigolfbudin.is\\\/#website\",\"url\":\"https:\\\/\\\/www.frisbigolfbudin.is\\\/\",\"name\":\"Frisb\u00edgolfb\u00fa\u00f0in\",\"description\":\"Allt fyrir frisb&iacute;golf. Diskar, t&ouml;skur, k&ouml;rfur og fylgihlutir\",\"publisher\":{\"@id\":\"https:\\\/\\\/www.frisbigolfbudin.is\\\/#organization\"},\"potentialAction\":[{\"@type\":\"SearchAction\",\"target\":{\"@type\":\"EntryPoint\",\"urlTemplate\":\"https:\\\/\\\/www.frisbigolfbudin.is\\\/?s={search_term_string}\"},\"query-input\":{\"@type\":\"PropertyValueSpecification\",\"valueRequired\":true,\"valueName\":\"search_term_string\"}}],\"inLanguage\":\"en-US\"},{\"@type\":\"Organization\",\"@id\":\"https:\\\/\\\/www.frisbigolfbudin.is\\\/#organization\",\"name\":\"Allt fyrir frisb\u00edgolf \u00ed 20 \u00e1r\",\"url\":\"https:\\\/\\\/www.frisbigolfbudin.is\\\/\",\"logo\":{\"@type\":\"ImageObject\",\"inLanguage\":\"en-US\",\"@id\":\"https:\\\/\\\/www.frisbigolfbudin.is\\\/#\\\/schema\\\/logo\\\/image\\\/\",\"url\":\"https:\\\/\\\/www.frisbigolfbudin.is\\\/wp-content\\\/uploads\\\/2024\\\/04\\\/Frisbigolfbudin_logo_300x107.png\",\"contentUrl\":\"https:\\\/\\\/www.frisbigolfbudin.is\\\/wp-content\\\/uploads\\\/2024\\\/04\\\/Frisbigolfbudin_logo_300x107.png\",\"width\":300,\"height\":107,\"caption\":\"Allt fyrir frisb\u00edgolf \u00ed 20 \u00e1r\"},\"image\":{\"@id\":\"https:\\\/\\\/www.frisbigolfbudin.is\\\/#\\\/schema\\\/logo\\\/image\\\/\"},\"sameAs\":[\"https:\\\/\\\/www.facebook.com\\\/Frisbigolfbudin.is\"]}]}<\/script>\n<!-- \/ Yoast SEO plugin. -->","yoast_head_json":{"title":"Buzzz OS Z-line - Frisb&iacute;golfb&uacute;&eth;in &iacute; 20 &aacute;r","robots":{"index":"index","follow":"follow","max-snippet":"max-snippet:-1","max-image-preview":"max-image-preview:large","max-video-preview":"max-video-preview:-1"},"canonical":"https:\/\/www.frisbigolfbudin.is\/vara\/buzzz-os-z-line\/","og_locale":"en_US","og_type":"article","og_title":"Buzzz OS Z-line - Frisb&iacute;golfb&uacute;&eth;in &iacute; 20 &aacute;r","og_description":"Buzzz\u202fOS\u202fZ er Overstable midrange\u2011diskur sem byggir \u00e1 vins\u00e6la Buzzz\u2011m\u00f3delinu me\u00f0 aukinni st\u00f6\u00f0ugleika. \u00deetta er fullkomin diskur fyrir \u00cdslenskar a\u00f0st\u00e6lur \u00feegar m\u00f3tvindur kemur. Fr\u00e1b\u00e6r diskur \u00ed kraftmikla bakh\u00f6nd e\u00f0a forh\u00f6nd.  Flugt\u00f6lur: Speed\u202f5 \u00b7 Glide\u202f4 \u00b7 Turn\u202f0 \u00b7 Fade\u202f3.  Z\u2011plast\u00fatg\u00e1fan er klass\u00edsk premium plasttegund hj\u00e1 Discraft: mj\u00f6g endingarg\u00f3\u00f0ir diskar, h\u00e1lfgegns\u00e6ir, me\u00f0 st\u00edfleika sem tryggir a\u00f0 diskur halda l\u00f6gun og flugi sinni lengur.  Hentar s\u00e9rstaklega leikm\u00f6nnum sem \u00feurfa \u00e1rei\u00f0anlegan midrange\u2011disk sem st\u00fdrist vel og vill lenda af h\u00f6rku.","og_url":"https:\/\/www.frisbigolfbudin.is\/vara\/buzzz-os-z-line\/","og_site_name":"Frisb&iacute;golfb&uacute;&eth;in &iacute; 20 &aacute;r","article_publisher":"https:\/\/www.facebook.com\/Frisbigolfbudin.is","article_modified_time":"2025-11-12T14:55:18+00:00","og_image":[{"width":1024,"height":1024,"url":"https:\/\/www.frisbigolfbudin.is\/wp-content\/uploads\/2025\/11\/zbuzzzos_max-br_1.jpg","type":"image\/jpeg"}],"twitter_card":"summary_large_image","twitter_misc":{"Est. reading time":"1 minute"},"schema":{"@context":"https:\/\/schema.org","@graph":[{"@type":"WebPage","@id":"https:\/\/www.frisbigolfbudin.is\/vara\/buzzz-os-z-line\/","url":"https:\/\/www.frisbigolfbudin.is\/vara\/buzzz-os-z-line\/","name":"Buzzz OS Z-line - Frisb&iacute;golfb&uacute;&eth;in &iacute; 20 &aacute;r","isPartOf":{"@id":"https:\/\/www.frisbigolfbudin.is\/#website"},"primaryImageOfPage":{"@id":"https:\/\/www.frisbigolfbudin.is\/vara\/buzzz-os-z-line\/#primaryimage"},"image":{"@id":"https:\/\/www.frisbigolfbudin.is\/vara\/buzzz-os-z-line\/#primaryimage"},"thumbnailUrl":"https:\/\/www.frisbigolfbudin.is\/wp-content\/uploads\/2025\/11\/zbuzzzos_max-br_1.jpg","datePublished":"2025-11-12T14:47:37+00:00","dateModified":"2025-11-12T14:55:18+00:00","breadcrumb":{"@id":"https:\/\/www.frisbigolfbudin.is\/vara\/buzzz-os-z-line\/#breadcrumb"},"inLanguage":"en-US","potentialAction":[{"@type":"ReadAction","target":["https:\/\/www.frisbigolfbudin.is\/vara\/buzzz-os-z-line\/"]}]},{"@type":"ImageObject","inLanguage":"en-US","@id":"https:\/\/www.frisbigolfbudin.is\/vara\/buzzz-os-z-line\/#primaryimage","url":"https:\/\/www.frisbigolfbudin.is\/wp-content\/uploads\/2025\/11\/zbuzzzos_max-br_1.jpg","contentUrl":"https:\/\/www.frisbigolfbudin.is\/wp-content\/uploads\/2025\/11\/zbuzzzos_max-br_1.jpg","width":1024,"height":1024},{"@type":"BreadcrumbList","@id":"https:\/\/www.frisbigolfbudin.is\/vara\/buzzz-os-z-line\/#breadcrumb","itemListElement":[{"@type":"ListItem","position":1,"name":"Home","item":"https:\/\/www.frisbigolfbudin.is\/"},{"@type":"ListItem","position":2,"name":"Shop","item":"https:\/\/vorulagerinn.is\/frisbigolfbudin\/en\/shop\/"},{"@type":"ListItem","position":3,"name":"Buzzz OS Z-line"}]},{"@type":"WebSite","@id":"https:\/\/www.frisbigolfbudin.is\/#website","url":"https:\/\/www.frisbigolfbudin.is\/","name":"Frisb\u00edgolfb\u00fa\u00f0in","description":"Allt fyrir frisb&iacute;golf. Diskar, t&ouml;skur, k&ouml;rfur og fylgihlutir","publisher":{"@id":"https:\/\/www.frisbigolfbudin.is\/#organization"},"potentialAction":[{"@type":"SearchAction","target":{"@type":"EntryPoint","urlTemplate":"https:\/\/www.frisbigolfbudin.is\/?s={search_term_string}"},"query-input":{"@type":"PropertyValueSpecification","valueRequired":true,"valueName":"search_term_string"}}],"inLanguage":"en-US"},{"@type":"Organization","@id":"https:\/\/www.frisbigolfbudin.is\/#organization","name":"Allt fyrir frisb\u00edgolf \u00ed 20 \u00e1r","url":"https:\/\/www.frisbigolfbudin.is\/","logo":{"@type":"ImageObject","inLanguage":"en-US","@id":"https:\/\/www.frisbigolfbudin.is\/#\/schema\/logo\/image\/","url":"https:\/\/www.frisbigolfbudin.is\/wp-content\/uploads\/2024\/04\/Frisbigolfbudin_logo_300x107.png","contentUrl":"https:\/\/www.frisbigolfbudin.is\/wp-content\/uploads\/2024\/04\/Frisbigolfbudin_logo_300x107.png","width":300,"height":107,"caption":"Allt fyrir frisb\u00edgolf \u00ed 20 \u00e1r"},"image":{"@id":"https:\/\/www.frisbigolfbudin.is\/#\/schema\/logo\/image\/"},"sameAs":["https:\/\/www.facebook.com\/Frisbigolfbudin.is"]}]}},"_links":{"self":[{"href":"https:\/\/www.frisbigolfbudin.is\/en\/wp-json\/wp\/v2\/product\/26590","targetHints":{"allow":["GET"]}}],"collection":[{"href":"https:\/\/www.frisbigolfbudin.is\/en\/wp-json\/wp\/v2\/product"}],"about":[{"href":"https:\/\/www.frisbigolfbudin.is\/en\/wp-json\/wp\/v2\/types\/product"}],"wp:featuredmedia":[{"embeddable":true,"href":"https:\/\/www.frisbigolfbudin.is\/en\/wp-json\/wp\/v2\/media\/26591"}],"wp:attachment":[{"href":"https:\/\/www.frisbigolfbudin.is\/en\/wp-json\/wp\/v2\/media?parent=26590"}],"wp:term":[{"taxonomy":"product_brand","embeddable":true,"href":"https:\/\/www.frisbigolfbudin.is\/en\/wp-json\/wp\/v2\/product_brand?post=26590"},{"taxonomy":"product_cat","embeddable":true,"href":"https:\/\/www.frisbigolfbudin.is\/en\/wp-json\/wp\/v2\/product_cat?post=26590"},{"taxonomy":"product_tag","embeddable":true,"href":"https:\/\/www.frisbigolfbudin.is\/en\/wp-json\/wp\/v2\/product_tag?post=26590"}],"curies":[{"name":"wp","href":"https:\/\/api.w.org\/{rel}","templated":true}]}}