{"id":26623,"date":"2025-11-13T13:08:25","date_gmt":"2025-11-13T13:08:25","guid":{"rendered":"https:\/\/www.frisbigolfbudin.is\/?post_type=product&#038;p=26623"},"modified":"2025-11-13T13:16:35","modified_gmt":"2025-11-13T13:16:35","slug":"scorch-glow-mega","status":"publish","type":"product","link":"https:\/\/www.frisbigolfbudin.is\/en\/product\/scorch-glow-mega\/","title":{"rendered":"scorch Glow Mega"},"content":{"rendered":"<p><strong data-start=\"137\" data-end=\"196\">Scorch\u202fMega\u202fGlo \u2013 sj\u00e1\u00f0u diskinn flj\u00faga \u00ed myrkrinu.<\/strong><br data-start=\"196\" data-end=\"199\" \/>\u00deessi distance\u2011driver sameinar miki\u00f0 glide, \u00f6rl\u00edti\u00f0 turn og kraftmikinn fade (Speed\u202f11 \u00b7 Glide\u202f6 \u00b7 Turn\u202f\u20112 \u00b7 Fade\u202f2) fyrir \u00e1rei\u00f0anlegt flug. Me\u00f0 \u201eMega\u202fGlo\u201c plasti f\u00e6r\u00f0u gott grip, endingu og fr\u00e1b\u00e6rt glow \u2014 fullkominn frisb\u00edgolfdiskur fyrir kv\u00f6ldkast.<\/p>\n","protected":false},"excerpt":{"rendered":"<p>Scorch\u202fMega\u202fGlo \u2013 sj\u00e1\u00f0u diskinn flj\u00faga \u00ed myrkrinu.\u00deessi distance\u2011driver sameinar miki\u00f0 glide, \u00f6rl\u00edti\u00f0 turn og kraftmikinn fade (Speed\u202f11 \u00b7 Glide\u202f6 \u00b7 Turn\u202f\u20112 \u00b7 Fade\u202f2) fyrir \u00e1rei\u00f0anlegt flug. Me\u00f0 \u201eMega\u202fGlo\u201c plasti f\u00e6r\u00f0u gott grip, endingu og fr\u00e1b\u00e6rt glow \u2014 fullkominn frisb\u00edgolfdiskur fyrir kv\u00f6ldkast.<\/p>\n","protected":false},"featured_media":26625,"template":"","meta":[],"product_brand":[],"product_cat":[372,373,391],"product_tag":[],"class_list":{"0":"post-26623","1":"product","2":"type-product","3":"status-publish","4":"has-post-thumbnail","6":"product_cat-4-langir-driverar","7":"product_cat-discraft","8":"product_cat-glow-diskar","10":"first","11":"instock","12":"taxable","13":"shipping-taxable","14":"purchasable","15":"product-type-simple"},"yoast_head":"<!-- This site is optimized with the Yoast SEO plugin v27.5 - https:\/\/yoast.com\/product\/yoast-seo-wordpress\/ -->\n<title>scorch Glow Mega - Frisb&iacute;golfb&uacute;&eth;in &iacute; 20 &aacute;r<\/title>\n<meta name=\"robots\" content=\"index, follow, max-snippet:-1, max-image-preview:large, max-video-preview:-1\" \/>\n<link rel=\"canonical\" href=\"https:\/\/www.frisbigolfbudin.is\/vara\/scorch-glow-mega\/\" \/>\n<meta property=\"og:locale\" content=\"en_US\" \/>\n<meta property=\"og:type\" content=\"article\" \/>\n<meta property=\"og:title\" content=\"scorch Glow Mega - Frisb&iacute;golfb&uacute;&eth;in &iacute; 20 &aacute;r\" \/>\n<meta property=\"og:description\" content=\"Scorch\u202fMega\u202fGlo \u2013 sj\u00e1\u00f0u diskinn flj\u00faga \u00ed myrkrinu.\u00deessi distance\u2011driver sameinar miki\u00f0 glide, \u00f6rl\u00edti\u00f0 turn og kraftmikinn fade (Speed\u202f11 \u00b7 Glide\u202f6 \u00b7 Turn\u202f\u20112 \u00b7 Fade\u202f2) fyrir \u00e1rei\u00f0anlegt flug. Me\u00f0 \u201eMega\u202fGlo\u201c plasti f\u00e6r\u00f0u gott grip, endingu og fr\u00e1b\u00e6rt glow \u2014 fullkominn frisb\u00edgolfdiskur fyrir kv\u00f6ldkast.\" \/>\n<meta property=\"og:url\" content=\"https:\/\/www.frisbigolfbudin.is\/vara\/scorch-glow-mega\/\" \/>\n<meta property=\"og:site_name\" content=\"Frisb&iacute;golfb&uacute;&eth;in &iacute; 20 &aacute;r\" \/>\n<meta property=\"article:publisher\" content=\"https:\/\/www.facebook.com\/Frisbigolfbudin.is\" \/>\n<meta property=\"article:modified_time\" content=\"2025-11-13T13:16:35+00:00\" \/>\n<meta property=\"og:image\" content=\"https:\/\/www.frisbigolfbudin.is\/wp-content\/uploads\/2025\/11\/megaglozscorch__0003_s.mg_.scorch-1.png\" \/>\n\t<meta property=\"og:image:width\" content=\"1024\" \/>\n\t<meta property=\"og:image:height\" content=\"1024\" \/>\n\t<meta property=\"og:image:type\" content=\"image\/png\" \/>\n<meta name=\"twitter:card\" content=\"summary_large_image\" \/>\n<meta name=\"twitter:label1\" content=\"Est. reading time\" \/>\n\t<meta name=\"twitter:data1\" content=\"1 minute\" \/>\n<script type=\"application\/ld+json\" class=\"yoast-schema-graph\">{\"@context\":\"https:\\\/\\\/schema.org\",\"@graph\":[{\"@type\":\"WebPage\",\"@id\":\"https:\\\/\\\/www.frisbigolfbudin.is\\\/vara\\\/scorch-glow-mega\\\/\",\"url\":\"https:\\\/\\\/www.frisbigolfbudin.is\\\/vara\\\/scorch-glow-mega\\\/\",\"name\":\"scorch Glow Mega - Frisb&iacute;golfb&uacute;&eth;in &iacute; 20 &aacute;r\",\"isPartOf\":{\"@id\":\"https:\\\/\\\/www.frisbigolfbudin.is\\\/#website\"},\"primaryImageOfPage\":{\"@id\":\"https:\\\/\\\/www.frisbigolfbudin.is\\\/vara\\\/scorch-glow-mega\\\/#primaryimage\"},\"image\":{\"@id\":\"https:\\\/\\\/www.frisbigolfbudin.is\\\/vara\\\/scorch-glow-mega\\\/#primaryimage\"},\"thumbnailUrl\":\"https:\\\/\\\/www.frisbigolfbudin.is\\\/wp-content\\\/uploads\\\/2025\\\/11\\\/megaglozscorch__0003_s.mg_.scorch-1.png\",\"datePublished\":\"2025-11-13T13:08:25+00:00\",\"dateModified\":\"2025-11-13T13:16:35+00:00\",\"breadcrumb\":{\"@id\":\"https:\\\/\\\/www.frisbigolfbudin.is\\\/vara\\\/scorch-glow-mega\\\/#breadcrumb\"},\"inLanguage\":\"en-US\",\"potentialAction\":[{\"@type\":\"ReadAction\",\"target\":[\"https:\\\/\\\/www.frisbigolfbudin.is\\\/vara\\\/scorch-glow-mega\\\/\"]}]},{\"@type\":\"ImageObject\",\"inLanguage\":\"en-US\",\"@id\":\"https:\\\/\\\/www.frisbigolfbudin.is\\\/vara\\\/scorch-glow-mega\\\/#primaryimage\",\"url\":\"https:\\\/\\\/www.frisbigolfbudin.is\\\/wp-content\\\/uploads\\\/2025\\\/11\\\/megaglozscorch__0003_s.mg_.scorch-1.png\",\"contentUrl\":\"https:\\\/\\\/www.frisbigolfbudin.is\\\/wp-content\\\/uploads\\\/2025\\\/11\\\/megaglozscorch__0003_s.mg_.scorch-1.png\",\"width\":1024,\"height\":1024},{\"@type\":\"BreadcrumbList\",\"@id\":\"https:\\\/\\\/www.frisbigolfbudin.is\\\/vara\\\/scorch-glow-mega\\\/#breadcrumb\",\"itemListElement\":[{\"@type\":\"ListItem\",\"position\":1,\"name\":\"Home\",\"item\":\"https:\\\/\\\/www.frisbigolfbudin.is\\\/\"},{\"@type\":\"ListItem\",\"position\":2,\"name\":\"Shop\",\"item\":\"https:\\\/\\\/vorulagerinn.is\\\/frisbigolfbudin\\\/en\\\/shop\\\/\"},{\"@type\":\"ListItem\",\"position\":3,\"name\":\"scorch Glow Mega\"}]},{\"@type\":\"WebSite\",\"@id\":\"https:\\\/\\\/www.frisbigolfbudin.is\\\/#website\",\"url\":\"https:\\\/\\\/www.frisbigolfbudin.is\\\/\",\"name\":\"Frisb\u00edgolfb\u00fa\u00f0in\",\"description\":\"Allt fyrir frisb&iacute;golf. Diskar, t&ouml;skur, k&ouml;rfur og fylgihlutir\",\"publisher\":{\"@id\":\"https:\\\/\\\/www.frisbigolfbudin.is\\\/#organization\"},\"potentialAction\":[{\"@type\":\"SearchAction\",\"target\":{\"@type\":\"EntryPoint\",\"urlTemplate\":\"https:\\\/\\\/www.frisbigolfbudin.is\\\/?s={search_term_string}\"},\"query-input\":{\"@type\":\"PropertyValueSpecification\",\"valueRequired\":true,\"valueName\":\"search_term_string\"}}],\"inLanguage\":\"en-US\"},{\"@type\":\"Organization\",\"@id\":\"https:\\\/\\\/www.frisbigolfbudin.is\\\/#organization\",\"name\":\"Allt fyrir frisb\u00edgolf \u00ed 20 \u00e1r\",\"url\":\"https:\\\/\\\/www.frisbigolfbudin.is\\\/\",\"logo\":{\"@type\":\"ImageObject\",\"inLanguage\":\"en-US\",\"@id\":\"https:\\\/\\\/www.frisbigolfbudin.is\\\/#\\\/schema\\\/logo\\\/image\\\/\",\"url\":\"https:\\\/\\\/www.frisbigolfbudin.is\\\/wp-content\\\/uploads\\\/2024\\\/04\\\/Frisbigolfbudin_logo_300x107.png\",\"contentUrl\":\"https:\\\/\\\/www.frisbigolfbudin.is\\\/wp-content\\\/uploads\\\/2024\\\/04\\\/Frisbigolfbudin_logo_300x107.png\",\"width\":300,\"height\":107,\"caption\":\"Allt fyrir frisb\u00edgolf \u00ed 20 \u00e1r\"},\"image\":{\"@id\":\"https:\\\/\\\/www.frisbigolfbudin.is\\\/#\\\/schema\\\/logo\\\/image\\\/\"},\"sameAs\":[\"https:\\\/\\\/www.facebook.com\\\/Frisbigolfbudin.is\"]}]}<\/script>\n<!-- \/ Yoast SEO plugin. -->","yoast_head_json":{"title":"scorch Glow Mega - Frisb&iacute;golfb&uacute;&eth;in &iacute; 20 &aacute;r","robots":{"index":"index","follow":"follow","max-snippet":"max-snippet:-1","max-image-preview":"max-image-preview:large","max-video-preview":"max-video-preview:-1"},"canonical":"https:\/\/www.frisbigolfbudin.is\/vara\/scorch-glow-mega\/","og_locale":"en_US","og_type":"article","og_title":"scorch Glow Mega - Frisb&iacute;golfb&uacute;&eth;in &iacute; 20 &aacute;r","og_description":"Scorch\u202fMega\u202fGlo \u2013 sj\u00e1\u00f0u diskinn flj\u00faga \u00ed myrkrinu.\u00deessi distance\u2011driver sameinar miki\u00f0 glide, \u00f6rl\u00edti\u00f0 turn og kraftmikinn fade (Speed\u202f11 \u00b7 Glide\u202f6 \u00b7 Turn\u202f\u20112 \u00b7 Fade\u202f2) fyrir \u00e1rei\u00f0anlegt flug. Me\u00f0 \u201eMega\u202fGlo\u201c plasti f\u00e6r\u00f0u gott grip, endingu og fr\u00e1b\u00e6rt glow \u2014 fullkominn frisb\u00edgolfdiskur fyrir kv\u00f6ldkast.","og_url":"https:\/\/www.frisbigolfbudin.is\/vara\/scorch-glow-mega\/","og_site_name":"Frisb&iacute;golfb&uacute;&eth;in &iacute; 20 &aacute;r","article_publisher":"https:\/\/www.facebook.com\/Frisbigolfbudin.is","article_modified_time":"2025-11-13T13:16:35+00:00","og_image":[{"width":1024,"height":1024,"url":"https:\/\/www.frisbigolfbudin.is\/wp-content\/uploads\/2025\/11\/megaglozscorch__0003_s.mg_.scorch-1.png","type":"image\/png"}],"twitter_card":"summary_large_image","twitter_misc":{"Est. reading time":"1 minute"},"schema":{"@context":"https:\/\/schema.org","@graph":[{"@type":"WebPage","@id":"https:\/\/www.frisbigolfbudin.is\/vara\/scorch-glow-mega\/","url":"https:\/\/www.frisbigolfbudin.is\/vara\/scorch-glow-mega\/","name":"scorch Glow Mega - Frisb&iacute;golfb&uacute;&eth;in &iacute; 20 &aacute;r","isPartOf":{"@id":"https:\/\/www.frisbigolfbudin.is\/#website"},"primaryImageOfPage":{"@id":"https:\/\/www.frisbigolfbudin.is\/vara\/scorch-glow-mega\/#primaryimage"},"image":{"@id":"https:\/\/www.frisbigolfbudin.is\/vara\/scorch-glow-mega\/#primaryimage"},"thumbnailUrl":"https:\/\/www.frisbigolfbudin.is\/wp-content\/uploads\/2025\/11\/megaglozscorch__0003_s.mg_.scorch-1.png","datePublished":"2025-11-13T13:08:25+00:00","dateModified":"2025-11-13T13:16:35+00:00","breadcrumb":{"@id":"https:\/\/www.frisbigolfbudin.is\/vara\/scorch-glow-mega\/#breadcrumb"},"inLanguage":"en-US","potentialAction":[{"@type":"ReadAction","target":["https:\/\/www.frisbigolfbudin.is\/vara\/scorch-glow-mega\/"]}]},{"@type":"ImageObject","inLanguage":"en-US","@id":"https:\/\/www.frisbigolfbudin.is\/vara\/scorch-glow-mega\/#primaryimage","url":"https:\/\/www.frisbigolfbudin.is\/wp-content\/uploads\/2025\/11\/megaglozscorch__0003_s.mg_.scorch-1.png","contentUrl":"https:\/\/www.frisbigolfbudin.is\/wp-content\/uploads\/2025\/11\/megaglozscorch__0003_s.mg_.scorch-1.png","width":1024,"height":1024},{"@type":"BreadcrumbList","@id":"https:\/\/www.frisbigolfbudin.is\/vara\/scorch-glow-mega\/#breadcrumb","itemListElement":[{"@type":"ListItem","position":1,"name":"Home","item":"https:\/\/www.frisbigolfbudin.is\/"},{"@type":"ListItem","position":2,"name":"Shop","item":"https:\/\/vorulagerinn.is\/frisbigolfbudin\/en\/shop\/"},{"@type":"ListItem","position":3,"name":"scorch Glow Mega"}]},{"@type":"WebSite","@id":"https:\/\/www.frisbigolfbudin.is\/#website","url":"https:\/\/www.frisbigolfbudin.is\/","name":"Frisb\u00edgolfb\u00fa\u00f0in","description":"Allt fyrir frisb&iacute;golf. Diskar, t&ouml;skur, k&ouml;rfur og fylgihlutir","publisher":{"@id":"https:\/\/www.frisbigolfbudin.is\/#organization"},"potentialAction":[{"@type":"SearchAction","target":{"@type":"EntryPoint","urlTemplate":"https:\/\/www.frisbigolfbudin.is\/?s={search_term_string}"},"query-input":{"@type":"PropertyValueSpecification","valueRequired":true,"valueName":"search_term_string"}}],"inLanguage":"en-US"},{"@type":"Organization","@id":"https:\/\/www.frisbigolfbudin.is\/#organization","name":"Allt fyrir frisb\u00edgolf \u00ed 20 \u00e1r","url":"https:\/\/www.frisbigolfbudin.is\/","logo":{"@type":"ImageObject","inLanguage":"en-US","@id":"https:\/\/www.frisbigolfbudin.is\/#\/schema\/logo\/image\/","url":"https:\/\/www.frisbigolfbudin.is\/wp-content\/uploads\/2024\/04\/Frisbigolfbudin_logo_300x107.png","contentUrl":"https:\/\/www.frisbigolfbudin.is\/wp-content\/uploads\/2024\/04\/Frisbigolfbudin_logo_300x107.png","width":300,"height":107,"caption":"Allt fyrir frisb\u00edgolf \u00ed 20 \u00e1r"},"image":{"@id":"https:\/\/www.frisbigolfbudin.is\/#\/schema\/logo\/image\/"},"sameAs":["https:\/\/www.facebook.com\/Frisbigolfbudin.is"]}]}},"_links":{"self":[{"href":"https:\/\/www.frisbigolfbudin.is\/en\/wp-json\/wp\/v2\/product\/26623","targetHints":{"allow":["GET"]}}],"collection":[{"href":"https:\/\/www.frisbigolfbudin.is\/en\/wp-json\/wp\/v2\/product"}],"about":[{"href":"https:\/\/www.frisbigolfbudin.is\/en\/wp-json\/wp\/v2\/types\/product"}],"wp:featuredmedia":[{"embeddable":true,"href":"https:\/\/www.frisbigolfbudin.is\/en\/wp-json\/wp\/v2\/media\/26625"}],"wp:attachment":[{"href":"https:\/\/www.frisbigolfbudin.is\/en\/wp-json\/wp\/v2\/media?parent=26623"}],"wp:term":[{"taxonomy":"product_brand","embeddable":true,"href":"https:\/\/www.frisbigolfbudin.is\/en\/wp-json\/wp\/v2\/product_brand?post=26623"},{"taxonomy":"product_cat","embeddable":true,"href":"https:\/\/www.frisbigolfbudin.is\/en\/wp-json\/wp\/v2\/product_cat?post=26623"},{"taxonomy":"product_tag","embeddable":true,"href":"https:\/\/www.frisbigolfbudin.is\/en\/wp-json\/wp\/v2\/product_tag?post=26623"}],"curies":[{"name":"wp","href":"https:\/\/api.w.org\/{rel}","templated":true}]}}