{"id":26631,"date":"2025-11-13T13:24:36","date_gmt":"2025-11-13T13:24:36","guid":{"rendered":"https:\/\/www.frisbigolfbudin.is\/?post_type=product&#038;p=26631"},"modified":"2025-11-13T13:28:42","modified_gmt":"2025-11-13T13:28:42","slug":"aviar-3-glow-evelina-salonen-tour-series","status":"publish","type":"product","link":"https:\/\/www.frisbigolfbudin.is\/en\/product\/aviar-3-glow-evelina-salonen-tour-series\/","title":{"rendered":"Aviar 3 Glow Evelina Salonen Tour series"},"content":{"rendered":"<p><strong data-start=\"147\" data-end=\"193\">Aviar3 \u2013 Eveliina Salonen Tour Series 2025<\/strong><br data-start=\"193\" data-end=\"196\" \/>\u00deessi frisb\u00edgolfdiskur er hanna\u00f0ur fyrir n\u00e1kv\u00e6m drive og stutt flug. Me\u00f0 flugt\u00f6lunum <strong data-start=\"281\" data-end=\"320\">Speed\u202f3 \u00b7 Glide\u202f2 \u00b7 Turn\u202f0 \u00b7 Fade\u202f2<\/strong> fylgir diskurinn l\u00ednunni \u00feinni fallega og fl\u00fdgur beint \u00fear sem \u00fe\u00fa vilt. Proto Glow Halo Star plasti\u00f0 skilar fr\u00e1b\u00e6ru gripi, endingu og s\u00fdnileika, jafnvel \u00feegar birtan er l\u00edtil.<\/p>\n","protected":false},"excerpt":{"rendered":"<p>Aviar3 \u2013 Eveliina Salonen Tour Series 2025\u00deessi frisb\u00edgolfdiskur er hanna\u00f0ur fyrir n\u00e1kv\u00e6m drive og stutt flug. Me\u00f0 flugt\u00f6lunum Speed\u202f3 \u00b7 Glide\u202f2 \u00b7 Turn\u202f0 \u00b7 Fade\u202f2 fylgir diskurinn l\u00ednunni \u00feinni fallega og fl\u00fdgur beint \u00fear sem \u00fe\u00fa vilt. Proto Glow Halo Star plasti\u00f0 skilar fr\u00e1b\u00e6ru gripi, endingu og s\u00fdnileika, jafnvel \u00feegar birtan er l\u00edtil.<\/p>\n","protected":false},"featured_media":26632,"template":"","meta":[],"product_brand":[],"product_cat":[371,391,370],"product_tag":[],"class_list":{"0":"post-26631","1":"product","2":"type-product","3":"status-publish","4":"has-post-thumbnail","6":"product_cat-1-putterar","7":"product_cat-glow-diskar","8":"product_cat-innova","10":"first","11":"instock","12":"taxable","13":"shipping-taxable","14":"purchasable","15":"product-type-simple"},"yoast_head":"<!-- This site is optimized with the Yoast SEO plugin v27.5 - https:\/\/yoast.com\/product\/yoast-seo-wordpress\/ -->\n<title>Aviar 3 Glow Evelina Salonen Tour series - Frisb&iacute;golfb&uacute;&eth;in &iacute; 20 &aacute;r<\/title>\n<meta name=\"robots\" content=\"index, follow, max-snippet:-1, max-image-preview:large, max-video-preview:-1\" \/>\n<link rel=\"canonical\" href=\"https:\/\/www.frisbigolfbudin.is\/vara\/aviar-3-glow-evelina-salonen-tour-series\/\" \/>\n<meta property=\"og:locale\" content=\"en_US\" \/>\n<meta property=\"og:type\" content=\"article\" \/>\n<meta property=\"og:title\" content=\"Aviar 3 Glow Evelina Salonen Tour series - Frisb&iacute;golfb&uacute;&eth;in &iacute; 20 &aacute;r\" \/>\n<meta property=\"og:description\" content=\"Aviar3 \u2013 Eveliina Salonen Tour Series 2025\u00deessi frisb\u00edgolfdiskur er hanna\u00f0ur fyrir n\u00e1kv\u00e6m drive og stutt flug. Me\u00f0 flugt\u00f6lunum Speed\u202f3 \u00b7 Glide\u202f2 \u00b7 Turn\u202f0 \u00b7 Fade\u202f2 fylgir diskurinn l\u00ednunni \u00feinni fallega og fl\u00fdgur beint \u00fear sem \u00fe\u00fa vilt. Proto Glow Halo Star plasti\u00f0 skilar fr\u00e1b\u00e6ru gripi, endingu og s\u00fdnileika, jafnvel \u00feegar birtan er l\u00edtil.\" \/>\n<meta property=\"og:url\" content=\"https:\/\/www.frisbigolfbudin.is\/vara\/aviar-3-glow-evelina-salonen-tour-series\/\" \/>\n<meta property=\"og:site_name\" content=\"Frisb&iacute;golfb&uacute;&eth;in &iacute; 20 &aacute;r\" \/>\n<meta property=\"article:publisher\" content=\"https:\/\/www.facebook.com\/Frisbigolfbudin.is\" \/>\n<meta property=\"article:modified_time\" content=\"2025-11-13T13:28:42+00:00\" \/>\n<meta property=\"og:image\" content=\"https:\/\/www.frisbigolfbudin.is\/wp-content\/uploads\/2025\/11\/Proto-Glow-Halo-Star-Aviar3-2025-Eveliina-Salonen-Tour-Series-Innova-3.webp\" \/>\n\t<meta property=\"og:image:width\" content=\"1214\" \/>\n\t<meta property=\"og:image:height\" content=\"1223\" \/>\n\t<meta property=\"og:image:type\" content=\"image\/webp\" \/>\n<meta name=\"twitter:card\" content=\"summary_large_image\" \/>\n<meta name=\"twitter:label1\" content=\"Est. reading time\" \/>\n\t<meta name=\"twitter:data1\" content=\"1 minute\" \/>\n<script type=\"application\/ld+json\" class=\"yoast-schema-graph\">{\"@context\":\"https:\\\/\\\/schema.org\",\"@graph\":[{\"@type\":\"WebPage\",\"@id\":\"https:\\\/\\\/www.frisbigolfbudin.is\\\/vara\\\/aviar-3-glow-evelina-salonen-tour-series\\\/\",\"url\":\"https:\\\/\\\/www.frisbigolfbudin.is\\\/vara\\\/aviar-3-glow-evelina-salonen-tour-series\\\/\",\"name\":\"Aviar 3 Glow Evelina Salonen Tour series - Frisb&iacute;golfb&uacute;&eth;in &iacute; 20 &aacute;r\",\"isPartOf\":{\"@id\":\"https:\\\/\\\/www.frisbigolfbudin.is\\\/#website\"},\"primaryImageOfPage\":{\"@id\":\"https:\\\/\\\/www.frisbigolfbudin.is\\\/vara\\\/aviar-3-glow-evelina-salonen-tour-series\\\/#primaryimage\"},\"image\":{\"@id\":\"https:\\\/\\\/www.frisbigolfbudin.is\\\/vara\\\/aviar-3-glow-evelina-salonen-tour-series\\\/#primaryimage\"},\"thumbnailUrl\":\"https:\\\/\\\/www.frisbigolfbudin.is\\\/wp-content\\\/uploads\\\/2025\\\/11\\\/Proto-Glow-Halo-Star-Aviar3-2025-Eveliina-Salonen-Tour-Series-Innova-3.webp\",\"datePublished\":\"2025-11-13T13:24:36+00:00\",\"dateModified\":\"2025-11-13T13:28:42+00:00\",\"breadcrumb\":{\"@id\":\"https:\\\/\\\/www.frisbigolfbudin.is\\\/vara\\\/aviar-3-glow-evelina-salonen-tour-series\\\/#breadcrumb\"},\"inLanguage\":\"en-US\",\"potentialAction\":[{\"@type\":\"ReadAction\",\"target\":[\"https:\\\/\\\/www.frisbigolfbudin.is\\\/vara\\\/aviar-3-glow-evelina-salonen-tour-series\\\/\"]}]},{\"@type\":\"ImageObject\",\"inLanguage\":\"en-US\",\"@id\":\"https:\\\/\\\/www.frisbigolfbudin.is\\\/vara\\\/aviar-3-glow-evelina-salonen-tour-series\\\/#primaryimage\",\"url\":\"https:\\\/\\\/www.frisbigolfbudin.is\\\/wp-content\\\/uploads\\\/2025\\\/11\\\/Proto-Glow-Halo-Star-Aviar3-2025-Eveliina-Salonen-Tour-Series-Innova-3.webp\",\"contentUrl\":\"https:\\\/\\\/www.frisbigolfbudin.is\\\/wp-content\\\/uploads\\\/2025\\\/11\\\/Proto-Glow-Halo-Star-Aviar3-2025-Eveliina-Salonen-Tour-Series-Innova-3.webp\",\"width\":1214,\"height\":1223},{\"@type\":\"BreadcrumbList\",\"@id\":\"https:\\\/\\\/www.frisbigolfbudin.is\\\/vara\\\/aviar-3-glow-evelina-salonen-tour-series\\\/#breadcrumb\",\"itemListElement\":[{\"@type\":\"ListItem\",\"position\":1,\"name\":\"Home\",\"item\":\"https:\\\/\\\/www.frisbigolfbudin.is\\\/\"},{\"@type\":\"ListItem\",\"position\":2,\"name\":\"Shop\",\"item\":\"https:\\\/\\\/vorulagerinn.is\\\/frisbigolfbudin\\\/en\\\/shop\\\/\"},{\"@type\":\"ListItem\",\"position\":3,\"name\":\"Aviar 3 Glow Evelina Salonen Tour series\"}]},{\"@type\":\"WebSite\",\"@id\":\"https:\\\/\\\/www.frisbigolfbudin.is\\\/#website\",\"url\":\"https:\\\/\\\/www.frisbigolfbudin.is\\\/\",\"name\":\"Frisb\u00edgolfb\u00fa\u00f0in\",\"description\":\"Allt fyrir frisb&iacute;golf. Diskar, t&ouml;skur, k&ouml;rfur og fylgihlutir\",\"publisher\":{\"@id\":\"https:\\\/\\\/www.frisbigolfbudin.is\\\/#organization\"},\"potentialAction\":[{\"@type\":\"SearchAction\",\"target\":{\"@type\":\"EntryPoint\",\"urlTemplate\":\"https:\\\/\\\/www.frisbigolfbudin.is\\\/?s={search_term_string}\"},\"query-input\":{\"@type\":\"PropertyValueSpecification\",\"valueRequired\":true,\"valueName\":\"search_term_string\"}}],\"inLanguage\":\"en-US\"},{\"@type\":\"Organization\",\"@id\":\"https:\\\/\\\/www.frisbigolfbudin.is\\\/#organization\",\"name\":\"Allt fyrir frisb\u00edgolf \u00ed 20 \u00e1r\",\"url\":\"https:\\\/\\\/www.frisbigolfbudin.is\\\/\",\"logo\":{\"@type\":\"ImageObject\",\"inLanguage\":\"en-US\",\"@id\":\"https:\\\/\\\/www.frisbigolfbudin.is\\\/#\\\/schema\\\/logo\\\/image\\\/\",\"url\":\"https:\\\/\\\/www.frisbigolfbudin.is\\\/wp-content\\\/uploads\\\/2024\\\/04\\\/Frisbigolfbudin_logo_300x107.png\",\"contentUrl\":\"https:\\\/\\\/www.frisbigolfbudin.is\\\/wp-content\\\/uploads\\\/2024\\\/04\\\/Frisbigolfbudin_logo_300x107.png\",\"width\":300,\"height\":107,\"caption\":\"Allt fyrir frisb\u00edgolf \u00ed 20 \u00e1r\"},\"image\":{\"@id\":\"https:\\\/\\\/www.frisbigolfbudin.is\\\/#\\\/schema\\\/logo\\\/image\\\/\"},\"sameAs\":[\"https:\\\/\\\/www.facebook.com\\\/Frisbigolfbudin.is\"]}]}<\/script>\n<!-- \/ Yoast SEO plugin. -->","yoast_head_json":{"title":"Aviar 3 Glow Evelina Salonen Tour series - Frisb&iacute;golfb&uacute;&eth;in &iacute; 20 &aacute;r","robots":{"index":"index","follow":"follow","max-snippet":"max-snippet:-1","max-image-preview":"max-image-preview:large","max-video-preview":"max-video-preview:-1"},"canonical":"https:\/\/www.frisbigolfbudin.is\/vara\/aviar-3-glow-evelina-salonen-tour-series\/","og_locale":"en_US","og_type":"article","og_title":"Aviar 3 Glow Evelina Salonen Tour series - Frisb&iacute;golfb&uacute;&eth;in &iacute; 20 &aacute;r","og_description":"Aviar3 \u2013 Eveliina Salonen Tour Series 2025\u00deessi frisb\u00edgolfdiskur er hanna\u00f0ur fyrir n\u00e1kv\u00e6m drive og stutt flug. Me\u00f0 flugt\u00f6lunum Speed\u202f3 \u00b7 Glide\u202f2 \u00b7 Turn\u202f0 \u00b7 Fade\u202f2 fylgir diskurinn l\u00ednunni \u00feinni fallega og fl\u00fdgur beint \u00fear sem \u00fe\u00fa vilt. Proto Glow Halo Star plasti\u00f0 skilar fr\u00e1b\u00e6ru gripi, endingu og s\u00fdnileika, jafnvel \u00feegar birtan er l\u00edtil.","og_url":"https:\/\/www.frisbigolfbudin.is\/vara\/aviar-3-glow-evelina-salonen-tour-series\/","og_site_name":"Frisb&iacute;golfb&uacute;&eth;in &iacute; 20 &aacute;r","article_publisher":"https:\/\/www.facebook.com\/Frisbigolfbudin.is","article_modified_time":"2025-11-13T13:28:42+00:00","og_image":[{"width":1214,"height":1223,"url":"https:\/\/www.frisbigolfbudin.is\/wp-content\/uploads\/2025\/11\/Proto-Glow-Halo-Star-Aviar3-2025-Eveliina-Salonen-Tour-Series-Innova-3.webp","type":"image\/webp"}],"twitter_card":"summary_large_image","twitter_misc":{"Est. reading time":"1 minute"},"schema":{"@context":"https:\/\/schema.org","@graph":[{"@type":"WebPage","@id":"https:\/\/www.frisbigolfbudin.is\/vara\/aviar-3-glow-evelina-salonen-tour-series\/","url":"https:\/\/www.frisbigolfbudin.is\/vara\/aviar-3-glow-evelina-salonen-tour-series\/","name":"Aviar 3 Glow Evelina Salonen Tour series - Frisb&iacute;golfb&uacute;&eth;in &iacute; 20 &aacute;r","isPartOf":{"@id":"https:\/\/www.frisbigolfbudin.is\/#website"},"primaryImageOfPage":{"@id":"https:\/\/www.frisbigolfbudin.is\/vara\/aviar-3-glow-evelina-salonen-tour-series\/#primaryimage"},"image":{"@id":"https:\/\/www.frisbigolfbudin.is\/vara\/aviar-3-glow-evelina-salonen-tour-series\/#primaryimage"},"thumbnailUrl":"https:\/\/www.frisbigolfbudin.is\/wp-content\/uploads\/2025\/11\/Proto-Glow-Halo-Star-Aviar3-2025-Eveliina-Salonen-Tour-Series-Innova-3.webp","datePublished":"2025-11-13T13:24:36+00:00","dateModified":"2025-11-13T13:28:42+00:00","breadcrumb":{"@id":"https:\/\/www.frisbigolfbudin.is\/vara\/aviar-3-glow-evelina-salonen-tour-series\/#breadcrumb"},"inLanguage":"en-US","potentialAction":[{"@type":"ReadAction","target":["https:\/\/www.frisbigolfbudin.is\/vara\/aviar-3-glow-evelina-salonen-tour-series\/"]}]},{"@type":"ImageObject","inLanguage":"en-US","@id":"https:\/\/www.frisbigolfbudin.is\/vara\/aviar-3-glow-evelina-salonen-tour-series\/#primaryimage","url":"https:\/\/www.frisbigolfbudin.is\/wp-content\/uploads\/2025\/11\/Proto-Glow-Halo-Star-Aviar3-2025-Eveliina-Salonen-Tour-Series-Innova-3.webp","contentUrl":"https:\/\/www.frisbigolfbudin.is\/wp-content\/uploads\/2025\/11\/Proto-Glow-Halo-Star-Aviar3-2025-Eveliina-Salonen-Tour-Series-Innova-3.webp","width":1214,"height":1223},{"@type":"BreadcrumbList","@id":"https:\/\/www.frisbigolfbudin.is\/vara\/aviar-3-glow-evelina-salonen-tour-series\/#breadcrumb","itemListElement":[{"@type":"ListItem","position":1,"name":"Home","item":"https:\/\/www.frisbigolfbudin.is\/"},{"@type":"ListItem","position":2,"name":"Shop","item":"https:\/\/vorulagerinn.is\/frisbigolfbudin\/en\/shop\/"},{"@type":"ListItem","position":3,"name":"Aviar 3 Glow Evelina Salonen Tour series"}]},{"@type":"WebSite","@id":"https:\/\/www.frisbigolfbudin.is\/#website","url":"https:\/\/www.frisbigolfbudin.is\/","name":"Frisb\u00edgolfb\u00fa\u00f0in","description":"Allt fyrir frisb&iacute;golf. Diskar, t&ouml;skur, k&ouml;rfur og fylgihlutir","publisher":{"@id":"https:\/\/www.frisbigolfbudin.is\/#organization"},"potentialAction":[{"@type":"SearchAction","target":{"@type":"EntryPoint","urlTemplate":"https:\/\/www.frisbigolfbudin.is\/?s={search_term_string}"},"query-input":{"@type":"PropertyValueSpecification","valueRequired":true,"valueName":"search_term_string"}}],"inLanguage":"en-US"},{"@type":"Organization","@id":"https:\/\/www.frisbigolfbudin.is\/#organization","name":"Allt fyrir frisb\u00edgolf \u00ed 20 \u00e1r","url":"https:\/\/www.frisbigolfbudin.is\/","logo":{"@type":"ImageObject","inLanguage":"en-US","@id":"https:\/\/www.frisbigolfbudin.is\/#\/schema\/logo\/image\/","url":"https:\/\/www.frisbigolfbudin.is\/wp-content\/uploads\/2024\/04\/Frisbigolfbudin_logo_300x107.png","contentUrl":"https:\/\/www.frisbigolfbudin.is\/wp-content\/uploads\/2024\/04\/Frisbigolfbudin_logo_300x107.png","width":300,"height":107,"caption":"Allt fyrir frisb\u00edgolf \u00ed 20 \u00e1r"},"image":{"@id":"https:\/\/www.frisbigolfbudin.is\/#\/schema\/logo\/image\/"},"sameAs":["https:\/\/www.facebook.com\/Frisbigolfbudin.is"]}]}},"_links":{"self":[{"href":"https:\/\/www.frisbigolfbudin.is\/en\/wp-json\/wp\/v2\/product\/26631","targetHints":{"allow":["GET"]}}],"collection":[{"href":"https:\/\/www.frisbigolfbudin.is\/en\/wp-json\/wp\/v2\/product"}],"about":[{"href":"https:\/\/www.frisbigolfbudin.is\/en\/wp-json\/wp\/v2\/types\/product"}],"wp:featuredmedia":[{"embeddable":true,"href":"https:\/\/www.frisbigolfbudin.is\/en\/wp-json\/wp\/v2\/media\/26632"}],"wp:attachment":[{"href":"https:\/\/www.frisbigolfbudin.is\/en\/wp-json\/wp\/v2\/media?parent=26631"}],"wp:term":[{"taxonomy":"product_brand","embeddable":true,"href":"https:\/\/www.frisbigolfbudin.is\/en\/wp-json\/wp\/v2\/product_brand?post=26631"},{"taxonomy":"product_cat","embeddable":true,"href":"https:\/\/www.frisbigolfbudin.is\/en\/wp-json\/wp\/v2\/product_cat?post=26631"},{"taxonomy":"product_tag","embeddable":true,"href":"https:\/\/www.frisbigolfbudin.is\/en\/wp-json\/wp\/v2\/product_tag?post=26631"}],"curies":[{"name":"wp","href":"https:\/\/api.w.org\/{rel}","templated":true}]}}