{"id":26639,"date":"2025-11-13T15:28:15","date_gmt":"2025-11-13T15:28:15","guid":{"rendered":"https:\/\/www.frisbigolfbudin.is\/?post_type=product&#038;p=26639"},"modified":"2026-03-10T13:09:14","modified_gmt":"2026-03-10T13:09:14","slug":"uv-ljos-3-led-spotlight","status":"publish","type":"product","link":"https:\/\/www.frisbigolfbudin.is\/en\/product\/uv-ljos-3-led-spotlight\/","title":{"rendered":"UV-lj\u00f3s 3 led spotlight"},"content":{"rendered":"<ul>\n<li>\n<div>\ud83d\udd26 <strong>3-LED UV Vasalj\u00f3s<\/strong> \u2013 \u00d3missandi fyrir N\u00e6turfrisb\u00edgolf!<\/div>\n<div>Viltu framlengja frisb\u00edgolft\u00edmabili\u00f0 fram \u00e1 kv\u00f6ld? \u00deetta \u00f6fluga 3 LED UV vasalj\u00f3s er fullkomi\u00f0 t\u00e6ki til a\u00f0 hla\u00f0a sj\u00e1lfl\u00fdsandi (glow) diska og tryggja a\u00f0 \u00feeir haldi birtu sinni lengi og minnkar l\u00edkur \u00e1 \u00fev\u00ed a\u00f0 t\u00fdna disk.<\/div>\n<div><\/div>\n<div>\ud83c\udfcc\ufe0f <strong>Hle\u00f0ur diskana \u00e1 sek\u00fandum:<\/strong><\/div>\n<div>\u00d6flugt Lj\u00f3s: 3 UV LED perur tryggja a\u00f0 diskarnir \u00fe\u00ednir hla\u00f0ist samstundis og ver\u00f0i lj\u00f3mandi sk\u00e6rir \u00ed myrkrinu.<\/div>\n<div><\/div>\n<div><strong>USB-C \u00de\u00e6gindi:<\/strong> Hladdu vasalj\u00f3si\u00f0 hvar sem er \u00e1n \u00feess a\u00f0 \u00feurfa auka rafhl\u00f6\u00f0ur. USB-C er hratt og \u00e1rei\u00f0anlegt, sem gerir \u00fea\u00f0 tilvali\u00f0 \u00e1 vellinum.<\/div>\n<div><\/div>\n<div><strong>Endingarg\u00f3\u00f0 H\u00f6nnun<\/strong>: Sterkur m\u00e1lmh\u00f3lkur (e\u00f0a samb\u00e6rilegt) sem \u00feolir a\u00f0 vera me\u00f0 \u00ed frisb\u00edgolft\u00f6skunni.<\/div>\n<div><\/div>\n<div><strong>mj\u00f6g bjart og \u00f6flugt lj\u00f3s.<\/strong><\/div>\n<\/li>\n<\/ul>\n","protected":false},"excerpt":{"rendered":"<p>\ud83d\udd26 3-LED UV Vasalj\u00f3s \u2013 \u00d3missandi fyrir N\u00e6turfrisb\u00edgolf! Viltu framlengja frisb\u00edgolft\u00edmabili\u00f0 fram \u00e1 kv\u00f6ld? \u00deetta \u00f6fluga 3 LED UV vasalj\u00f3s er fullkomi\u00f0 t\u00e6ki til a\u00f0 hla\u00f0a sj\u00e1lfl\u00fdsandi (glow) diska og tryggja a\u00f0 \u00feeir haldi birtu sinni lengi og minnkar l\u00edkur \u00e1 \u00fev\u00ed a\u00f0 t\u00fdna disk. \ud83c\udfcc\ufe0f Hle\u00f0ur diskana \u00e1 sek\u00fandum: \u00d6flugt Lj\u00f3s: 3 UV LED&#8230;<\/p>\n","protected":false},"featured_media":26641,"template":"","meta":[],"product_brand":[],"product_cat":[377,379,391,392],"product_tag":[],"class_list":{"0":"post-26639","1":"product","2":"type-product","3":"status-publish","4":"has-post-thumbnail","6":"product_cat-fylgihlutir","7":"product_cat-gjafahugmyndir","8":"product_cat-glow-diskar","9":"product_cat-vasaljos-uv-ljos","11":"first","12":"instock","13":"taxable","14":"shipping-taxable","15":"purchasable","16":"product-type-simple"},"yoast_head":"<!-- This site is optimized with the Yoast SEO plugin v27.4 - https:\/\/yoast.com\/product\/yoast-seo-wordpress\/ -->\n<title>UV-lj\u00f3s 3 led spotlight - Frisb&iacute;golfb&uacute;&eth;in &iacute; 20 &aacute;r<\/title>\n<meta name=\"robots\" content=\"index, follow, max-snippet:-1, max-image-preview:large, max-video-preview:-1\" \/>\n<link rel=\"canonical\" href=\"https:\/\/www.frisbigolfbudin.is\/vara\/uv-ljos-3-led-spotlight\/\" \/>\n<meta property=\"og:locale\" content=\"en_US\" \/>\n<meta property=\"og:type\" content=\"article\" \/>\n<meta property=\"og:title\" content=\"UV-lj\u00f3s 3 led spotlight - Frisb&iacute;golfb&uacute;&eth;in &iacute; 20 &aacute;r\" \/>\n<meta property=\"og:description\" content=\"\ud83d\udd26 3-LED UV Vasalj\u00f3s \u2013 \u00d3missandi fyrir N\u00e6turfrisb\u00edgolf! Viltu framlengja frisb\u00edgolft\u00edmabili\u00f0 fram \u00e1 kv\u00f6ld? \u00deetta \u00f6fluga 3 LED UV vasalj\u00f3s er fullkomi\u00f0 t\u00e6ki til a\u00f0 hla\u00f0a sj\u00e1lfl\u00fdsandi (glow) diska og tryggja a\u00f0 \u00feeir haldi birtu sinni lengi og minnkar l\u00edkur \u00e1 \u00fev\u00ed a\u00f0 t\u00fdna disk. \ud83c\udfcc\ufe0f Hle\u00f0ur diskana \u00e1 sek\u00fandum: \u00d6flugt Lj\u00f3s: 3 UV LED...\" \/>\n<meta property=\"og:url\" content=\"https:\/\/www.frisbigolfbudin.is\/vara\/uv-ljos-3-led-spotlight\/\" \/>\n<meta property=\"og:site_name\" content=\"Frisb&iacute;golfb&uacute;&eth;in &iacute; 20 &aacute;r\" \/>\n<meta property=\"article:publisher\" content=\"https:\/\/www.facebook.com\/Frisbigolfbudin.is\" \/>\n<meta property=\"article:modified_time\" content=\"2026-03-10T13:09:14+00:00\" \/>\n<meta property=\"og:image\" content=\"https:\/\/www.frisbigolfbudin.is\/wp-content\/uploads\/2025\/11\/3led-spotlight-uv-ljos.jpg\" \/>\n\t<meta property=\"og:image:width\" content=\"800\" \/>\n\t<meta property=\"og:image:height\" content=\"800\" \/>\n\t<meta property=\"og:image:type\" content=\"image\/jpeg\" \/>\n<meta name=\"twitter:card\" content=\"summary_large_image\" \/>\n<meta name=\"twitter:label1\" content=\"Est. reading time\" \/>\n\t<meta name=\"twitter:data1\" content=\"1 minute\" \/>\n<script type=\"application\/ld+json\" class=\"yoast-schema-graph\">{\"@context\":\"https:\\\/\\\/schema.org\",\"@graph\":[{\"@type\":\"WebPage\",\"@id\":\"https:\\\/\\\/www.frisbigolfbudin.is\\\/vara\\\/uv-ljos-3-led-spotlight\\\/\",\"url\":\"https:\\\/\\\/www.frisbigolfbudin.is\\\/vara\\\/uv-ljos-3-led-spotlight\\\/\",\"name\":\"UV-lj\u00f3s 3 led spotlight - Frisb&iacute;golfb&uacute;&eth;in &iacute; 20 &aacute;r\",\"isPartOf\":{\"@id\":\"https:\\\/\\\/www.frisbigolfbudin.is\\\/#website\"},\"primaryImageOfPage\":{\"@id\":\"https:\\\/\\\/www.frisbigolfbudin.is\\\/vara\\\/uv-ljos-3-led-spotlight\\\/#primaryimage\"},\"image\":{\"@id\":\"https:\\\/\\\/www.frisbigolfbudin.is\\\/vara\\\/uv-ljos-3-led-spotlight\\\/#primaryimage\"},\"thumbnailUrl\":\"https:\\\/\\\/www.frisbigolfbudin.is\\\/wp-content\\\/uploads\\\/2025\\\/11\\\/3led-spotlight-uv-ljos.jpg\",\"datePublished\":\"2025-11-13T15:28:15+00:00\",\"dateModified\":\"2026-03-10T13:09:14+00:00\",\"breadcrumb\":{\"@id\":\"https:\\\/\\\/www.frisbigolfbudin.is\\\/vara\\\/uv-ljos-3-led-spotlight\\\/#breadcrumb\"},\"inLanguage\":\"en-US\",\"potentialAction\":[{\"@type\":\"ReadAction\",\"target\":[\"https:\\\/\\\/www.frisbigolfbudin.is\\\/vara\\\/uv-ljos-3-led-spotlight\\\/\"]}]},{\"@type\":\"ImageObject\",\"inLanguage\":\"en-US\",\"@id\":\"https:\\\/\\\/www.frisbigolfbudin.is\\\/vara\\\/uv-ljos-3-led-spotlight\\\/#primaryimage\",\"url\":\"https:\\\/\\\/www.frisbigolfbudin.is\\\/wp-content\\\/uploads\\\/2025\\\/11\\\/3led-spotlight-uv-ljos.jpg\",\"contentUrl\":\"https:\\\/\\\/www.frisbigolfbudin.is\\\/wp-content\\\/uploads\\\/2025\\\/11\\\/3led-spotlight-uv-ljos.jpg\",\"width\":800,\"height\":800},{\"@type\":\"BreadcrumbList\",\"@id\":\"https:\\\/\\\/www.frisbigolfbudin.is\\\/vara\\\/uv-ljos-3-led-spotlight\\\/#breadcrumb\",\"itemListElement\":[{\"@type\":\"ListItem\",\"position\":1,\"name\":\"Home\",\"item\":\"https:\\\/\\\/www.frisbigolfbudin.is\\\/\"},{\"@type\":\"ListItem\",\"position\":2,\"name\":\"Shop\",\"item\":\"https:\\\/\\\/vorulagerinn.is\\\/frisbigolfbudin\\\/en\\\/shop\\\/\"},{\"@type\":\"ListItem\",\"position\":3,\"name\":\"UV-lj\u00f3s 3 led spotlight\"}]},{\"@type\":\"WebSite\",\"@id\":\"https:\\\/\\\/www.frisbigolfbudin.is\\\/#website\",\"url\":\"https:\\\/\\\/www.frisbigolfbudin.is\\\/\",\"name\":\"Frisb\u00edgolfb\u00fa\u00f0in\",\"description\":\"Allt fyrir frisb&iacute;golf. Diskar, t&ouml;skur, k&ouml;rfur og fylgihlutir\",\"publisher\":{\"@id\":\"https:\\\/\\\/www.frisbigolfbudin.is\\\/#organization\"},\"potentialAction\":[{\"@type\":\"SearchAction\",\"target\":{\"@type\":\"EntryPoint\",\"urlTemplate\":\"https:\\\/\\\/www.frisbigolfbudin.is\\\/?s={search_term_string}\"},\"query-input\":{\"@type\":\"PropertyValueSpecification\",\"valueRequired\":true,\"valueName\":\"search_term_string\"}}],\"inLanguage\":\"en-US\"},{\"@type\":\"Organization\",\"@id\":\"https:\\\/\\\/www.frisbigolfbudin.is\\\/#organization\",\"name\":\"Allt fyrir frisb\u00edgolf \u00ed 20 \u00e1r\",\"url\":\"https:\\\/\\\/www.frisbigolfbudin.is\\\/\",\"logo\":{\"@type\":\"ImageObject\",\"inLanguage\":\"en-US\",\"@id\":\"https:\\\/\\\/www.frisbigolfbudin.is\\\/#\\\/schema\\\/logo\\\/image\\\/\",\"url\":\"https:\\\/\\\/www.frisbigolfbudin.is\\\/wp-content\\\/uploads\\\/2024\\\/04\\\/Frisbigolfbudin_logo_300x107.png\",\"contentUrl\":\"https:\\\/\\\/www.frisbigolfbudin.is\\\/wp-content\\\/uploads\\\/2024\\\/04\\\/Frisbigolfbudin_logo_300x107.png\",\"width\":300,\"height\":107,\"caption\":\"Allt fyrir frisb\u00edgolf \u00ed 20 \u00e1r\"},\"image\":{\"@id\":\"https:\\\/\\\/www.frisbigolfbudin.is\\\/#\\\/schema\\\/logo\\\/image\\\/\"},\"sameAs\":[\"https:\\\/\\\/www.facebook.com\\\/Frisbigolfbudin.is\"]}]}<\/script>\n<!-- \/ Yoast SEO plugin. -->","yoast_head_json":{"title":"UV-lj\u00f3s 3 led spotlight - Frisb&iacute;golfb&uacute;&eth;in &iacute; 20 &aacute;r","robots":{"index":"index","follow":"follow","max-snippet":"max-snippet:-1","max-image-preview":"max-image-preview:large","max-video-preview":"max-video-preview:-1"},"canonical":"https:\/\/www.frisbigolfbudin.is\/vara\/uv-ljos-3-led-spotlight\/","og_locale":"en_US","og_type":"article","og_title":"UV-lj\u00f3s 3 led spotlight - Frisb&iacute;golfb&uacute;&eth;in &iacute; 20 &aacute;r","og_description":"\ud83d\udd26 3-LED UV Vasalj\u00f3s \u2013 \u00d3missandi fyrir N\u00e6turfrisb\u00edgolf! Viltu framlengja frisb\u00edgolft\u00edmabili\u00f0 fram \u00e1 kv\u00f6ld? \u00deetta \u00f6fluga 3 LED UV vasalj\u00f3s er fullkomi\u00f0 t\u00e6ki til a\u00f0 hla\u00f0a sj\u00e1lfl\u00fdsandi (glow) diska og tryggja a\u00f0 \u00feeir haldi birtu sinni lengi og minnkar l\u00edkur \u00e1 \u00fev\u00ed a\u00f0 t\u00fdna disk. \ud83c\udfcc\ufe0f Hle\u00f0ur diskana \u00e1 sek\u00fandum: \u00d6flugt Lj\u00f3s: 3 UV LED...","og_url":"https:\/\/www.frisbigolfbudin.is\/vara\/uv-ljos-3-led-spotlight\/","og_site_name":"Frisb&iacute;golfb&uacute;&eth;in &iacute; 20 &aacute;r","article_publisher":"https:\/\/www.facebook.com\/Frisbigolfbudin.is","article_modified_time":"2026-03-10T13:09:14+00:00","og_image":[{"width":800,"height":800,"url":"https:\/\/www.frisbigolfbudin.is\/wp-content\/uploads\/2025\/11\/3led-spotlight-uv-ljos.jpg","type":"image\/jpeg"}],"twitter_card":"summary_large_image","twitter_misc":{"Est. reading time":"1 minute"},"schema":{"@context":"https:\/\/schema.org","@graph":[{"@type":"WebPage","@id":"https:\/\/www.frisbigolfbudin.is\/vara\/uv-ljos-3-led-spotlight\/","url":"https:\/\/www.frisbigolfbudin.is\/vara\/uv-ljos-3-led-spotlight\/","name":"UV-lj\u00f3s 3 led spotlight - Frisb&iacute;golfb&uacute;&eth;in &iacute; 20 &aacute;r","isPartOf":{"@id":"https:\/\/www.frisbigolfbudin.is\/#website"},"primaryImageOfPage":{"@id":"https:\/\/www.frisbigolfbudin.is\/vara\/uv-ljos-3-led-spotlight\/#primaryimage"},"image":{"@id":"https:\/\/www.frisbigolfbudin.is\/vara\/uv-ljos-3-led-spotlight\/#primaryimage"},"thumbnailUrl":"https:\/\/www.frisbigolfbudin.is\/wp-content\/uploads\/2025\/11\/3led-spotlight-uv-ljos.jpg","datePublished":"2025-11-13T15:28:15+00:00","dateModified":"2026-03-10T13:09:14+00:00","breadcrumb":{"@id":"https:\/\/www.frisbigolfbudin.is\/vara\/uv-ljos-3-led-spotlight\/#breadcrumb"},"inLanguage":"en-US","potentialAction":[{"@type":"ReadAction","target":["https:\/\/www.frisbigolfbudin.is\/vara\/uv-ljos-3-led-spotlight\/"]}]},{"@type":"ImageObject","inLanguage":"en-US","@id":"https:\/\/www.frisbigolfbudin.is\/vara\/uv-ljos-3-led-spotlight\/#primaryimage","url":"https:\/\/www.frisbigolfbudin.is\/wp-content\/uploads\/2025\/11\/3led-spotlight-uv-ljos.jpg","contentUrl":"https:\/\/www.frisbigolfbudin.is\/wp-content\/uploads\/2025\/11\/3led-spotlight-uv-ljos.jpg","width":800,"height":800},{"@type":"BreadcrumbList","@id":"https:\/\/www.frisbigolfbudin.is\/vara\/uv-ljos-3-led-spotlight\/#breadcrumb","itemListElement":[{"@type":"ListItem","position":1,"name":"Home","item":"https:\/\/www.frisbigolfbudin.is\/"},{"@type":"ListItem","position":2,"name":"Shop","item":"https:\/\/vorulagerinn.is\/frisbigolfbudin\/en\/shop\/"},{"@type":"ListItem","position":3,"name":"UV-lj\u00f3s 3 led spotlight"}]},{"@type":"WebSite","@id":"https:\/\/www.frisbigolfbudin.is\/#website","url":"https:\/\/www.frisbigolfbudin.is\/","name":"Frisb\u00edgolfb\u00fa\u00f0in","description":"Allt fyrir frisb&iacute;golf. Diskar, t&ouml;skur, k&ouml;rfur og fylgihlutir","publisher":{"@id":"https:\/\/www.frisbigolfbudin.is\/#organization"},"potentialAction":[{"@type":"SearchAction","target":{"@type":"EntryPoint","urlTemplate":"https:\/\/www.frisbigolfbudin.is\/?s={search_term_string}"},"query-input":{"@type":"PropertyValueSpecification","valueRequired":true,"valueName":"search_term_string"}}],"inLanguage":"en-US"},{"@type":"Organization","@id":"https:\/\/www.frisbigolfbudin.is\/#organization","name":"Allt fyrir frisb\u00edgolf \u00ed 20 \u00e1r","url":"https:\/\/www.frisbigolfbudin.is\/","logo":{"@type":"ImageObject","inLanguage":"en-US","@id":"https:\/\/www.frisbigolfbudin.is\/#\/schema\/logo\/image\/","url":"https:\/\/www.frisbigolfbudin.is\/wp-content\/uploads\/2024\/04\/Frisbigolfbudin_logo_300x107.png","contentUrl":"https:\/\/www.frisbigolfbudin.is\/wp-content\/uploads\/2024\/04\/Frisbigolfbudin_logo_300x107.png","width":300,"height":107,"caption":"Allt fyrir frisb\u00edgolf \u00ed 20 \u00e1r"},"image":{"@id":"https:\/\/www.frisbigolfbudin.is\/#\/schema\/logo\/image\/"},"sameAs":["https:\/\/www.facebook.com\/Frisbigolfbudin.is"]}]}},"_links":{"self":[{"href":"https:\/\/www.frisbigolfbudin.is\/en\/wp-json\/wp\/v2\/product\/26639","targetHints":{"allow":["GET"]}}],"collection":[{"href":"https:\/\/www.frisbigolfbudin.is\/en\/wp-json\/wp\/v2\/product"}],"about":[{"href":"https:\/\/www.frisbigolfbudin.is\/en\/wp-json\/wp\/v2\/types\/product"}],"wp:featuredmedia":[{"embeddable":true,"href":"https:\/\/www.frisbigolfbudin.is\/en\/wp-json\/wp\/v2\/media\/26641"}],"wp:attachment":[{"href":"https:\/\/www.frisbigolfbudin.is\/en\/wp-json\/wp\/v2\/media?parent=26639"}],"wp:term":[{"taxonomy":"product_brand","embeddable":true,"href":"https:\/\/www.frisbigolfbudin.is\/en\/wp-json\/wp\/v2\/product_brand?post=26639"},{"taxonomy":"product_cat","embeddable":true,"href":"https:\/\/www.frisbigolfbudin.is\/en\/wp-json\/wp\/v2\/product_cat?post=26639"},{"taxonomy":"product_tag","embeddable":true,"href":"https:\/\/www.frisbigolfbudin.is\/en\/wp-json\/wp\/v2\/product_tag?post=26639"}],"curies":[{"name":"wp","href":"https:\/\/api.w.org\/{rel}","templated":true}]}}