{"id":26647,"date":"2025-11-13T15:34:39","date_gmt":"2025-11-13T15:34:39","guid":{"rendered":"https:\/\/www.frisbigolfbudin.is\/?post_type=product&#038;p=26647"},"modified":"2025-12-07T12:26:27","modified_gmt":"2025-12-07T12:26:27","slug":"uv-ljos-51-led","status":"publish","type":"product","link":"https:\/\/www.frisbigolfbudin.is\/en\/product\/uv-ljos-51-led\/","title":{"rendered":"UV-lj\u00f3s 51 led"},"content":{"rendered":"<h3>UV-Lj\u00f3s 51 LED UV.<\/h3>\n<p>&nbsp;<\/p>\n<ul>\n<li><b>Sterkt 51 LED Afl:<\/b> B\u00fd\u00f0ur upp \u00e1 fram\u00farskarandi birtu til a\u00f0 l\u00fdsa upp st\u00e6rri sv\u00e6\u00f0i og <b>hla\u00f0a sj\u00e1lfl\u00fdsandi frisb\u00ed diska<\/b> hratt og \u00f6rugglega.<\/li>\n<li><b>Endurhla\u00f0anlegt (USB-C):<\/b> Hle\u00f0st au\u00f0veldlega og hratt me\u00f0 <b>USB-C sn\u00faru (fylgir)<\/b>. \u00deetta \u00fe\u00fd\u00f0ir ekkert vesen me\u00f0 einnota rafhl\u00f6\u00f0ur, a\u00f0eins \u00fe\u00e6gindi.<\/li>\n<li><b>Sterk Bygging:<\/b> H\u00e1g\u00e6\u00f0a m\u00e1lmh\u00fas sem er gert til a\u00f0 \u00feola notkun utandyra.<\/li>\n<li><b>Bur\u00f0ar\u00f3l Fylgir:<\/b> \u00de\u00e6gileg \u00f3l gerir \u00fea\u00f0 au\u00f0velt a\u00f0 bera e\u00f0a festa vasalj\u00f3si\u00f0 \u00e1 me\u00f0an \u00fe\u00fa ert \u00e1 fer\u00f0inni.<\/li>\n<\/ul>\n<p>&nbsp;<\/p>\n<h3><\/h3>\n","protected":false},"excerpt":{"rendered":"<p>UV-Lj\u00f3s 51 LED UV. &nbsp; Sterkt 51 LED Afl: B\u00fd\u00f0ur upp \u00e1 fram\u00farskarandi birtu til a\u00f0 l\u00fdsa upp st\u00e6rri sv\u00e6\u00f0i og hla\u00f0a sj\u00e1lfl\u00fdsandi frisb\u00ed diska hratt og \u00f6rugglega. Endurhla\u00f0anlegt (USB-C): Hle\u00f0st au\u00f0veldlega og hratt me\u00f0 USB-C sn\u00faru (fylgir). \u00deetta \u00fe\u00fd\u00f0ir ekkert vesen me\u00f0 einnota rafhl\u00f6\u00f0ur, a\u00f0eins \u00fe\u00e6gindi. Sterk Bygging: H\u00e1g\u00e6\u00f0a m\u00e1lmh\u00fas sem er gert til&#8230;<\/p>\n","protected":false},"featured_media":26653,"template":"","meta":[],"product_brand":[],"product_cat":[377,379,391,392],"product_tag":[],"class_list":{"0":"post-26647","1":"product","2":"type-product","3":"status-publish","4":"has-post-thumbnail","6":"product_cat-fylgihlutir","7":"product_cat-gjafahugmyndir","8":"product_cat-glow-diskar","9":"product_cat-vasaljos-uv-ljos","11":"first","12":"instock","13":"taxable","14":"shipping-taxable","15":"purchasable","16":"product-type-simple"},"yoast_head":"<!-- This site is optimized with the Yoast SEO plugin v27.4 - https:\/\/yoast.com\/product\/yoast-seo-wordpress\/ -->\n<title>UV-lj\u00f3s 51 led - Frisb&iacute;golfb&uacute;&eth;in &iacute; 20 &aacute;r<\/title>\n<meta name=\"robots\" content=\"index, follow, max-snippet:-1, max-image-preview:large, max-video-preview:-1\" \/>\n<link rel=\"canonical\" href=\"https:\/\/www.frisbigolfbudin.is\/vara\/uv-ljos-51-led\/\" \/>\n<meta property=\"og:locale\" content=\"en_US\" \/>\n<meta property=\"og:type\" content=\"article\" \/>\n<meta property=\"og:title\" content=\"UV-lj\u00f3s 51 led - Frisb&iacute;golfb&uacute;&eth;in &iacute; 20 &aacute;r\" \/>\n<meta property=\"og:description\" content=\"UV-Lj\u00f3s 51 LED UV. &nbsp; Sterkt 51 LED Afl: B\u00fd\u00f0ur upp \u00e1 fram\u00farskarandi birtu til a\u00f0 l\u00fdsa upp st\u00e6rri sv\u00e6\u00f0i og hla\u00f0a sj\u00e1lfl\u00fdsandi frisb\u00ed diska hratt og \u00f6rugglega. Endurhla\u00f0anlegt (USB-C): Hle\u00f0st au\u00f0veldlega og hratt me\u00f0 USB-C sn\u00faru (fylgir). \u00deetta \u00fe\u00fd\u00f0ir ekkert vesen me\u00f0 einnota rafhl\u00f6\u00f0ur, a\u00f0eins \u00fe\u00e6gindi. Sterk Bygging: H\u00e1g\u00e6\u00f0a m\u00e1lmh\u00fas sem er gert til...\" \/>\n<meta property=\"og:url\" content=\"https:\/\/www.frisbigolfbudin.is\/vara\/uv-ljos-51-led\/\" \/>\n<meta property=\"og:site_name\" content=\"Frisb&iacute;golfb&uacute;&eth;in &iacute; 20 &aacute;r\" \/>\n<meta property=\"article:publisher\" content=\"https:\/\/www.facebook.com\/Frisbigolfbudin.is\" \/>\n<meta property=\"article:modified_time\" content=\"2025-12-07T12:26:27+00:00\" \/>\n<meta property=\"og:image\" content=\"https:\/\/www.frisbigolfbudin.is\/wp-content\/uploads\/2025\/11\/51-led-uv-ljos-3.png\" \/>\n\t<meta property=\"og:image:width\" content=\"593\" \/>\n\t<meta property=\"og:image:height\" content=\"499\" \/>\n\t<meta property=\"og:image:type\" content=\"image\/png\" \/>\n<meta name=\"twitter:card\" content=\"summary_large_image\" \/>\n<meta name=\"twitter:label1\" content=\"Est. reading time\" \/>\n\t<meta name=\"twitter:data1\" content=\"1 minute\" \/>\n<script type=\"application\/ld+json\" class=\"yoast-schema-graph\">{\"@context\":\"https:\\\/\\\/schema.org\",\"@graph\":[{\"@type\":\"WebPage\",\"@id\":\"https:\\\/\\\/www.frisbigolfbudin.is\\\/vara\\\/uv-ljos-51-led\\\/\",\"url\":\"https:\\\/\\\/www.frisbigolfbudin.is\\\/vara\\\/uv-ljos-51-led\\\/\",\"name\":\"UV-lj\u00f3s 51 led - Frisb&iacute;golfb&uacute;&eth;in &iacute; 20 &aacute;r\",\"isPartOf\":{\"@id\":\"https:\\\/\\\/www.frisbigolfbudin.is\\\/#website\"},\"primaryImageOfPage\":{\"@id\":\"https:\\\/\\\/www.frisbigolfbudin.is\\\/vara\\\/uv-ljos-51-led\\\/#primaryimage\"},\"image\":{\"@id\":\"https:\\\/\\\/www.frisbigolfbudin.is\\\/vara\\\/uv-ljos-51-led\\\/#primaryimage\"},\"thumbnailUrl\":\"https:\\\/\\\/www.frisbigolfbudin.is\\\/wp-content\\\/uploads\\\/2025\\\/11\\\/51-led-uv-ljos-3.png\",\"datePublished\":\"2025-11-13T15:34:39+00:00\",\"dateModified\":\"2025-12-07T12:26:27+00:00\",\"breadcrumb\":{\"@id\":\"https:\\\/\\\/www.frisbigolfbudin.is\\\/vara\\\/uv-ljos-51-led\\\/#breadcrumb\"},\"inLanguage\":\"en-US\",\"potentialAction\":[{\"@type\":\"ReadAction\",\"target\":[\"https:\\\/\\\/www.frisbigolfbudin.is\\\/vara\\\/uv-ljos-51-led\\\/\"]}]},{\"@type\":\"ImageObject\",\"inLanguage\":\"en-US\",\"@id\":\"https:\\\/\\\/www.frisbigolfbudin.is\\\/vara\\\/uv-ljos-51-led\\\/#primaryimage\",\"url\":\"https:\\\/\\\/www.frisbigolfbudin.is\\\/wp-content\\\/uploads\\\/2025\\\/11\\\/51-led-uv-ljos-3.png\",\"contentUrl\":\"https:\\\/\\\/www.frisbigolfbudin.is\\\/wp-content\\\/uploads\\\/2025\\\/11\\\/51-led-uv-ljos-3.png\",\"width\":593,\"height\":499},{\"@type\":\"BreadcrumbList\",\"@id\":\"https:\\\/\\\/www.frisbigolfbudin.is\\\/vara\\\/uv-ljos-51-led\\\/#breadcrumb\",\"itemListElement\":[{\"@type\":\"ListItem\",\"position\":1,\"name\":\"Home\",\"item\":\"https:\\\/\\\/www.frisbigolfbudin.is\\\/\"},{\"@type\":\"ListItem\",\"position\":2,\"name\":\"Shop\",\"item\":\"https:\\\/\\\/vorulagerinn.is\\\/frisbigolfbudin\\\/en\\\/shop\\\/\"},{\"@type\":\"ListItem\",\"position\":3,\"name\":\"UV-lj\u00f3s 51 led\"}]},{\"@type\":\"WebSite\",\"@id\":\"https:\\\/\\\/www.frisbigolfbudin.is\\\/#website\",\"url\":\"https:\\\/\\\/www.frisbigolfbudin.is\\\/\",\"name\":\"Frisb\u00edgolfb\u00fa\u00f0in\",\"description\":\"Allt fyrir frisb&iacute;golf. Diskar, t&ouml;skur, k&ouml;rfur og fylgihlutir\",\"publisher\":{\"@id\":\"https:\\\/\\\/www.frisbigolfbudin.is\\\/#organization\"},\"potentialAction\":[{\"@type\":\"SearchAction\",\"target\":{\"@type\":\"EntryPoint\",\"urlTemplate\":\"https:\\\/\\\/www.frisbigolfbudin.is\\\/?s={search_term_string}\"},\"query-input\":{\"@type\":\"PropertyValueSpecification\",\"valueRequired\":true,\"valueName\":\"search_term_string\"}}],\"inLanguage\":\"en-US\"},{\"@type\":\"Organization\",\"@id\":\"https:\\\/\\\/www.frisbigolfbudin.is\\\/#organization\",\"name\":\"Allt fyrir frisb\u00edgolf \u00ed 20 \u00e1r\",\"url\":\"https:\\\/\\\/www.frisbigolfbudin.is\\\/\",\"logo\":{\"@type\":\"ImageObject\",\"inLanguage\":\"en-US\",\"@id\":\"https:\\\/\\\/www.frisbigolfbudin.is\\\/#\\\/schema\\\/logo\\\/image\\\/\",\"url\":\"https:\\\/\\\/www.frisbigolfbudin.is\\\/wp-content\\\/uploads\\\/2024\\\/04\\\/Frisbigolfbudin_logo_300x107.png\",\"contentUrl\":\"https:\\\/\\\/www.frisbigolfbudin.is\\\/wp-content\\\/uploads\\\/2024\\\/04\\\/Frisbigolfbudin_logo_300x107.png\",\"width\":300,\"height\":107,\"caption\":\"Allt fyrir frisb\u00edgolf \u00ed 20 \u00e1r\"},\"image\":{\"@id\":\"https:\\\/\\\/www.frisbigolfbudin.is\\\/#\\\/schema\\\/logo\\\/image\\\/\"},\"sameAs\":[\"https:\\\/\\\/www.facebook.com\\\/Frisbigolfbudin.is\"]}]}<\/script>\n<!-- \/ Yoast SEO plugin. -->","yoast_head_json":{"title":"UV-lj\u00f3s 51 led - Frisb&iacute;golfb&uacute;&eth;in &iacute; 20 &aacute;r","robots":{"index":"index","follow":"follow","max-snippet":"max-snippet:-1","max-image-preview":"max-image-preview:large","max-video-preview":"max-video-preview:-1"},"canonical":"https:\/\/www.frisbigolfbudin.is\/vara\/uv-ljos-51-led\/","og_locale":"en_US","og_type":"article","og_title":"UV-lj\u00f3s 51 led - Frisb&iacute;golfb&uacute;&eth;in &iacute; 20 &aacute;r","og_description":"UV-Lj\u00f3s 51 LED UV. &nbsp; Sterkt 51 LED Afl: B\u00fd\u00f0ur upp \u00e1 fram\u00farskarandi birtu til a\u00f0 l\u00fdsa upp st\u00e6rri sv\u00e6\u00f0i og hla\u00f0a sj\u00e1lfl\u00fdsandi frisb\u00ed diska hratt og \u00f6rugglega. Endurhla\u00f0anlegt (USB-C): Hle\u00f0st au\u00f0veldlega og hratt me\u00f0 USB-C sn\u00faru (fylgir). \u00deetta \u00fe\u00fd\u00f0ir ekkert vesen me\u00f0 einnota rafhl\u00f6\u00f0ur, a\u00f0eins \u00fe\u00e6gindi. Sterk Bygging: H\u00e1g\u00e6\u00f0a m\u00e1lmh\u00fas sem er gert til...","og_url":"https:\/\/www.frisbigolfbudin.is\/vara\/uv-ljos-51-led\/","og_site_name":"Frisb&iacute;golfb&uacute;&eth;in &iacute; 20 &aacute;r","article_publisher":"https:\/\/www.facebook.com\/Frisbigolfbudin.is","article_modified_time":"2025-12-07T12:26:27+00:00","og_image":[{"width":593,"height":499,"url":"https:\/\/www.frisbigolfbudin.is\/wp-content\/uploads\/2025\/11\/51-led-uv-ljos-3.png","type":"image\/png"}],"twitter_card":"summary_large_image","twitter_misc":{"Est. reading time":"1 minute"},"schema":{"@context":"https:\/\/schema.org","@graph":[{"@type":"WebPage","@id":"https:\/\/www.frisbigolfbudin.is\/vara\/uv-ljos-51-led\/","url":"https:\/\/www.frisbigolfbudin.is\/vara\/uv-ljos-51-led\/","name":"UV-lj\u00f3s 51 led - Frisb&iacute;golfb&uacute;&eth;in &iacute; 20 &aacute;r","isPartOf":{"@id":"https:\/\/www.frisbigolfbudin.is\/#website"},"primaryImageOfPage":{"@id":"https:\/\/www.frisbigolfbudin.is\/vara\/uv-ljos-51-led\/#primaryimage"},"image":{"@id":"https:\/\/www.frisbigolfbudin.is\/vara\/uv-ljos-51-led\/#primaryimage"},"thumbnailUrl":"https:\/\/www.frisbigolfbudin.is\/wp-content\/uploads\/2025\/11\/51-led-uv-ljos-3.png","datePublished":"2025-11-13T15:34:39+00:00","dateModified":"2025-12-07T12:26:27+00:00","breadcrumb":{"@id":"https:\/\/www.frisbigolfbudin.is\/vara\/uv-ljos-51-led\/#breadcrumb"},"inLanguage":"en-US","potentialAction":[{"@type":"ReadAction","target":["https:\/\/www.frisbigolfbudin.is\/vara\/uv-ljos-51-led\/"]}]},{"@type":"ImageObject","inLanguage":"en-US","@id":"https:\/\/www.frisbigolfbudin.is\/vara\/uv-ljos-51-led\/#primaryimage","url":"https:\/\/www.frisbigolfbudin.is\/wp-content\/uploads\/2025\/11\/51-led-uv-ljos-3.png","contentUrl":"https:\/\/www.frisbigolfbudin.is\/wp-content\/uploads\/2025\/11\/51-led-uv-ljos-3.png","width":593,"height":499},{"@type":"BreadcrumbList","@id":"https:\/\/www.frisbigolfbudin.is\/vara\/uv-ljos-51-led\/#breadcrumb","itemListElement":[{"@type":"ListItem","position":1,"name":"Home","item":"https:\/\/www.frisbigolfbudin.is\/"},{"@type":"ListItem","position":2,"name":"Shop","item":"https:\/\/vorulagerinn.is\/frisbigolfbudin\/en\/shop\/"},{"@type":"ListItem","position":3,"name":"UV-lj\u00f3s 51 led"}]},{"@type":"WebSite","@id":"https:\/\/www.frisbigolfbudin.is\/#website","url":"https:\/\/www.frisbigolfbudin.is\/","name":"Frisb\u00edgolfb\u00fa\u00f0in","description":"Allt fyrir frisb&iacute;golf. Diskar, t&ouml;skur, k&ouml;rfur og fylgihlutir","publisher":{"@id":"https:\/\/www.frisbigolfbudin.is\/#organization"},"potentialAction":[{"@type":"SearchAction","target":{"@type":"EntryPoint","urlTemplate":"https:\/\/www.frisbigolfbudin.is\/?s={search_term_string}"},"query-input":{"@type":"PropertyValueSpecification","valueRequired":true,"valueName":"search_term_string"}}],"inLanguage":"en-US"},{"@type":"Organization","@id":"https:\/\/www.frisbigolfbudin.is\/#organization","name":"Allt fyrir frisb\u00edgolf \u00ed 20 \u00e1r","url":"https:\/\/www.frisbigolfbudin.is\/","logo":{"@type":"ImageObject","inLanguage":"en-US","@id":"https:\/\/www.frisbigolfbudin.is\/#\/schema\/logo\/image\/","url":"https:\/\/www.frisbigolfbudin.is\/wp-content\/uploads\/2024\/04\/Frisbigolfbudin_logo_300x107.png","contentUrl":"https:\/\/www.frisbigolfbudin.is\/wp-content\/uploads\/2024\/04\/Frisbigolfbudin_logo_300x107.png","width":300,"height":107,"caption":"Allt fyrir frisb\u00edgolf \u00ed 20 \u00e1r"},"image":{"@id":"https:\/\/www.frisbigolfbudin.is\/#\/schema\/logo\/image\/"},"sameAs":["https:\/\/www.facebook.com\/Frisbigolfbudin.is"]}]}},"_links":{"self":[{"href":"https:\/\/www.frisbigolfbudin.is\/en\/wp-json\/wp\/v2\/product\/26647","targetHints":{"allow":["GET"]}}],"collection":[{"href":"https:\/\/www.frisbigolfbudin.is\/en\/wp-json\/wp\/v2\/product"}],"about":[{"href":"https:\/\/www.frisbigolfbudin.is\/en\/wp-json\/wp\/v2\/types\/product"}],"wp:featuredmedia":[{"embeddable":true,"href":"https:\/\/www.frisbigolfbudin.is\/en\/wp-json\/wp\/v2\/media\/26653"}],"wp:attachment":[{"href":"https:\/\/www.frisbigolfbudin.is\/en\/wp-json\/wp\/v2\/media?parent=26647"}],"wp:term":[{"taxonomy":"product_brand","embeddable":true,"href":"https:\/\/www.frisbigolfbudin.is\/en\/wp-json\/wp\/v2\/product_brand?post=26647"},{"taxonomy":"product_cat","embeddable":true,"href":"https:\/\/www.frisbigolfbudin.is\/en\/wp-json\/wp\/v2\/product_cat?post=26647"},{"taxonomy":"product_tag","embeddable":true,"href":"https:\/\/www.frisbigolfbudin.is\/en\/wp-json\/wp\/v2\/product_tag?post=26647"}],"curies":[{"name":"wp","href":"https:\/\/api.w.org\/{rel}","templated":true}]}}