{"id":26665,"date":"2025-11-13T16:07:19","date_gmt":"2025-11-13T16:07:19","guid":{"rendered":"https:\/\/www.frisbigolfbudin.is\/?post_type=product&#038;p=26665"},"modified":"2025-11-29T12:04:24","modified_gmt":"2025-11-29T12:04:24","slug":"uv-ljos-100-led-usb-c","status":"publish","type":"product","link":"https:\/\/www.frisbigolfbudin.is\/en\/product\/uv-ljos-100-led-usb-c\/","title":{"rendered":"UV-lj\u00f3s 100 led Usb-C"},"content":{"rendered":"<ul>\n<li><b>\u00d6flugt 100 LED Afl:<\/b> Veitir st\u00f3ra og <b>jafna UV birtu<\/b>. Tilvali\u00f0 til a\u00f0 <b>hla\u00f0a marga frisb\u00edgolfdiska<\/b> \u00e1 sama t\u00edma e\u00f0a greina leka og \u00f3hreinindi \u00e1 v\u00ed\u00f0\u00e1ttumiklum fl\u00f6tum.<\/li>\n<li><b>Endurhla\u00f0anlegt (USB-C):<\/b> Lj\u00f3mandi \u00fe\u00e6gindi. Hle\u00f0st hratt me\u00f0 <b>USB-C sn\u00faru (fylgir)<\/b>. Engin \u00fe\u00f6rf \u00e1 a\u00f0 kaupa d\u00fdrar og fyrirfer\u00f0armiklar rafhl\u00f6\u00f0ur.<\/li>\n<li><b>Endingarg\u00f3\u00f0 H\u00f6nnun:<\/b> Sterk og v\u00f6ndu\u00f0 bygging sem \u00feolir \u00e1lagi\u00f0 af \u00fev\u00ed a\u00f0 vera teki\u00f0 me\u00f0 \u00fat \u00e1 v\u00f6ll e\u00f0a \u00ed vettvangsvinnu.<\/li>\n<li><b>Bur\u00f0ar\u00f3l Fylgir:<\/b> Gerir \u00fe\u00e9r kleift a\u00f0 bera vasalj\u00f3si\u00f0 \u00f6rugglega, e\u00f0a festa \u00fea\u00f0 \u00e1 me\u00f0an \u00fe\u00fa ert a\u00f0 hla\u00f0a diska.<\/li>\n<\/ul>\n<p>&nbsp;<\/p>\n<h3>\ud83c\udfaf <b>Tilvali\u00f0 Fyrir:<\/b><\/h3>\n<p>&nbsp;<\/p>\n<ul>\n<li><b>N\u00e6turfrisb\u00edgolf:<\/b> N\u00e6r yfir st\u00f3ran hluta af frisb\u00edgolfsettinu \u00fe\u00ednu og hle\u00f0ur diska hratt.<\/li>\n<\/ul>\n","protected":false},"excerpt":{"rendered":"<p>\u00d6flugt 100 LED Afl: Veitir st\u00f3ra og jafna UV birtu. Tilvali\u00f0 til a\u00f0 hla\u00f0a marga frisb\u00edgolfdiska \u00e1 sama t\u00edma e\u00f0a greina leka og \u00f3hreinindi \u00e1 v\u00ed\u00f0\u00e1ttumiklum fl\u00f6tum. Endurhla\u00f0anlegt (USB-C): Lj\u00f3mandi \u00fe\u00e6gindi. Hle\u00f0st hratt me\u00f0 USB-C sn\u00faru (fylgir). Engin \u00fe\u00f6rf \u00e1 a\u00f0 kaupa d\u00fdrar og fyrirfer\u00f0armiklar rafhl\u00f6\u00f0ur. Endingarg\u00f3\u00f0 H\u00f6nnun: Sterk og v\u00f6ndu\u00f0 bygging sem \u00feolir \u00e1lagi\u00f0&#8230;<\/p>\n","protected":false},"featured_media":26669,"template":"","meta":[],"product_brand":[],"product_cat":[377,379,391,392],"product_tag":[],"class_list":{"0":"post-26665","1":"product","2":"type-product","3":"status-publish","4":"has-post-thumbnail","6":"product_cat-fylgihlutir","7":"product_cat-gjafahugmyndir","8":"product_cat-glow-diskar","9":"product_cat-vasaljos-uv-ljos","11":"first","12":"instock","13":"sale","14":"taxable","15":"shipping-taxable","16":"purchasable","17":"product-type-simple"},"yoast_head":"<!-- This site is optimized with the Yoast SEO plugin v27.5 - https:\/\/yoast.com\/product\/yoast-seo-wordpress\/ -->\n<title>UV-lj\u00f3s 100 led Usb-C - Frisb&iacute;golfb&uacute;&eth;in &iacute; 20 &aacute;r<\/title>\n<meta name=\"robots\" content=\"index, follow, max-snippet:-1, max-image-preview:large, max-video-preview:-1\" \/>\n<link rel=\"canonical\" href=\"https:\/\/www.frisbigolfbudin.is\/vara\/uv-ljos-100-led-usb-c\/\" \/>\n<meta property=\"og:locale\" content=\"en_US\" \/>\n<meta property=\"og:type\" content=\"article\" \/>\n<meta property=\"og:title\" content=\"UV-lj\u00f3s 100 led Usb-C - Frisb&iacute;golfb&uacute;&eth;in &iacute; 20 &aacute;r\" \/>\n<meta property=\"og:description\" content=\"\u00d6flugt 100 LED Afl: Veitir st\u00f3ra og jafna UV birtu. Tilvali\u00f0 til a\u00f0 hla\u00f0a marga frisb\u00edgolfdiska \u00e1 sama t\u00edma e\u00f0a greina leka og \u00f3hreinindi \u00e1 v\u00ed\u00f0\u00e1ttumiklum fl\u00f6tum. Endurhla\u00f0anlegt (USB-C): Lj\u00f3mandi \u00fe\u00e6gindi. Hle\u00f0st hratt me\u00f0 USB-C sn\u00faru (fylgir). Engin \u00fe\u00f6rf \u00e1 a\u00f0 kaupa d\u00fdrar og fyrirfer\u00f0armiklar rafhl\u00f6\u00f0ur. Endingarg\u00f3\u00f0 H\u00f6nnun: Sterk og v\u00f6ndu\u00f0 bygging sem \u00feolir \u00e1lagi\u00f0...\" \/>\n<meta property=\"og:url\" content=\"https:\/\/www.frisbigolfbudin.is\/vara\/uv-ljos-100-led-usb-c\/\" \/>\n<meta property=\"og:site_name\" content=\"Frisb&iacute;golfb&uacute;&eth;in &iacute; 20 &aacute;r\" \/>\n<meta property=\"article:publisher\" content=\"https:\/\/www.facebook.com\/Frisbigolfbudin.is\" \/>\n<meta property=\"article:modified_time\" content=\"2025-11-29T12:04:24+00:00\" \/>\n<meta property=\"og:image\" content=\"https:\/\/www.frisbigolfbudin.is\/wp-content\/uploads\/2025\/11\/100-led-uv-ljos2.png\" \/>\n\t<meta property=\"og:image:width\" content=\"502\" \/>\n\t<meta property=\"og:image:height\" content=\"501\" \/>\n\t<meta property=\"og:image:type\" content=\"image\/png\" \/>\n<meta name=\"twitter:card\" content=\"summary_large_image\" \/>\n<meta name=\"twitter:label1\" content=\"Est. reading time\" \/>\n\t<meta name=\"twitter:data1\" content=\"1 minute\" \/>\n<script type=\"application\/ld+json\" class=\"yoast-schema-graph\">{\"@context\":\"https:\\\/\\\/schema.org\",\"@graph\":[{\"@type\":\"WebPage\",\"@id\":\"https:\\\/\\\/www.frisbigolfbudin.is\\\/vara\\\/uv-ljos-100-led-usb-c\\\/\",\"url\":\"https:\\\/\\\/www.frisbigolfbudin.is\\\/vara\\\/uv-ljos-100-led-usb-c\\\/\",\"name\":\"UV-lj\u00f3s 100 led Usb-C - Frisb&iacute;golfb&uacute;&eth;in &iacute; 20 &aacute;r\",\"isPartOf\":{\"@id\":\"https:\\\/\\\/www.frisbigolfbudin.is\\\/#website\"},\"primaryImageOfPage\":{\"@id\":\"https:\\\/\\\/www.frisbigolfbudin.is\\\/vara\\\/uv-ljos-100-led-usb-c\\\/#primaryimage\"},\"image\":{\"@id\":\"https:\\\/\\\/www.frisbigolfbudin.is\\\/vara\\\/uv-ljos-100-led-usb-c\\\/#primaryimage\"},\"thumbnailUrl\":\"https:\\\/\\\/www.frisbigolfbudin.is\\\/wp-content\\\/uploads\\\/2025\\\/11\\\/100-led-uv-ljos2.png\",\"datePublished\":\"2025-11-13T16:07:19+00:00\",\"dateModified\":\"2025-11-29T12:04:24+00:00\",\"breadcrumb\":{\"@id\":\"https:\\\/\\\/www.frisbigolfbudin.is\\\/vara\\\/uv-ljos-100-led-usb-c\\\/#breadcrumb\"},\"inLanguage\":\"en-US\",\"potentialAction\":[{\"@type\":\"ReadAction\",\"target\":[\"https:\\\/\\\/www.frisbigolfbudin.is\\\/vara\\\/uv-ljos-100-led-usb-c\\\/\"]}]},{\"@type\":\"ImageObject\",\"inLanguage\":\"en-US\",\"@id\":\"https:\\\/\\\/www.frisbigolfbudin.is\\\/vara\\\/uv-ljos-100-led-usb-c\\\/#primaryimage\",\"url\":\"https:\\\/\\\/www.frisbigolfbudin.is\\\/wp-content\\\/uploads\\\/2025\\\/11\\\/100-led-uv-ljos2.png\",\"contentUrl\":\"https:\\\/\\\/www.frisbigolfbudin.is\\\/wp-content\\\/uploads\\\/2025\\\/11\\\/100-led-uv-ljos2.png\",\"width\":502,\"height\":501},{\"@type\":\"BreadcrumbList\",\"@id\":\"https:\\\/\\\/www.frisbigolfbudin.is\\\/vara\\\/uv-ljos-100-led-usb-c\\\/#breadcrumb\",\"itemListElement\":[{\"@type\":\"ListItem\",\"position\":1,\"name\":\"Home\",\"item\":\"https:\\\/\\\/www.frisbigolfbudin.is\\\/\"},{\"@type\":\"ListItem\",\"position\":2,\"name\":\"Shop\",\"item\":\"https:\\\/\\\/vorulagerinn.is\\\/frisbigolfbudin\\\/en\\\/shop\\\/\"},{\"@type\":\"ListItem\",\"position\":3,\"name\":\"UV-lj\u00f3s 100 led Usb-C\"}]},{\"@type\":\"WebSite\",\"@id\":\"https:\\\/\\\/www.frisbigolfbudin.is\\\/#website\",\"url\":\"https:\\\/\\\/www.frisbigolfbudin.is\\\/\",\"name\":\"Frisb\u00edgolfb\u00fa\u00f0in\",\"description\":\"Allt fyrir frisb&iacute;golf. Diskar, t&ouml;skur, k&ouml;rfur og fylgihlutir\",\"publisher\":{\"@id\":\"https:\\\/\\\/www.frisbigolfbudin.is\\\/#organization\"},\"potentialAction\":[{\"@type\":\"SearchAction\",\"target\":{\"@type\":\"EntryPoint\",\"urlTemplate\":\"https:\\\/\\\/www.frisbigolfbudin.is\\\/?s={search_term_string}\"},\"query-input\":{\"@type\":\"PropertyValueSpecification\",\"valueRequired\":true,\"valueName\":\"search_term_string\"}}],\"inLanguage\":\"en-US\"},{\"@type\":\"Organization\",\"@id\":\"https:\\\/\\\/www.frisbigolfbudin.is\\\/#organization\",\"name\":\"Allt fyrir frisb\u00edgolf \u00ed 20 \u00e1r\",\"url\":\"https:\\\/\\\/www.frisbigolfbudin.is\\\/\",\"logo\":{\"@type\":\"ImageObject\",\"inLanguage\":\"en-US\",\"@id\":\"https:\\\/\\\/www.frisbigolfbudin.is\\\/#\\\/schema\\\/logo\\\/image\\\/\",\"url\":\"https:\\\/\\\/www.frisbigolfbudin.is\\\/wp-content\\\/uploads\\\/2024\\\/04\\\/Frisbigolfbudin_logo_300x107.png\",\"contentUrl\":\"https:\\\/\\\/www.frisbigolfbudin.is\\\/wp-content\\\/uploads\\\/2024\\\/04\\\/Frisbigolfbudin_logo_300x107.png\",\"width\":300,\"height\":107,\"caption\":\"Allt fyrir frisb\u00edgolf \u00ed 20 \u00e1r\"},\"image\":{\"@id\":\"https:\\\/\\\/www.frisbigolfbudin.is\\\/#\\\/schema\\\/logo\\\/image\\\/\"},\"sameAs\":[\"https:\\\/\\\/www.facebook.com\\\/Frisbigolfbudin.is\"]}]}<\/script>\n<!-- \/ Yoast SEO plugin. -->","yoast_head_json":{"title":"UV-lj\u00f3s 100 led Usb-C - Frisb&iacute;golfb&uacute;&eth;in &iacute; 20 &aacute;r","robots":{"index":"index","follow":"follow","max-snippet":"max-snippet:-1","max-image-preview":"max-image-preview:large","max-video-preview":"max-video-preview:-1"},"canonical":"https:\/\/www.frisbigolfbudin.is\/vara\/uv-ljos-100-led-usb-c\/","og_locale":"en_US","og_type":"article","og_title":"UV-lj\u00f3s 100 led Usb-C - Frisb&iacute;golfb&uacute;&eth;in &iacute; 20 &aacute;r","og_description":"\u00d6flugt 100 LED Afl: Veitir st\u00f3ra og jafna UV birtu. Tilvali\u00f0 til a\u00f0 hla\u00f0a marga frisb\u00edgolfdiska \u00e1 sama t\u00edma e\u00f0a greina leka og \u00f3hreinindi \u00e1 v\u00ed\u00f0\u00e1ttumiklum fl\u00f6tum. Endurhla\u00f0anlegt (USB-C): Lj\u00f3mandi \u00fe\u00e6gindi. Hle\u00f0st hratt me\u00f0 USB-C sn\u00faru (fylgir). Engin \u00fe\u00f6rf \u00e1 a\u00f0 kaupa d\u00fdrar og fyrirfer\u00f0armiklar rafhl\u00f6\u00f0ur. Endingarg\u00f3\u00f0 H\u00f6nnun: Sterk og v\u00f6ndu\u00f0 bygging sem \u00feolir \u00e1lagi\u00f0...","og_url":"https:\/\/www.frisbigolfbudin.is\/vara\/uv-ljos-100-led-usb-c\/","og_site_name":"Frisb&iacute;golfb&uacute;&eth;in &iacute; 20 &aacute;r","article_publisher":"https:\/\/www.facebook.com\/Frisbigolfbudin.is","article_modified_time":"2025-11-29T12:04:24+00:00","og_image":[{"width":502,"height":501,"url":"https:\/\/www.frisbigolfbudin.is\/wp-content\/uploads\/2025\/11\/100-led-uv-ljos2.png","type":"image\/png"}],"twitter_card":"summary_large_image","twitter_misc":{"Est. reading time":"1 minute"},"schema":{"@context":"https:\/\/schema.org","@graph":[{"@type":"WebPage","@id":"https:\/\/www.frisbigolfbudin.is\/vara\/uv-ljos-100-led-usb-c\/","url":"https:\/\/www.frisbigolfbudin.is\/vara\/uv-ljos-100-led-usb-c\/","name":"UV-lj\u00f3s 100 led Usb-C - Frisb&iacute;golfb&uacute;&eth;in &iacute; 20 &aacute;r","isPartOf":{"@id":"https:\/\/www.frisbigolfbudin.is\/#website"},"primaryImageOfPage":{"@id":"https:\/\/www.frisbigolfbudin.is\/vara\/uv-ljos-100-led-usb-c\/#primaryimage"},"image":{"@id":"https:\/\/www.frisbigolfbudin.is\/vara\/uv-ljos-100-led-usb-c\/#primaryimage"},"thumbnailUrl":"https:\/\/www.frisbigolfbudin.is\/wp-content\/uploads\/2025\/11\/100-led-uv-ljos2.png","datePublished":"2025-11-13T16:07:19+00:00","dateModified":"2025-11-29T12:04:24+00:00","breadcrumb":{"@id":"https:\/\/www.frisbigolfbudin.is\/vara\/uv-ljos-100-led-usb-c\/#breadcrumb"},"inLanguage":"en-US","potentialAction":[{"@type":"ReadAction","target":["https:\/\/www.frisbigolfbudin.is\/vara\/uv-ljos-100-led-usb-c\/"]}]},{"@type":"ImageObject","inLanguage":"en-US","@id":"https:\/\/www.frisbigolfbudin.is\/vara\/uv-ljos-100-led-usb-c\/#primaryimage","url":"https:\/\/www.frisbigolfbudin.is\/wp-content\/uploads\/2025\/11\/100-led-uv-ljos2.png","contentUrl":"https:\/\/www.frisbigolfbudin.is\/wp-content\/uploads\/2025\/11\/100-led-uv-ljos2.png","width":502,"height":501},{"@type":"BreadcrumbList","@id":"https:\/\/www.frisbigolfbudin.is\/vara\/uv-ljos-100-led-usb-c\/#breadcrumb","itemListElement":[{"@type":"ListItem","position":1,"name":"Home","item":"https:\/\/www.frisbigolfbudin.is\/"},{"@type":"ListItem","position":2,"name":"Shop","item":"https:\/\/vorulagerinn.is\/frisbigolfbudin\/en\/shop\/"},{"@type":"ListItem","position":3,"name":"UV-lj\u00f3s 100 led Usb-C"}]},{"@type":"WebSite","@id":"https:\/\/www.frisbigolfbudin.is\/#website","url":"https:\/\/www.frisbigolfbudin.is\/","name":"Frisb\u00edgolfb\u00fa\u00f0in","description":"Allt fyrir frisb&iacute;golf. Diskar, t&ouml;skur, k&ouml;rfur og fylgihlutir","publisher":{"@id":"https:\/\/www.frisbigolfbudin.is\/#organization"},"potentialAction":[{"@type":"SearchAction","target":{"@type":"EntryPoint","urlTemplate":"https:\/\/www.frisbigolfbudin.is\/?s={search_term_string}"},"query-input":{"@type":"PropertyValueSpecification","valueRequired":true,"valueName":"search_term_string"}}],"inLanguage":"en-US"},{"@type":"Organization","@id":"https:\/\/www.frisbigolfbudin.is\/#organization","name":"Allt fyrir frisb\u00edgolf \u00ed 20 \u00e1r","url":"https:\/\/www.frisbigolfbudin.is\/","logo":{"@type":"ImageObject","inLanguage":"en-US","@id":"https:\/\/www.frisbigolfbudin.is\/#\/schema\/logo\/image\/","url":"https:\/\/www.frisbigolfbudin.is\/wp-content\/uploads\/2024\/04\/Frisbigolfbudin_logo_300x107.png","contentUrl":"https:\/\/www.frisbigolfbudin.is\/wp-content\/uploads\/2024\/04\/Frisbigolfbudin_logo_300x107.png","width":300,"height":107,"caption":"Allt fyrir frisb\u00edgolf \u00ed 20 \u00e1r"},"image":{"@id":"https:\/\/www.frisbigolfbudin.is\/#\/schema\/logo\/image\/"},"sameAs":["https:\/\/www.facebook.com\/Frisbigolfbudin.is"]}]}},"_links":{"self":[{"href":"https:\/\/www.frisbigolfbudin.is\/en\/wp-json\/wp\/v2\/product\/26665","targetHints":{"allow":["GET"]}}],"collection":[{"href":"https:\/\/www.frisbigolfbudin.is\/en\/wp-json\/wp\/v2\/product"}],"about":[{"href":"https:\/\/www.frisbigolfbudin.is\/en\/wp-json\/wp\/v2\/types\/product"}],"wp:featuredmedia":[{"embeddable":true,"href":"https:\/\/www.frisbigolfbudin.is\/en\/wp-json\/wp\/v2\/media\/26669"}],"wp:attachment":[{"href":"https:\/\/www.frisbigolfbudin.is\/en\/wp-json\/wp\/v2\/media?parent=26665"}],"wp:term":[{"taxonomy":"product_brand","embeddable":true,"href":"https:\/\/www.frisbigolfbudin.is\/en\/wp-json\/wp\/v2\/product_brand?post=26665"},{"taxonomy":"product_cat","embeddable":true,"href":"https:\/\/www.frisbigolfbudin.is\/en\/wp-json\/wp\/v2\/product_cat?post=26665"},{"taxonomy":"product_tag","embeddable":true,"href":"https:\/\/www.frisbigolfbudin.is\/en\/wp-json\/wp\/v2\/product_tag?post=26665"}],"curies":[{"name":"wp","href":"https:\/\/api.w.org\/{rel}","templated":true}]}}