{"id":26671,"date":"2025-11-13T16:23:17","date_gmt":"2025-11-13T16:23:17","guid":{"rendered":"https:\/\/www.frisbigolfbudin.is\/?post_type=product&#038;p=26671"},"modified":"2025-12-07T12:26:27","modified_gmt":"2025-12-07T12:26:27","slug":"uv-ljos-3-i-1-vasaljos-uv-kastari-med-usb-c-hledslu","status":"publish","type":"product","link":"https:\/\/www.frisbigolfbudin.is\/en\/product\/uv-ljos-3-i-1-vasaljos-uv-kastari-med-usb-c-hledslu\/","title":{"rendered":"UV-lj\u00f3s 3 \u00ed 1 (Vasalj\u00f3s\/UV\/kastari) me\u00f0 USB-C hle\u00f0slu"},"content":{"rendered":"<h2><b>3-\u00ed-1 Fj\u00f6lh\u00e6ft Vasalj\u00f3s (LED \/ UV \/ USB-hle\u00f0sla)<\/b><\/h2>\n<p>&nbsp;<\/p>\n<p>F\u00e1\u00f0u \u00ferj\u00fa nau\u00f0synleg verkf\u00e6ri \u00ed einu nettu t\u00e6ki! \u00deetta 3-\u00ed-1 vasalj\u00f3s er <b>fullkominn f\u00e9lagi<\/b> fyrir \u00fativist, vi\u00f0hald og frisb\u00edgolf.<\/p>\n<p>H\u00e9r er t\u00e6ki sem veitir b\u00e6\u00f0i <b>\u00f6fluga daglega birtu<\/b> og <b>s\u00e9rh\u00e6f\u00f0a UV-virkni<\/b> \u2013 allt kn\u00fai\u00f0 af \u00fe\u00e6gilegri innbygg\u00f0ri USB-hle\u00f0slu.<\/p>\n<p>&nbsp;<\/p>\n<h3>\ud83c\udf1f <b>Helstu Eiginleikar og Kostir:<\/b><\/h3>\n<p>&nbsp;<\/p>\n<ul>\n<li><b>1. \u00d6flugt LED Vasalj\u00f3s:<\/b> Veitir sk\u00e6ra og \u00e1rei\u00f0anlega birtu fyrir g\u00f6ngufer\u00f0ir, leiki e\u00f0a ney\u00f0artilfelli. Nota\u00f0u \u00fea\u00f0 sem venjulegt vasalj\u00f3s \u00feegar myrkri\u00f0 skellur \u00e1.<\/li>\n<li><b>2. S\u00e9rh\u00e6ft UV Lj\u00f3s:<\/b> Sn\u00fa\u00f0u yfir \u00ed UV-stillingu til a\u00f0 <b>hla\u00f0a sj\u00e1lfl\u00fdsandi (Glow) frisb\u00ed diska<\/b> \u00e1 \u00f6rf\u00e1um sek\u00fandum. Lengdu leikt\u00edmann fram \u00e1 kv\u00f6ld og trygg\u00f0u a\u00f0 diskarnir \u00fe\u00ednir lj\u00f3mi sk\u00e6rt.\n<ul>\n<li><i>Einnig tilvali\u00f0 fyrir:<\/i> Greiningu \u00e1 peningase\u00f0lum, leitum a\u00f0 leka og sko\u00f0un \u00e1 hreinl\u00e6ti \u00e1 fer\u00f0al\u00f6gum.<\/li>\n<\/ul>\n<\/li>\n<li><b>3. \u00de\u00e6gileg USB-Hle\u00f0sla:<\/b> Innbyggt endurhla\u00f0anlegt kerfi. \u00de\u00fa hle\u00f0ur lj\u00f3si\u00f0 einfaldlega me\u00f0 venjulegu USB-tengi (t\u00f6lvu, hle\u00f0slubanka e\u00f0a hle\u00f0slut\u00e6ki).<\/li>\n<li><b>Netth\u00f6nnun:<\/b> L\u00edtil og l\u00e9tt h\u00f6nnun sem passar vel \u00ed vasa e\u00f0a frisb\u00edgolft\u00f6skuna.<\/li>\n<\/ul>\n<p>&nbsp;<\/p>\n<h3>\ud83c\udfaf <b>Af hverju 3-\u00ed-1?<\/b><\/h3>\n<p>&nbsp;<\/p>\n<p>\u00de\u00fa \u00fearft ekki a\u00f0 bera me\u00f0 \u00fe\u00e9r tv\u00f6 mismunandi lj\u00f3s! \u00deetta t\u00e6ki leysir allar \u00fearfir \u00fe\u00ednar me\u00f0 einum hnappi \u2013 hvort sem \u00fe\u00fa ert a\u00f0 ganga \u00e1 vellinum, e\u00f0a kveikja \u00e1 diskinum fyrir n\u00e6sta kast.<\/p>\n<p><b>F\u00e1\u00f0u \u00fe\u00e9r fj\u00f6lh\u00e6fasta vasalj\u00f3si\u00f0 \u00e1 marka\u00f0num og vertu alltaf vi\u00f0b\u00fainn!<\/b><\/p>\n","protected":false},"excerpt":{"rendered":"<p>3-\u00ed-1 Fj\u00f6lh\u00e6ft Vasalj\u00f3s (LED \/ UV \/ USB-hle\u00f0sla) &nbsp; F\u00e1\u00f0u \u00ferj\u00fa nau\u00f0synleg verkf\u00e6ri \u00ed einu nettu t\u00e6ki! \u00deetta 3-\u00ed-1 vasalj\u00f3s er fullkominn f\u00e9lagi fyrir \u00fativist, vi\u00f0hald og frisb\u00edgolf. H\u00e9r er t\u00e6ki sem veitir b\u00e6\u00f0i \u00f6fluga daglega birtu og s\u00e9rh\u00e6f\u00f0a UV-virkni \u2013 allt kn\u00fai\u00f0 af \u00fe\u00e6gilegri innbygg\u00f0ri USB-hle\u00f0slu. &nbsp; \ud83c\udf1f Helstu Eiginleikar og Kostir: &nbsp; 1&#8230;.<\/p>\n","protected":false},"featured_media":26673,"template":"","meta":[],"product_brand":[],"product_cat":[377,379,391,392],"product_tag":[],"class_list":{"0":"post-26671","1":"product","2":"type-product","3":"status-publish","4":"has-post-thumbnail","6":"product_cat-fylgihlutir","7":"product_cat-gjafahugmyndir","8":"product_cat-glow-diskar","9":"product_cat-vasaljos-uv-ljos","11":"first","12":"instock","13":"taxable","14":"shipping-taxable","15":"purchasable","16":"product-type-simple"},"yoast_head":"<!-- This site is optimized with the Yoast SEO plugin v27.5 - https:\/\/yoast.com\/product\/yoast-seo-wordpress\/ -->\n<title>UV-lj\u00f3s 3 \u00ed 1 (Vasalj\u00f3s\/UV\/kastari) me\u00f0 USB-C hle\u00f0slu - Frisb&iacute;golfb&uacute;&eth;in &iacute; 20 &aacute;r<\/title>\n<meta name=\"robots\" content=\"index, follow, max-snippet:-1, max-image-preview:large, max-video-preview:-1\" \/>\n<link rel=\"canonical\" href=\"https:\/\/www.frisbigolfbudin.is\/vara\/uv-ljos-3-i-1-vasaljos-uv-kastari-med-usb-c-hledslu\/\" \/>\n<meta property=\"og:locale\" content=\"en_US\" \/>\n<meta property=\"og:type\" content=\"article\" \/>\n<meta property=\"og:title\" content=\"UV-lj\u00f3s 3 \u00ed 1 (Vasalj\u00f3s\/UV\/kastari) me\u00f0 USB-C hle\u00f0slu - Frisb&iacute;golfb&uacute;&eth;in &iacute; 20 &aacute;r\" \/>\n<meta property=\"og:description\" content=\"3-\u00ed-1 Fj\u00f6lh\u00e6ft Vasalj\u00f3s (LED \/ UV \/ USB-hle\u00f0sla) &nbsp; F\u00e1\u00f0u \u00ferj\u00fa nau\u00f0synleg verkf\u00e6ri \u00ed einu nettu t\u00e6ki! \u00deetta 3-\u00ed-1 vasalj\u00f3s er fullkominn f\u00e9lagi fyrir \u00fativist, vi\u00f0hald og frisb\u00edgolf. H\u00e9r er t\u00e6ki sem veitir b\u00e6\u00f0i \u00f6fluga daglega birtu og s\u00e9rh\u00e6f\u00f0a UV-virkni \u2013 allt kn\u00fai\u00f0 af \u00fe\u00e6gilegri innbygg\u00f0ri USB-hle\u00f0slu. &nbsp; \ud83c\udf1f Helstu Eiginleikar og Kostir: &nbsp; 1....\" \/>\n<meta property=\"og:url\" content=\"https:\/\/www.frisbigolfbudin.is\/vara\/uv-ljos-3-i-1-vasaljos-uv-kastari-med-usb-c-hledslu\/\" \/>\n<meta property=\"og:site_name\" content=\"Frisb&iacute;golfb&uacute;&eth;in &iacute; 20 &aacute;r\" \/>\n<meta property=\"article:publisher\" content=\"https:\/\/www.facebook.com\/Frisbigolfbudin.is\" \/>\n<meta property=\"article:modified_time\" content=\"2025-12-07T12:26:27+00:00\" \/>\n<meta property=\"og:image\" content=\"https:\/\/www.frisbigolfbudin.is\/wp-content\/uploads\/2025\/11\/3-in-1-vasaljos-uv.png\" \/>\n\t<meta property=\"og:image:width\" content=\"439\" \/>\n\t<meta property=\"og:image:height\" content=\"440\" \/>\n\t<meta property=\"og:image:type\" content=\"image\/png\" \/>\n<meta name=\"twitter:card\" content=\"summary_large_image\" \/>\n<meta name=\"twitter:label1\" content=\"Est. reading time\" \/>\n\t<meta name=\"twitter:data1\" content=\"2 minutes\" \/>\n<script type=\"application\/ld+json\" class=\"yoast-schema-graph\">{\"@context\":\"https:\\\/\\\/schema.org\",\"@graph\":[{\"@type\":\"WebPage\",\"@id\":\"https:\\\/\\\/www.frisbigolfbudin.is\\\/vara\\\/uv-ljos-3-i-1-vasaljos-uv-kastari-med-usb-c-hledslu\\\/\",\"url\":\"https:\\\/\\\/www.frisbigolfbudin.is\\\/vara\\\/uv-ljos-3-i-1-vasaljos-uv-kastari-med-usb-c-hledslu\\\/\",\"name\":\"UV-lj\u00f3s 3 \u00ed 1 (Vasalj\u00f3s\\\/UV\\\/kastari) me\u00f0 USB-C hle\u00f0slu - Frisb&iacute;golfb&uacute;&eth;in &iacute; 20 &aacute;r\",\"isPartOf\":{\"@id\":\"https:\\\/\\\/www.frisbigolfbudin.is\\\/#website\"},\"primaryImageOfPage\":{\"@id\":\"https:\\\/\\\/www.frisbigolfbudin.is\\\/vara\\\/uv-ljos-3-i-1-vasaljos-uv-kastari-med-usb-c-hledslu\\\/#primaryimage\"},\"image\":{\"@id\":\"https:\\\/\\\/www.frisbigolfbudin.is\\\/vara\\\/uv-ljos-3-i-1-vasaljos-uv-kastari-med-usb-c-hledslu\\\/#primaryimage\"},\"thumbnailUrl\":\"https:\\\/\\\/www.frisbigolfbudin.is\\\/wp-content\\\/uploads\\\/2025\\\/11\\\/3-in-1-vasaljos-uv.png\",\"datePublished\":\"2025-11-13T16:23:17+00:00\",\"dateModified\":\"2025-12-07T12:26:27+00:00\",\"breadcrumb\":{\"@id\":\"https:\\\/\\\/www.frisbigolfbudin.is\\\/vara\\\/uv-ljos-3-i-1-vasaljos-uv-kastari-med-usb-c-hledslu\\\/#breadcrumb\"},\"inLanguage\":\"en-US\",\"potentialAction\":[{\"@type\":\"ReadAction\",\"target\":[\"https:\\\/\\\/www.frisbigolfbudin.is\\\/vara\\\/uv-ljos-3-i-1-vasaljos-uv-kastari-med-usb-c-hledslu\\\/\"]}]},{\"@type\":\"ImageObject\",\"inLanguage\":\"en-US\",\"@id\":\"https:\\\/\\\/www.frisbigolfbudin.is\\\/vara\\\/uv-ljos-3-i-1-vasaljos-uv-kastari-med-usb-c-hledslu\\\/#primaryimage\",\"url\":\"https:\\\/\\\/www.frisbigolfbudin.is\\\/wp-content\\\/uploads\\\/2025\\\/11\\\/3-in-1-vasaljos-uv.png\",\"contentUrl\":\"https:\\\/\\\/www.frisbigolfbudin.is\\\/wp-content\\\/uploads\\\/2025\\\/11\\\/3-in-1-vasaljos-uv.png\",\"width\":439,\"height\":440},{\"@type\":\"BreadcrumbList\",\"@id\":\"https:\\\/\\\/www.frisbigolfbudin.is\\\/vara\\\/uv-ljos-3-i-1-vasaljos-uv-kastari-med-usb-c-hledslu\\\/#breadcrumb\",\"itemListElement\":[{\"@type\":\"ListItem\",\"position\":1,\"name\":\"Home\",\"item\":\"https:\\\/\\\/www.frisbigolfbudin.is\\\/\"},{\"@type\":\"ListItem\",\"position\":2,\"name\":\"Shop\",\"item\":\"https:\\\/\\\/vorulagerinn.is\\\/frisbigolfbudin\\\/en\\\/shop\\\/\"},{\"@type\":\"ListItem\",\"position\":3,\"name\":\"UV-lj\u00f3s 3 \u00ed 1 (Vasalj\u00f3s\\\/UV\\\/kastari) me\u00f0 USB-C hle\u00f0slu\"}]},{\"@type\":\"WebSite\",\"@id\":\"https:\\\/\\\/www.frisbigolfbudin.is\\\/#website\",\"url\":\"https:\\\/\\\/www.frisbigolfbudin.is\\\/\",\"name\":\"Frisb\u00edgolfb\u00fa\u00f0in\",\"description\":\"Allt fyrir frisb&iacute;golf. Diskar, t&ouml;skur, k&ouml;rfur og fylgihlutir\",\"publisher\":{\"@id\":\"https:\\\/\\\/www.frisbigolfbudin.is\\\/#organization\"},\"potentialAction\":[{\"@type\":\"SearchAction\",\"target\":{\"@type\":\"EntryPoint\",\"urlTemplate\":\"https:\\\/\\\/www.frisbigolfbudin.is\\\/?s={search_term_string}\"},\"query-input\":{\"@type\":\"PropertyValueSpecification\",\"valueRequired\":true,\"valueName\":\"search_term_string\"}}],\"inLanguage\":\"en-US\"},{\"@type\":\"Organization\",\"@id\":\"https:\\\/\\\/www.frisbigolfbudin.is\\\/#organization\",\"name\":\"Allt fyrir frisb\u00edgolf \u00ed 20 \u00e1r\",\"url\":\"https:\\\/\\\/www.frisbigolfbudin.is\\\/\",\"logo\":{\"@type\":\"ImageObject\",\"inLanguage\":\"en-US\",\"@id\":\"https:\\\/\\\/www.frisbigolfbudin.is\\\/#\\\/schema\\\/logo\\\/image\\\/\",\"url\":\"https:\\\/\\\/www.frisbigolfbudin.is\\\/wp-content\\\/uploads\\\/2024\\\/04\\\/Frisbigolfbudin_logo_300x107.png\",\"contentUrl\":\"https:\\\/\\\/www.frisbigolfbudin.is\\\/wp-content\\\/uploads\\\/2024\\\/04\\\/Frisbigolfbudin_logo_300x107.png\",\"width\":300,\"height\":107,\"caption\":\"Allt fyrir frisb\u00edgolf \u00ed 20 \u00e1r\"},\"image\":{\"@id\":\"https:\\\/\\\/www.frisbigolfbudin.is\\\/#\\\/schema\\\/logo\\\/image\\\/\"},\"sameAs\":[\"https:\\\/\\\/www.facebook.com\\\/Frisbigolfbudin.is\"]}]}<\/script>\n<!-- \/ Yoast SEO plugin. -->","yoast_head_json":{"title":"UV-lj\u00f3s 3 \u00ed 1 (Vasalj\u00f3s\/UV\/kastari) me\u00f0 USB-C hle\u00f0slu - Frisb&iacute;golfb&uacute;&eth;in &iacute; 20 &aacute;r","robots":{"index":"index","follow":"follow","max-snippet":"max-snippet:-1","max-image-preview":"max-image-preview:large","max-video-preview":"max-video-preview:-1"},"canonical":"https:\/\/www.frisbigolfbudin.is\/vara\/uv-ljos-3-i-1-vasaljos-uv-kastari-med-usb-c-hledslu\/","og_locale":"en_US","og_type":"article","og_title":"UV-lj\u00f3s 3 \u00ed 1 (Vasalj\u00f3s\/UV\/kastari) me\u00f0 USB-C hle\u00f0slu - Frisb&iacute;golfb&uacute;&eth;in &iacute; 20 &aacute;r","og_description":"3-\u00ed-1 Fj\u00f6lh\u00e6ft Vasalj\u00f3s (LED \/ UV \/ USB-hle\u00f0sla) &nbsp; F\u00e1\u00f0u \u00ferj\u00fa nau\u00f0synleg verkf\u00e6ri \u00ed einu nettu t\u00e6ki! \u00deetta 3-\u00ed-1 vasalj\u00f3s er fullkominn f\u00e9lagi fyrir \u00fativist, vi\u00f0hald og frisb\u00edgolf. H\u00e9r er t\u00e6ki sem veitir b\u00e6\u00f0i \u00f6fluga daglega birtu og s\u00e9rh\u00e6f\u00f0a UV-virkni \u2013 allt kn\u00fai\u00f0 af \u00fe\u00e6gilegri innbygg\u00f0ri USB-hle\u00f0slu. &nbsp; \ud83c\udf1f Helstu Eiginleikar og Kostir: &nbsp; 1....","og_url":"https:\/\/www.frisbigolfbudin.is\/vara\/uv-ljos-3-i-1-vasaljos-uv-kastari-med-usb-c-hledslu\/","og_site_name":"Frisb&iacute;golfb&uacute;&eth;in &iacute; 20 &aacute;r","article_publisher":"https:\/\/www.facebook.com\/Frisbigolfbudin.is","article_modified_time":"2025-12-07T12:26:27+00:00","og_image":[{"width":439,"height":440,"url":"https:\/\/www.frisbigolfbudin.is\/wp-content\/uploads\/2025\/11\/3-in-1-vasaljos-uv.png","type":"image\/png"}],"twitter_card":"summary_large_image","twitter_misc":{"Est. reading time":"2 minutes"},"schema":{"@context":"https:\/\/schema.org","@graph":[{"@type":"WebPage","@id":"https:\/\/www.frisbigolfbudin.is\/vara\/uv-ljos-3-i-1-vasaljos-uv-kastari-med-usb-c-hledslu\/","url":"https:\/\/www.frisbigolfbudin.is\/vara\/uv-ljos-3-i-1-vasaljos-uv-kastari-med-usb-c-hledslu\/","name":"UV-lj\u00f3s 3 \u00ed 1 (Vasalj\u00f3s\/UV\/kastari) me\u00f0 USB-C hle\u00f0slu - Frisb&iacute;golfb&uacute;&eth;in &iacute; 20 &aacute;r","isPartOf":{"@id":"https:\/\/www.frisbigolfbudin.is\/#website"},"primaryImageOfPage":{"@id":"https:\/\/www.frisbigolfbudin.is\/vara\/uv-ljos-3-i-1-vasaljos-uv-kastari-med-usb-c-hledslu\/#primaryimage"},"image":{"@id":"https:\/\/www.frisbigolfbudin.is\/vara\/uv-ljos-3-i-1-vasaljos-uv-kastari-med-usb-c-hledslu\/#primaryimage"},"thumbnailUrl":"https:\/\/www.frisbigolfbudin.is\/wp-content\/uploads\/2025\/11\/3-in-1-vasaljos-uv.png","datePublished":"2025-11-13T16:23:17+00:00","dateModified":"2025-12-07T12:26:27+00:00","breadcrumb":{"@id":"https:\/\/www.frisbigolfbudin.is\/vara\/uv-ljos-3-i-1-vasaljos-uv-kastari-med-usb-c-hledslu\/#breadcrumb"},"inLanguage":"en-US","potentialAction":[{"@type":"ReadAction","target":["https:\/\/www.frisbigolfbudin.is\/vara\/uv-ljos-3-i-1-vasaljos-uv-kastari-med-usb-c-hledslu\/"]}]},{"@type":"ImageObject","inLanguage":"en-US","@id":"https:\/\/www.frisbigolfbudin.is\/vara\/uv-ljos-3-i-1-vasaljos-uv-kastari-med-usb-c-hledslu\/#primaryimage","url":"https:\/\/www.frisbigolfbudin.is\/wp-content\/uploads\/2025\/11\/3-in-1-vasaljos-uv.png","contentUrl":"https:\/\/www.frisbigolfbudin.is\/wp-content\/uploads\/2025\/11\/3-in-1-vasaljos-uv.png","width":439,"height":440},{"@type":"BreadcrumbList","@id":"https:\/\/www.frisbigolfbudin.is\/vara\/uv-ljos-3-i-1-vasaljos-uv-kastari-med-usb-c-hledslu\/#breadcrumb","itemListElement":[{"@type":"ListItem","position":1,"name":"Home","item":"https:\/\/www.frisbigolfbudin.is\/"},{"@type":"ListItem","position":2,"name":"Shop","item":"https:\/\/vorulagerinn.is\/frisbigolfbudin\/en\/shop\/"},{"@type":"ListItem","position":3,"name":"UV-lj\u00f3s 3 \u00ed 1 (Vasalj\u00f3s\/UV\/kastari) me\u00f0 USB-C hle\u00f0slu"}]},{"@type":"WebSite","@id":"https:\/\/www.frisbigolfbudin.is\/#website","url":"https:\/\/www.frisbigolfbudin.is\/","name":"Frisb\u00edgolfb\u00fa\u00f0in","description":"Allt fyrir frisb&iacute;golf. Diskar, t&ouml;skur, k&ouml;rfur og fylgihlutir","publisher":{"@id":"https:\/\/www.frisbigolfbudin.is\/#organization"},"potentialAction":[{"@type":"SearchAction","target":{"@type":"EntryPoint","urlTemplate":"https:\/\/www.frisbigolfbudin.is\/?s={search_term_string}"},"query-input":{"@type":"PropertyValueSpecification","valueRequired":true,"valueName":"search_term_string"}}],"inLanguage":"en-US"},{"@type":"Organization","@id":"https:\/\/www.frisbigolfbudin.is\/#organization","name":"Allt fyrir frisb\u00edgolf \u00ed 20 \u00e1r","url":"https:\/\/www.frisbigolfbudin.is\/","logo":{"@type":"ImageObject","inLanguage":"en-US","@id":"https:\/\/www.frisbigolfbudin.is\/#\/schema\/logo\/image\/","url":"https:\/\/www.frisbigolfbudin.is\/wp-content\/uploads\/2024\/04\/Frisbigolfbudin_logo_300x107.png","contentUrl":"https:\/\/www.frisbigolfbudin.is\/wp-content\/uploads\/2024\/04\/Frisbigolfbudin_logo_300x107.png","width":300,"height":107,"caption":"Allt fyrir frisb\u00edgolf \u00ed 20 \u00e1r"},"image":{"@id":"https:\/\/www.frisbigolfbudin.is\/#\/schema\/logo\/image\/"},"sameAs":["https:\/\/www.facebook.com\/Frisbigolfbudin.is"]}]}},"_links":{"self":[{"href":"https:\/\/www.frisbigolfbudin.is\/en\/wp-json\/wp\/v2\/product\/26671","targetHints":{"allow":["GET"]}}],"collection":[{"href":"https:\/\/www.frisbigolfbudin.is\/en\/wp-json\/wp\/v2\/product"}],"about":[{"href":"https:\/\/www.frisbigolfbudin.is\/en\/wp-json\/wp\/v2\/types\/product"}],"wp:featuredmedia":[{"embeddable":true,"href":"https:\/\/www.frisbigolfbudin.is\/en\/wp-json\/wp\/v2\/media\/26673"}],"wp:attachment":[{"href":"https:\/\/www.frisbigolfbudin.is\/en\/wp-json\/wp\/v2\/media?parent=26671"}],"wp:term":[{"taxonomy":"product_brand","embeddable":true,"href":"https:\/\/www.frisbigolfbudin.is\/en\/wp-json\/wp\/v2\/product_brand?post=26671"},{"taxonomy":"product_cat","embeddable":true,"href":"https:\/\/www.frisbigolfbudin.is\/en\/wp-json\/wp\/v2\/product_cat?post=26671"},{"taxonomy":"product_tag","embeddable":true,"href":"https:\/\/www.frisbigolfbudin.is\/en\/wp-json\/wp\/v2\/product_tag?post=26671"}],"curies":[{"name":"wp","href":"https:\/\/api.w.org\/{rel}","templated":true}]}}