{"id":26699,"date":"2025-11-15T16:16:03","date_gmt":"2025-11-15T16:16:03","guid":{"rendered":"https:\/\/www.frisbigolfbudin.is\/?post_type=product&#038;p=26699"},"modified":"2026-04-04T12:41:31","modified_gmt":"2026-04-04T12:41:31","slug":"leopard-3-proto-glow","status":"publish","type":"product","link":"https:\/\/www.frisbigolfbudin.is\/en\/product\/leopard-3-proto-glow\/","title":{"rendered":"Leopard 3 PROTO GLOW"},"content":{"rendered":"<p><strong data-start=\"63\" data-end=\"86\">Leopard3 Proto Glow<\/strong> er hra\u00f0ari og beinni t\u00fdpa af klass\u00edska Leopard \u2013 fullkominn fyrir n\u00e1kv\u00e6mar l\u00ednur, tunnel-k\u00f6st og controlled hyzer-flip. Hann hefur <strong data-start=\"218\" data-end=\"233\" data-is-only-node=\"\">miki\u00f0 glide<\/strong>, l\u00e9ttan turn og \u00f6ruggan, mildan fade sem gerir hann \u00f3tr\u00falega au\u00f0veldan \u00ed stj\u00f3rn. Proto Glow plasti\u00f0 er b\u00e6\u00f0i gripgott og sk\u00edn fr\u00e1b\u00e6rlega \u00ed myrkri, \u00feannig a\u00f0 \u00fe\u00fa missir aldrei sj\u00f3nar \u00e1 kastinu. Fr\u00e1b\u00e6r driver fyrir b\u00e6\u00f0i byrjendur og vana leikmenn sem vilja smooth og st\u00f6\u00f0ugt flug.<\/p>\n","protected":false},"excerpt":{"rendered":"<p>Leopard3 Proto Glow er hra\u00f0ari og beinni t\u00fdpa af klass\u00edska Leopard \u2013 fullkominn fyrir n\u00e1kv\u00e6mar l\u00ednur, tunnel-k\u00f6st og controlled hyzer-flip. Hann hefur miki\u00f0 glide, l\u00e9ttan turn og \u00f6ruggan, mildan fade sem gerir hann \u00f3tr\u00falega au\u00f0veldan \u00ed stj\u00f3rn. Proto Glow plasti\u00f0 er b\u00e6\u00f0i gripgott og sk\u00edn fr\u00e1b\u00e6rlega \u00ed myrkri, \u00feannig a\u00f0 \u00fe\u00fa missir aldrei sj\u00f3nar \u00e1&#8230;<\/p>\n","protected":false},"featured_media":26701,"template":"","meta":[],"product_brand":[],"product_cat":[375,368,235,391,370],"product_tag":[],"class_list":{"0":"post-26699","1":"product","2":"type-product","3":"status-publish","4":"has-post-thumbnail","6":"product_cat-3-stuttir-driverar","7":"product_cat-diskar","8":"product_cat-frisbigolf","9":"product_cat-glow-diskar","10":"product_cat-innova","12":"first","13":"outofstock","14":"taxable","15":"shipping-taxable","16":"purchasable","17":"product-type-simple"},"yoast_head":"<!-- This site is optimized with the Yoast SEO plugin v27.5 - https:\/\/yoast.com\/product\/yoast-seo-wordpress\/ -->\n<title>Leopard 3 PROTO GLOW - Frisb&iacute;golfb&uacute;&eth;in &iacute; 20 &aacute;r<\/title>\n<meta name=\"robots\" content=\"index, follow, max-snippet:-1, max-image-preview:large, max-video-preview:-1\" \/>\n<link rel=\"canonical\" href=\"https:\/\/www.frisbigolfbudin.is\/vara\/leopard-3-proto-glow\/\" \/>\n<meta property=\"og:locale\" content=\"en_US\" \/>\n<meta property=\"og:type\" content=\"article\" \/>\n<meta property=\"og:title\" content=\"Leopard 3 PROTO GLOW - Frisb&iacute;golfb&uacute;&eth;in &iacute; 20 &aacute;r\" \/>\n<meta property=\"og:description\" content=\"Leopard3 Proto Glow er hra\u00f0ari og beinni t\u00fdpa af klass\u00edska Leopard \u2013 fullkominn fyrir n\u00e1kv\u00e6mar l\u00ednur, tunnel-k\u00f6st og controlled hyzer-flip. Hann hefur miki\u00f0 glide, l\u00e9ttan turn og \u00f6ruggan, mildan fade sem gerir hann \u00f3tr\u00falega au\u00f0veldan \u00ed stj\u00f3rn. Proto Glow plasti\u00f0 er b\u00e6\u00f0i gripgott og sk\u00edn fr\u00e1b\u00e6rlega \u00ed myrkri, \u00feannig a\u00f0 \u00fe\u00fa missir aldrei sj\u00f3nar \u00e1...\" \/>\n<meta property=\"og:url\" content=\"https:\/\/www.frisbigolfbudin.is\/vara\/leopard-3-proto-glow\/\" \/>\n<meta property=\"og:site_name\" content=\"Frisb&iacute;golfb&uacute;&eth;in &iacute; 20 &aacute;r\" \/>\n<meta property=\"article:publisher\" content=\"https:\/\/www.facebook.com\/Frisbigolfbudin.is\" \/>\n<meta property=\"article:modified_time\" content=\"2026-04-04T12:41:31+00:00\" \/>\n<meta property=\"og:image\" content=\"https:\/\/www.frisbigolfbudin.is\/wp-content\/uploads\/2025\/11\/leopard3_proto-glow-champion_blue-scaled.jpg\" \/>\n\t<meta property=\"og:image:width\" content=\"2560\" \/>\n\t<meta property=\"og:image:height\" content=\"2560\" \/>\n\t<meta property=\"og:image:type\" content=\"image\/jpeg\" \/>\n<meta name=\"twitter:card\" content=\"summary_large_image\" \/>\n<meta name=\"twitter:label1\" content=\"Est. reading time\" \/>\n\t<meta name=\"twitter:data1\" content=\"1 minute\" \/>\n<script type=\"application\/ld+json\" class=\"yoast-schema-graph\">{\"@context\":\"https:\\\/\\\/schema.org\",\"@graph\":[{\"@type\":\"WebPage\",\"@id\":\"https:\\\/\\\/www.frisbigolfbudin.is\\\/vara\\\/leopard-3-proto-glow\\\/\",\"url\":\"https:\\\/\\\/www.frisbigolfbudin.is\\\/vara\\\/leopard-3-proto-glow\\\/\",\"name\":\"Leopard 3 PROTO GLOW - Frisb&iacute;golfb&uacute;&eth;in &iacute; 20 &aacute;r\",\"isPartOf\":{\"@id\":\"https:\\\/\\\/www.frisbigolfbudin.is\\\/#website\"},\"primaryImageOfPage\":{\"@id\":\"https:\\\/\\\/www.frisbigolfbudin.is\\\/vara\\\/leopard-3-proto-glow\\\/#primaryimage\"},\"image\":{\"@id\":\"https:\\\/\\\/www.frisbigolfbudin.is\\\/vara\\\/leopard-3-proto-glow\\\/#primaryimage\"},\"thumbnailUrl\":\"https:\\\/\\\/www.frisbigolfbudin.is\\\/wp-content\\\/uploads\\\/2025\\\/11\\\/leopard3_proto-glow-champion_blue-scaled.jpg\",\"datePublished\":\"2025-11-15T16:16:03+00:00\",\"dateModified\":\"2026-04-04T12:41:31+00:00\",\"breadcrumb\":{\"@id\":\"https:\\\/\\\/www.frisbigolfbudin.is\\\/vara\\\/leopard-3-proto-glow\\\/#breadcrumb\"},\"inLanguage\":\"en-US\",\"potentialAction\":[{\"@type\":\"ReadAction\",\"target\":[\"https:\\\/\\\/www.frisbigolfbudin.is\\\/vara\\\/leopard-3-proto-glow\\\/\"]}]},{\"@type\":\"ImageObject\",\"inLanguage\":\"en-US\",\"@id\":\"https:\\\/\\\/www.frisbigolfbudin.is\\\/vara\\\/leopard-3-proto-glow\\\/#primaryimage\",\"url\":\"https:\\\/\\\/www.frisbigolfbudin.is\\\/wp-content\\\/uploads\\\/2025\\\/11\\\/leopard3_proto-glow-champion_blue-scaled.jpg\",\"contentUrl\":\"https:\\\/\\\/www.frisbigolfbudin.is\\\/wp-content\\\/uploads\\\/2025\\\/11\\\/leopard3_proto-glow-champion_blue-scaled.jpg\",\"width\":2560,\"height\":2560},{\"@type\":\"BreadcrumbList\",\"@id\":\"https:\\\/\\\/www.frisbigolfbudin.is\\\/vara\\\/leopard-3-proto-glow\\\/#breadcrumb\",\"itemListElement\":[{\"@type\":\"ListItem\",\"position\":1,\"name\":\"Home\",\"item\":\"https:\\\/\\\/www.frisbigolfbudin.is\\\/\"},{\"@type\":\"ListItem\",\"position\":2,\"name\":\"Shop\",\"item\":\"https:\\\/\\\/vorulagerinn.is\\\/frisbigolfbudin\\\/en\\\/shop\\\/\"},{\"@type\":\"ListItem\",\"position\":3,\"name\":\"Leopard 3 PROTO GLOW\"}]},{\"@type\":\"WebSite\",\"@id\":\"https:\\\/\\\/www.frisbigolfbudin.is\\\/#website\",\"url\":\"https:\\\/\\\/www.frisbigolfbudin.is\\\/\",\"name\":\"Frisb\u00edgolfb\u00fa\u00f0in\",\"description\":\"Allt fyrir frisb&iacute;golf. Diskar, t&ouml;skur, k&ouml;rfur og fylgihlutir\",\"publisher\":{\"@id\":\"https:\\\/\\\/www.frisbigolfbudin.is\\\/#organization\"},\"potentialAction\":[{\"@type\":\"SearchAction\",\"target\":{\"@type\":\"EntryPoint\",\"urlTemplate\":\"https:\\\/\\\/www.frisbigolfbudin.is\\\/?s={search_term_string}\"},\"query-input\":{\"@type\":\"PropertyValueSpecification\",\"valueRequired\":true,\"valueName\":\"search_term_string\"}}],\"inLanguage\":\"en-US\"},{\"@type\":\"Organization\",\"@id\":\"https:\\\/\\\/www.frisbigolfbudin.is\\\/#organization\",\"name\":\"Allt fyrir frisb\u00edgolf \u00ed 20 \u00e1r\",\"url\":\"https:\\\/\\\/www.frisbigolfbudin.is\\\/\",\"logo\":{\"@type\":\"ImageObject\",\"inLanguage\":\"en-US\",\"@id\":\"https:\\\/\\\/www.frisbigolfbudin.is\\\/#\\\/schema\\\/logo\\\/image\\\/\",\"url\":\"https:\\\/\\\/www.frisbigolfbudin.is\\\/wp-content\\\/uploads\\\/2024\\\/04\\\/Frisbigolfbudin_logo_300x107.png\",\"contentUrl\":\"https:\\\/\\\/www.frisbigolfbudin.is\\\/wp-content\\\/uploads\\\/2024\\\/04\\\/Frisbigolfbudin_logo_300x107.png\",\"width\":300,\"height\":107,\"caption\":\"Allt fyrir frisb\u00edgolf \u00ed 20 \u00e1r\"},\"image\":{\"@id\":\"https:\\\/\\\/www.frisbigolfbudin.is\\\/#\\\/schema\\\/logo\\\/image\\\/\"},\"sameAs\":[\"https:\\\/\\\/www.facebook.com\\\/Frisbigolfbudin.is\"]}]}<\/script>\n<!-- \/ Yoast SEO plugin. -->","yoast_head_json":{"title":"Leopard 3 PROTO GLOW - Frisb&iacute;golfb&uacute;&eth;in &iacute; 20 &aacute;r","robots":{"index":"index","follow":"follow","max-snippet":"max-snippet:-1","max-image-preview":"max-image-preview:large","max-video-preview":"max-video-preview:-1"},"canonical":"https:\/\/www.frisbigolfbudin.is\/vara\/leopard-3-proto-glow\/","og_locale":"en_US","og_type":"article","og_title":"Leopard 3 PROTO GLOW - Frisb&iacute;golfb&uacute;&eth;in &iacute; 20 &aacute;r","og_description":"Leopard3 Proto Glow er hra\u00f0ari og beinni t\u00fdpa af klass\u00edska Leopard \u2013 fullkominn fyrir n\u00e1kv\u00e6mar l\u00ednur, tunnel-k\u00f6st og controlled hyzer-flip. Hann hefur miki\u00f0 glide, l\u00e9ttan turn og \u00f6ruggan, mildan fade sem gerir hann \u00f3tr\u00falega au\u00f0veldan \u00ed stj\u00f3rn. Proto Glow plasti\u00f0 er b\u00e6\u00f0i gripgott og sk\u00edn fr\u00e1b\u00e6rlega \u00ed myrkri, \u00feannig a\u00f0 \u00fe\u00fa missir aldrei sj\u00f3nar \u00e1...","og_url":"https:\/\/www.frisbigolfbudin.is\/vara\/leopard-3-proto-glow\/","og_site_name":"Frisb&iacute;golfb&uacute;&eth;in &iacute; 20 &aacute;r","article_publisher":"https:\/\/www.facebook.com\/Frisbigolfbudin.is","article_modified_time":"2026-04-04T12:41:31+00:00","og_image":[{"width":2560,"height":2560,"url":"https:\/\/www.frisbigolfbudin.is\/wp-content\/uploads\/2025\/11\/leopard3_proto-glow-champion_blue-scaled.jpg","type":"image\/jpeg"}],"twitter_card":"summary_large_image","twitter_misc":{"Est. reading time":"1 minute"},"schema":{"@context":"https:\/\/schema.org","@graph":[{"@type":"WebPage","@id":"https:\/\/www.frisbigolfbudin.is\/vara\/leopard-3-proto-glow\/","url":"https:\/\/www.frisbigolfbudin.is\/vara\/leopard-3-proto-glow\/","name":"Leopard 3 PROTO GLOW - Frisb&iacute;golfb&uacute;&eth;in &iacute; 20 &aacute;r","isPartOf":{"@id":"https:\/\/www.frisbigolfbudin.is\/#website"},"primaryImageOfPage":{"@id":"https:\/\/www.frisbigolfbudin.is\/vara\/leopard-3-proto-glow\/#primaryimage"},"image":{"@id":"https:\/\/www.frisbigolfbudin.is\/vara\/leopard-3-proto-glow\/#primaryimage"},"thumbnailUrl":"https:\/\/www.frisbigolfbudin.is\/wp-content\/uploads\/2025\/11\/leopard3_proto-glow-champion_blue-scaled.jpg","datePublished":"2025-11-15T16:16:03+00:00","dateModified":"2026-04-04T12:41:31+00:00","breadcrumb":{"@id":"https:\/\/www.frisbigolfbudin.is\/vara\/leopard-3-proto-glow\/#breadcrumb"},"inLanguage":"en-US","potentialAction":[{"@type":"ReadAction","target":["https:\/\/www.frisbigolfbudin.is\/vara\/leopard-3-proto-glow\/"]}]},{"@type":"ImageObject","inLanguage":"en-US","@id":"https:\/\/www.frisbigolfbudin.is\/vara\/leopard-3-proto-glow\/#primaryimage","url":"https:\/\/www.frisbigolfbudin.is\/wp-content\/uploads\/2025\/11\/leopard3_proto-glow-champion_blue-scaled.jpg","contentUrl":"https:\/\/www.frisbigolfbudin.is\/wp-content\/uploads\/2025\/11\/leopard3_proto-glow-champion_blue-scaled.jpg","width":2560,"height":2560},{"@type":"BreadcrumbList","@id":"https:\/\/www.frisbigolfbudin.is\/vara\/leopard-3-proto-glow\/#breadcrumb","itemListElement":[{"@type":"ListItem","position":1,"name":"Home","item":"https:\/\/www.frisbigolfbudin.is\/"},{"@type":"ListItem","position":2,"name":"Shop","item":"https:\/\/vorulagerinn.is\/frisbigolfbudin\/en\/shop\/"},{"@type":"ListItem","position":3,"name":"Leopard 3 PROTO GLOW"}]},{"@type":"WebSite","@id":"https:\/\/www.frisbigolfbudin.is\/#website","url":"https:\/\/www.frisbigolfbudin.is\/","name":"Frisb\u00edgolfb\u00fa\u00f0in","description":"Allt fyrir frisb&iacute;golf. Diskar, t&ouml;skur, k&ouml;rfur og fylgihlutir","publisher":{"@id":"https:\/\/www.frisbigolfbudin.is\/#organization"},"potentialAction":[{"@type":"SearchAction","target":{"@type":"EntryPoint","urlTemplate":"https:\/\/www.frisbigolfbudin.is\/?s={search_term_string}"},"query-input":{"@type":"PropertyValueSpecification","valueRequired":true,"valueName":"search_term_string"}}],"inLanguage":"en-US"},{"@type":"Organization","@id":"https:\/\/www.frisbigolfbudin.is\/#organization","name":"Allt fyrir frisb\u00edgolf \u00ed 20 \u00e1r","url":"https:\/\/www.frisbigolfbudin.is\/","logo":{"@type":"ImageObject","inLanguage":"en-US","@id":"https:\/\/www.frisbigolfbudin.is\/#\/schema\/logo\/image\/","url":"https:\/\/www.frisbigolfbudin.is\/wp-content\/uploads\/2024\/04\/Frisbigolfbudin_logo_300x107.png","contentUrl":"https:\/\/www.frisbigolfbudin.is\/wp-content\/uploads\/2024\/04\/Frisbigolfbudin_logo_300x107.png","width":300,"height":107,"caption":"Allt fyrir frisb\u00edgolf \u00ed 20 \u00e1r"},"image":{"@id":"https:\/\/www.frisbigolfbudin.is\/#\/schema\/logo\/image\/"},"sameAs":["https:\/\/www.facebook.com\/Frisbigolfbudin.is"]}]}},"_links":{"self":[{"href":"https:\/\/www.frisbigolfbudin.is\/en\/wp-json\/wp\/v2\/product\/26699","targetHints":{"allow":["GET"]}}],"collection":[{"href":"https:\/\/www.frisbigolfbudin.is\/en\/wp-json\/wp\/v2\/product"}],"about":[{"href":"https:\/\/www.frisbigolfbudin.is\/en\/wp-json\/wp\/v2\/types\/product"}],"wp:featuredmedia":[{"embeddable":true,"href":"https:\/\/www.frisbigolfbudin.is\/en\/wp-json\/wp\/v2\/media\/26701"}],"wp:attachment":[{"href":"https:\/\/www.frisbigolfbudin.is\/en\/wp-json\/wp\/v2\/media?parent=26699"}],"wp:term":[{"taxonomy":"product_brand","embeddable":true,"href":"https:\/\/www.frisbigolfbudin.is\/en\/wp-json\/wp\/v2\/product_brand?post=26699"},{"taxonomy":"product_cat","embeddable":true,"href":"https:\/\/www.frisbigolfbudin.is\/en\/wp-json\/wp\/v2\/product_cat?post=26699"},{"taxonomy":"product_tag","embeddable":true,"href":"https:\/\/www.frisbigolfbudin.is\/en\/wp-json\/wp\/v2\/product_tag?post=26699"}],"curies":[{"name":"wp","href":"https:\/\/api.w.org\/{rel}","templated":true}]}}