{"id":26764,"date":"2025-11-24T15:18:28","date_gmt":"2025-11-24T15:18:28","guid":{"rendered":"https:\/\/www.frisbigolfbudin.is\/?post_type=product&#038;p=26764"},"modified":"2025-11-24T15:41:07","modified_gmt":"2025-11-24T15:41:07","slug":"innova-destroyer-star-hvitur-fyrir-i-dye","status":"publish","type":"product","link":"https:\/\/www.frisbigolfbudin.is\/en\/product\/innova-destroyer-star-hvitur-fyrir-i-dye\/","title":{"rendered":"Innova Destroyer Star. Hv\u00edtur fyrir I-dye"},"content":{"rendered":"<p>\u201eStar Destroyer \u2013 White Bottom Stamp\u201c er hra\u00f0ur og st\u00f6\u00f0ugur distance-driver (12\/5\/-1\/3) sem hentar \u00feeim sem vilja h\u00e1marksvegalengd og stj\u00f3rn\u00adf\u00f6stu flugi. Hv\u00edtur bottom-stampi skilur efri hli\u00f0ina hreina \u2014 fullkomi\u00f0 fyrir I-Dye, stimpla\u00adverk e\u00f0a s\u00e9rmerkt \u00fatlit. Sterkur gripur, traust flug og alv\u00f6ru valkostur fyrir kraftkasta.<\/p>\n","protected":false},"excerpt":{"rendered":"<p>\u201eStar Destroyer \u2013 White Bottom Stamp\u201c er hra\u00f0ur og st\u00f6\u00f0ugur distance-driver (12\/5\/-1\/3) sem hentar \u00feeim sem vilja h\u00e1marksvegalengd og stj\u00f3rn\u00adf\u00f6stu flugi. Hv\u00edtur bottom-stampi skilur efri hli\u00f0ina hreina \u2014 fullkomi\u00f0 fyrir I-Dye, stimpla\u00adverk e\u00f0a s\u00e9rmerkt \u00fatlit. Sterkur gripur, traust flug og alv\u00f6ru valkostur fyrir kraftkasta.<\/p>\n","protected":false},"featured_media":26766,"template":"","meta":[],"product_brand":[],"product_cat":[372,393,370],"product_tag":[],"class_list":{"0":"post-26764","1":"product","2":"type-product","3":"status-publish","4":"has-post-thumbnail","6":"product_cat-4-langir-driverar","7":"product_cat-i-dye-bottom-stamp","8":"product_cat-innova","10":"first","11":"instock","12":"taxable","13":"shipping-taxable","14":"purchasable","15":"product-type-simple"},"yoast_head":"<!-- This site is optimized with the Yoast SEO plugin v27.5 - https:\/\/yoast.com\/product\/yoast-seo-wordpress\/ -->\n<title>Innova Destroyer Star. Hv\u00edtur fyrir I-dye - Frisb&iacute;golfb&uacute;&eth;in &iacute; 20 &aacute;r<\/title>\n<meta name=\"robots\" content=\"index, follow, max-snippet:-1, max-image-preview:large, max-video-preview:-1\" \/>\n<link rel=\"canonical\" href=\"https:\/\/www.frisbigolfbudin.is\/vara\/innova-destroyer-star-hvitur-fyrir-i-dye\/\" \/>\n<meta property=\"og:locale\" content=\"en_US\" \/>\n<meta property=\"og:type\" content=\"article\" \/>\n<meta property=\"og:title\" content=\"Innova Destroyer Star. Hv\u00edtur fyrir I-dye - Frisb&iacute;golfb&uacute;&eth;in &iacute; 20 &aacute;r\" \/>\n<meta property=\"og:description\" content=\"\u201eStar Destroyer \u2013 White Bottom Stamp\u201c er hra\u00f0ur og st\u00f6\u00f0ugur distance-driver (12\/5\/-1\/3) sem hentar \u00feeim sem vilja h\u00e1marksvegalengd og stj\u00f3rn\u00adf\u00f6stu flugi. Hv\u00edtur bottom-stampi skilur efri hli\u00f0ina hreina \u2014 fullkomi\u00f0 fyrir I-Dye, stimpla\u00adverk e\u00f0a s\u00e9rmerkt \u00fatlit. Sterkur gripur, traust flug og alv\u00f6ru valkostur fyrir kraftkasta.\" \/>\n<meta property=\"og:url\" content=\"https:\/\/www.frisbigolfbudin.is\/vara\/innova-destroyer-star-hvitur-fyrir-i-dye\/\" \/>\n<meta property=\"og:site_name\" content=\"Frisb&iacute;golfb&uacute;&eth;in &iacute; 20 &aacute;r\" \/>\n<meta property=\"article:publisher\" content=\"https:\/\/www.facebook.com\/Frisbigolfbudin.is\" \/>\n<meta property=\"article:modified_time\" content=\"2025-11-24T15:41:07+00:00\" \/>\n<meta property=\"og:image\" content=\"https:\/\/www.frisbigolfbudin.is\/wp-content\/uploads\/2025\/11\/bs-star-destroyer-white.webp\" \/>\n\t<meta property=\"og:image:width\" content=\"1500\" \/>\n\t<meta property=\"og:image:height\" content=\"1500\" \/>\n\t<meta property=\"og:image:type\" content=\"image\/webp\" \/>\n<meta name=\"twitter:card\" content=\"summary_large_image\" \/>\n<meta name=\"twitter:label1\" content=\"Est. reading time\" \/>\n\t<meta name=\"twitter:data1\" content=\"1 minute\" \/>\n<script type=\"application\/ld+json\" class=\"yoast-schema-graph\">{\"@context\":\"https:\\\/\\\/schema.org\",\"@graph\":[{\"@type\":\"WebPage\",\"@id\":\"https:\\\/\\\/www.frisbigolfbudin.is\\\/vara\\\/innova-destroyer-star-hvitur-fyrir-i-dye\\\/\",\"url\":\"https:\\\/\\\/www.frisbigolfbudin.is\\\/vara\\\/innova-destroyer-star-hvitur-fyrir-i-dye\\\/\",\"name\":\"Innova Destroyer Star. Hv\u00edtur fyrir I-dye - Frisb&iacute;golfb&uacute;&eth;in &iacute; 20 &aacute;r\",\"isPartOf\":{\"@id\":\"https:\\\/\\\/www.frisbigolfbudin.is\\\/#website\"},\"primaryImageOfPage\":{\"@id\":\"https:\\\/\\\/www.frisbigolfbudin.is\\\/vara\\\/innova-destroyer-star-hvitur-fyrir-i-dye\\\/#primaryimage\"},\"image\":{\"@id\":\"https:\\\/\\\/www.frisbigolfbudin.is\\\/vara\\\/innova-destroyer-star-hvitur-fyrir-i-dye\\\/#primaryimage\"},\"thumbnailUrl\":\"https:\\\/\\\/www.frisbigolfbudin.is\\\/wp-content\\\/uploads\\\/2025\\\/11\\\/bs-star-destroyer-white.webp\",\"datePublished\":\"2025-11-24T15:18:28+00:00\",\"dateModified\":\"2025-11-24T15:41:07+00:00\",\"breadcrumb\":{\"@id\":\"https:\\\/\\\/www.frisbigolfbudin.is\\\/vara\\\/innova-destroyer-star-hvitur-fyrir-i-dye\\\/#breadcrumb\"},\"inLanguage\":\"en-US\",\"potentialAction\":[{\"@type\":\"ReadAction\",\"target\":[\"https:\\\/\\\/www.frisbigolfbudin.is\\\/vara\\\/innova-destroyer-star-hvitur-fyrir-i-dye\\\/\"]}]},{\"@type\":\"ImageObject\",\"inLanguage\":\"en-US\",\"@id\":\"https:\\\/\\\/www.frisbigolfbudin.is\\\/vara\\\/innova-destroyer-star-hvitur-fyrir-i-dye\\\/#primaryimage\",\"url\":\"https:\\\/\\\/www.frisbigolfbudin.is\\\/wp-content\\\/uploads\\\/2025\\\/11\\\/bs-star-destroyer-white.webp\",\"contentUrl\":\"https:\\\/\\\/www.frisbigolfbudin.is\\\/wp-content\\\/uploads\\\/2025\\\/11\\\/bs-star-destroyer-white.webp\",\"width\":1500,\"height\":1500},{\"@type\":\"BreadcrumbList\",\"@id\":\"https:\\\/\\\/www.frisbigolfbudin.is\\\/vara\\\/innova-destroyer-star-hvitur-fyrir-i-dye\\\/#breadcrumb\",\"itemListElement\":[{\"@type\":\"ListItem\",\"position\":1,\"name\":\"Home\",\"item\":\"https:\\\/\\\/www.frisbigolfbudin.is\\\/\"},{\"@type\":\"ListItem\",\"position\":2,\"name\":\"Shop\",\"item\":\"https:\\\/\\\/vorulagerinn.is\\\/frisbigolfbudin\\\/en\\\/shop\\\/\"},{\"@type\":\"ListItem\",\"position\":3,\"name\":\"Innova Destroyer Star. Hv\u00edtur fyrir I-dye\"}]},{\"@type\":\"WebSite\",\"@id\":\"https:\\\/\\\/www.frisbigolfbudin.is\\\/#website\",\"url\":\"https:\\\/\\\/www.frisbigolfbudin.is\\\/\",\"name\":\"Frisb\u00edgolfb\u00fa\u00f0in\",\"description\":\"Allt fyrir frisb&iacute;golf. Diskar, t&ouml;skur, k&ouml;rfur og fylgihlutir\",\"publisher\":{\"@id\":\"https:\\\/\\\/www.frisbigolfbudin.is\\\/#organization\"},\"potentialAction\":[{\"@type\":\"SearchAction\",\"target\":{\"@type\":\"EntryPoint\",\"urlTemplate\":\"https:\\\/\\\/www.frisbigolfbudin.is\\\/?s={search_term_string}\"},\"query-input\":{\"@type\":\"PropertyValueSpecification\",\"valueRequired\":true,\"valueName\":\"search_term_string\"}}],\"inLanguage\":\"en-US\"},{\"@type\":\"Organization\",\"@id\":\"https:\\\/\\\/www.frisbigolfbudin.is\\\/#organization\",\"name\":\"Allt fyrir frisb\u00edgolf \u00ed 20 \u00e1r\",\"url\":\"https:\\\/\\\/www.frisbigolfbudin.is\\\/\",\"logo\":{\"@type\":\"ImageObject\",\"inLanguage\":\"en-US\",\"@id\":\"https:\\\/\\\/www.frisbigolfbudin.is\\\/#\\\/schema\\\/logo\\\/image\\\/\",\"url\":\"https:\\\/\\\/www.frisbigolfbudin.is\\\/wp-content\\\/uploads\\\/2024\\\/04\\\/Frisbigolfbudin_logo_300x107.png\",\"contentUrl\":\"https:\\\/\\\/www.frisbigolfbudin.is\\\/wp-content\\\/uploads\\\/2024\\\/04\\\/Frisbigolfbudin_logo_300x107.png\",\"width\":300,\"height\":107,\"caption\":\"Allt fyrir frisb\u00edgolf \u00ed 20 \u00e1r\"},\"image\":{\"@id\":\"https:\\\/\\\/www.frisbigolfbudin.is\\\/#\\\/schema\\\/logo\\\/image\\\/\"},\"sameAs\":[\"https:\\\/\\\/www.facebook.com\\\/Frisbigolfbudin.is\"]}]}<\/script>\n<!-- \/ Yoast SEO plugin. -->","yoast_head_json":{"title":"Innova Destroyer Star. Hv\u00edtur fyrir I-dye - Frisb&iacute;golfb&uacute;&eth;in &iacute; 20 &aacute;r","robots":{"index":"index","follow":"follow","max-snippet":"max-snippet:-1","max-image-preview":"max-image-preview:large","max-video-preview":"max-video-preview:-1"},"canonical":"https:\/\/www.frisbigolfbudin.is\/vara\/innova-destroyer-star-hvitur-fyrir-i-dye\/","og_locale":"en_US","og_type":"article","og_title":"Innova Destroyer Star. Hv\u00edtur fyrir I-dye - Frisb&iacute;golfb&uacute;&eth;in &iacute; 20 &aacute;r","og_description":"\u201eStar Destroyer \u2013 White Bottom Stamp\u201c er hra\u00f0ur og st\u00f6\u00f0ugur distance-driver (12\/5\/-1\/3) sem hentar \u00feeim sem vilja h\u00e1marksvegalengd og stj\u00f3rn\u00adf\u00f6stu flugi. Hv\u00edtur bottom-stampi skilur efri hli\u00f0ina hreina \u2014 fullkomi\u00f0 fyrir I-Dye, stimpla\u00adverk e\u00f0a s\u00e9rmerkt \u00fatlit. Sterkur gripur, traust flug og alv\u00f6ru valkostur fyrir kraftkasta.","og_url":"https:\/\/www.frisbigolfbudin.is\/vara\/innova-destroyer-star-hvitur-fyrir-i-dye\/","og_site_name":"Frisb&iacute;golfb&uacute;&eth;in &iacute; 20 &aacute;r","article_publisher":"https:\/\/www.facebook.com\/Frisbigolfbudin.is","article_modified_time":"2025-11-24T15:41:07+00:00","og_image":[{"width":1500,"height":1500,"url":"https:\/\/www.frisbigolfbudin.is\/wp-content\/uploads\/2025\/11\/bs-star-destroyer-white.webp","type":"image\/webp"}],"twitter_card":"summary_large_image","twitter_misc":{"Est. reading time":"1 minute"},"schema":{"@context":"https:\/\/schema.org","@graph":[{"@type":"WebPage","@id":"https:\/\/www.frisbigolfbudin.is\/vara\/innova-destroyer-star-hvitur-fyrir-i-dye\/","url":"https:\/\/www.frisbigolfbudin.is\/vara\/innova-destroyer-star-hvitur-fyrir-i-dye\/","name":"Innova Destroyer Star. Hv\u00edtur fyrir I-dye - Frisb&iacute;golfb&uacute;&eth;in &iacute; 20 &aacute;r","isPartOf":{"@id":"https:\/\/www.frisbigolfbudin.is\/#website"},"primaryImageOfPage":{"@id":"https:\/\/www.frisbigolfbudin.is\/vara\/innova-destroyer-star-hvitur-fyrir-i-dye\/#primaryimage"},"image":{"@id":"https:\/\/www.frisbigolfbudin.is\/vara\/innova-destroyer-star-hvitur-fyrir-i-dye\/#primaryimage"},"thumbnailUrl":"https:\/\/www.frisbigolfbudin.is\/wp-content\/uploads\/2025\/11\/bs-star-destroyer-white.webp","datePublished":"2025-11-24T15:18:28+00:00","dateModified":"2025-11-24T15:41:07+00:00","breadcrumb":{"@id":"https:\/\/www.frisbigolfbudin.is\/vara\/innova-destroyer-star-hvitur-fyrir-i-dye\/#breadcrumb"},"inLanguage":"en-US","potentialAction":[{"@type":"ReadAction","target":["https:\/\/www.frisbigolfbudin.is\/vara\/innova-destroyer-star-hvitur-fyrir-i-dye\/"]}]},{"@type":"ImageObject","inLanguage":"en-US","@id":"https:\/\/www.frisbigolfbudin.is\/vara\/innova-destroyer-star-hvitur-fyrir-i-dye\/#primaryimage","url":"https:\/\/www.frisbigolfbudin.is\/wp-content\/uploads\/2025\/11\/bs-star-destroyer-white.webp","contentUrl":"https:\/\/www.frisbigolfbudin.is\/wp-content\/uploads\/2025\/11\/bs-star-destroyer-white.webp","width":1500,"height":1500},{"@type":"BreadcrumbList","@id":"https:\/\/www.frisbigolfbudin.is\/vara\/innova-destroyer-star-hvitur-fyrir-i-dye\/#breadcrumb","itemListElement":[{"@type":"ListItem","position":1,"name":"Home","item":"https:\/\/www.frisbigolfbudin.is\/"},{"@type":"ListItem","position":2,"name":"Shop","item":"https:\/\/vorulagerinn.is\/frisbigolfbudin\/en\/shop\/"},{"@type":"ListItem","position":3,"name":"Innova Destroyer Star. Hv\u00edtur fyrir I-dye"}]},{"@type":"WebSite","@id":"https:\/\/www.frisbigolfbudin.is\/#website","url":"https:\/\/www.frisbigolfbudin.is\/","name":"Frisb\u00edgolfb\u00fa\u00f0in","description":"Allt fyrir frisb&iacute;golf. Diskar, t&ouml;skur, k&ouml;rfur og fylgihlutir","publisher":{"@id":"https:\/\/www.frisbigolfbudin.is\/#organization"},"potentialAction":[{"@type":"SearchAction","target":{"@type":"EntryPoint","urlTemplate":"https:\/\/www.frisbigolfbudin.is\/?s={search_term_string}"},"query-input":{"@type":"PropertyValueSpecification","valueRequired":true,"valueName":"search_term_string"}}],"inLanguage":"en-US"},{"@type":"Organization","@id":"https:\/\/www.frisbigolfbudin.is\/#organization","name":"Allt fyrir frisb\u00edgolf \u00ed 20 \u00e1r","url":"https:\/\/www.frisbigolfbudin.is\/","logo":{"@type":"ImageObject","inLanguage":"en-US","@id":"https:\/\/www.frisbigolfbudin.is\/#\/schema\/logo\/image\/","url":"https:\/\/www.frisbigolfbudin.is\/wp-content\/uploads\/2024\/04\/Frisbigolfbudin_logo_300x107.png","contentUrl":"https:\/\/www.frisbigolfbudin.is\/wp-content\/uploads\/2024\/04\/Frisbigolfbudin_logo_300x107.png","width":300,"height":107,"caption":"Allt fyrir frisb\u00edgolf \u00ed 20 \u00e1r"},"image":{"@id":"https:\/\/www.frisbigolfbudin.is\/#\/schema\/logo\/image\/"},"sameAs":["https:\/\/www.facebook.com\/Frisbigolfbudin.is"]}]}},"_links":{"self":[{"href":"https:\/\/www.frisbigolfbudin.is\/en\/wp-json\/wp\/v2\/product\/26764","targetHints":{"allow":["GET"]}}],"collection":[{"href":"https:\/\/www.frisbigolfbudin.is\/en\/wp-json\/wp\/v2\/product"}],"about":[{"href":"https:\/\/www.frisbigolfbudin.is\/en\/wp-json\/wp\/v2\/types\/product"}],"wp:featuredmedia":[{"embeddable":true,"href":"https:\/\/www.frisbigolfbudin.is\/en\/wp-json\/wp\/v2\/media\/26766"}],"wp:attachment":[{"href":"https:\/\/www.frisbigolfbudin.is\/en\/wp-json\/wp\/v2\/media?parent=26764"}],"wp:term":[{"taxonomy":"product_brand","embeddable":true,"href":"https:\/\/www.frisbigolfbudin.is\/en\/wp-json\/wp\/v2\/product_brand?post=26764"},{"taxonomy":"product_cat","embeddable":true,"href":"https:\/\/www.frisbigolfbudin.is\/en\/wp-json\/wp\/v2\/product_cat?post=26764"},{"taxonomy":"product_tag","embeddable":true,"href":"https:\/\/www.frisbigolfbudin.is\/en\/wp-json\/wp\/v2\/product_tag?post=26764"}],"curies":[{"name":"wp","href":"https:\/\/api.w.org\/{rel}","templated":true}]}}