{"id":26786,"date":"2025-11-25T16:29:18","date_gmt":"2025-11-25T16:29:18","guid":{"rendered":"https:\/\/www.frisbigolfbudin.is\/?post_type=product&#038;p=26786"},"modified":"2025-11-25T16:51:39","modified_gmt":"2025-11-25T16:51:39","slug":"discraft-focus-ct-ab-usdg-2025","status":"publish","type":"product","link":"https:\/\/www.frisbigolfbudin.is\/en\/product\/discraft-focus-ct-ab-usdg-2025\/","title":{"rendered":"Discraft Focus CT AB USDG 2025"},"content":{"rendered":"<p>2025 USDG AB FOCUS CT<\/p>\n<p>Focus er putterinn sem Anthony Barela treystir \u00e1 \u2013 beinn og st\u00f6\u00f0ugur me\u00f0 \u00e1rei\u00f0anlegu fade \u00ed lokin. CT Swirl plasti\u00f0 er st\u00edft og gripgott, hanna\u00f0 n\u00e1kv\u00e6mlega eftir \u00f3skum AB. Fr\u00e1b\u00e6r diskur fyrir b\u00e6\u00f0i p\u00fatt og \u201eapproach\u201c-k\u00f6st, me\u00f0 hreinni losun og traustum st\u00f6\u00f0ugleika \u00ed \u00f6llum a\u00f0st\u00e6\u00f0um.<\/p>\n","protected":false},"excerpt":{"rendered":"<p>2025 USDG AB FOCUS CT Focus er putterinn sem Anthony Barela treystir \u00e1 \u2013 beinn og st\u00f6\u00f0ugur me\u00f0 \u00e1rei\u00f0anlegu fade \u00ed lokin. CT Swirl plasti\u00f0 er st\u00edft og gripgott, hanna\u00f0 n\u00e1kv\u00e6mlega eftir \u00f3skum AB. Fr\u00e1b\u00e6r diskur fyrir b\u00e6\u00f0i p\u00fatt og \u201eapproach\u201c-k\u00f6st, me\u00f0 hreinni losun og traustum st\u00f6\u00f0ugleika \u00ed \u00f6llum a\u00f0st\u00e6\u00f0um.<\/p>\n","protected":false},"featured_media":26787,"template":"","meta":[],"product_brand":[],"product_cat":[371,376,373],"product_tag":[],"class_list":{"0":"post-26786","1":"product","2":"type-product","3":"status-publish","4":"has-post-thumbnail","6":"product_cat-1-putterar","7":"product_cat-5-limited-signature-diskar","8":"product_cat-discraft","10":"first","11":"instock","12":"taxable","13":"shipping-taxable","14":"purchasable","15":"product-type-simple"},"yoast_head":"<!-- This site is optimized with the Yoast SEO plugin v27.5 - https:\/\/yoast.com\/product\/yoast-seo-wordpress\/ -->\n<title>Discraft Focus CT AB USDG 2025 - Frisb&iacute;golfb&uacute;&eth;in &iacute; 20 &aacute;r<\/title>\n<meta name=\"robots\" content=\"index, follow, max-snippet:-1, max-image-preview:large, max-video-preview:-1\" \/>\n<link rel=\"canonical\" href=\"https:\/\/www.frisbigolfbudin.is\/vara\/discraft-focus-ct-ab-usdg-2025\/\" \/>\n<meta property=\"og:locale\" content=\"en_US\" \/>\n<meta property=\"og:type\" content=\"article\" \/>\n<meta property=\"og:title\" content=\"Discraft Focus CT AB USDG 2025 - Frisb&iacute;golfb&uacute;&eth;in &iacute; 20 &aacute;r\" \/>\n<meta property=\"og:description\" content=\"2025 USDG AB FOCUS CT Focus er putterinn sem Anthony Barela treystir \u00e1 \u2013 beinn og st\u00f6\u00f0ugur me\u00f0 \u00e1rei\u00f0anlegu fade \u00ed lokin. CT Swirl plasti\u00f0 er st\u00edft og gripgott, hanna\u00f0 n\u00e1kv\u00e6mlega eftir \u00f3skum AB. Fr\u00e1b\u00e6r diskur fyrir b\u00e6\u00f0i p\u00fatt og \u201eapproach\u201c-k\u00f6st, me\u00f0 hreinni losun og traustum st\u00f6\u00f0ugleika \u00ed \u00f6llum a\u00f0st\u00e6\u00f0um.\" \/>\n<meta property=\"og:url\" content=\"https:\/\/www.frisbigolfbudin.is\/vara\/discraft-focus-ct-ab-usdg-2025\/\" \/>\n<meta property=\"og:site_name\" content=\"Frisb&iacute;golfb&uacute;&eth;in &iacute; 20 &aacute;r\" \/>\n<meta property=\"article:publisher\" content=\"https:\/\/www.facebook.com\/Frisbigolfbudin.is\" \/>\n<meta property=\"article:modified_time\" content=\"2025-11-25T16:51:39+00:00\" \/>\n<meta property=\"og:image\" content=\"https:\/\/www.frisbigolfbudin.is\/wp-content\/uploads\/2025\/11\/Discraft-focus-AB-2025.webp\" \/>\n\t<meta property=\"og:image:width\" content=\"2200\" \/>\n\t<meta property=\"og:image:height\" content=\"2200\" \/>\n\t<meta property=\"og:image:type\" content=\"image\/webp\" \/>\n<meta name=\"twitter:card\" content=\"summary_large_image\" \/>\n<meta name=\"twitter:label1\" content=\"Est. reading time\" \/>\n\t<meta name=\"twitter:data1\" content=\"1 minute\" \/>\n<script type=\"application\/ld+json\" class=\"yoast-schema-graph\">{\"@context\":\"https:\\\/\\\/schema.org\",\"@graph\":[{\"@type\":\"WebPage\",\"@id\":\"https:\\\/\\\/www.frisbigolfbudin.is\\\/vara\\\/discraft-focus-ct-ab-usdg-2025\\\/\",\"url\":\"https:\\\/\\\/www.frisbigolfbudin.is\\\/vara\\\/discraft-focus-ct-ab-usdg-2025\\\/\",\"name\":\"Discraft Focus CT AB USDG 2025 - Frisb&iacute;golfb&uacute;&eth;in &iacute; 20 &aacute;r\",\"isPartOf\":{\"@id\":\"https:\\\/\\\/www.frisbigolfbudin.is\\\/#website\"},\"primaryImageOfPage\":{\"@id\":\"https:\\\/\\\/www.frisbigolfbudin.is\\\/vara\\\/discraft-focus-ct-ab-usdg-2025\\\/#primaryimage\"},\"image\":{\"@id\":\"https:\\\/\\\/www.frisbigolfbudin.is\\\/vara\\\/discraft-focus-ct-ab-usdg-2025\\\/#primaryimage\"},\"thumbnailUrl\":\"https:\\\/\\\/www.frisbigolfbudin.is\\\/wp-content\\\/uploads\\\/2025\\\/11\\\/Discraft-focus-AB-2025.webp\",\"datePublished\":\"2025-11-25T16:29:18+00:00\",\"dateModified\":\"2025-11-25T16:51:39+00:00\",\"breadcrumb\":{\"@id\":\"https:\\\/\\\/www.frisbigolfbudin.is\\\/vara\\\/discraft-focus-ct-ab-usdg-2025\\\/#breadcrumb\"},\"inLanguage\":\"en-US\",\"potentialAction\":[{\"@type\":\"ReadAction\",\"target\":[\"https:\\\/\\\/www.frisbigolfbudin.is\\\/vara\\\/discraft-focus-ct-ab-usdg-2025\\\/\"]}]},{\"@type\":\"ImageObject\",\"inLanguage\":\"en-US\",\"@id\":\"https:\\\/\\\/www.frisbigolfbudin.is\\\/vara\\\/discraft-focus-ct-ab-usdg-2025\\\/#primaryimage\",\"url\":\"https:\\\/\\\/www.frisbigolfbudin.is\\\/wp-content\\\/uploads\\\/2025\\\/11\\\/Discraft-focus-AB-2025.webp\",\"contentUrl\":\"https:\\\/\\\/www.frisbigolfbudin.is\\\/wp-content\\\/uploads\\\/2025\\\/11\\\/Discraft-focus-AB-2025.webp\",\"width\":2200,\"height\":2200},{\"@type\":\"BreadcrumbList\",\"@id\":\"https:\\\/\\\/www.frisbigolfbudin.is\\\/vara\\\/discraft-focus-ct-ab-usdg-2025\\\/#breadcrumb\",\"itemListElement\":[{\"@type\":\"ListItem\",\"position\":1,\"name\":\"Home\",\"item\":\"https:\\\/\\\/www.frisbigolfbudin.is\\\/\"},{\"@type\":\"ListItem\",\"position\":2,\"name\":\"Shop\",\"item\":\"https:\\\/\\\/vorulagerinn.is\\\/frisbigolfbudin\\\/en\\\/shop\\\/\"},{\"@type\":\"ListItem\",\"position\":3,\"name\":\"Discraft Focus CT AB USDG 2025\"}]},{\"@type\":\"WebSite\",\"@id\":\"https:\\\/\\\/www.frisbigolfbudin.is\\\/#website\",\"url\":\"https:\\\/\\\/www.frisbigolfbudin.is\\\/\",\"name\":\"Frisb\u00edgolfb\u00fa\u00f0in\",\"description\":\"Allt fyrir frisb&iacute;golf. Diskar, t&ouml;skur, k&ouml;rfur og fylgihlutir\",\"publisher\":{\"@id\":\"https:\\\/\\\/www.frisbigolfbudin.is\\\/#organization\"},\"potentialAction\":[{\"@type\":\"SearchAction\",\"target\":{\"@type\":\"EntryPoint\",\"urlTemplate\":\"https:\\\/\\\/www.frisbigolfbudin.is\\\/?s={search_term_string}\"},\"query-input\":{\"@type\":\"PropertyValueSpecification\",\"valueRequired\":true,\"valueName\":\"search_term_string\"}}],\"inLanguage\":\"en-US\"},{\"@type\":\"Organization\",\"@id\":\"https:\\\/\\\/www.frisbigolfbudin.is\\\/#organization\",\"name\":\"Allt fyrir frisb\u00edgolf \u00ed 20 \u00e1r\",\"url\":\"https:\\\/\\\/www.frisbigolfbudin.is\\\/\",\"logo\":{\"@type\":\"ImageObject\",\"inLanguage\":\"en-US\",\"@id\":\"https:\\\/\\\/www.frisbigolfbudin.is\\\/#\\\/schema\\\/logo\\\/image\\\/\",\"url\":\"https:\\\/\\\/www.frisbigolfbudin.is\\\/wp-content\\\/uploads\\\/2024\\\/04\\\/Frisbigolfbudin_logo_300x107.png\",\"contentUrl\":\"https:\\\/\\\/www.frisbigolfbudin.is\\\/wp-content\\\/uploads\\\/2024\\\/04\\\/Frisbigolfbudin_logo_300x107.png\",\"width\":300,\"height\":107,\"caption\":\"Allt fyrir frisb\u00edgolf \u00ed 20 \u00e1r\"},\"image\":{\"@id\":\"https:\\\/\\\/www.frisbigolfbudin.is\\\/#\\\/schema\\\/logo\\\/image\\\/\"},\"sameAs\":[\"https:\\\/\\\/www.facebook.com\\\/Frisbigolfbudin.is\"]}]}<\/script>\n<!-- \/ Yoast SEO plugin. -->","yoast_head_json":{"title":"Discraft Focus CT AB USDG 2025 - Frisb&iacute;golfb&uacute;&eth;in &iacute; 20 &aacute;r","robots":{"index":"index","follow":"follow","max-snippet":"max-snippet:-1","max-image-preview":"max-image-preview:large","max-video-preview":"max-video-preview:-1"},"canonical":"https:\/\/www.frisbigolfbudin.is\/vara\/discraft-focus-ct-ab-usdg-2025\/","og_locale":"en_US","og_type":"article","og_title":"Discraft Focus CT AB USDG 2025 - Frisb&iacute;golfb&uacute;&eth;in &iacute; 20 &aacute;r","og_description":"2025 USDG AB FOCUS CT Focus er putterinn sem Anthony Barela treystir \u00e1 \u2013 beinn og st\u00f6\u00f0ugur me\u00f0 \u00e1rei\u00f0anlegu fade \u00ed lokin. CT Swirl plasti\u00f0 er st\u00edft og gripgott, hanna\u00f0 n\u00e1kv\u00e6mlega eftir \u00f3skum AB. Fr\u00e1b\u00e6r diskur fyrir b\u00e6\u00f0i p\u00fatt og \u201eapproach\u201c-k\u00f6st, me\u00f0 hreinni losun og traustum st\u00f6\u00f0ugleika \u00ed \u00f6llum a\u00f0st\u00e6\u00f0um.","og_url":"https:\/\/www.frisbigolfbudin.is\/vara\/discraft-focus-ct-ab-usdg-2025\/","og_site_name":"Frisb&iacute;golfb&uacute;&eth;in &iacute; 20 &aacute;r","article_publisher":"https:\/\/www.facebook.com\/Frisbigolfbudin.is","article_modified_time":"2025-11-25T16:51:39+00:00","og_image":[{"width":2200,"height":2200,"url":"https:\/\/www.frisbigolfbudin.is\/wp-content\/uploads\/2025\/11\/Discraft-focus-AB-2025.webp","type":"image\/webp"}],"twitter_card":"summary_large_image","twitter_misc":{"Est. reading time":"1 minute"},"schema":{"@context":"https:\/\/schema.org","@graph":[{"@type":"WebPage","@id":"https:\/\/www.frisbigolfbudin.is\/vara\/discraft-focus-ct-ab-usdg-2025\/","url":"https:\/\/www.frisbigolfbudin.is\/vara\/discraft-focus-ct-ab-usdg-2025\/","name":"Discraft Focus CT AB USDG 2025 - Frisb&iacute;golfb&uacute;&eth;in &iacute; 20 &aacute;r","isPartOf":{"@id":"https:\/\/www.frisbigolfbudin.is\/#website"},"primaryImageOfPage":{"@id":"https:\/\/www.frisbigolfbudin.is\/vara\/discraft-focus-ct-ab-usdg-2025\/#primaryimage"},"image":{"@id":"https:\/\/www.frisbigolfbudin.is\/vara\/discraft-focus-ct-ab-usdg-2025\/#primaryimage"},"thumbnailUrl":"https:\/\/www.frisbigolfbudin.is\/wp-content\/uploads\/2025\/11\/Discraft-focus-AB-2025.webp","datePublished":"2025-11-25T16:29:18+00:00","dateModified":"2025-11-25T16:51:39+00:00","breadcrumb":{"@id":"https:\/\/www.frisbigolfbudin.is\/vara\/discraft-focus-ct-ab-usdg-2025\/#breadcrumb"},"inLanguage":"en-US","potentialAction":[{"@type":"ReadAction","target":["https:\/\/www.frisbigolfbudin.is\/vara\/discraft-focus-ct-ab-usdg-2025\/"]}]},{"@type":"ImageObject","inLanguage":"en-US","@id":"https:\/\/www.frisbigolfbudin.is\/vara\/discraft-focus-ct-ab-usdg-2025\/#primaryimage","url":"https:\/\/www.frisbigolfbudin.is\/wp-content\/uploads\/2025\/11\/Discraft-focus-AB-2025.webp","contentUrl":"https:\/\/www.frisbigolfbudin.is\/wp-content\/uploads\/2025\/11\/Discraft-focus-AB-2025.webp","width":2200,"height":2200},{"@type":"BreadcrumbList","@id":"https:\/\/www.frisbigolfbudin.is\/vara\/discraft-focus-ct-ab-usdg-2025\/#breadcrumb","itemListElement":[{"@type":"ListItem","position":1,"name":"Home","item":"https:\/\/www.frisbigolfbudin.is\/"},{"@type":"ListItem","position":2,"name":"Shop","item":"https:\/\/vorulagerinn.is\/frisbigolfbudin\/en\/shop\/"},{"@type":"ListItem","position":3,"name":"Discraft Focus CT AB USDG 2025"}]},{"@type":"WebSite","@id":"https:\/\/www.frisbigolfbudin.is\/#website","url":"https:\/\/www.frisbigolfbudin.is\/","name":"Frisb\u00edgolfb\u00fa\u00f0in","description":"Allt fyrir frisb&iacute;golf. Diskar, t&ouml;skur, k&ouml;rfur og fylgihlutir","publisher":{"@id":"https:\/\/www.frisbigolfbudin.is\/#organization"},"potentialAction":[{"@type":"SearchAction","target":{"@type":"EntryPoint","urlTemplate":"https:\/\/www.frisbigolfbudin.is\/?s={search_term_string}"},"query-input":{"@type":"PropertyValueSpecification","valueRequired":true,"valueName":"search_term_string"}}],"inLanguage":"en-US"},{"@type":"Organization","@id":"https:\/\/www.frisbigolfbudin.is\/#organization","name":"Allt fyrir frisb\u00edgolf \u00ed 20 \u00e1r","url":"https:\/\/www.frisbigolfbudin.is\/","logo":{"@type":"ImageObject","inLanguage":"en-US","@id":"https:\/\/www.frisbigolfbudin.is\/#\/schema\/logo\/image\/","url":"https:\/\/www.frisbigolfbudin.is\/wp-content\/uploads\/2024\/04\/Frisbigolfbudin_logo_300x107.png","contentUrl":"https:\/\/www.frisbigolfbudin.is\/wp-content\/uploads\/2024\/04\/Frisbigolfbudin_logo_300x107.png","width":300,"height":107,"caption":"Allt fyrir frisb\u00edgolf \u00ed 20 \u00e1r"},"image":{"@id":"https:\/\/www.frisbigolfbudin.is\/#\/schema\/logo\/image\/"},"sameAs":["https:\/\/www.facebook.com\/Frisbigolfbudin.is"]}]}},"_links":{"self":[{"href":"https:\/\/www.frisbigolfbudin.is\/en\/wp-json\/wp\/v2\/product\/26786","targetHints":{"allow":["GET"]}}],"collection":[{"href":"https:\/\/www.frisbigolfbudin.is\/en\/wp-json\/wp\/v2\/product"}],"about":[{"href":"https:\/\/www.frisbigolfbudin.is\/en\/wp-json\/wp\/v2\/types\/product"}],"wp:featuredmedia":[{"embeddable":true,"href":"https:\/\/www.frisbigolfbudin.is\/en\/wp-json\/wp\/v2\/media\/26787"}],"wp:attachment":[{"href":"https:\/\/www.frisbigolfbudin.is\/en\/wp-json\/wp\/v2\/media?parent=26786"}],"wp:term":[{"taxonomy":"product_brand","embeddable":true,"href":"https:\/\/www.frisbigolfbudin.is\/en\/wp-json\/wp\/v2\/product_brand?post=26786"},{"taxonomy":"product_cat","embeddable":true,"href":"https:\/\/www.frisbigolfbudin.is\/en\/wp-json\/wp\/v2\/product_cat?post=26786"},{"taxonomy":"product_tag","embeddable":true,"href":"https:\/\/www.frisbigolfbudin.is\/en\/wp-json\/wp\/v2\/product_tag?post=26786"}],"curies":[{"name":"wp","href":"https:\/\/api.w.org\/{rel}","templated":true}]}}