{"id":26815,"date":"2025-12-08T14:06:12","date_gmt":"2025-12-08T14:06:12","guid":{"rendered":"https:\/\/www.frisbigolfbudin.is\/?post_type=product&#038;p=26815"},"modified":"2025-12-08T14:19:56","modified_gmt":"2025-12-08T14:19:56","slug":"discraft-proto-hallux-ricky-wysocki","status":"publish","type":"product","link":"https:\/\/www.frisbigolfbudin.is\/en\/product\/discraft-proto-hallux-ricky-wysocki\/","title":{"rendered":"Discraft PROTO HALLUX Ricky Wysocki"},"content":{"rendered":"<p>Discraft Proto Hallux Ricky Wysocki.<\/p>\n<p>Hallux er n\u00fdr \u201cprototype\u201d driver fr\u00e1 Discraft \u2014 hanna\u00f0ur \u00ed samstarfi vi\u00f0 Ricky Wysocki.<\/p>\n<p data-start=\"258\" data-end=\"412\">Diskurinn var m\u00f3ta\u00f0ur til a\u00f0 m\u00e6ta kr\u00f6fum hans: \u00e1rei\u00f0anleiki, st\u00f6\u00f0ugleiki og bestun fyrir vinda\u00f0st\u00e6\u00f0ur og stj\u00f3rn.<\/p>\n","protected":false},"excerpt":{"rendered":"<p>Discraft Proto Hallux Ricky Wysocki. Hallux er n\u00fdr \u201cprototype\u201d driver fr\u00e1 Discraft \u2014 hanna\u00f0ur \u00ed samstarfi vi\u00f0 Ricky Wysocki. Diskurinn var m\u00f3ta\u00f0ur til a\u00f0 m\u00e6ta kr\u00f6fum hans: \u00e1rei\u00f0anleiki, st\u00f6\u00f0ugleiki og bestun fyrir vinda\u00f0st\u00e6\u00f0ur og stj\u00f3rn.<\/p>\n","protected":false},"featured_media":26821,"template":"","meta":[],"product_brand":[],"product_cat":[375],"product_tag":[],"class_list":{"0":"post-26815","1":"product","2":"type-product","3":"status-publish","4":"has-post-thumbnail","6":"product_cat-3-stuttir-driverar","8":"first","9":"instock","10":"taxable","11":"shipping-taxable","12":"purchasable","13":"product-type-simple"},"yoast_head":"<!-- This site is optimized with the Yoast SEO plugin v27.5 - https:\/\/yoast.com\/product\/yoast-seo-wordpress\/ -->\n<title>Discraft PROTO HALLUX Ricky Wysocki - Frisb&iacute;golfb&uacute;&eth;in &iacute; 20 &aacute;r<\/title>\n<meta name=\"robots\" content=\"index, follow, max-snippet:-1, max-image-preview:large, max-video-preview:-1\" \/>\n<link rel=\"canonical\" href=\"https:\/\/www.frisbigolfbudin.is\/vara\/discraft-proto-hallux-ricky-wysocki\/\" \/>\n<meta property=\"og:locale\" content=\"en_US\" \/>\n<meta property=\"og:type\" content=\"article\" \/>\n<meta property=\"og:title\" content=\"Discraft PROTO HALLUX Ricky Wysocki - Frisb&iacute;golfb&uacute;&eth;in &iacute; 20 &aacute;r\" \/>\n<meta property=\"og:description\" content=\"Discraft Proto Hallux Ricky Wysocki. Hallux er n\u00fdr \u201cprototype\u201d driver fr\u00e1 Discraft \u2014 hanna\u00f0ur \u00ed samstarfi vi\u00f0 Ricky Wysocki. Diskurinn var m\u00f3ta\u00f0ur til a\u00f0 m\u00e6ta kr\u00f6fum hans: \u00e1rei\u00f0anleiki, st\u00f6\u00f0ugleiki og bestun fyrir vinda\u00f0st\u00e6\u00f0ur og stj\u00f3rn.\" \/>\n<meta property=\"og:url\" content=\"https:\/\/www.frisbigolfbudin.is\/vara\/discraft-proto-hallux-ricky-wysocki\/\" \/>\n<meta property=\"og:site_name\" content=\"Frisb&iacute;golfb&uacute;&eth;in &iacute; 20 &aacute;r\" \/>\n<meta property=\"article:publisher\" content=\"https:\/\/www.facebook.com\/Frisbigolfbudin.is\" \/>\n<meta property=\"article:modified_time\" content=\"2025-12-08T14:19:56+00:00\" \/>\n<meta property=\"og:image\" content=\"https:\/\/www.frisbigolfbudin.is\/wp-content\/uploads\/2025\/12\/Hallux.webp\" \/>\n\t<meta property=\"og:image:width\" content=\"1214\" \/>\n\t<meta property=\"og:image:height\" content=\"1213\" \/>\n\t<meta property=\"og:image:type\" content=\"image\/webp\" \/>\n<meta name=\"twitter:card\" content=\"summary_large_image\" \/>\n<meta name=\"twitter:label1\" content=\"Est. reading time\" \/>\n\t<meta name=\"twitter:data1\" content=\"1 minute\" \/>\n<script type=\"application\/ld+json\" class=\"yoast-schema-graph\">{\"@context\":\"https:\\\/\\\/schema.org\",\"@graph\":[{\"@type\":\"WebPage\",\"@id\":\"https:\\\/\\\/www.frisbigolfbudin.is\\\/vara\\\/discraft-proto-hallux-ricky-wysocki\\\/\",\"url\":\"https:\\\/\\\/www.frisbigolfbudin.is\\\/vara\\\/discraft-proto-hallux-ricky-wysocki\\\/\",\"name\":\"Discraft PROTO HALLUX Ricky Wysocki - Frisb&iacute;golfb&uacute;&eth;in &iacute; 20 &aacute;r\",\"isPartOf\":{\"@id\":\"https:\\\/\\\/www.frisbigolfbudin.is\\\/#website\"},\"primaryImageOfPage\":{\"@id\":\"https:\\\/\\\/www.frisbigolfbudin.is\\\/vara\\\/discraft-proto-hallux-ricky-wysocki\\\/#primaryimage\"},\"image\":{\"@id\":\"https:\\\/\\\/www.frisbigolfbudin.is\\\/vara\\\/discraft-proto-hallux-ricky-wysocki\\\/#primaryimage\"},\"thumbnailUrl\":\"https:\\\/\\\/www.frisbigolfbudin.is\\\/wp-content\\\/uploads\\\/2025\\\/12\\\/Hallux.webp\",\"datePublished\":\"2025-12-08T14:06:12+00:00\",\"dateModified\":\"2025-12-08T14:19:56+00:00\",\"breadcrumb\":{\"@id\":\"https:\\\/\\\/www.frisbigolfbudin.is\\\/vara\\\/discraft-proto-hallux-ricky-wysocki\\\/#breadcrumb\"},\"inLanguage\":\"en-US\",\"potentialAction\":[{\"@type\":\"ReadAction\",\"target\":[\"https:\\\/\\\/www.frisbigolfbudin.is\\\/vara\\\/discraft-proto-hallux-ricky-wysocki\\\/\"]}]},{\"@type\":\"ImageObject\",\"inLanguage\":\"en-US\",\"@id\":\"https:\\\/\\\/www.frisbigolfbudin.is\\\/vara\\\/discraft-proto-hallux-ricky-wysocki\\\/#primaryimage\",\"url\":\"https:\\\/\\\/www.frisbigolfbudin.is\\\/wp-content\\\/uploads\\\/2025\\\/12\\\/Hallux.webp\",\"contentUrl\":\"https:\\\/\\\/www.frisbigolfbudin.is\\\/wp-content\\\/uploads\\\/2025\\\/12\\\/Hallux.webp\",\"width\":1214,\"height\":1213},{\"@type\":\"BreadcrumbList\",\"@id\":\"https:\\\/\\\/www.frisbigolfbudin.is\\\/vara\\\/discraft-proto-hallux-ricky-wysocki\\\/#breadcrumb\",\"itemListElement\":[{\"@type\":\"ListItem\",\"position\":1,\"name\":\"Home\",\"item\":\"https:\\\/\\\/www.frisbigolfbudin.is\\\/\"},{\"@type\":\"ListItem\",\"position\":2,\"name\":\"Shop\",\"item\":\"https:\\\/\\\/vorulagerinn.is\\\/frisbigolfbudin\\\/en\\\/shop\\\/\"},{\"@type\":\"ListItem\",\"position\":3,\"name\":\"Discraft PROTO HALLUX Ricky Wysocki\"}]},{\"@type\":\"WebSite\",\"@id\":\"https:\\\/\\\/www.frisbigolfbudin.is\\\/#website\",\"url\":\"https:\\\/\\\/www.frisbigolfbudin.is\\\/\",\"name\":\"Frisb\u00edgolfb\u00fa\u00f0in\",\"description\":\"Allt fyrir frisb&iacute;golf. Diskar, t&ouml;skur, k&ouml;rfur og fylgihlutir\",\"publisher\":{\"@id\":\"https:\\\/\\\/www.frisbigolfbudin.is\\\/#organization\"},\"potentialAction\":[{\"@type\":\"SearchAction\",\"target\":{\"@type\":\"EntryPoint\",\"urlTemplate\":\"https:\\\/\\\/www.frisbigolfbudin.is\\\/?s={search_term_string}\"},\"query-input\":{\"@type\":\"PropertyValueSpecification\",\"valueRequired\":true,\"valueName\":\"search_term_string\"}}],\"inLanguage\":\"en-US\"},{\"@type\":\"Organization\",\"@id\":\"https:\\\/\\\/www.frisbigolfbudin.is\\\/#organization\",\"name\":\"Allt fyrir frisb\u00edgolf \u00ed 20 \u00e1r\",\"url\":\"https:\\\/\\\/www.frisbigolfbudin.is\\\/\",\"logo\":{\"@type\":\"ImageObject\",\"inLanguage\":\"en-US\",\"@id\":\"https:\\\/\\\/www.frisbigolfbudin.is\\\/#\\\/schema\\\/logo\\\/image\\\/\",\"url\":\"https:\\\/\\\/www.frisbigolfbudin.is\\\/wp-content\\\/uploads\\\/2024\\\/04\\\/Frisbigolfbudin_logo_300x107.png\",\"contentUrl\":\"https:\\\/\\\/www.frisbigolfbudin.is\\\/wp-content\\\/uploads\\\/2024\\\/04\\\/Frisbigolfbudin_logo_300x107.png\",\"width\":300,\"height\":107,\"caption\":\"Allt fyrir frisb\u00edgolf \u00ed 20 \u00e1r\"},\"image\":{\"@id\":\"https:\\\/\\\/www.frisbigolfbudin.is\\\/#\\\/schema\\\/logo\\\/image\\\/\"},\"sameAs\":[\"https:\\\/\\\/www.facebook.com\\\/Frisbigolfbudin.is\"]}]}<\/script>\n<!-- \/ Yoast SEO plugin. -->","yoast_head_json":{"title":"Discraft PROTO HALLUX Ricky Wysocki - Frisb&iacute;golfb&uacute;&eth;in &iacute; 20 &aacute;r","robots":{"index":"index","follow":"follow","max-snippet":"max-snippet:-1","max-image-preview":"max-image-preview:large","max-video-preview":"max-video-preview:-1"},"canonical":"https:\/\/www.frisbigolfbudin.is\/vara\/discraft-proto-hallux-ricky-wysocki\/","og_locale":"en_US","og_type":"article","og_title":"Discraft PROTO HALLUX Ricky Wysocki - Frisb&iacute;golfb&uacute;&eth;in &iacute; 20 &aacute;r","og_description":"Discraft Proto Hallux Ricky Wysocki. Hallux er n\u00fdr \u201cprototype\u201d driver fr\u00e1 Discraft \u2014 hanna\u00f0ur \u00ed samstarfi vi\u00f0 Ricky Wysocki. Diskurinn var m\u00f3ta\u00f0ur til a\u00f0 m\u00e6ta kr\u00f6fum hans: \u00e1rei\u00f0anleiki, st\u00f6\u00f0ugleiki og bestun fyrir vinda\u00f0st\u00e6\u00f0ur og stj\u00f3rn.","og_url":"https:\/\/www.frisbigolfbudin.is\/vara\/discraft-proto-hallux-ricky-wysocki\/","og_site_name":"Frisb&iacute;golfb&uacute;&eth;in &iacute; 20 &aacute;r","article_publisher":"https:\/\/www.facebook.com\/Frisbigolfbudin.is","article_modified_time":"2025-12-08T14:19:56+00:00","og_image":[{"width":1214,"height":1213,"url":"https:\/\/www.frisbigolfbudin.is\/wp-content\/uploads\/2025\/12\/Hallux.webp","type":"image\/webp"}],"twitter_card":"summary_large_image","twitter_misc":{"Est. reading time":"1 minute"},"schema":{"@context":"https:\/\/schema.org","@graph":[{"@type":"WebPage","@id":"https:\/\/www.frisbigolfbudin.is\/vara\/discraft-proto-hallux-ricky-wysocki\/","url":"https:\/\/www.frisbigolfbudin.is\/vara\/discraft-proto-hallux-ricky-wysocki\/","name":"Discraft PROTO HALLUX Ricky Wysocki - Frisb&iacute;golfb&uacute;&eth;in &iacute; 20 &aacute;r","isPartOf":{"@id":"https:\/\/www.frisbigolfbudin.is\/#website"},"primaryImageOfPage":{"@id":"https:\/\/www.frisbigolfbudin.is\/vara\/discraft-proto-hallux-ricky-wysocki\/#primaryimage"},"image":{"@id":"https:\/\/www.frisbigolfbudin.is\/vara\/discraft-proto-hallux-ricky-wysocki\/#primaryimage"},"thumbnailUrl":"https:\/\/www.frisbigolfbudin.is\/wp-content\/uploads\/2025\/12\/Hallux.webp","datePublished":"2025-12-08T14:06:12+00:00","dateModified":"2025-12-08T14:19:56+00:00","breadcrumb":{"@id":"https:\/\/www.frisbigolfbudin.is\/vara\/discraft-proto-hallux-ricky-wysocki\/#breadcrumb"},"inLanguage":"en-US","potentialAction":[{"@type":"ReadAction","target":["https:\/\/www.frisbigolfbudin.is\/vara\/discraft-proto-hallux-ricky-wysocki\/"]}]},{"@type":"ImageObject","inLanguage":"en-US","@id":"https:\/\/www.frisbigolfbudin.is\/vara\/discraft-proto-hallux-ricky-wysocki\/#primaryimage","url":"https:\/\/www.frisbigolfbudin.is\/wp-content\/uploads\/2025\/12\/Hallux.webp","contentUrl":"https:\/\/www.frisbigolfbudin.is\/wp-content\/uploads\/2025\/12\/Hallux.webp","width":1214,"height":1213},{"@type":"BreadcrumbList","@id":"https:\/\/www.frisbigolfbudin.is\/vara\/discraft-proto-hallux-ricky-wysocki\/#breadcrumb","itemListElement":[{"@type":"ListItem","position":1,"name":"Home","item":"https:\/\/www.frisbigolfbudin.is\/"},{"@type":"ListItem","position":2,"name":"Shop","item":"https:\/\/vorulagerinn.is\/frisbigolfbudin\/en\/shop\/"},{"@type":"ListItem","position":3,"name":"Discraft PROTO HALLUX Ricky Wysocki"}]},{"@type":"WebSite","@id":"https:\/\/www.frisbigolfbudin.is\/#website","url":"https:\/\/www.frisbigolfbudin.is\/","name":"Frisb\u00edgolfb\u00fa\u00f0in","description":"Allt fyrir frisb&iacute;golf. Diskar, t&ouml;skur, k&ouml;rfur og fylgihlutir","publisher":{"@id":"https:\/\/www.frisbigolfbudin.is\/#organization"},"potentialAction":[{"@type":"SearchAction","target":{"@type":"EntryPoint","urlTemplate":"https:\/\/www.frisbigolfbudin.is\/?s={search_term_string}"},"query-input":{"@type":"PropertyValueSpecification","valueRequired":true,"valueName":"search_term_string"}}],"inLanguage":"en-US"},{"@type":"Organization","@id":"https:\/\/www.frisbigolfbudin.is\/#organization","name":"Allt fyrir frisb\u00edgolf \u00ed 20 \u00e1r","url":"https:\/\/www.frisbigolfbudin.is\/","logo":{"@type":"ImageObject","inLanguage":"en-US","@id":"https:\/\/www.frisbigolfbudin.is\/#\/schema\/logo\/image\/","url":"https:\/\/www.frisbigolfbudin.is\/wp-content\/uploads\/2024\/04\/Frisbigolfbudin_logo_300x107.png","contentUrl":"https:\/\/www.frisbigolfbudin.is\/wp-content\/uploads\/2024\/04\/Frisbigolfbudin_logo_300x107.png","width":300,"height":107,"caption":"Allt fyrir frisb\u00edgolf \u00ed 20 \u00e1r"},"image":{"@id":"https:\/\/www.frisbigolfbudin.is\/#\/schema\/logo\/image\/"},"sameAs":["https:\/\/www.facebook.com\/Frisbigolfbudin.is"]}]}},"_links":{"self":[{"href":"https:\/\/www.frisbigolfbudin.is\/en\/wp-json\/wp\/v2\/product\/26815","targetHints":{"allow":["GET"]}}],"collection":[{"href":"https:\/\/www.frisbigolfbudin.is\/en\/wp-json\/wp\/v2\/product"}],"about":[{"href":"https:\/\/www.frisbigolfbudin.is\/en\/wp-json\/wp\/v2\/types\/product"}],"wp:featuredmedia":[{"embeddable":true,"href":"https:\/\/www.frisbigolfbudin.is\/en\/wp-json\/wp\/v2\/media\/26821"}],"wp:attachment":[{"href":"https:\/\/www.frisbigolfbudin.is\/en\/wp-json\/wp\/v2\/media?parent=26815"}],"wp:term":[{"taxonomy":"product_brand","embeddable":true,"href":"https:\/\/www.frisbigolfbudin.is\/en\/wp-json\/wp\/v2\/product_brand?post=26815"},{"taxonomy":"product_cat","embeddable":true,"href":"https:\/\/www.frisbigolfbudin.is\/en\/wp-json\/wp\/v2\/product_cat?post=26815"},{"taxonomy":"product_tag","embeddable":true,"href":"https:\/\/www.frisbigolfbudin.is\/en\/wp-json\/wp\/v2\/product_tag?post=26815"}],"curies":[{"name":"wp","href":"https:\/\/api.w.org\/{rel}","templated":true}]}}