{"id":26816,"date":"2025-12-08T14:07:12","date_gmt":"2025-12-08T14:07:12","guid":{"rendered":"https:\/\/www.frisbigolfbudin.is\/?post_type=product&#038;p=26816"},"modified":"2025-12-08T14:14:22","modified_gmt":"2025-12-08T14:14:22","slug":"dsicraft-proto-fossil","status":"publish","type":"product","link":"https:\/\/www.frisbigolfbudin.is\/en\/product\/dsicraft-proto-fossil\/","title":{"rendered":"Dsicraft Proto Fossil"},"content":{"rendered":"<p>Discraft Proto Fossil<\/p>\n<p>&nbsp;<\/p>\n<p>3-1-0-3<\/p>\n<p>A\u00f0d\u00e1endur s\u00e1u ekki sjaldan Ricky Wysocki kasta\u00a0 \u201ePig\u201c \u00e1 s\u00ednum t\u00edma \u00feegar hann spila\u00f0i fyrir Innova. Pig var upp\u00e1halds diskurinn hans \u00ed \u00feeim flokki. N\u00fa hefur Ricky unni\u00f0 a\u00f0 h\u00f6nnun og \u00fer\u00f3un \u00e1 Fossil-diskinn me\u00f0 Pig sem fyrirmynd. Fossil endurspeglar s\u00f6mu hugmyndafr\u00e6\u00f0i: traustur approach-diskur me\u00f0 mikla stj\u00f3rn, l\u00edtinn \u00f3st\u00f6\u00f0ugleika og sj\u00e1lfstraust \u00ed \u00f6llum a\u00f0st\u00e6\u00f0um.<\/p>\n<p>Diskur sem margir Discraft a\u00f0d\u00e1endur hafa be\u00f0i\u00f0 eftir.<\/p>\n<p>&nbsp;<\/p>\n","protected":false},"excerpt":{"rendered":"<p>Discraft Proto Fossil &nbsp; 3-1-0-3 A\u00f0d\u00e1endur s\u00e1u ekki sjaldan Ricky Wysocki kasta\u00a0 \u201ePig\u201c \u00e1 s\u00ednum t\u00edma \u00feegar hann spila\u00f0i fyrir Innova. Pig var upp\u00e1halds diskurinn hans \u00ed \u00feeim flokki. N\u00fa hefur Ricky unni\u00f0 a\u00f0 h\u00f6nnun og \u00fer\u00f3un \u00e1 Fossil-diskinn me\u00f0 Pig sem fyrirmynd. Fossil endurspeglar s\u00f6mu hugmyndafr\u00e6\u00f0i: traustur approach-diskur me\u00f0 mikla stj\u00f3rn, l\u00edtinn \u00f3st\u00f6\u00f0ugleika og&#8230;<\/p>\n","protected":false},"featured_media":26818,"template":"","meta":[],"product_brand":[],"product_cat":[371,373,235],"product_tag":[],"class_list":{"0":"post-26816","1":"product","2":"type-product","3":"status-publish","4":"has-post-thumbnail","6":"product_cat-1-putterar","7":"product_cat-discraft","8":"product_cat-frisbigolf","10":"first","11":"instock","12":"taxable","13":"shipping-taxable","14":"purchasable","15":"product-type-simple"},"yoast_head":"<!-- This site is optimized with the Yoast SEO plugin v27.5 - https:\/\/yoast.com\/product\/yoast-seo-wordpress\/ -->\n<title>Dsicraft Proto Fossil - Frisb&iacute;golfb&uacute;&eth;in &iacute; 20 &aacute;r<\/title>\n<meta name=\"robots\" content=\"index, follow, max-snippet:-1, max-image-preview:large, max-video-preview:-1\" \/>\n<link rel=\"canonical\" href=\"https:\/\/www.frisbigolfbudin.is\/vara\/dsicraft-proto-fossil\/\" \/>\n<meta property=\"og:locale\" content=\"en_US\" \/>\n<meta property=\"og:type\" content=\"article\" \/>\n<meta property=\"og:title\" content=\"Dsicraft Proto Fossil - Frisb&iacute;golfb&uacute;&eth;in &iacute; 20 &aacute;r\" \/>\n<meta property=\"og:description\" content=\"Discraft Proto Fossil &nbsp; 3-1-0-3 A\u00f0d\u00e1endur s\u00e1u ekki sjaldan Ricky Wysocki kasta\u00a0 \u201ePig\u201c \u00e1 s\u00ednum t\u00edma \u00feegar hann spila\u00f0i fyrir Innova. Pig var upp\u00e1halds diskurinn hans \u00ed \u00feeim flokki. N\u00fa hefur Ricky unni\u00f0 a\u00f0 h\u00f6nnun og \u00fer\u00f3un \u00e1 Fossil-diskinn me\u00f0 Pig sem fyrirmynd. Fossil endurspeglar s\u00f6mu hugmyndafr\u00e6\u00f0i: traustur approach-diskur me\u00f0 mikla stj\u00f3rn, l\u00edtinn \u00f3st\u00f6\u00f0ugleika og...\" \/>\n<meta property=\"og:url\" content=\"https:\/\/www.frisbigolfbudin.is\/vara\/dsicraft-proto-fossil\/\" \/>\n<meta property=\"og:site_name\" content=\"Frisb&iacute;golfb&uacute;&eth;in &iacute; 20 &aacute;r\" \/>\n<meta property=\"article:publisher\" content=\"https:\/\/www.facebook.com\/Frisbigolfbudin.is\" \/>\n<meta property=\"article:modified_time\" content=\"2025-12-08T14:14:22+00:00\" \/>\n<meta property=\"og:image\" content=\"https:\/\/www.frisbigolfbudin.is\/wp-content\/uploads\/2025\/12\/Discraft-Proto-Fossil.webp\" \/>\n\t<meta property=\"og:image:width\" content=\"1214\" \/>\n\t<meta property=\"og:image:height\" content=\"1222\" \/>\n\t<meta property=\"og:image:type\" content=\"image\/webp\" \/>\n<meta name=\"twitter:card\" content=\"summary_large_image\" \/>\n<meta name=\"twitter:label1\" content=\"Est. reading time\" \/>\n\t<meta name=\"twitter:data1\" content=\"1 minute\" \/>\n<script type=\"application\/ld+json\" class=\"yoast-schema-graph\">{\"@context\":\"https:\\\/\\\/schema.org\",\"@graph\":[{\"@type\":\"WebPage\",\"@id\":\"https:\\\/\\\/www.frisbigolfbudin.is\\\/vara\\\/dsicraft-proto-fossil\\\/\",\"url\":\"https:\\\/\\\/www.frisbigolfbudin.is\\\/vara\\\/dsicraft-proto-fossil\\\/\",\"name\":\"Dsicraft Proto Fossil - Frisb&iacute;golfb&uacute;&eth;in &iacute; 20 &aacute;r\",\"isPartOf\":{\"@id\":\"https:\\\/\\\/www.frisbigolfbudin.is\\\/#website\"},\"primaryImageOfPage\":{\"@id\":\"https:\\\/\\\/www.frisbigolfbudin.is\\\/vara\\\/dsicraft-proto-fossil\\\/#primaryimage\"},\"image\":{\"@id\":\"https:\\\/\\\/www.frisbigolfbudin.is\\\/vara\\\/dsicraft-proto-fossil\\\/#primaryimage\"},\"thumbnailUrl\":\"https:\\\/\\\/www.frisbigolfbudin.is\\\/wp-content\\\/uploads\\\/2025\\\/12\\\/Discraft-Proto-Fossil.webp\",\"datePublished\":\"2025-12-08T14:07:12+00:00\",\"dateModified\":\"2025-12-08T14:14:22+00:00\",\"breadcrumb\":{\"@id\":\"https:\\\/\\\/www.frisbigolfbudin.is\\\/vara\\\/dsicraft-proto-fossil\\\/#breadcrumb\"},\"inLanguage\":\"en-US\",\"potentialAction\":[{\"@type\":\"ReadAction\",\"target\":[\"https:\\\/\\\/www.frisbigolfbudin.is\\\/vara\\\/dsicraft-proto-fossil\\\/\"]}]},{\"@type\":\"ImageObject\",\"inLanguage\":\"en-US\",\"@id\":\"https:\\\/\\\/www.frisbigolfbudin.is\\\/vara\\\/dsicraft-proto-fossil\\\/#primaryimage\",\"url\":\"https:\\\/\\\/www.frisbigolfbudin.is\\\/wp-content\\\/uploads\\\/2025\\\/12\\\/Discraft-Proto-Fossil.webp\",\"contentUrl\":\"https:\\\/\\\/www.frisbigolfbudin.is\\\/wp-content\\\/uploads\\\/2025\\\/12\\\/Discraft-Proto-Fossil.webp\",\"width\":1214,\"height\":1222},{\"@type\":\"BreadcrumbList\",\"@id\":\"https:\\\/\\\/www.frisbigolfbudin.is\\\/vara\\\/dsicraft-proto-fossil\\\/#breadcrumb\",\"itemListElement\":[{\"@type\":\"ListItem\",\"position\":1,\"name\":\"Home\",\"item\":\"https:\\\/\\\/www.frisbigolfbudin.is\\\/\"},{\"@type\":\"ListItem\",\"position\":2,\"name\":\"Shop\",\"item\":\"https:\\\/\\\/vorulagerinn.is\\\/frisbigolfbudin\\\/en\\\/shop\\\/\"},{\"@type\":\"ListItem\",\"position\":3,\"name\":\"Dsicraft Proto Fossil\"}]},{\"@type\":\"WebSite\",\"@id\":\"https:\\\/\\\/www.frisbigolfbudin.is\\\/#website\",\"url\":\"https:\\\/\\\/www.frisbigolfbudin.is\\\/\",\"name\":\"Frisb\u00edgolfb\u00fa\u00f0in\",\"description\":\"Allt fyrir frisb&iacute;golf. Diskar, t&ouml;skur, k&ouml;rfur og fylgihlutir\",\"publisher\":{\"@id\":\"https:\\\/\\\/www.frisbigolfbudin.is\\\/#organization\"},\"potentialAction\":[{\"@type\":\"SearchAction\",\"target\":{\"@type\":\"EntryPoint\",\"urlTemplate\":\"https:\\\/\\\/www.frisbigolfbudin.is\\\/?s={search_term_string}\"},\"query-input\":{\"@type\":\"PropertyValueSpecification\",\"valueRequired\":true,\"valueName\":\"search_term_string\"}}],\"inLanguage\":\"en-US\"},{\"@type\":\"Organization\",\"@id\":\"https:\\\/\\\/www.frisbigolfbudin.is\\\/#organization\",\"name\":\"Allt fyrir frisb\u00edgolf \u00ed 20 \u00e1r\",\"url\":\"https:\\\/\\\/www.frisbigolfbudin.is\\\/\",\"logo\":{\"@type\":\"ImageObject\",\"inLanguage\":\"en-US\",\"@id\":\"https:\\\/\\\/www.frisbigolfbudin.is\\\/#\\\/schema\\\/logo\\\/image\\\/\",\"url\":\"https:\\\/\\\/www.frisbigolfbudin.is\\\/wp-content\\\/uploads\\\/2024\\\/04\\\/Frisbigolfbudin_logo_300x107.png\",\"contentUrl\":\"https:\\\/\\\/www.frisbigolfbudin.is\\\/wp-content\\\/uploads\\\/2024\\\/04\\\/Frisbigolfbudin_logo_300x107.png\",\"width\":300,\"height\":107,\"caption\":\"Allt fyrir frisb\u00edgolf \u00ed 20 \u00e1r\"},\"image\":{\"@id\":\"https:\\\/\\\/www.frisbigolfbudin.is\\\/#\\\/schema\\\/logo\\\/image\\\/\"},\"sameAs\":[\"https:\\\/\\\/www.facebook.com\\\/Frisbigolfbudin.is\"]}]}<\/script>\n<!-- \/ Yoast SEO plugin. -->","yoast_head_json":{"title":"Dsicraft Proto Fossil - Frisb&iacute;golfb&uacute;&eth;in &iacute; 20 &aacute;r","robots":{"index":"index","follow":"follow","max-snippet":"max-snippet:-1","max-image-preview":"max-image-preview:large","max-video-preview":"max-video-preview:-1"},"canonical":"https:\/\/www.frisbigolfbudin.is\/vara\/dsicraft-proto-fossil\/","og_locale":"en_US","og_type":"article","og_title":"Dsicraft Proto Fossil - Frisb&iacute;golfb&uacute;&eth;in &iacute; 20 &aacute;r","og_description":"Discraft Proto Fossil &nbsp; 3-1-0-3 A\u00f0d\u00e1endur s\u00e1u ekki sjaldan Ricky Wysocki kasta\u00a0 \u201ePig\u201c \u00e1 s\u00ednum t\u00edma \u00feegar hann spila\u00f0i fyrir Innova. Pig var upp\u00e1halds diskurinn hans \u00ed \u00feeim flokki. N\u00fa hefur Ricky unni\u00f0 a\u00f0 h\u00f6nnun og \u00fer\u00f3un \u00e1 Fossil-diskinn me\u00f0 Pig sem fyrirmynd. Fossil endurspeglar s\u00f6mu hugmyndafr\u00e6\u00f0i: traustur approach-diskur me\u00f0 mikla stj\u00f3rn, l\u00edtinn \u00f3st\u00f6\u00f0ugleika og...","og_url":"https:\/\/www.frisbigolfbudin.is\/vara\/dsicraft-proto-fossil\/","og_site_name":"Frisb&iacute;golfb&uacute;&eth;in &iacute; 20 &aacute;r","article_publisher":"https:\/\/www.facebook.com\/Frisbigolfbudin.is","article_modified_time":"2025-12-08T14:14:22+00:00","og_image":[{"width":1214,"height":1222,"url":"https:\/\/www.frisbigolfbudin.is\/wp-content\/uploads\/2025\/12\/Discraft-Proto-Fossil.webp","type":"image\/webp"}],"twitter_card":"summary_large_image","twitter_misc":{"Est. reading time":"1 minute"},"schema":{"@context":"https:\/\/schema.org","@graph":[{"@type":"WebPage","@id":"https:\/\/www.frisbigolfbudin.is\/vara\/dsicraft-proto-fossil\/","url":"https:\/\/www.frisbigolfbudin.is\/vara\/dsicraft-proto-fossil\/","name":"Dsicraft Proto Fossil - Frisb&iacute;golfb&uacute;&eth;in &iacute; 20 &aacute;r","isPartOf":{"@id":"https:\/\/www.frisbigolfbudin.is\/#website"},"primaryImageOfPage":{"@id":"https:\/\/www.frisbigolfbudin.is\/vara\/dsicraft-proto-fossil\/#primaryimage"},"image":{"@id":"https:\/\/www.frisbigolfbudin.is\/vara\/dsicraft-proto-fossil\/#primaryimage"},"thumbnailUrl":"https:\/\/www.frisbigolfbudin.is\/wp-content\/uploads\/2025\/12\/Discraft-Proto-Fossil.webp","datePublished":"2025-12-08T14:07:12+00:00","dateModified":"2025-12-08T14:14:22+00:00","breadcrumb":{"@id":"https:\/\/www.frisbigolfbudin.is\/vara\/dsicraft-proto-fossil\/#breadcrumb"},"inLanguage":"en-US","potentialAction":[{"@type":"ReadAction","target":["https:\/\/www.frisbigolfbudin.is\/vara\/dsicraft-proto-fossil\/"]}]},{"@type":"ImageObject","inLanguage":"en-US","@id":"https:\/\/www.frisbigolfbudin.is\/vara\/dsicraft-proto-fossil\/#primaryimage","url":"https:\/\/www.frisbigolfbudin.is\/wp-content\/uploads\/2025\/12\/Discraft-Proto-Fossil.webp","contentUrl":"https:\/\/www.frisbigolfbudin.is\/wp-content\/uploads\/2025\/12\/Discraft-Proto-Fossil.webp","width":1214,"height":1222},{"@type":"BreadcrumbList","@id":"https:\/\/www.frisbigolfbudin.is\/vara\/dsicraft-proto-fossil\/#breadcrumb","itemListElement":[{"@type":"ListItem","position":1,"name":"Home","item":"https:\/\/www.frisbigolfbudin.is\/"},{"@type":"ListItem","position":2,"name":"Shop","item":"https:\/\/vorulagerinn.is\/frisbigolfbudin\/en\/shop\/"},{"@type":"ListItem","position":3,"name":"Dsicraft Proto Fossil"}]},{"@type":"WebSite","@id":"https:\/\/www.frisbigolfbudin.is\/#website","url":"https:\/\/www.frisbigolfbudin.is\/","name":"Frisb\u00edgolfb\u00fa\u00f0in","description":"Allt fyrir frisb&iacute;golf. Diskar, t&ouml;skur, k&ouml;rfur og fylgihlutir","publisher":{"@id":"https:\/\/www.frisbigolfbudin.is\/#organization"},"potentialAction":[{"@type":"SearchAction","target":{"@type":"EntryPoint","urlTemplate":"https:\/\/www.frisbigolfbudin.is\/?s={search_term_string}"},"query-input":{"@type":"PropertyValueSpecification","valueRequired":true,"valueName":"search_term_string"}}],"inLanguage":"en-US"},{"@type":"Organization","@id":"https:\/\/www.frisbigolfbudin.is\/#organization","name":"Allt fyrir frisb\u00edgolf \u00ed 20 \u00e1r","url":"https:\/\/www.frisbigolfbudin.is\/","logo":{"@type":"ImageObject","inLanguage":"en-US","@id":"https:\/\/www.frisbigolfbudin.is\/#\/schema\/logo\/image\/","url":"https:\/\/www.frisbigolfbudin.is\/wp-content\/uploads\/2024\/04\/Frisbigolfbudin_logo_300x107.png","contentUrl":"https:\/\/www.frisbigolfbudin.is\/wp-content\/uploads\/2024\/04\/Frisbigolfbudin_logo_300x107.png","width":300,"height":107,"caption":"Allt fyrir frisb\u00edgolf \u00ed 20 \u00e1r"},"image":{"@id":"https:\/\/www.frisbigolfbudin.is\/#\/schema\/logo\/image\/"},"sameAs":["https:\/\/www.facebook.com\/Frisbigolfbudin.is"]}]}},"_links":{"self":[{"href":"https:\/\/www.frisbigolfbudin.is\/en\/wp-json\/wp\/v2\/product\/26816","targetHints":{"allow":["GET"]}}],"collection":[{"href":"https:\/\/www.frisbigolfbudin.is\/en\/wp-json\/wp\/v2\/product"}],"about":[{"href":"https:\/\/www.frisbigolfbudin.is\/en\/wp-json\/wp\/v2\/types\/product"}],"wp:featuredmedia":[{"embeddable":true,"href":"https:\/\/www.frisbigolfbudin.is\/en\/wp-json\/wp\/v2\/media\/26818"}],"wp:attachment":[{"href":"https:\/\/www.frisbigolfbudin.is\/en\/wp-json\/wp\/v2\/media?parent=26816"}],"wp:term":[{"taxonomy":"product_brand","embeddable":true,"href":"https:\/\/www.frisbigolfbudin.is\/en\/wp-json\/wp\/v2\/product_brand?post=26816"},{"taxonomy":"product_cat","embeddable":true,"href":"https:\/\/www.frisbigolfbudin.is\/en\/wp-json\/wp\/v2\/product_cat?post=26816"},{"taxonomy":"product_tag","embeddable":true,"href":"https:\/\/www.frisbigolfbudin.is\/en\/wp-json\/wp\/v2\/product_tag?post=26816"}],"curies":[{"name":"wp","href":"https:\/\/api.w.org\/{rel}","templated":true}]}}